{"id":35446,"date":"2023-10-21T12:43:30","date_gmt":"2023-10-21T10:43:30","guid":{"rendered":"https:\/\/www.ruschmineralen.nl\/?page_id=35446"},"modified":"2026-03-02T13:12:25","modified_gmt":"2026-03-02T12:12:25","slug":"versandinformationen-2","status":"publish","type":"page","link":"https:\/\/www.ruschmineralen.nl\/de\/versandinformationen-2\/","title":{"rendered":"Versandinformationen."},"content":{"rendered":"<div data-elementor-type=\"wp-page\" data-elementor-id=\"35446\" class=\"elementor elementor-35446\" data-elementor-post-type=\"page\">\n\t\t\t\t<div class=\"elementor-element elementor-element-ce3bc1f e-flex e-con-boxed e-con e-parent\" data-id=\"ce3bc1f\" data-element_type=\"container\" data-e-type=\"container\" data-settings=\"{&quot;background_background&quot;:&quot;classic&quot;}\">\n\t\t\t\t\t<div class=\"e-con-inner\">\n\t\t<div class=\"elementor-element elementor-element-0e9486e e-con-full e-flex e-con e-child\" data-id=\"0e9486e\" data-element_type=\"container\" data-e-type=\"container\">\n\t\t\t\t<div class=\"elementor-element elementor-element-6671f97 elementor-widget elementor-widget-heading\" data-id=\"6671f97\" data-element_type=\"widget\" data-e-type=\"widget\" data-widget_type=\"heading.default\">\n\t\t\t\t<div class=\"elementor-widget-container\">\n\t\t\t\t\t<h1 class=\"elementor-heading-title elementor-size-default\">Versandinformationen.<\/h1>\t\t\t\t<\/div>\n\t\t\t\t<\/div>\n\t\t\t\t<\/div>\n\t\t\t\t\t<\/div>\n\t\t\t\t<\/div>\n\t\t<div class=\"elementor-element elementor-element-462ac4d8 e-flex e-con-boxed e-con e-parent\" data-id=\"462ac4d8\" data-element_type=\"container\" data-e-type=\"container\">\n\t\t\t\t\t<div class=\"e-con-inner\">\n\t\t\t\t<div class=\"elementor-element elementor-element-2a84abd4 elementor-widget elementor-widget-shortcode\" data-id=\"2a84abd4\" data-element_type=\"widget\" data-e-type=\"widget\" data-widget_type=\"shortcode.default\">\n\t\t\t\t<div class=\"elementor-widget-container\">\n\t\t\t\t\t\t\t<div class=\"elementor-shortcode\"><div class=\"ast-breadcrumbs-wrapper\">\n\t\t\t<div class=\"ast-breadcrumbs-inner\"><nav role=\"navigation\" aria-label=\"Brotkr\u00fcmelnavigation\" class=\"breadcrumb-trail breadcrumbs\" ><div class=\"ast-breadcrumbs\"><ul class=\"trail-items\" ><li  class=\"trail-item trail-end\"><span><a href=\"https:\/\/www.ruschmineralen.nl\/de\/\" rel=\"home\"><span >Startseite<\/span><\/a><\/span><\/li><\/ul><\/div><\/nav><\/div>\n\t\t<\/div><\/div>\n\t\t\t\t\t\t<\/div>\n\t\t\t\t<\/div>\n\t\t\t\t\t<\/div>\n\t\t\t\t<\/div>\n\t\t<div class=\"elementor-element elementor-element-9a48a80 e-flex e-con-boxed e-con e-parent\" data-id=\"9a48a80\" data-element_type=\"container\" data-e-type=\"container\">\n\t\t\t\t\t<div class=\"e-con-inner\">\n\t\t\t\t<div class=\"elementor-element elementor-element-0672815 elementor-alert-info elementor-widget elementor-widget-alert\" data-id=\"0672815\" data-element_type=\"widget\" data-e-type=\"widget\" data-widget_type=\"alert.default\">\n\t\t\t\t<div class=\"elementor-widget-container\">\n\t\t\t\t\t\t\t<div class=\"elementor-alert\" role=\"alert\">\n\n\t\t\t\t\t\t<span class=\"elementor-alert-title\">Die nachstehenden Informationen wurden am 1. M\u00e4rz 2026 ge\u00e4ndert<\/span>\n\t\t\t\n\t\t\t\t\t\t<span class=\"elementor-alert-description\">Ab dem 1. M\u00e4rz haben sich unsere Versandkosten ge\u00e4ndert. Der kostenlose Versand wurde gestrichen und innerhalb der Niederlande berechnen wir nun einen Festpreis pro Bestellung. F\u00fcr Sendungen au\u00dferhalb der Niederlande werden die tats\u00e4chlichen Versandkosten 1:1 berechnet.<\/span>\n\t\t\t\n\t\t\t\t\t\t<button type=\"button\" class=\"elementor-alert-dismiss\" aria-label=\"Ignorieren Sie diese Warnung.\">\n\t\t\t\t\t\t\t\t\t<span aria-hidden=\"true\">\u00d7<\/span>\n\t\t\t\t\t\t\t<\/button>\n\t\t\t\n\t\t<\/div>\n\t\t\t\t\t\t<\/div>\n\t\t\t\t<\/div>\n\t\t\t\t<div class=\"elementor-element elementor-element-e937919 elementor-widget elementor-widget-heading\" data-id=\"e937919\" data-element_type=\"widget\" data-e-type=\"widget\" data-widget_type=\"heading.default\">\n\t\t\t\t<div class=\"elementor-widget-container\">\n\t\t\t\t\t<h2 class=\"elementor-heading-title elementor-size-default\">Versandinformationen.<\/h2>\t\t\t\t<\/div>\n\t\t\t\t<\/div>\n\t\t\t\t<div class=\"elementor-element elementor-element-8bd185e elementor-widget elementor-widget-text-editor\" data-id=\"8bd185e\" data-element_type=\"widget\" data-e-type=\"widget\" data-widget_type=\"text-editor.default\">\n\t\t\t\t<div class=\"elementor-widget-container\">\n\t\t\t\t\t\t\t\t\t<div class=\"flex max-w-full flex-col flex-grow\"><div class=\"min-h-8 text-message relative flex w-full flex-col items-end gap-2 whitespace-normal break-words text-start [.text-message+&amp;]:mt-5\" dir=\"auto\" data-message-author-role=\"assistant\" data-message-id=\"f992b22c-8604-4057-897b-10a8186867ce\" data-message-model-slug=\"gpt-4o\"><div class=\"flex w-full flex-col gap-1 empty:hidden first:pt-[3px]\"><div class=\"markdown prose w-full break-words dark:prose-invert dark\"><p class=\"\" data-start=\"0\" data-end=\"259\">Sie k\u00f6nnen sich Ihre Bestellung zuschicken lassen oder sie in unserem Gro\u00dfhandelsgesch\u00e4ft abholen. Wenn Sie sie abholen, werden wir Sie kontaktieren, sobald Ihre Bestellung fertig ist. Wenn Sie sich f\u00fcr den Versand entscheiden, versuchen wir, Ihre Bestellung innerhalb von zwei Wochen fertig zu stellen. <strong data-start=\"209\" data-end=\"230\">2 bis 3 Arbeitstage<\/strong> \u00fcber <strong data-start=\"235\" data-end=\"245\">PostNL<\/strong> senden.<\/p><h3 data-start=\"0\" data-end=\"259\">Niederlande<\/h3><\/div><\/div><\/div><\/div><p>Die Versandkosten sind <strong>7,01 \u20ac zzgl. MwSt.<\/strong> pro Bestellung (M\u00e4rz 2026). Dieser Tarif gilt standardm\u00e4\u00dfig f\u00fcr alle Sendungen innerhalb der Niederlande. Nur in Ausnahmef\u00e4llen, wenn eine Abweichung erforderlich ist, werden wir Sie im Voraus kontaktieren, um dies zu vereinbaren.<\/p><h3>Au\u00dferhalb der Niederlande<\/h3><p data-start=\"22\" data-end=\"226\">F\u00fcr alle Bestellungen au\u00dferhalb der Niederlande betragen die Versandkosten <strong>1:1<\/strong> weitergegeben. Die genauen Kosten h\u00e4ngen von Zielort, Gewicht und Transportunternehmen ab. Versand nach <strong>Belgien<\/strong> und <strong>Deutschland<\/strong> ist erh\u00e4ltlich bei <strong>10 \u20ac ohne Mehrwertsteuer.<\/strong><\/p><p data-start=\"22\" data-end=\"226\">Die Preise f\u00fcr andere L\u00e4nder sind sehr unterschiedlich. Auf Anfrage k\u00f6nnen wir im Voraus einen Hinweis geben, aber die endg\u00fcltigen Versandkosten werden im Nachhinein ermittelt und auf der Rechnung ausgewiesen. Wir berechnen nie mehr als die tats\u00e4chlichen Kosten.<\/p>\t\t\t\t\t\t\t\t<\/div>\n\t\t\t\t<\/div>\n\t\t\t\t\t<\/div>\n\t\t\t\t<\/div>\n\t\t<div class=\"elementor-element elementor-element-484acdc e-flex e-con-boxed e-con e-parent\" data-id=\"484acdc\" data-element_type=\"container\" data-e-type=\"container\">\n\t\t\t\t\t<div class=\"e-con-inner\">\n\t\t\t\t\t<\/div>\n\t\t\t\t<\/div>\n\t\t\t\t<\/div>","protected":false},"excerpt":{"rendered":"<p>Verzendinformatie Onderstaande informatie is gewijzigd op 1 maart 2026 Per 1 maart zijn onze verzendkosten aangepast. Gratis verzending is komen te vervallen en binnen Nederland rekenen we voortaan een vast tarief per bestelling. Voor zendingen buiten Nederland worden de werkelijke verzendkosten 1-op-1 doorberekend. &times; Verzendinformatie Je kunt je bestelling laten verzenden of afhalen in onze [&hellip;]<\/p>","protected":false},"author":5,"featured_media":0,"parent":0,"menu_order":0,"comment_status":"closed","ping_status":"closed","template":"","meta":{"_acf_changed":false,"site-sidebar-layout":"no-sidebar","site-content-layout":"page-builder","ast-site-content-layout":"full-width-container","site-content-style":"default","site-sidebar-style":"default","ast-global-header-display":"","ast-banner-title-visibility":"","ast-main-header-display":"","ast-hfb-above-header-display":"","ast-hfb-below-header-display":"","ast-hfb-mobile-header-display":"","site-post-title":"disabled","ast-breadcrumbs-content":"disabled","ast-featured-img":"disabled","footer-sml-layout":"","theme-transparent-header-meta":"default","adv-header-id-meta":"","stick-header-meta":"default","header-above-stick-meta":"","header-main-stick-meta":"","header-below-stick-meta":"","astra-migrate-meta-layouts":"set","ast-page-background-enabled":"default","ast-page-background-meta":{"desktop":{"background-color":"var(--ast-global-color-4)","background-image":"","background-repeat":"repeat","background-position":"center center","background-size":"auto","background-attachment":"scroll","background-type":"","background-media":"","overlay-type":"","overlay-color":"","overlay-opacity":"","overlay-gradient":""},"tablet":{"background-color":"","background-image":"","background-repeat":"repeat","background-position":"center center","background-size":"auto","background-attachment":"scroll","background-type":"","background-media":"","overlay-type":"","overlay-color":"","overlay-opacity":"","overlay-gradient":""},"mobile":{"background-color":"","background-image":"","background-repeat":"repeat","background-position":"center center","background-size":"auto","background-attachment":"scroll","background-type":"","background-media":"","overlay-type":"","overlay-color":"","overlay-opacity":"","overlay-gradient":""}},"ast-content-background-meta":{"desktop":{"background-color":"var(--ast-global-color-5)","background-image":"","background-repeat":"repeat","background-position":"center center","background-size":"auto","background-attachment":"scroll","background-type":"","background-media":"","overlay-type":"","overlay-color":"","overlay-opacity":"","overlay-gradient":""},"tablet":{"background-color":"var(--ast-global-color-5)","background-image":"","background-repeat":"repeat","background-position":"center center","background-size":"auto","background-attachment":"scroll","background-type":"","background-media":"","overlay-type":"","overlay-color":"","overlay-opacity":"","overlay-gradient":""},"mobile":{"background-color":"var(--ast-global-color-5)","background-image":"","background-repeat":"repeat","background-position":"center center","background-size":"auto","background-attachment":"scroll","background-type":"","background-media":"","overlay-type":"","overlay-color":"","overlay-opacity":"","overlay-gradient":""}},"footnotes":""},"class_list":["post-35446","page","type-page","status-publish","hentry"],"acf":[],"_links":{"self":[{"href":"https:\/\/www.ruschmineralen.nl\/de\/wp-json\/wp\/v2\/pages\/35446","targetHints":{"allow":["GET"]}}],"collection":[{"href":"https:\/\/www.ruschmineralen.nl\/de\/wp-json\/wp\/v2\/pages"}],"about":[{"href":"https:\/\/www.ruschmineralen.nl\/de\/wp-json\/wp\/v2\/types\/page"}],"author":[{"embeddable":true,"href":"https:\/\/www.ruschmineralen.nl\/de\/wp-json\/wp\/v2\/users\/5"}],"replies":[{"embeddable":true,"href":"https:\/\/www.ruschmineralen.nl\/de\/wp-json\/wp\/v2\/comments?post=35446"}],"version-history":[{"count":10,"href":"https:\/\/www.ruschmineralen.nl\/de\/wp-json\/wp\/v2\/pages\/35446\/revisions"}],"predecessor-version":[{"id":64492,"href":"https:\/\/www.ruschmineralen.nl\/de\/wp-json\/wp\/v2\/pages\/35446\/revisions\/64492"}],"wp:attachment":[{"href":"https:\/\/www.ruschmineralen.nl\/de\/wp-json\/wp\/v2\/media?parent=35446"}],"curies":[{"name":"wp","href":"https:\/\/api.w.org\/{rel}","templated":true}]}}