{"id":35459,"date":"2023-10-21T12:48:38","date_gmt":"2023-10-21T10:48:38","guid":{"rendered":"https:\/\/www.ruschmineralen.nl\/?page_id=35459"},"modified":"2026-03-02T13:15:22","modified_gmt":"2026-03-02T12:15:22","slug":"bedingungen-und-konditionen","status":"publish","type":"page","link":"https:\/\/www.ruschmineralen.nl\/de\/bedingungen-und-konditionen\/","title":{"rendered":"Allgemeine Bedingungen und Konditionen"},"content":{"rendered":"<div data-elementor-type=\"wp-page\" data-elementor-id=\"35459\" class=\"elementor elementor-35459\" data-elementor-post-type=\"page\">\n\t\t\t\t<div class=\"elementor-element elementor-element-ce3bc1f e-flex e-con-boxed e-con e-parent\" data-id=\"ce3bc1f\" data-element_type=\"container\" data-e-type=\"container\" data-settings=\"{&quot;background_background&quot;:&quot;classic&quot;}\">\n\t\t\t\t\t<div class=\"e-con-inner\">\n\t\t<div class=\"elementor-element elementor-element-0e9486e e-con-full e-flex e-con e-child\" data-id=\"0e9486e\" data-element_type=\"container\" data-e-type=\"container\">\n\t\t\t\t<div class=\"elementor-element elementor-element-6671f97 elementor-widget elementor-widget-heading\" data-id=\"6671f97\" data-element_type=\"widget\" data-e-type=\"widget\" data-widget_type=\"heading.default\">\n\t\t\t\t<div class=\"elementor-widget-container\">\n\t\t\t\t\t<h1 class=\"elementor-heading-title elementor-size-default\">Allgemeine Bedingungen und Konditionen<\/h1>\t\t\t\t<\/div>\n\t\t\t\t<\/div>\n\t\t\t\t<\/div>\n\t\t\t\t\t<\/div>\n\t\t\t\t<\/div>\n\t\t<div class=\"elementor-element elementor-element-abf0a3a e-flex e-con-boxed e-con e-parent\" data-id=\"abf0a3a\" data-element_type=\"container\" data-e-type=\"container\">\n\t\t\t\t\t<div class=\"e-con-inner\">\n\t\t\t\t<div class=\"elementor-element elementor-element-4059187 elementor-widget elementor-widget-shortcode\" data-id=\"4059187\" data-element_type=\"widget\" data-e-type=\"widget\" data-widget_type=\"shortcode.default\">\n\t\t\t\t<div class=\"elementor-widget-container\">\n\t\t\t\t\t\t\t<div class=\"elementor-shortcode\"><div class=\"ast-breadcrumbs-wrapper\">\n\t\t\t<div class=\"ast-breadcrumbs-inner\"><nav role=\"navigation\" aria-label=\"Brotkr\u00fcmelnavigation\" class=\"breadcrumb-trail breadcrumbs\" ><div class=\"ast-breadcrumbs\"><ul class=\"trail-items\" ><li  class=\"trail-item trail-end\"><span><a href=\"https:\/\/www.ruschmineralen.nl\/de\/\" rel=\"home\"><span >Startseite<\/span><\/a><\/span><\/li><\/ul><\/div><\/nav><\/div>\n\t\t<\/div><\/div>\n\t\t\t\t\t\t<\/div>\n\t\t\t\t<\/div>\n\t\t\t\t\t<\/div>\n\t\t\t\t<\/div>\n\t\t<div class=\"elementor-element elementor-element-9a48a80 e-flex e-con-boxed e-con e-parent\" data-id=\"9a48a80\" data-element_type=\"container\" data-e-type=\"container\">\n\t\t\t\t\t<div class=\"e-con-inner\">\n\t\t\t\t<div class=\"elementor-element elementor-element-8bd185e elementor-widget elementor-widget-text-editor\" data-id=\"8bd185e\" data-element_type=\"widget\" data-e-type=\"widget\" data-widget_type=\"text-editor.default\">\n\t\t\t\t<div class=\"elementor-widget-container\">\n\t\t\t\t\t\t\t\t\t<h2>Allgemeine Lieferbedingungen Rusch Mineralen Webshop B.V.<\/h2><p>Diese Bedingungen gelten f\u00fcr den Online-Shop oder Webshop von Rusch Minerals.<br \/>Rusch Mineralen Webshop B.V. ist Teil von Rusch Mineralen B.V.<\/p><p>Artikel 1. Anwendbarkeit<\/p><ol><li>Die allgemeinen Lieferbedingungen gelten f\u00fcr alle Bestellungen und Angebote der Rusch Mineralen Webshop B.V. (im Folgenden RMW genannt).<\/li><li>Von der Geltung dieser Allgemeinen Gesch\u00e4ftsbedingungen kann nur schriftlich abgewichen werden.<\/li><li>Die Annahme eines Angebots oder die Aufgabe einer Bestellung bedeutet, dass Sie die Anwendbarkeit dieser Bedingungen akzeptieren.<\/li><\/ol><p>Artikel 2: Kostenvoranschl\u00e4ge und Angebote<\/p><ol><li>Alle unsere Angebote sind freibleibend und erfolgen unter dem Vorbehalt der Verf\u00fcgbarkeit. RMW beh\u00e4lt sich ausdr\u00fccklich das Recht vor, Preise zu \u00e4ndern, wenn (gesetzliche) Vorschriften dies erforderlich machen.<\/li><li>Ein Vertrag kommt erst dann zustande, wenn die RMW im Falle des Webshops eine Auftragsbest\u00e4tigung per E-Mail versendet hat.<\/li><li>RMW kann Ihre Bestellung ohne jegliche Schadensersatzpflicht ablehnen; in diesem Fall wird RMW Sie so schnell wie m\u00f6glich benachrichtigen.<\/li><li>Ein Vertrag kommt mit der \u00dcbermittlung einer Auftragsbest\u00e4tigung per E-Mail an den K\u00e4ufer zustande.<\/li><\/ol><p>Artikel 3: Preise und Zahlungen<\/p><ol><li>Die Preise f\u00fcr die angebotenen Produkte und Dienstleistungen sind in Euro angegeben, ohne Mehrwertsteuer.<\/li><li>Die Bezahlung der Bestellung erfolgt per iDEAL oder Bank\u00fcberweisung, in beiden F\u00e4llen wird die Bearbeitung dieser Zahlung an Buckaroo ausgelagert.<\/li><li>Wenn vereinbart, kann die Zahlung per Rechnung an IBAN: NL65 RABO 0384 5650 85 auf den Namen von Rusch Mineralen Webshop B.V. unter Angabe der Rechnungsnummer. Die Bestellung wird nach Zahlungseingang versandt.<\/li><li>Bei Zahlung per Vorkasse hat der K\u00e4ufer 3 Tage ab Bestelldatum Zeit, den f\u00e4lligen Rechnungsbetrag zu \u00fcberweisen. Zahlt der K\u00e4ufer nicht innerhalb von 3 Tagen, hat RMW das Recht, die Bestellung zu stornieren, ohne den K\u00e4ufer zu benachrichtigen.<\/li><li>Die Versandkosten in den Niederlanden werden standardm\u00e4\u00dfig mit 7,01 \u20ac ohne Mehrwertsteuer berechnet.<\/li><li>F\u00fcr Bestellungen mit einer Lieferadresse au\u00dferhalb der Niederlande gelten andere Versandkosten. Diese Versandkosten sind auf Anfrage erh\u00e4ltlich und werden eins zu eins berechnet, ohne weitere Anpassungen.<\/li><li>RMW beh\u00e4lt sich einen Mindestbestellwert von \u20ac 150,- ohne Mehrwertsteuer vor.<\/li><\/ol><p>Artikel 4: Lieferung<\/p><ol><li>Wann immer m\u00f6glich, werden die bestellten Produkte innerhalb von 2 bis 3 Werktagen nach Eingang der Bestellung versandt, mit Ausnahme von Feiertagen, Einkaufsreisen oder Krankheit.<\/li><li>Die angegebene Lieferzeit ist ein Richtwert, aus dem der K\u00e4ufer keine Rechte ableiten kann.<\/li><li>Sollten Produkte nicht vorr\u00e4tig sein, kann von der Lieferzeit abgewichen werden, dies geschieht immer in Absprache mit dem Kunden.<\/li><li>Kann RMW die Ware nicht liefern, erstattet sie dem Kunden in jedem Fall den im Voraus gezahlten Betrag f\u00fcr die betreffende Ware.<\/li><li>Die Produkte werden nach Zahlungseingang geliefert, davon kann nach Vereinbarung abgewichen werden.<\/li><\/ol><p>Artikel 5: Eigentumsvorbehalt<\/p><ol><li>Nach vollst\u00e4ndiger Bezahlung ist das Produkt Eigentum des K\u00e4ufers. Das Risiko in Bezug auf die Produkte geht bereits zum Zeitpunkt der Lieferung auf den K\u00e4ufer \u00fcber<\/li><\/ol><p>Artikel 6: Haftung<\/p><ol><li>Der Kunde ist verpflichtet, bei der Lieferung der Waren zu pr\u00fcfen, ob diese dem Vertrag entsprechen. Ist dies nicht der Fall, muss er die RMW so schnell wie m\u00f6glich, in jedem Fall aber innerhalb von 3 Werktagen, dar\u00fcber informieren.<\/li><li>Sollte die gelieferte Ware nicht den Erwartungen entsprechen, setzen Sie sich bitte telefonisch mit RMW in Verbindung. Die R\u00fcckgabe von Produkten und\/oder Bestellungen erfolgt nur in gegenseitigem Einvernehmen. Zur\u00fcckgesandte Waren werden nur dann erstattet, wenn sie unbenutzt und in der Originalverpackung zur\u00fcckgeschickt werden. Die R\u00fccksendung muss von Ihnen ausreichend frankiert sein. Der Kaufbetrag wird innerhalb von 14 Tagen gutgeschrieben und ggf. auf das Konto zur\u00fcck\u00fcberwiesen, von dem er stammt. Die Kosten der R\u00fccksendung werden von RMW nicht erstattet.<\/li><\/ol><p>Artikel 7: Kommunikation<\/p><ol><li>Die RMW haftet nicht f\u00fcr Missverst\u00e4ndnisse, Verst\u00fcmmelungen, Verz\u00f6gerungen oder fehlerhafte \u00dcbermittlung von Auftr\u00e4gen und Mitteilungen, die sich aus der Benutzung des Internets oder sonstiger Kommunikationsmittel im Verkehr zwischen dem Auftraggeber und der RMW oder zwischen der RMW und Dritten ergeben, soweit sie das Verh\u00e4ltnis zwischen dem Auftraggeber und der RMW betreffen, es sei denn, es liegt Vorsatz oder grobe Fahrl\u00e4ssigkeit seitens der RMW vor.<\/li><\/ol><p>Artikel 8. Rechte an geistigem und gewerblichem Eigentum<\/p><ol><li>Der K\u00e4ufer wird alle geistigen und gewerblichen Eigentumsrechte an den von der RMW gelieferten Produkten vollst\u00e4ndig und bedingungslos respektieren.<\/li><li>RMW \u00fcbernimmt keine Gew\u00e4hr daf\u00fcr, dass die dem K\u00e4ufer gelieferten Produkte keine (ungeschriebenen) geistigen und\/oder gewerblichen Schutzrechte Dritter verletzen.<\/li><\/ol><p>Artikel 9. Personenbezogene Daten<\/p><ol><li>Die RMW verarbeitet personenbezogene Daten ausschlie\u00dflich im Rahmen der Allgemeinen Datenschutzverordnung (AVG). Die Daten werden zur Erf\u00fcllung und Abwicklung von Auftr\u00e4gen und zur Verwaltung von Kundenkonten verwendet. Weitere Informationen \u00fcber die Verarbeitung und Aufbewahrungsfristen von personenbezogenen Daten finden Sie in unserer <a class=\"decorated-link cursor-pointer\" href=\"https:\/\/www.ruschmineralen.nl\/de\/informationen-zum-datenschutz\/\" target=\"_new\" rel=\"noopener\" data-start=\"5137\" data-end=\"5205\">Erkl\u00e4rung zum Datenschutz.<\/a><\/li><\/ol><p>Artikel 10. H\u00f6here Gewalt<\/p><ol><li>Unbeschadet ihrer sonstigen Rechte ist RMW im Falle h\u00f6herer Gewalt berechtigt, nach eigenem Ermessen die Ausf\u00fchrung Ihres Auftrags auszusetzen oder den Vertrag ohne gerichtliches Einschreiten aufzul\u00f6sen, indem sie Sie schriftlich und ohne jegliche Entsch\u00e4digung davon in Kenntnis setzt.<\/li><li>Unter h\u00f6herer Gewalt ist jeder Mangel zu verstehen, der der RMW nicht angelastet werden kann, weil er nicht auf ihr Verschulden zur\u00fcckzuf\u00fchren ist und sich auch nicht aus einem Gesetz, einem Rechtsakt oder einer allgemein anerkannten Praxis ergibt.<\/li><\/ol><p>Artikel 11. Anwendbares Recht und zust\u00e4ndiges Gericht<\/p><ol><li>F\u00fcr alle Rechte, Verpflichtungen, Angebote, Auftr\u00e4ge und Vertr\u00e4ge, auf die diese Bedingungen Anwendung finden, sowie f\u00fcr diese Bedingungen gilt ausschlie\u00dflich niederl\u00e4ndisches Recht. Alle Streitigkeiten zwischen den Parteien werden ausschlie\u00dflich dem zust\u00e4ndigen Gericht in den Niederlanden vorgelegt.<\/li><\/ol>\t\t\t\t\t\t\t\t<\/div>\n\t\t\t\t<\/div>\n\t\t\t\t\t<\/div>\n\t\t\t\t<\/div>\n\t\t\t\t<\/div>","protected":false},"excerpt":{"rendered":"<p>Algemene voorwaarden Algemene leveringsvoorwaarden Rusch Mineralen Webshop B.V. Deze voorwaarden zijn geldig op de online winkel ofwel webshop van Rusch Mineralen.Rusch Mineralen Webshop B.V.\u00a0is onderdeel van Rusch Mineralen B.V. Artikel 1. Toepasselijkheid De algemene leveringsvoorwaarden zijn op alle bestellingen en offertes van Rusch Mineralen Webshop B.V. (hierna RMW genoemd) van toepassing. Het is alleen mogelijk [&hellip;]<\/p>","protected":false},"author":5,"featured_media":0,"parent":0,"menu_order":0,"comment_status":"closed","ping_status":"closed","template":"","meta":{"_acf_changed":false,"site-sidebar-layout":"no-sidebar","site-content-layout":"page-builder","ast-site-content-layout":"full-width-container","site-content-style":"default","site-sidebar-style":"default","ast-global-header-display":"","ast-banner-title-visibility":"","ast-main-header-display":"","ast-hfb-above-header-display":"","ast-hfb-below-header-display":"","ast-hfb-mobile-header-display":"","site-post-title":"disabled","ast-breadcrumbs-content":"disabled","ast-featured-img":"disabled","footer-sml-layout":"","theme-transparent-header-meta":"default","adv-header-id-meta":"","stick-header-meta":"default","header-above-stick-meta":"","header-main-stick-meta":"","header-below-stick-meta":"","astra-migrate-meta-layouts":"set","ast-page-background-enabled":"default","ast-page-background-meta":{"desktop":{"background-color":"var(--ast-global-color-4)","background-image":"","background-repeat":"repeat","background-position":"center center","background-size":"auto","background-attachment":"scroll","background-type":"","background-media":"","overlay-type":"","overlay-color":"","overlay-opacity":"","overlay-gradient":""},"tablet":{"background-color":"","background-image":"","background-repeat":"repeat","background-position":"center center","background-size":"auto","background-attachment":"scroll","background-type":"","background-media":"","overlay-type":"","overlay-color":"","overlay-opacity":"","overlay-gradient":""},"mobile":{"background-color":"","background-image":"","background-repeat":"repeat","background-position":"center center","background-size":"auto","background-attachment":"scroll","background-type":"","background-media":"","overlay-type":"","overlay-color":"","overlay-opacity":"","overlay-gradient":""}},"ast-content-background-meta":{"desktop":{"background-color":"var(--ast-global-color-5)","background-image":"","background-repeat":"repeat","background-position":"center center","background-size":"auto","background-attachment":"scroll","background-type":"","background-media":"","overlay-type":"","overlay-color":"","overlay-opacity":"","overlay-gradient":""},"tablet":{"background-color":"var(--ast-global-color-5)","background-image":"","background-repeat":"repeat","background-position":"center center","background-size":"auto","background-attachment":"scroll","background-type":"","background-media":"","overlay-type":"","overlay-color":"","overlay-opacity":"","overlay-gradient":""},"mobile":{"background-color":"var(--ast-global-color-5)","background-image":"","background-repeat":"repeat","background-position":"center center","background-size":"auto","background-attachment":"scroll","background-type":"","background-media":"","overlay-type":"","overlay-color":"","overlay-opacity":"","overlay-gradient":""}},"footnotes":""},"class_list":["post-35459","page","type-page","status-publish","hentry"],"acf":[],"_links":{"self":[{"href":"https:\/\/www.ruschmineralen.nl\/de\/wp-json\/wp\/v2\/pages\/35459","targetHints":{"allow":["GET"]}}],"collection":[{"href":"https:\/\/www.ruschmineralen.nl\/de\/wp-json\/wp\/v2\/pages"}],"about":[{"href":"https:\/\/www.ruschmineralen.nl\/de\/wp-json\/wp\/v2\/types\/page"}],"author":[{"embeddable":true,"href":"https:\/\/www.ruschmineralen.nl\/de\/wp-json\/wp\/v2\/users\/5"}],"replies":[{"embeddable":true,"href":"https:\/\/www.ruschmineralen.nl\/de\/wp-json\/wp\/v2\/comments?post=35459"}],"version-history":[{"count":10,"href":"https:\/\/www.ruschmineralen.nl\/de\/wp-json\/wp\/v2\/pages\/35459\/revisions"}],"predecessor-version":[{"id":64498,"href":"https:\/\/www.ruschmineralen.nl\/de\/wp-json\/wp\/v2\/pages\/35459\/revisions\/64498"}],"wp:attachment":[{"href":"https:\/\/www.ruschmineralen.nl\/de\/wp-json\/wp\/v2\/media?parent=35459"}],"curies":[{"name":"wp","href":"https:\/\/api.w.org\/{rel}","templated":true}]}}