{"id":56377,"date":"2026-02-10T16:32:25","date_gmt":"2026-02-10T15:32:25","guid":{"rendered":"https:\/\/www.ruschmineralen.nl\/?page_id=56377"},"modified":"2026-03-02T13:26:24","modified_gmt":"2026-03-02T12:26:24","slug":"bestell-und-versandprozess","status":"publish","type":"page","link":"https:\/\/www.ruschmineralen.nl\/de\/bestell-und-versandprozess\/","title":{"rendered":"Bestellung &amp; Versandprozess"},"content":{"rendered":"<div data-elementor-type=\"wp-page\" data-elementor-id=\"56377\" class=\"elementor elementor-56377\" data-elementor-post-type=\"page\">\n\t\t\t\t<div class=\"elementor-element elementor-element-ab51e96 e-flex e-con-boxed e-con e-parent\" data-id=\"ab51e96\" data-element_type=\"container\" data-e-type=\"container\">\n\t\t\t\t\t<div class=\"e-con-inner\">\n\t\t\t\t<div class=\"elementor-element elementor-element-8446499 elementor-widget elementor-widget-heading\" data-id=\"8446499\" data-element_type=\"widget\" data-e-type=\"widget\" data-widget_type=\"heading.default\">\n\t\t\t\t<div class=\"elementor-widget-container\">\n\t\t\t\t\t<h1 class=\"elementor-heading-title elementor-size-default\">Bestell- und Versandprozess bei Rusch Minerals<\/h1>\t\t\t\t<\/div>\n\t\t\t\t<\/div>\n\t\t\t\t<div class=\"elementor-element elementor-element-01a8794 elementor-widget elementor-widget-text-editor\" data-id=\"01a8794\" data-element_type=\"widget\" data-e-type=\"widget\" data-widget_type=\"text-editor.default\">\n\t\t\t\t<div class=\"elementor-widget-container\">\n\t\t\t\t\t\t\t\t\t<p data-start=\"46\" data-end=\"333\">Wir arbeiten bewusster und sorgf\u00e4ltiger als viele Webshops. Unsere zerbrechlichen Produkte erfordern besondere Sorgfalt bei der Auswahl und Verpackung. Auf dieser Seite k\u00f6nnen Sie lesen, wie das funktioniert und wie sich unsere Versandkosten zusammensetzen.<\/p>\t\t\t\t\t\t\t\t<\/div>\n\t\t\t\t<\/div>\n\t\t\t\t\t<\/div>\n\t\t\t\t<\/div>\n\t\t<div class=\"elementor-element elementor-element-4e33569 e-flex e-con-boxed e-con e-parent\" data-id=\"4e33569\" data-element_type=\"container\" data-e-type=\"container\">\n\t\t\t\t\t<div class=\"e-con-inner\">\n\t\t\t\t<div class=\"elementor-element elementor-element-0255d81 elementor-widget-divider--view-line elementor-widget elementor-widget-divider\" data-id=\"0255d81\" data-element_type=\"widget\" data-e-type=\"widget\" data-widget_type=\"divider.default\">\n\t\t\t\t<div class=\"elementor-widget-container\">\n\t\t\t\t\t\t\t<div class=\"elementor-divider\">\n\t\t\t<span class=\"elementor-divider-separator\">\n\t\t\t\t\t\t<\/span>\n\t\t<\/div>\n\t\t\t\t\t\t<\/div>\n\t\t\t\t<\/div>\n\t\t\t\t<div class=\"elementor-element elementor-element-7bb387a elementor-widget elementor-widget-heading\" data-id=\"7bb387a\" data-element_type=\"widget\" data-e-type=\"widget\" data-widget_type=\"heading.default\">\n\t\t\t\t<div class=\"elementor-widget-container\">\n\t\t\t\t\t<h2 class=\"elementor-heading-title elementor-size-default\">Kurzum<\/h2>\t\t\t\t<\/div>\n\t\t\t\t<\/div>\n\t\t\t\t<div class=\"elementor-element elementor-element-ecc7f96 elementor-icon-list--layout-traditional elementor-list-item-link-full_width elementor-widget elementor-widget-icon-list\" data-id=\"ecc7f96\" data-element_type=\"widget\" data-e-type=\"widget\" data-widget_type=\"icon-list.default\">\n\t\t\t\t<div class=\"elementor-widget-container\">\n\t\t\t\t\t\t\t<ul class=\"elementor-icon-list-items\">\n\t\t\t\t\t\t\t<li class=\"elementor-icon-list-item\">\n\t\t\t\t\t\t\t\t\t\t\t<span class=\"elementor-icon-list-icon\">\n\t\t\t\t\t\t\t<i aria-hidden=\"true\" class=\"fas fa-search\"><\/i>\t\t\t\t\t\t<\/span>\n\t\t\t\t\t\t\t\t\t\t<span class=\"elementor-icon-list-text\">Wir werden Ihre Bestellung abholen und \u00fcberpr\u00fcfen.<\/span>\n\t\t\t\t\t\t\t\t\t<\/li>\n\t\t\t\t\t\t\t\t<li class=\"elementor-icon-list-item\">\n\t\t\t\t\t\t\t\t\t\t\t<span class=\"elementor-icon-list-icon\">\n\t\t\t\t\t\t\t<i aria-hidden=\"true\" class=\"fas fa-box-open\"><\/i>\t\t\t\t\t\t<\/span>\n\t\t\t\t\t\t\t\t\t\t<span class=\"elementor-icon-list-text\">Wir verpacken alles sorgf\u00e4ltig und mit stabilem Verpackungsmaterial.<\/span>\n\t\t\t\t\t\t\t\t\t<\/li>\n\t\t\t\t\t\t\t\t<li class=\"elementor-icon-list-item\">\n\t\t\t\t\t\t\t\t\t\t\t<span class=\"elementor-icon-list-icon\">\n\t\t\t\t\t\t\t<i aria-hidden=\"true\" class=\"fas fa-money-check\"><\/i>\t\t\t\t\t\t<\/span>\n\t\t\t\t\t\t\t\t\t\t<span class=\"elementor-icon-list-text\">Sie erhalten einen Zahlungslink oder eine Rechnung, wenn die Bestellung vollst\u00e4ndig und versandfertig ist.<\/span>\n\t\t\t\t\t\t\t\t\t<\/li>\n\t\t\t\t\t\t\t\t<li class=\"elementor-icon-list-item\">\n\t\t\t\t\t\t\t\t\t\t\t<span class=\"elementor-icon-list-icon\">\n\t\t\t\t\t\t\t<i aria-hidden=\"true\" class=\"fas fa-euro-sign\"><\/i>\t\t\t\t\t\t<\/span>\n\t\t\t\t\t\t\t\t\t\t<span class=\"elementor-icon-list-text\">Innerhalb der Niederlande berechnen wir eine Versandkostenpauschale. (7,01 \u20ac - M\u00e4rz 2026)<\/span>\n\t\t\t\t\t\t\t\t\t<\/li>\n\t\t\t\t\t\t\t\t<li class=\"elementor-icon-list-item\">\n\t\t\t\t\t\t\t\t\t\t\t<span class=\"elementor-icon-list-icon\">\n\t\t\t\t\t\t\t<i aria-hidden=\"true\" class=\"fas fa-truck\"><\/i>\t\t\t\t\t\t<\/span>\n\t\t\t\t\t\t\t\t\t\t<span class=\"elementor-icon-list-text\">Die Lieferzeit betr\u00e4gt etwa 2 bis 3 Werktage, in der Regel schneller.<\/span>\n\t\t\t\t\t\t\t\t\t<\/li>\n\t\t\t\t\t\t<\/ul>\n\t\t\t\t\t\t<\/div>\n\t\t\t\t<\/div>\n\t\t\t\t<div class=\"elementor-element elementor-element-c24c716 elementor-widget-divider--view-line elementor-widget elementor-widget-divider\" data-id=\"c24c716\" data-element_type=\"widget\" data-e-type=\"widget\" data-widget_type=\"divider.default\">\n\t\t\t\t<div class=\"elementor-widget-container\">\n\t\t\t\t\t\t\t<div class=\"elementor-divider\">\n\t\t\t<span class=\"elementor-divider-separator\">\n\t\t\t\t\t\t<\/span>\n\t\t<\/div>\n\t\t\t\t\t\t<\/div>\n\t\t\t\t<\/div>\n\t\t\t\t<div class=\"elementor-element elementor-element-42ba776 elementor-widget elementor-widget-heading\" data-id=\"42ba776\" data-element_type=\"widget\" data-e-type=\"widget\" data-widget_type=\"heading.default\">\n\t\t\t\t<div class=\"elementor-widget-container\">\n\t\t\t\t\t<h2 class=\"elementor-heading-title elementor-size-default\">Wie unser Verfahren funktioniert:<\/h2>\t\t\t\t<\/div>\n\t\t\t\t<\/div>\n\t\t\t\t<div class=\"elementor-element elementor-element-7c83481 elementor-widget elementor-widget-text-editor\" data-id=\"7c83481\" data-element_type=\"widget\" data-e-type=\"widget\" data-widget_type=\"text-editor.default\">\n\t\t\t\t<div class=\"elementor-widget-container\">\n\t\t\t\t\t\t\t\t\t<h4 data-start=\"812\" data-end=\"838\"><strong>1.<\/strong> Eine Bestellung aufgeben<\/h4><p>Nachdem Sie Ihre Bestellung aufgegeben haben, \u00fcberpr\u00fcfen wir die Verf\u00fcgbarkeit und ob alles korrekt ist. Wenn es Unstimmigkeiten gibt, werden wir Sie kontaktieren. M\u00f6chten Sie mehr dar\u00fcber erfahren, wie Sie Kunde werden k\u00f6nnen? Sehen Sie sich die zus\u00e4tzlichen <a href=\"https:\/\/www.ruschmineralen.nl\/de\/haufig-gestellte-fragen\/\">h\u00e4ufig gestellte Fragen<\/a>.<\/p>\t\t\t\t\t\t\t\t<\/div>\n\t\t\t\t<\/div>\n\t\t<div class=\"elementor-element elementor-element-09dea66 e-grid e-con-full e-con e-child\" data-id=\"09dea66\" data-element_type=\"container\" data-e-type=\"container\">\n\t\t\t\t<div class=\"elementor-element elementor-element-9e81c44 elementor-widget elementor-widget-image\" data-id=\"9e81c44\" data-element_type=\"widget\" data-e-type=\"widget\" data-widget_type=\"image.default\">\n\t\t\t\t<div class=\"elementor-widget-container\">\n\t\t\t\t\t\t\t\t\t\t\t\t\t\t\t<img fetchpriority=\"high\" decoding=\"async\" width=\"768\" height=\"768\" src=\"https:\/\/www.ruschmineralen.nl\/wp-content\/uploads\/2026\/02\/verzamelen-768x768.webp\" class=\"attachment-medium_large size-medium_large wp-image-62407\" alt=\"\" srcset=\"https:\/\/www.ruschmineralen.nl\/wp-content\/uploads\/2026\/02\/verzamelen-768x768.webp 768w, https:\/\/www.ruschmineralen.nl\/wp-content\/uploads\/2026\/02\/verzamelen-263x263.webp 263w, https:\/\/www.ruschmineralen.nl\/wp-content\/uploads\/2026\/02\/verzamelen-1024x1024.webp 1024w, https:\/\/www.ruschmineralen.nl\/wp-content\/uploads\/2026\/02\/verzamelen-150x150.webp 150w, https:\/\/www.ruschmineralen.nl\/wp-content\/uploads\/2026\/02\/verzamelen-12x12.webp 12w, https:\/\/www.ruschmineralen.nl\/wp-content\/uploads\/2026\/02\/verzamelen-646x646.webp 646w, https:\/\/www.ruschmineralen.nl\/wp-content\/uploads\/2026\/02\/verzamelen-64x64.webp 64w, https:\/\/www.ruschmineralen.nl\/wp-content\/uploads\/2026\/02\/verzamelen.webp 1127w\" sizes=\"(max-width: 768px) 100vw, 768px\" title=\"\">\t\t\t\t\t\t\t\t\t\t\t\t\t\t\t<\/div>\n\t\t\t\t<\/div>\n\t\t\t\t<div class=\"elementor-element elementor-element-9409e70 elementor-widget elementor-widget-text-editor\" data-id=\"9409e70\" data-element_type=\"widget\" data-e-type=\"widget\" data-widget_type=\"text-editor.default\">\n\t\t\t\t<div class=\"elementor-widget-container\">\n\t\t\t\t\t\t\t\t\t<h4 style=\"text-align: left;\" data-start=\"978\" data-end=\"1016\"><strong>2.<\/strong> Sammlung und Qualit\u00e4tskontrolle<\/h4><p data-start=\"1017\" data-end=\"1261\">Alle Artikel werden handverlesen und auf Menge, Gewicht, Qualit\u00e4t und eventuelle Sch\u00e4den gepr\u00fcft. Wir ber\u00fccksichtigen auch weitergegebene W\u00fcnsche. Wenn etwas nicht unseren Anforderungen entspricht, liefern wir es nicht.<\/p>\t\t\t\t\t\t\t\t<\/div>\n\t\t\t\t<\/div>\n\t\t\t\t<\/div>\n\t\t<div class=\"elementor-element elementor-element-6ba3541 e-grid e-con-full e-con e-child\" data-id=\"6ba3541\" data-element_type=\"container\" data-e-type=\"container\">\n\t\t\t\t<div class=\"elementor-element elementor-element-7742148 elementor-widget elementor-widget-text-editor\" data-id=\"7742148\" data-element_type=\"widget\" data-e-type=\"widget\" data-widget_type=\"text-editor.default\">\n\t\t\t\t<div class=\"elementor-widget-container\">\n\t\t\t\t\t\t\t\t\t<h4 data-start=\"1263\" data-end=\"1301\"><strong>3.<\/strong> Verpackung<\/h4><p data-start=\"1302\" data-end=\"1683\">Da viele unserer Produkte zerbrechlich sind, verpacken wir sie sorgf\u00e4ltig mit stabilen Kartons und mehreren Schutzschichten. Auf diese Weise stellen wir sicher, dass Ihre Bestellung sicher ankommt.<\/p>\t\t\t\t\t\t\t\t<\/div>\n\t\t\t\t<\/div>\n\t\t\t\t<div class=\"elementor-element elementor-element-9e39f4f elementor-widget elementor-widget-image\" data-id=\"9e39f4f\" data-element_type=\"widget\" data-e-type=\"widget\" data-widget_type=\"image.default\">\n\t\t\t\t<div class=\"elementor-widget-container\">\n\t\t\t\t\t\t\t\t\t\t\t\t\t\t\t<img decoding=\"async\" width=\"768\" height=\"768\" src=\"https:\/\/www.ruschmineralen.nl\/wp-content\/uploads\/2026\/02\/inpakken-768x768.webp\" class=\"attachment-medium_large size-medium_large wp-image-62408\" alt=\"\" srcset=\"https:\/\/www.ruschmineralen.nl\/wp-content\/uploads\/2026\/02\/inpakken-768x768.webp 768w, https:\/\/www.ruschmineralen.nl\/wp-content\/uploads\/2026\/02\/inpakken-263x263.webp 263w, https:\/\/www.ruschmineralen.nl\/wp-content\/uploads\/2026\/02\/inpakken-1024x1024.webp 1024w, https:\/\/www.ruschmineralen.nl\/wp-content\/uploads\/2026\/02\/inpakken-150x150.webp 150w, https:\/\/www.ruschmineralen.nl\/wp-content\/uploads\/2026\/02\/inpakken-12x12.webp 12w, https:\/\/www.ruschmineralen.nl\/wp-content\/uploads\/2026\/02\/inpakken-646x646.webp 646w, https:\/\/www.ruschmineralen.nl\/wp-content\/uploads\/2026\/02\/inpakken-64x64.webp 64w, https:\/\/www.ruschmineralen.nl\/wp-content\/uploads\/2026\/02\/inpakken.webp 1200w\" sizes=\"(max-width: 768px) 100vw, 768px\" title=\"\">\t\t\t\t\t\t\t\t\t\t\t\t\t\t\t<\/div>\n\t\t\t\t<\/div>\n\t\t\t\t<\/div>\n\t\t\t\t<div class=\"elementor-element elementor-element-b532760 elementor-widget elementor-widget-text-editor\" data-id=\"b532760\" data-element_type=\"widget\" data-e-type=\"widget\" data-widget_type=\"text-editor.default\">\n\t\t\t\t<div class=\"elementor-widget-container\">\n\t\t\t\t\t\t\t\t\t<h4 data-start=\"1685\" data-end=\"1735\"><strong>4.<\/strong> Link zur Rechnung oder Zahlung<\/h4><p data-start=\"1736\" data-end=\"1924\">Sobald Ihre Bestellung versandfertig ist, erhalten Sie den Zahlungslink oder die Rechnung per E-Mail. Auf diese Weise zahlen Sie immer den richtigen Betrag und wir vermeiden nachtr\u00e4gliche Korrekturen.<\/p>\t\t\t\t\t\t\t\t<\/div>\n\t\t\t\t<\/div>\n\t\t<div class=\"elementor-element elementor-element-2adee3d e-grid e-con-full e-con e-child\" data-id=\"2adee3d\" data-element_type=\"container\" data-e-type=\"container\">\n\t\t\t\t<div class=\"elementor-element elementor-element-f1df02a elementor-widget elementor-widget-image\" data-id=\"f1df02a\" data-element_type=\"widget\" data-e-type=\"widget\" data-widget_type=\"image.default\">\n\t\t\t\t<div class=\"elementor-widget-container\">\n\t\t\t\t\t\t\t\t\t\t\t\t\t\t\t<img decoding=\"async\" width=\"1024\" height=\"1024\" src=\"https:\/\/www.ruschmineralen.nl\/wp-content\/uploads\/2026\/02\/foutje-1024x1024.webp\" class=\"attachment-large size-large wp-image-62409\" alt=\"\" srcset=\"https:\/\/www.ruschmineralen.nl\/wp-content\/uploads\/2026\/02\/foutje-1024x1024.webp 1024w, https:\/\/www.ruschmineralen.nl\/wp-content\/uploads\/2026\/02\/foutje-263x263.webp 263w, https:\/\/www.ruschmineralen.nl\/wp-content\/uploads\/2026\/02\/foutje-150x150.webp 150w, https:\/\/www.ruschmineralen.nl\/wp-content\/uploads\/2026\/02\/foutje-768x768.webp 768w, https:\/\/www.ruschmineralen.nl\/wp-content\/uploads\/2026\/02\/foutje-12x12.webp 12w, https:\/\/www.ruschmineralen.nl\/wp-content\/uploads\/2026\/02\/foutje-646x646.webp 646w, https:\/\/www.ruschmineralen.nl\/wp-content\/uploads\/2026\/02\/foutje-64x64.webp 64w, https:\/\/www.ruschmineralen.nl\/wp-content\/uploads\/2026\/02\/foutje.webp 1152w\" sizes=\"(max-width: 1024px) 100vw, 1024px\" title=\"\">\t\t\t\t\t\t\t\t\t\t\t\t\t\t\t<\/div>\n\t\t\t\t<\/div>\n\t\t\t\t<div class=\"elementor-element elementor-element-19af11c elementor-widget elementor-widget-text-editor\" data-id=\"19af11c\" data-element_type=\"widget\" data-e-type=\"widget\" data-widget_type=\"text-editor.default\">\n\t\t\t\t<div class=\"elementor-widget-container\">\n\t\t\t\t\t\t\t\t\t<h4 data-start=\"1926\" data-end=\"1943\"><strong>5.<\/strong> Versand<\/h4><p data-start=\"1944\" data-end=\"2073\">Nach der Bezahlung wird Ihre Bestellung an den Spediteur weitergeleitet. Bestellungen auf Rechnung werden ebenfalls sofort versandt (nach R\u00fccksprache). Am Ende des Tages holt PostNL alle Pakete ab und Sie erhalten die Sendungsverfolgung nach dem ersten Scan.<\/p>\t\t\t\t\t\t\t\t<\/div>\n\t\t\t\t<\/div>\n\t\t\t\t<\/div>\n\t\t\t\t<div class=\"elementor-element elementor-element-0b799a1 elementor-widget-divider--view-line elementor-widget elementor-widget-divider\" data-id=\"0b799a1\" data-element_type=\"widget\" data-e-type=\"widget\" data-widget_type=\"divider.default\">\n\t\t\t\t<div class=\"elementor-widget-container\">\n\t\t\t\t\t\t\t<div class=\"elementor-divider\">\n\t\t\t<span class=\"elementor-divider-separator\">\n\t\t\t\t\t\t<\/span>\n\t\t<\/div>\n\t\t\t\t\t\t<\/div>\n\t\t\t\t<\/div>\n\t\t\t\t<div class=\"elementor-element elementor-element-1a7d34f elementor-widget elementor-widget-heading\" data-id=\"1a7d34f\" data-element_type=\"widget\" data-e-type=\"widget\" data-widget_type=\"heading.default\">\n\t\t\t\t<div class=\"elementor-widget-container\">\n\t\t\t\t\t<h2 class=\"elementor-heading-title elementor-size-default\">Warum berechnen wir Versandkosten?<\/h2>\t\t\t\t<\/div>\n\t\t\t\t<\/div>\n\t\t\t\t<div class=\"elementor-element elementor-element-d123aa2 elementor-widget elementor-widget-text-editor\" data-id=\"d123aa2\" data-element_type=\"widget\" data-e-type=\"widget\" data-widget_type=\"text-editor.default\">\n\t\t\t\t<div class=\"elementor-widget-container\">\n\t\t\t\t\t\t\t\t\t<p data-start=\"2115\" data-end=\"2340\">Der Versand mit uns erfordert viel Sorgfalt und Aufmerksamkeit, ohne dass wir zus\u00e4tzliche Kosten f\u00fcr die Verpackung oder Handhabung berechnen.<br data-start=\"123\" data-end=\"126\" \/>Die Versandkosten (7,01 \u20ac - M\u00e4rz 2026) decken nur (einen Teil) der Transportkosten. Au\u00dferhalb der Niederlande berechnen wir den Tarif des Transportunternehmens 1 zu 1. <a href=\"https:\/\/www.ruschmineralen.nl\/de\/versandinformationen-2\/\">Versandinformationen.<\/a>.<\/p>\t\t\t\t\t\t\t\t<\/div>\n\t\t\t\t<\/div>\n\t\t<div class=\"elementor-element elementor-element-9ce8b90 e-grid e-con-full e-con e-child\" data-id=\"9ce8b90\" data-element_type=\"container\" data-e-type=\"container\">\n\t\t\t\t<div class=\"elementor-element elementor-element-0886f55 elementor-widget elementor-widget-text-editor\" data-id=\"0886f55\" data-element_type=\"widget\" data-e-type=\"widget\" data-widget_type=\"text-editor.default\">\n\t\t\t\t<div class=\"elementor-widget-container\">\n\t\t\t\t\t\t\t\t\t<h2>Lieferzeiten<\/h2><p>Wir arbeiten mit einem kleinen Team und haben daher eine Lieferzeit von 2-3 Werktagen. Oft liefern wir schon am n\u00e4chsten Werktag. Haben Sie eine Deadline? Dann kontaktieren Sie uns bitte vor der Bestellung.<\/p>\t\t\t\t\t\t\t\t<\/div>\n\t\t\t\t<\/div>\n\t\t\t\t<div class=\"elementor-element elementor-element-7cb6b87 elementor-widget elementor-widget-image\" data-id=\"7cb6b87\" data-element_type=\"widget\" data-e-type=\"widget\" data-widget_type=\"image.default\">\n\t\t\t\t<div class=\"elementor-widget-container\">\n\t\t\t\t\t\t\t\t\t\t\t\t\t\t\t<img loading=\"lazy\" decoding=\"async\" width=\"500\" height=\"500\" src=\"https:\/\/www.ruschmineralen.nl\/wp-content\/uploads\/2025\/09\/planning-via-pexels.jpg\" class=\"attachment-medium_large size-medium_large wp-image-56382\" alt=\"\" srcset=\"https:\/\/www.ruschmineralen.nl\/wp-content\/uploads\/2025\/09\/planning-via-pexels.jpg 500w, https:\/\/www.ruschmineralen.nl\/wp-content\/uploads\/2025\/09\/planning-via-pexels-263x263.jpg 263w, https:\/\/www.ruschmineralen.nl\/wp-content\/uploads\/2025\/09\/planning-via-pexels-150x150.jpg 150w, https:\/\/www.ruschmineralen.nl\/wp-content\/uploads\/2025\/09\/planning-via-pexels-12x12.jpg 12w, https:\/\/www.ruschmineralen.nl\/wp-content\/uploads\/2025\/09\/planning-via-pexels-64x64.jpg 64w\" sizes=\"(max-width: 500px) 100vw, 500px\" title=\"\">\t\t\t\t\t\t\t\t\t\t\t\t\t\t\t<\/div>\n\t\t\t\t<\/div>\n\t\t\t\t<\/div>\n\t\t\t\t<div class=\"elementor-element elementor-element-d8d8331 elementor-widget-divider--view-line elementor-widget elementor-widget-divider\" data-id=\"d8d8331\" data-element_type=\"widget\" data-e-type=\"widget\" data-widget_type=\"divider.default\">\n\t\t\t\t<div class=\"elementor-widget-container\">\n\t\t\t\t\t\t\t<div class=\"elementor-divider\">\n\t\t\t<span class=\"elementor-divider-separator\">\n\t\t\t\t\t\t<\/span>\n\t\t<\/div>\n\t\t\t\t\t\t<\/div>\n\t\t\t\t<\/div>\n\t\t\t\t<div class=\"elementor-element elementor-element-41df42d elementor-widget elementor-widget-heading\" data-id=\"41df42d\" data-element_type=\"widget\" data-e-type=\"widget\" data-widget_type=\"heading.default\">\n\t\t\t\t<div class=\"elementor-widget-container\">\n\t\t\t\t\t<h2 class=\"elementor-heading-title elementor-size-default\">Noch Fragen?<\/h2>\t\t\t\t<\/div>\n\t\t\t\t<\/div>\n\t\t\t\t<div class=\"elementor-element elementor-element-bcf38d0 elementor-widget elementor-widget-text-editor\" data-id=\"bcf38d0\" data-element_type=\"widget\" data-e-type=\"widget\" data-widget_type=\"text-editor.default\">\n\t\t\t\t<div class=\"elementor-widget-container\">\n\t\t\t\t\t\t\t\t\t<p>Haben Sie nach dem Lesen dieser Seite noch Fragen zu unserem Bestell- und Versandprozess? Dann wenden Sie sich bitte an <a href=\"https:\/\/www.ruschmineralen.nl\/de\/kontakt\/\">Kontakt<\/a> mit uns. Bitte lassen Sie uns auch wissen, wenn Sie spezielle Anforderungen oder andere Fragen haben, wir freuen uns, mit Ihnen zu denken!<\/p>\t\t\t\t\t\t\t\t<\/div>\n\t\t\t\t<\/div>\n\t\t\t\t<div class=\"elementor-element elementor-element-a61a539 elementor-widget-divider--view-line elementor-widget elementor-widget-divider\" data-id=\"a61a539\" data-element_type=\"widget\" data-e-type=\"widget\" data-widget_type=\"divider.default\">\n\t\t\t\t<div class=\"elementor-widget-container\">\n\t\t\t\t\t\t\t<div class=\"elementor-divider\">\n\t\t\t<span class=\"elementor-divider-separator\">\n\t\t\t\t\t\t<\/span>\n\t\t<\/div>\n\t\t\t\t\t\t<\/div>\n\t\t\t\t<\/div>\n\t\t\t\t\t<\/div>\n\t\t\t\t<\/div>\n\t\t\t\t<\/div>","protected":false},"excerpt":{"rendered":"<p>Bestel en Verzendproces bij Rusch Mineralen Wij werken bewuster en zorgvuldiger dan veel webshops. Onze kwetsbare producten vragen om extra aandacht bij selectie en verpakking. Op deze pagina lees je hoe dat werkt en hoe onze verzendkosten zijn opgebouwd. In het kort We verzamelen en controleren je bestelling. We verpakken alles zorgvuldig en met stevig [&hellip;]<\/p>","protected":false},"author":4,"featured_media":0,"parent":0,"menu_order":0,"comment_status":"closed","ping_status":"closed","template":"","meta":{"_acf_changed":false,"site-sidebar-layout":"no-sidebar","site-content-layout":"page-builder","ast-site-content-layout":"full-width-container","site-content-style":"default","site-sidebar-style":"default","ast-global-header-display":"","ast-banner-title-visibility":"","ast-main-header-display":"","ast-hfb-above-header-display":"","ast-hfb-below-header-display":"","ast-hfb-mobile-header-display":"","site-post-title":"disabled","ast-breadcrumbs-content":"","ast-featured-img":"disabled","footer-sml-layout":"","theme-transparent-header-meta":"default","adv-header-id-meta":"","stick-header-meta":"default","header-above-stick-meta":"","header-main-stick-meta":"","header-below-stick-meta":"","astra-migrate-meta-layouts":"set","ast-page-background-enabled":"default","ast-page-background-meta":{"desktop":{"background-color":"var(--ast-global-color-4)","background-image":"","background-repeat":"repeat","background-position":"center center","background-size":"auto","background-attachment":"scroll","background-type":"","background-media":"","overlay-type":"","overlay-color":"","overlay-opacity":"","overlay-gradient":""},"tablet":{"background-color":"","background-image":"","background-repeat":"repeat","background-position":"center center","background-size":"auto","background-attachment":"scroll","background-type":"","background-media":"","overlay-type":"","overlay-color":"","overlay-opacity":"","overlay-gradient":""},"mobile":{"background-color":"","background-image":"","background-repeat":"repeat","background-position":"center center","background-size":"auto","background-attachment":"scroll","background-type":"","background-media":"","overlay-type":"","overlay-color":"","overlay-opacity":"","overlay-gradient":""}},"ast-content-background-meta":{"desktop":{"background-color":"var(--ast-global-color-5)","background-image":"","background-repeat":"repeat","background-position":"center center","background-size":"auto","background-attachment":"scroll","background-type":"","background-media":"","overlay-type":"","overlay-color":"","overlay-opacity":"","overlay-gradient":""},"tablet":{"background-color":"var(--ast-global-color-5)","background-image":"","background-repeat":"repeat","background-position":"center center","background-size":"auto","background-attachment":"scroll","background-type":"","background-media":"","overlay-type":"","overlay-color":"","overlay-opacity":"","overlay-gradient":""},"mobile":{"background-color":"var(--ast-global-color-5)","background-image":"","background-repeat":"repeat","background-position":"center center","background-size":"auto","background-attachment":"scroll","background-type":"","background-media":"","overlay-type":"","overlay-color":"","overlay-opacity":"","overlay-gradient":""}},"footnotes":""},"class_list":["post-56377","page","type-page","status-publish","hentry"],"acf":[],"_links":{"self":[{"href":"https:\/\/www.ruschmineralen.nl\/de\/wp-json\/wp\/v2\/pages\/56377","targetHints":{"allow":["GET"]}}],"collection":[{"href":"https:\/\/www.ruschmineralen.nl\/de\/wp-json\/wp\/v2\/pages"}],"about":[{"href":"https:\/\/www.ruschmineralen.nl\/de\/wp-json\/wp\/v2\/types\/page"}],"author":[{"embeddable":true,"href":"https:\/\/www.ruschmineralen.nl\/de\/wp-json\/wp\/v2\/users\/4"}],"replies":[{"embeddable":true,"href":"https:\/\/www.ruschmineralen.nl\/de\/wp-json\/wp\/v2\/comments?post=56377"}],"version-history":[{"count":10,"href":"https:\/\/www.ruschmineralen.nl\/de\/wp-json\/wp\/v2\/pages\/56377\/revisions"}],"predecessor-version":[{"id":64502,"href":"https:\/\/www.ruschmineralen.nl\/de\/wp-json\/wp\/v2\/pages\/56377\/revisions\/64502"}],"wp:attachment":[{"href":"https:\/\/www.ruschmineralen.nl\/de\/wp-json\/wp\/v2\/media?parent=56377"}],"curies":[{"name":"wp","href":"https:\/\/api.w.org\/{rel}","templated":true}]}}