{"id":17324,"date":"2015-11-05T22:28:52","date_gmt":"2015-11-05T21:28:52","guid":{"rendered":"https:\/\/www.ruschmineralen.nl\/product\/mix-24-doos-met-mineralen\/"},"modified":"2026-04-17T11:49:11","modified_gmt":"2026-04-17T09:49:11","slug":"24-schachteln-mit-mineralien-mischen","status":"publish","type":"product","link":"https:\/\/www.ruschmineralen.nl\/de\/produkt\/24-schachteln-mit-mineralien-mischen\/","title":{"rendered":"Mix 24 Box Mineralien"},"content":{"rendered":"<h2>Mix 24 Box Mineralien<\/h2>\n<p>Jede dieser mix 24 Sammelboxen und\/oder Displayboxen wird von uns selbst zusammengestellt.<br \/>\nJede Schachtel variiert in der Auswahl der Mineralien und bietet so eine farbenfrohe und sch\u00f6ne Sammlung von Mineralien.<br \/>\nWir sehen diese mix 24-Sammelboxen als die Visitenkarte unseres Gro\u00dfhandels und achten daher stets auf eine m\u00f6glichst gute Qualit\u00e4t der Mineralien.<br \/>\nDie wei\u00dfen Einsteckschachteln messen \u00b1 2,5 x 6 x 6,5 cm mit einem St\u00fcck wei\u00dfem Filz am Boden, die Ma\u00dfe der gesamten Verkaufsbox sind 5 x 28 x 39 cm!<\/p>\n<p><em>Die Mixboxen enthalten nicht immer die gleichen Mineralien wie abgebildet, aber sie enthalten die gleiche Qualit\u00e4t.<\/em><\/p>","protected":false},"excerpt":{"rendered":"<p>Mischen Sie 24 Boxen mit Mineralien.<\/p>","protected":false},"featured_media":17321,"template":"","meta":{"_acf_changed":false,"site-sidebar-layout":"default","site-content-layout":"","ast-site-content-layout":"default","site-content-style":"default","site-sidebar-style":"default","ast-global-header-display":"","ast-banner-title-visibility":"","ast-main-header-display":"","ast-hfb-above-header-display":"","ast-hfb-below-header-display":"","ast-hfb-mobile-header-display":"","site-post-title":"","ast-breadcrumbs-content":"","ast-featured-img":"","footer-sml-layout":"","theme-transparent-header-meta":"default","adv-header-id-meta":"","stick-header-meta":"default","header-above-stick-meta":"","header-main-stick-meta":"","header-below-stick-meta":"","astra-migrate-meta-layouts":"set","ast-page-background-enabled":"default","ast-page-background-meta":{"desktop":{"background-color":"var(--ast-global-color-4)","background-image":"","background-repeat":"repeat","background-position":"center center","background-size":"auto","background-attachment":"scroll","background-type":"","background-media":"","overlay-type":"","overlay-color":"","overlay-opacity":"","overlay-gradient":""},"tablet":{"background-color":"","background-image":"","background-repeat":"repeat","background-position":"center center","background-size":"auto","background-attachment":"scroll","background-type":"","background-media":"","overlay-type":"","overlay-color":"","overlay-opacity":"","overlay-gradient":""},"mobile":{"background-color":"","background-image":"","background-repeat":"repeat","background-position":"center center","background-size":"auto","background-attachment":"scroll","background-type":"","background-media":"","overlay-type":"","overlay-color":"","overlay-opacity":"","overlay-gradient":""}},"ast-content-background-meta":{"desktop":{"background-color":"var(--ast-global-color-5)","background-image":"","background-repeat":"repeat","background-position":"center center","background-size":"auto","background-attachment":"scroll","background-type":"","background-media":"","overlay-type":"","overlay-color":"","overlay-opacity":"","overlay-gradient":""},"tablet":{"background-color":"var(--ast-global-color-5)","background-image":"","background-repeat":"repeat","background-position":"center center","background-size":"auto","background-attachment":"scroll","background-type":"","background-media":"","overlay-type":"","overlay-color":"","overlay-opacity":"","overlay-gradient":""},"mobile":{"background-color":"var(--ast-global-color-5)","background-image":"","background-repeat":"repeat","background-position":"center center","background-size":"auto","background-attachment":"scroll","background-type":"","background-media":"","overlay-type":"","overlay-color":"","overlay-opacity":"","overlay-gradient":""}}},"soort":[],"product_brand":[],"product_cat":[1073,1072,2814],"product_tag":[],"class_list":{"0":"post-17324","1":"product","2":"type-product","3":"status-publish","4":"has-post-thumbnail","6":"product_cat-gekristalliseerd","7":"product_cat-ruw","8":"product_cat-verkoopdozen","9":"pa_herkomst-diverse","10":"pa_soort-mix","11":"pa_verkoopeenheid-per-doos","12":"pa_vorm-ruw","13":"desktop-align-center","14":"tablet-align-center","15":"mobile-align-center","16":"ast-product-gallery-layout-horizontal-slider","17":"ast-product-single-variable","18":"ast-product-tabs-layout-horizontal","20":"first","21":"instock","22":"taxable","23":"shipping-taxable","24":"product-type-variable","25":"has-default-attributes"},"acf":[],"_links":{"self":[{"href":"https:\/\/www.ruschmineralen.nl\/de\/wp-json\/wp\/v2\/product\/17324","targetHints":{"allow":["GET"]}}],"collection":[{"href":"https:\/\/www.ruschmineralen.nl\/de\/wp-json\/wp\/v2\/product"}],"about":[{"href":"https:\/\/www.ruschmineralen.nl\/de\/wp-json\/wp\/v2\/types\/product"}],"wp:featuredmedia":[{"embeddable":true,"href":"https:\/\/www.ruschmineralen.nl\/de\/wp-json\/wp\/v2\/media\/17321"}],"wp:attachment":[{"href":"https:\/\/www.ruschmineralen.nl\/de\/wp-json\/wp\/v2\/media?parent=17324"}],"wp:term":[{"taxonomy":"soort","embeddable":true,"href":"https:\/\/www.ruschmineralen.nl\/de\/wp-json\/wp\/v2\/soort?post=17324"},{"taxonomy":"product_brand","embeddable":true,"href":"https:\/\/www.ruschmineralen.nl\/de\/wp-json\/wp\/v2\/product_brand?post=17324"},{"taxonomy":"product_cat","embeddable":true,"href":"https:\/\/www.ruschmineralen.nl\/de\/wp-json\/wp\/v2\/product_cat?post=17324"},{"taxonomy":"product_tag","embeddable":true,"href":"https:\/\/www.ruschmineralen.nl\/de\/wp-json\/wp\/v2\/product_tag?post=17324"}],"curies":[{"name":"wp","href":"https:\/\/api.w.org\/{rel}","templated":true}]}}