{"id":17330,"date":"2015-11-05T22:30:05","date_gmt":"2015-11-05T21:30:05","guid":{"rendered":"https:\/\/www.ruschmineralen.nl\/product\/mix-35-doos-met-mineralen\/"},"modified":"2026-04-06T09:54:58","modified_gmt":"2026-04-06T07:54:58","slug":"35-schachteln-mit-mineralien-mischen","status":"publish","type":"product","link":"https:\/\/www.ruschmineralen.nl\/de\/produkt\/35-schachteln-mit-mineralien-mischen\/","title":{"rendered":"Mix 35 Box mit Mineralien"},"content":{"rendered":"<h2>Mix 35 Box mit Mineralien<\/h2>\n<p>Jede dieser 35 Sammler- und\/oder Ausstellungsboxen wurde von uns selbst zusammengestellt.<br \/>\nJede Schachtel variiert in der Auswahl der Mineralien und bietet so eine farbenfrohe und sch\u00f6ne Sammlung von Mineralien.<br \/>\nWir betrachten diese Mix 35-Sammelboxen als unsere Visitenkarte im Gro\u00dfhandel und achten daher stets auf die bestm\u00f6gliche Qualit\u00e4t der Mineralien.<br \/>\nDie wei\u00dfen Einsteckschachteln messen \u00b1 2,5 x 5 x 5,5 cm mit einem St\u00fcck wei\u00dfem Filz am Boden, die gesamte Schachtel misst 5 x 28 x 39 cm!<\/p>\n<p><em>Die Mineralstoffmischpackungen enthalten nicht immer die gleichen Mineralstoffe wie abgebildet, aber sie enthalten die gleiche Qualit\u00e4t.<\/em><\/p>","protected":false},"excerpt":{"rendered":"<p>Mischen Sie 35 Boxen mit Mineralien.<\/p>","protected":false},"featured_media":17327,"template":"","meta":{"_acf_changed":false,"site-sidebar-layout":"default","site-content-layout":"","ast-site-content-layout":"default","site-content-style":"default","site-sidebar-style":"default","ast-global-header-display":"","ast-banner-title-visibility":"","ast-main-header-display":"","ast-hfb-above-header-display":"","ast-hfb-below-header-display":"","ast-hfb-mobile-header-display":"","site-post-title":"","ast-breadcrumbs-content":"","ast-featured-img":"","footer-sml-layout":"","theme-transparent-header-meta":"default","adv-header-id-meta":"","stick-header-meta":"default","header-above-stick-meta":"","header-main-stick-meta":"","header-below-stick-meta":"","astra-migrate-meta-layouts":"set","ast-page-background-enabled":"default","ast-page-background-meta":{"desktop":{"background-color":"var(--ast-global-color-4)","background-image":"","background-repeat":"repeat","background-position":"center center","background-size":"auto","background-attachment":"scroll","background-type":"","background-media":"","overlay-type":"","overlay-color":"","overlay-opacity":"","overlay-gradient":""},"tablet":{"background-color":"","background-image":"","background-repeat":"repeat","background-position":"center center","background-size":"auto","background-attachment":"scroll","background-type":"","background-media":"","overlay-type":"","overlay-color":"","overlay-opacity":"","overlay-gradient":""},"mobile":{"background-color":"","background-image":"","background-repeat":"repeat","background-position":"center center","background-size":"auto","background-attachment":"scroll","background-type":"","background-media":"","overlay-type":"","overlay-color":"","overlay-opacity":"","overlay-gradient":""}},"ast-content-background-meta":{"desktop":{"background-color":"var(--ast-global-color-5)","background-image":"","background-repeat":"repeat","background-position":"center center","background-size":"auto","background-attachment":"scroll","background-type":"","background-media":"","overlay-type":"","overlay-color":"","overlay-opacity":"","overlay-gradient":""},"tablet":{"background-color":"var(--ast-global-color-5)","background-image":"","background-repeat":"repeat","background-position":"center center","background-size":"auto","background-attachment":"scroll","background-type":"","background-media":"","overlay-type":"","overlay-color":"","overlay-opacity":"","overlay-gradient":""},"mobile":{"background-color":"var(--ast-global-color-5)","background-image":"","background-repeat":"repeat","background-position":"center center","background-size":"auto","background-attachment":"scroll","background-type":"","background-media":"","overlay-type":"","overlay-color":"","overlay-opacity":"","overlay-gradient":""}}},"soort":[],"product_brand":[],"product_cat":[1073,1072,2814],"product_tag":[],"class_list":{"0":"post-17330","1":"product","2":"type-product","3":"status-publish","4":"has-post-thumbnail","6":"product_cat-gekristalliseerd","7":"product_cat-ruw","8":"product_cat-verkoopdozen","9":"pa_herkomst-diverse","10":"pa_soort-mix","11":"pa_verkoopeenheid-per-doos","12":"pa_vorm-ruw","13":"desktop-align-center","14":"tablet-align-center","15":"mobile-align-center","16":"ast-product-gallery-layout-horizontal-slider","17":"ast-product-single-variable","18":"ast-product-tabs-layout-horizontal","20":"first","21":"instock","22":"taxable","23":"shipping-taxable","24":"product-type-variable","25":"has-default-attributes"},"acf":[],"_links":{"self":[{"href":"https:\/\/www.ruschmineralen.nl\/de\/wp-json\/wp\/v2\/product\/17330","targetHints":{"allow":["GET"]}}],"collection":[{"href":"https:\/\/www.ruschmineralen.nl\/de\/wp-json\/wp\/v2\/product"}],"about":[{"href":"https:\/\/www.ruschmineralen.nl\/de\/wp-json\/wp\/v2\/types\/product"}],"wp:featuredmedia":[{"embeddable":true,"href":"https:\/\/www.ruschmineralen.nl\/de\/wp-json\/wp\/v2\/media\/17327"}],"wp:attachment":[{"href":"https:\/\/www.ruschmineralen.nl\/de\/wp-json\/wp\/v2\/media?parent=17330"}],"wp:term":[{"taxonomy":"soort","embeddable":true,"href":"https:\/\/www.ruschmineralen.nl\/de\/wp-json\/wp\/v2\/soort?post=17330"},{"taxonomy":"product_brand","embeddable":true,"href":"https:\/\/www.ruschmineralen.nl\/de\/wp-json\/wp\/v2\/product_brand?post=17330"},{"taxonomy":"product_cat","embeddable":true,"href":"https:\/\/www.ruschmineralen.nl\/de\/wp-json\/wp\/v2\/product_cat?post=17330"},{"taxonomy":"product_tag","embeddable":true,"href":"https:\/\/www.ruschmineralen.nl\/de\/wp-json\/wp\/v2\/product_tag?post=17330"}],"curies":[{"name":"wp","href":"https:\/\/api.w.org\/{rel}","templated":true}]}}