{"id":17343,"date":"2024-05-01T00:00:00","date_gmt":"2024-04-30T22:00:00","guid":{"rendered":"https:\/\/www.ruschmineralen.nl\/product\/amazoniet-hand-geslepen-stenen-madagaskar\/"},"modified":"2026-04-01T11:18:31","modified_gmt":"2026-04-01T09:18:31","slug":"6500-amazonit-handsteine","status":"publish","type":"product","link":"https:\/\/www.ruschmineralen.nl\/de\/produkt\/6500-amazonit-handsteine\/","title":{"rendered":"Amazonit Handsteine"},"content":{"rendered":"<h2>Amazonit-Handsteine aus Madagaskar<\/h2>\n<p><h3>Amazonit<\/h3>\n<p><a href=\"https:\/\/www.ruschmineralen.nl\/de\/typ\/amazonit\/\" target=\"_blank\">Amazonit<\/a> ist eine auff\u00e4llige Feldspatart, die f\u00fcr ihre charakteristische blaugr\u00fcne Farbe bekannt ist. Der Stein ist nach dem Amazonas benannt, obwohl es in diesem Gebiet keine bekannten Vorkommen gibt. Die Farbe reicht von zartem T\u00fcrkis bis zu tiefem Gr\u00fcnblau und wird durch das Vorhandensein von Blei und Wasser in der Kristallstruktur verursacht. H\u00e4ufig weist Amazonit ein leicht gestreiftes oder gesprenkeltes Muster auf, was zu seinem einzigartigen Aussehen beitr\u00e4gt.<\/p>\n<p>Zu den wichtigsten Vorkommen von Amazonit geh\u00f6ren Brasilien, Madagaskar, Russland und die Vereinigten Staaten. Die hellsten und am intensivsten gef\u00e4rbten Exemplare stammen h\u00e4ufig aus Colorado und Madagaskar. Geologisch gesehen bildet sich Amazonit in Pegmatiten, grobk\u00f6rnigen magmatischen Gesteinen, die reich an Mineralien sind. Die chemische Formel von Amazonit lautet K(AlSi\u2083O\u2088), und er geh\u00f6rt zu den Mikroklin-Feldsp\u00e4ten. Mit einer H\u00e4rte von 6 bis 6,5 auf der Mohs-Skala.<\/p>\n<p><small><strong>Quellen: <\/strong><a href=\"https:\/\/www.mindat.org\/min-184.html\" target=\"_blank\" rel=\"noopener\">Mindat.org<\/a>, <a href=\"https:\/\/www.gemdat.org\/gem-184.html\" target=\"_blank\" rel=\"noopener\">Gemdat.org<\/a>, <a href=\"https:\/\/en.wikipedia.org\/wiki\/Amazonite\" target=\"_blank\" rel=\"noopener\">Wikipedia - Amazonit<\/a><\/small><\/p>\n<br \/>\n<h3>Steine von Hand<\/h3>\n<p>Handsteine sind unsere gr\u00f6\u00dften, getrommelten und glatt polierten (Edel-)Steine, die oft sehr gut in der Hand liegen, was den Namen sofort erkl\u00e4rt. Getrommelt wird diese Gr\u00f6\u00dfe auch als Handstein oder Jumbo-Stein bezeichnet. Oft werden diese Steine nach dem Trommeln extra poliert oder geschliffen, um ein sch\u00f6nes Endergebnis zu erzielen. Trotz dieser Konsistenz handelt es sich um ein Naturprodukt, so dass es immer zu Abweichungen in Form, Farbe und Muster kommen kann. Dies kann von einer Steinart zur anderen variieren.<\/p>\n<p>In der Regel haben die Handsteine eine Gr\u00f6\u00dfe zwischen 4 \u00d7 3 \u00d7 2 cm und 6 \u00d7 5 \u00d7 3 cm. Fast alle unsere Handsteine stammen aus Madagaskar, wo sie sorgf\u00e4ltig ausgew\u00e4hlt und verarbeitet werden. Die Produktfotos geben einen guten Eindruck von dem, was Sie erwartet. Handsteine werden pro 100 gr (1x) verkauft, bei einer Mindestbestellmenge von 500 gr (5x).<\/p>\n<\/p>","protected":false},"excerpt":{"rendered":"<p>Amazonit-Handsteine aus Madagaskar<\/p>","protected":false},"featured_media":52394,"template":"","meta":{"_acf_changed":false,"site-sidebar-layout":"default","site-content-layout":"","ast-site-content-layout":"default","site-content-style":"default","site-sidebar-style":"default","ast-global-header-display":"","ast-banner-title-visibility":"","ast-main-header-display":"","ast-hfb-above-header-display":"","ast-hfb-below-header-display":"","ast-hfb-mobile-header-display":"","site-post-title":"","ast-breadcrumbs-content":"","ast-featured-img":"","footer-sml-layout":"","theme-transparent-header-meta":"default","adv-header-id-meta":"","stick-header-meta":"default","header-above-stick-meta":"","header-main-stick-meta":"","header-below-stick-meta":"","astra-migrate-meta-layouts":"set","ast-page-background-enabled":"default","ast-page-background-meta":{"desktop":{"background-color":"var(--ast-global-color-4)","background-image":"","background-repeat":"repeat","background-position":"center center","background-size":"auto","background-attachment":"scroll","background-type":"","background-media":"","overlay-type":"","overlay-color":"","overlay-opacity":"","overlay-gradient":""},"tablet":{"background-color":"","background-image":"","background-repeat":"repeat","background-position":"center center","background-size":"auto","background-attachment":"scroll","background-type":"","background-media":"","overlay-type":"","overlay-color":"","overlay-opacity":"","overlay-gradient":""},"mobile":{"background-color":"","background-image":"","background-repeat":"repeat","background-position":"center center","background-size":"auto","background-attachment":"scroll","background-type":"","background-media":"","overlay-type":"","overlay-color":"","overlay-opacity":"","overlay-gradient":""}},"ast-content-background-meta":{"desktop":{"background-color":"var(--ast-global-color-5)","background-image":"","background-repeat":"repeat","background-position":"center center","background-size":"auto","background-attachment":"scroll","background-type":"","background-media":"","overlay-type":"","overlay-color":"","overlay-opacity":"","overlay-gradient":""},"tablet":{"background-color":"var(--ast-global-color-5)","background-image":"","background-repeat":"repeat","background-position":"center center","background-size":"auto","background-attachment":"scroll","background-type":"","background-media":"","overlay-type":"","overlay-color":"","overlay-opacity":"","overlay-gradient":""},"mobile":{"background-color":"var(--ast-global-color-5)","background-image":"","background-repeat":"repeat","background-position":"center center","background-size":"auto","background-attachment":"scroll","background-type":"","background-media":"","overlay-type":"","overlay-color":"","overlay-opacity":"","overlay-gradient":""}}},"soort":[],"product_brand":[],"product_cat":[1042],"product_tag":[],"class_list":{"0":"post-17343","1":"product","2":"type-product","3":"status-publish","4":"has-post-thumbnail","6":"product_cat-handstenen","7":"pa_herkomst-madagaskar","8":"pa_soort-amazoniet","9":"pa_verkoopeenheid-per-100-gr","10":"pa_vorm-getrommeld","11":"pa_vorm-handsteen","12":"desktop-align-center","13":"tablet-align-center","14":"mobile-align-center","15":"ast-product-gallery-layout-horizontal-slider","16":"ast-product-tabs-layout-horizontal","18":"first","19":"instock","20":"taxable","21":"shipping-taxable","22":"product-type-simple"},"acf":[],"_links":{"self":[{"href":"https:\/\/www.ruschmineralen.nl\/de\/wp-json\/wp\/v2\/product\/17343","targetHints":{"allow":["GET"]}}],"collection":[{"href":"https:\/\/www.ruschmineralen.nl\/de\/wp-json\/wp\/v2\/product"}],"about":[{"href":"https:\/\/www.ruschmineralen.nl\/de\/wp-json\/wp\/v2\/types\/product"}],"wp:featuredmedia":[{"embeddable":true,"href":"https:\/\/www.ruschmineralen.nl\/de\/wp-json\/wp\/v2\/media\/52394"}],"wp:attachment":[{"href":"https:\/\/www.ruschmineralen.nl\/de\/wp-json\/wp\/v2\/media?parent=17343"}],"wp:term":[{"taxonomy":"soort","embeddable":true,"href":"https:\/\/www.ruschmineralen.nl\/de\/wp-json\/wp\/v2\/soort?post=17343"},{"taxonomy":"product_brand","embeddable":true,"href":"https:\/\/www.ruschmineralen.nl\/de\/wp-json\/wp\/v2\/product_brand?post=17343"},{"taxonomy":"product_cat","embeddable":true,"href":"https:\/\/www.ruschmineralen.nl\/de\/wp-json\/wp\/v2\/product_cat?post=17343"},{"taxonomy":"product_tag","embeddable":true,"href":"https:\/\/www.ruschmineralen.nl\/de\/wp-json\/wp\/v2\/product_tag?post=17343"}],"curies":[{"name":"wp","href":"https:\/\/api.w.org\/{rel}","templated":true}]}}