{"id":17476,"date":"2024-05-01T00:00:00","date_gmt":"2024-04-30T22:00:00","guid":{"rendered":"https:\/\/www.ruschmineralen.nl\/product\/limoniet-kwarts-hand-geslepen-stenen-madagaskar\/"},"modified":"2026-04-18T11:33:12","modified_gmt":"2026-04-18T09:33:12","slug":"6516-limonit-quarz-handsteine","status":"publish","type":"product","link":"https:\/\/www.ruschmineralen.nl\/de\/produkt\/6516-limonit-quarz-handsteine\/","title":{"rendered":"Limonit-Quarz-Handsteine"},"content":{"rendered":"<h2>Limonit-Quarz-Handsteine aus Madagaskar<\/h2>\n<p><h3>Quarz<\/h3>\n<p><a href=\"https:\/\/www.ruschmineralen.nl\/de\/typ\/quarz\/\" target=\"_blank\">Quarz<\/a> ist eines der h\u00e4ufigsten und vielseitigsten Mineralien der Erde. Er kommt in einer Vielzahl von Formen und Farben vor, von klarem Bergkristall bis hin zu Rosenquarz, Rauchquarz und Amethyst. Quarz besteht aus Siliziumdioxid und kommt sowohl in magmatischem, metamorphem als auch in sediment\u00e4rem Gestein vor.<\/p>\n<p>Gro\u00dfe Vorkommen gibt es in Brasilien, Madagaskar, Indien, der Schweiz und den Vereinigten Staaten. Seine chemische Formel lautet SiO\u2082, und das Mineral hat eine H\u00e4rte von 7 auf der Mohs-Skala.<\/p>\n<p>Bekannte Sorten sind Bergkristall (farblos), Amethyst (violett), Rosenquarz (rosa), Rauchquarz (grau bis braun) und Citrin (gelb bis orange).<\/p>\n<p><small><strong>Quellen: <\/strong><br \/><a href=\"https:\/\/www.mindat.org\/min-3337.html\" target=\"_blank\" rel=\"noopener\">Mindat.org<\/a>, <a href=\"https:\/\/www.gemdat.org\/gem-3337.html\" target=\"_blank\" rel=\"noopener\">Gemdat.org<\/a>, <a href=\"https:\/\/en.wikipedia.org\/wiki\/Quartz\" target=\"_blank\" rel=\"noopener\">Wikipedia - Quarz<\/a><\/small><\/p>\n<br \/>\n<h3>Steine von Hand<\/h3>\n<p>Handsteine sind unsere gr\u00f6\u00dften, getrommelten und glatt polierten (Edel-)Steine, die oft sehr gut in der Hand liegen, was den Namen sofort erkl\u00e4rt. Getrommelt wird diese Gr\u00f6\u00dfe auch als Handstein oder Jumbo-Stein bezeichnet. Oft werden diese Steine nach dem Trommeln extra poliert oder geschliffen, um ein sch\u00f6nes Endergebnis zu erzielen. Trotz dieser Konsistenz handelt es sich um ein Naturprodukt, so dass es immer zu Abweichungen in Form, Farbe und Muster kommen kann. Dies kann von einer Steinart zur anderen variieren.<\/p>\n<p>In der Regel haben die Handsteine eine Gr\u00f6\u00dfe zwischen 4 \u00d7 3 \u00d7 2 cm und 6 \u00d7 5 \u00d7 3 cm. Fast alle unsere Handsteine stammen aus Madagaskar, wo sie sorgf\u00e4ltig ausgew\u00e4hlt und verarbeitet werden. Die Produktfotos geben einen guten Eindruck von dem, was Sie erwartet. Handsteine werden pro 100 gr (1x) verkauft, bei einer Mindestbestellmenge von 500 gr (5x).<\/p>\n<\/p>","protected":false},"excerpt":{"rendered":"<p>Limonit-Quarz-Handsteine aus Madagaskar<\/p>","protected":false},"featured_media":52352,"template":"","meta":{"_acf_changed":false,"site-sidebar-layout":"default","site-content-layout":"","ast-site-content-layout":"default","site-content-style":"default","site-sidebar-style":"default","ast-global-header-display":"","ast-banner-title-visibility":"","ast-main-header-display":"","ast-hfb-above-header-display":"","ast-hfb-below-header-display":"","ast-hfb-mobile-header-display":"","site-post-title":"","ast-breadcrumbs-content":"","ast-featured-img":"","footer-sml-layout":"","theme-transparent-header-meta":"default","adv-header-id-meta":"","stick-header-meta":"default","header-above-stick-meta":"","header-main-stick-meta":"","header-below-stick-meta":"","astra-migrate-meta-layouts":"set","ast-page-background-enabled":"default","ast-page-background-meta":{"desktop":{"background-color":"var(--ast-global-color-4)","background-image":"","background-repeat":"repeat","background-position":"center center","background-size":"auto","background-attachment":"scroll","background-type":"","background-media":"","overlay-type":"","overlay-color":"","overlay-opacity":"","overlay-gradient":""},"tablet":{"background-color":"","background-image":"","background-repeat":"repeat","background-position":"center center","background-size":"auto","background-attachment":"scroll","background-type":"","background-media":"","overlay-type":"","overlay-color":"","overlay-opacity":"","overlay-gradient":""},"mobile":{"background-color":"","background-image":"","background-repeat":"repeat","background-position":"center center","background-size":"auto","background-attachment":"scroll","background-type":"","background-media":"","overlay-type":"","overlay-color":"","overlay-opacity":"","overlay-gradient":""}},"ast-content-background-meta":{"desktop":{"background-color":"var(--ast-global-color-5)","background-image":"","background-repeat":"repeat","background-position":"center center","background-size":"auto","background-attachment":"scroll","background-type":"","background-media":"","overlay-type":"","overlay-color":"","overlay-opacity":"","overlay-gradient":""},"tablet":{"background-color":"var(--ast-global-color-5)","background-image":"","background-repeat":"repeat","background-position":"center center","background-size":"auto","background-attachment":"scroll","background-type":"","background-media":"","overlay-type":"","overlay-color":"","overlay-opacity":"","overlay-gradient":""},"mobile":{"background-color":"var(--ast-global-color-5)","background-image":"","background-repeat":"repeat","background-position":"center center","background-size":"auto","background-attachment":"scroll","background-type":"","background-media":"","overlay-type":"","overlay-color":"","overlay-opacity":"","overlay-gradient":""}}},"soort":[],"product_brand":[],"product_cat":[1042],"product_tag":[],"class_list":{"0":"post-17476","1":"product","2":"type-product","3":"status-publish","4":"has-post-thumbnail","6":"product_cat-handstenen","7":"pa_herkomst-madagaskar","8":"pa_soort-kwarts","9":"pa_soort-limoniet-kwarts","10":"pa_verkoopeenheid-per-100-gr","11":"pa_vorm-getrommeld","12":"pa_vorm-handsteen","13":"desktop-align-center","14":"tablet-align-center","15":"mobile-align-center","16":"ast-product-gallery-layout-horizontal-slider","17":"ast-product-tabs-layout-horizontal","19":"first","20":"instock","21":"taxable","22":"shipping-taxable","23":"product-type-simple"},"acf":[],"_links":{"self":[{"href":"https:\/\/www.ruschmineralen.nl\/de\/wp-json\/wp\/v2\/product\/17476","targetHints":{"allow":["GET"]}}],"collection":[{"href":"https:\/\/www.ruschmineralen.nl\/de\/wp-json\/wp\/v2\/product"}],"about":[{"href":"https:\/\/www.ruschmineralen.nl\/de\/wp-json\/wp\/v2\/types\/product"}],"wp:featuredmedia":[{"embeddable":true,"href":"https:\/\/www.ruschmineralen.nl\/de\/wp-json\/wp\/v2\/media\/52352"}],"wp:attachment":[{"href":"https:\/\/www.ruschmineralen.nl\/de\/wp-json\/wp\/v2\/media?parent=17476"}],"wp:term":[{"taxonomy":"soort","embeddable":true,"href":"https:\/\/www.ruschmineralen.nl\/de\/wp-json\/wp\/v2\/soort?post=17476"},{"taxonomy":"product_brand","embeddable":true,"href":"https:\/\/www.ruschmineralen.nl\/de\/wp-json\/wp\/v2\/product_brand?post=17476"},{"taxonomy":"product_cat","embeddable":true,"href":"https:\/\/www.ruschmineralen.nl\/de\/wp-json\/wp\/v2\/product_cat?post=17476"},{"taxonomy":"product_tag","embeddable":true,"href":"https:\/\/www.ruschmineralen.nl\/de\/wp-json\/wp\/v2\/product_tag?post=17476"}],"curies":[{"name":"wp","href":"https:\/\/api.w.org\/{rel}","templated":true}]}}