{"id":17646,"date":"2021-01-18T15:56:00","date_gmt":"2021-01-18T14:56:00","guid":{"rendered":"https:\/\/www.ruschmineralen.nl\/product\/rozenkwarts-donut-hanger-china-40-mm\/"},"modified":"2025-08-28T12:29:56","modified_gmt":"2025-08-28T10:29:56","slug":"5110-rosenquarz-donut-anhanger","status":"publish","type":"product","link":"https:\/\/www.ruschmineralen.nl\/de\/produkt\/5110-rosenquarz-donut-anhanger\/","title":{"rendered":"Rosenquarz-Donut-Anh\u00e4nger | 4 cm"},"content":{"rendered":"<h2>Donut-Anh\u00e4nger aus Rosenquarz, 4 cm gro\u00df<\/h2>\n<p><h3>Rosenquarz<\/h3>\n<p><a href=\"https:\/\/www.ruschmineralen.nl\/de\/typ\/rosenquarz\/\" target=\"_blank\">Rosenquarz<\/a> ist die rosafarbene Variante des Quarzes, die ihre Farbe Spuren von Titan, Eisen oder Mangan oder mikroskopisch kleinen Fasern eines anderen Minerals verdankt. Die Farbe reicht von zartem Blassrosa bis zu intensivem Rosa und ist in der Regel durchscheinend bis undurchsichtig, mit einem glasartigen Glanz. Rosenquarz wird h\u00e4ufig f\u00fcr Schmuck und als dekorativer Stein verwendet.<\/p>\n<p>Gr\u00f6\u00dfere Vorkommen gibt es in Brasilien, Madagaskar, S\u00fcdafrika und den Vereinigten Staaten. Das Mineral kommt in Pegmatiten und hydrothermalen Adern vor. Seine chemische Formel lautet SiO\u2082 und seine H\u00e4rte betr\u00e4gt 7 auf der Mohs-Skala. Eine seltene Variante ist der Sternrosenquarz, der in geschliffenen Cabochons aufgrund von feinen Rutileinschl\u00fcssen Sternchen aufweisen kann.<\/p>\n<p><small><strong>Quellen: <\/strong><br \/><a href=\"https:\/\/www.mindat.org\/min-3456.html\" target=\"_blank\" rel=\"noopener\">Mindat.org<\/a>, <a href=\"https:\/\/www.gemdat.org\/gem-3456.html\" target=\"_blank\" rel=\"noopener\">Gemdat.org<\/a>, <a href=\"https:\/\/en.wikipedia.org\/wiki\/Quartz#Rose_quartz\" target=\"_blank\" rel=\"noopener\">Wikipedia - Rosenquarz<\/a><\/small><\/p>\n<h3>Donuts<\/h3>\n<p>Donut-Edelstein-Anh\u00e4nger sind flache, runde Anh\u00e4nger mit einer zentralen Bohrung von etwa 5-6 mm. Es gibt sie in verschiedenen Edelsteinsorten und Gr\u00f6\u00dfen von etwa 2,5 bis 5 cm, wobei 3 cm bei uns am h\u00e4ufigsten vorkommen. Dank ihrer Form lassen sie sich gut an einer Kordel oder Kette tragen.<\/p>\n<\/p>","protected":false},"excerpt":{"rendered":"<p>Donut-Anh\u00e4nger aus Rosenquarz, 4 cm gro\u00df<\/p>","protected":false},"featured_media":17645,"template":"","meta":{"_acf_changed":false,"site-sidebar-layout":"default","site-content-layout":"","ast-site-content-layout":"default","site-content-style":"default","site-sidebar-style":"default","ast-global-header-display":"","ast-banner-title-visibility":"","ast-main-header-display":"","ast-hfb-above-header-display":"","ast-hfb-below-header-display":"","ast-hfb-mobile-header-display":"","site-post-title":"","ast-breadcrumbs-content":"","ast-featured-img":"","footer-sml-layout":"","theme-transparent-header-meta":"default","adv-header-id-meta":"","stick-header-meta":"default","header-above-stick-meta":"","header-main-stick-meta":"","header-below-stick-meta":"","astra-migrate-meta-layouts":"set","ast-page-background-enabled":"default","ast-page-background-meta":{"desktop":{"background-color":"var(--ast-global-color-4)","background-image":"","background-repeat":"repeat","background-position":"center center","background-size":"auto","background-attachment":"scroll","background-type":"","background-media":"","overlay-type":"","overlay-color":"","overlay-opacity":"","overlay-gradient":""},"tablet":{"background-color":"","background-image":"","background-repeat":"repeat","background-position":"center center","background-size":"auto","background-attachment":"scroll","background-type":"","background-media":"","overlay-type":"","overlay-color":"","overlay-opacity":"","overlay-gradient":""},"mobile":{"background-color":"","background-image":"","background-repeat":"repeat","background-position":"center center","background-size":"auto","background-attachment":"scroll","background-type":"","background-media":"","overlay-type":"","overlay-color":"","overlay-opacity":"","overlay-gradient":""}},"ast-content-background-meta":{"desktop":{"background-color":"var(--ast-global-color-5)","background-image":"","background-repeat":"repeat","background-position":"center center","background-size":"auto","background-attachment":"scroll","background-type":"","background-media":"","overlay-type":"","overlay-color":"","overlay-opacity":"","overlay-gradient":""},"tablet":{"background-color":"var(--ast-global-color-5)","background-image":"","background-repeat":"repeat","background-position":"center center","background-size":"auto","background-attachment":"scroll","background-type":"","background-media":"","overlay-type":"","overlay-color":"","overlay-opacity":"","overlay-gradient":""},"mobile":{"background-color":"var(--ast-global-color-5)","background-image":"","background-repeat":"repeat","background-position":"center center","background-size":"auto","background-attachment":"scroll","background-type":"","background-media":"","overlay-type":"","overlay-color":"","overlay-opacity":"","overlay-gradient":""}}},"soort":[],"product_brand":[],"product_cat":[1050],"product_tag":[],"class_list":{"0":"post-17646","1":"product","2":"type-product","3":"status-publish","4":"has-post-thumbnail","6":"product_cat-donut-hangers","7":"pa_herkomst-china","8":"pa_maat-4-cm","9":"pa_soort-rozenkwarts","10":"pa_verkoopeenheid-per-stuk","11":"pa_vorm-donut","12":"pa_vorm-hanger","13":"desktop-align-center","14":"tablet-align-center","15":"mobile-align-center","16":"ast-product-gallery-layout-horizontal-slider","17":"ast-product-gallery-with-no-image","18":"ast-product-tabs-layout-horizontal","20":"first","21":"outofstock","22":"taxable","23":"shipping-taxable","24":"product-type-simple"},"acf":[],"_links":{"self":[{"href":"https:\/\/www.ruschmineralen.nl\/de\/wp-json\/wp\/v2\/product\/17646","targetHints":{"allow":["GET"]}}],"collection":[{"href":"https:\/\/www.ruschmineralen.nl\/de\/wp-json\/wp\/v2\/product"}],"about":[{"href":"https:\/\/www.ruschmineralen.nl\/de\/wp-json\/wp\/v2\/types\/product"}],"wp:featuredmedia":[{"embeddable":true,"href":"https:\/\/www.ruschmineralen.nl\/de\/wp-json\/wp\/v2\/media\/17645"}],"wp:attachment":[{"href":"https:\/\/www.ruschmineralen.nl\/de\/wp-json\/wp\/v2\/media?parent=17646"}],"wp:term":[{"taxonomy":"soort","embeddable":true,"href":"https:\/\/www.ruschmineralen.nl\/de\/wp-json\/wp\/v2\/soort?post=17646"},{"taxonomy":"product_brand","embeddable":true,"href":"https:\/\/www.ruschmineralen.nl\/de\/wp-json\/wp\/v2\/product_brand?post=17646"},{"taxonomy":"product_cat","embeddable":true,"href":"https:\/\/www.ruschmineralen.nl\/de\/wp-json\/wp\/v2\/product_cat?post=17646"},{"taxonomy":"product_tag","embeddable":true,"href":"https:\/\/www.ruschmineralen.nl\/de\/wp-json\/wp\/v2\/product_tag?post=17646"}],"curies":[{"name":"wp","href":"https:\/\/api.w.org\/{rel}","templated":true}]}}