{"id":17652,"date":"2025-08-28T15:50:06","date_gmt":"2025-08-28T13:50:06","guid":{"rendered":"https:\/\/www.ruschmineralen.nl\/product\/regenboog-fluoriet-donut-hanger-china-40-mm\/"},"modified":"2026-04-08T14:54:55","modified_gmt":"2026-04-08T12:54:55","slug":"5111-regenbogen-fluorit-donut-anhanger","status":"publish","type":"product","link":"https:\/\/www.ruschmineralen.nl\/de\/produkt\/5111-regenbogen-fluorit-donut-anhanger\/","title":{"rendered":"Regenbogen-Fluorit-Donut-Anh\u00e4nger | 4 cm"},"content":{"rendered":"<h2>Regenbogen-Fluorit-Donut-Anh\u00e4nger, 4 cm gro\u00df<\/h2>\n<p><h3>Fluorit<\/h3>\n<p><a href=\"https:\/\/www.ruschmineralen.nl\/de\/typ\/fluorit\/\" target=\"_blank\">Fluorit<\/a> ist ein Mineral, das f\u00fcr seine gro\u00dfe Farbvielfalt und seinen Glasglanz bekannt ist. Es kann violett, gr\u00fcn, blau, gelb, farblos oder sogar mehrfarbig sein. Fluorit bildet sich h\u00e4ufig in hydrothermalen G\u00e4ngen, meist zusammen mit anderen Mineralien wie Quarz, Calcit und Baryt.<\/p>\n<p>Gro\u00dfe Vorkommen gibt es in China, Mexiko, S\u00fcdafrika und Spanien. Seine chemische Formel lautet CaF\u2082, und das Mineral geh\u00f6rt zu den Halogeniden. Fluorit hat eine H\u00e4rte von 4 auf der Mohs-Skala.<\/p>\n<p>Bekannte Variet\u00e4ten sind der Regenbogenfluorit (mehrfarbig geschichtet), der blaue Fluorit und der gr\u00fcne Fluorit, die jeweils eine eigene Farbgebung und Helligkeit aufweisen.<\/p>\n<p><small><strong>Quellen: <\/strong><br \/><a href=\"https:\/\/www.mindat.org\/min-1576.html\" target=\"_blank\" rel=\"noopener\">Mindat.org<\/a>, <a href=\"https:\/\/www.gemdat.org\/gem-1576.html\" target=\"_blank\" rel=\"noopener\">Gemdat.org<\/a>, <a href=\"https:\/\/en.wikipedia.org\/wiki\/Fluorite\" target=\"_blank\" rel=\"noopener\">Wikipedia - Fluorit<\/a><\/small><\/p>\n<h3>Donuts<\/h3>\n<p>Donut-Edelstein-Anh\u00e4nger sind flache, runde Anh\u00e4nger mit einer zentralen Bohrung von etwa 5-6 mm. Es gibt sie in verschiedenen Edelsteinsorten und Gr\u00f6\u00dfen von etwa 2,5 bis 5 cm, wobei 3 cm bei uns am h\u00e4ufigsten vorkommen. Dank ihrer Form lassen sie sich gut an einer Kordel oder Kette tragen.<\/p>\n<\/p>","protected":false},"excerpt":{"rendered":"<p>Regenbogen-Fluorit-Donut-Anh\u00e4nger mit einer L\u00e4nge von 4 cm aus China.<\/p>","protected":false},"featured_media":55891,"template":"","meta":{"_acf_changed":false,"site-sidebar-layout":"default","site-content-layout":"","ast-site-content-layout":"default","site-content-style":"default","site-sidebar-style":"default","ast-global-header-display":"","ast-banner-title-visibility":"","ast-main-header-display":"","ast-hfb-above-header-display":"","ast-hfb-below-header-display":"","ast-hfb-mobile-header-display":"","site-post-title":"","ast-breadcrumbs-content":"","ast-featured-img":"","footer-sml-layout":"","theme-transparent-header-meta":"default","adv-header-id-meta":"","stick-header-meta":"default","header-above-stick-meta":"","header-main-stick-meta":"","header-below-stick-meta":"","astra-migrate-meta-layouts":"set","ast-page-background-enabled":"default","ast-page-background-meta":{"desktop":{"background-color":"var(--ast-global-color-4)","background-image":"","background-repeat":"repeat","background-position":"center center","background-size":"auto","background-attachment":"scroll","background-type":"","background-media":"","overlay-type":"","overlay-color":"","overlay-opacity":"","overlay-gradient":""},"tablet":{"background-color":"","background-image":"","background-repeat":"repeat","background-position":"center center","background-size":"auto","background-attachment":"scroll","background-type":"","background-media":"","overlay-type":"","overlay-color":"","overlay-opacity":"","overlay-gradient":""},"mobile":{"background-color":"","background-image":"","background-repeat":"repeat","background-position":"center center","background-size":"auto","background-attachment":"scroll","background-type":"","background-media":"","overlay-type":"","overlay-color":"","overlay-opacity":"","overlay-gradient":""}},"ast-content-background-meta":{"desktop":{"background-color":"var(--ast-global-color-5)","background-image":"","background-repeat":"repeat","background-position":"center center","background-size":"auto","background-attachment":"scroll","background-type":"","background-media":"","overlay-type":"","overlay-color":"","overlay-opacity":"","overlay-gradient":""},"tablet":{"background-color":"var(--ast-global-color-5)","background-image":"","background-repeat":"repeat","background-position":"center center","background-size":"auto","background-attachment":"scroll","background-type":"","background-media":"","overlay-type":"","overlay-color":"","overlay-opacity":"","overlay-gradient":""},"mobile":{"background-color":"var(--ast-global-color-5)","background-image":"","background-repeat":"repeat","background-position":"center center","background-size":"auto","background-attachment":"scroll","background-type":"","background-media":"","overlay-type":"","overlay-color":"","overlay-opacity":"","overlay-gradient":""}}},"soort":[],"product_brand":[],"product_cat":[1050],"product_tag":[],"class_list":{"0":"post-17652","1":"product","2":"type-product","3":"status-publish","4":"has-post-thumbnail","6":"product_cat-donut-hangers","7":"pa_herkomst-china","8":"pa_maat-4-cm","9":"pa_soort-fluoriet","10":"pa_soort-regenboog-fluoriet","11":"pa_verkoopeenheid-per-stuk","12":"pa_vorm-donut","13":"pa_vorm-hanger","14":"desktop-align-center","15":"tablet-align-center","16":"mobile-align-center","17":"ast-product-gallery-layout-horizontal-slider","18":"ast-product-gallery-with-no-image","19":"ast-product-tabs-layout-horizontal","21":"first","22":"instock","23":"taxable","24":"shipping-taxable","25":"product-type-simple"},"acf":[],"_links":{"self":[{"href":"https:\/\/www.ruschmineralen.nl\/de\/wp-json\/wp\/v2\/product\/17652","targetHints":{"allow":["GET"]}}],"collection":[{"href":"https:\/\/www.ruschmineralen.nl\/de\/wp-json\/wp\/v2\/product"}],"about":[{"href":"https:\/\/www.ruschmineralen.nl\/de\/wp-json\/wp\/v2\/types\/product"}],"wp:featuredmedia":[{"embeddable":true,"href":"https:\/\/www.ruschmineralen.nl\/de\/wp-json\/wp\/v2\/media\/55891"}],"wp:attachment":[{"href":"https:\/\/www.ruschmineralen.nl\/de\/wp-json\/wp\/v2\/media?parent=17652"}],"wp:term":[{"taxonomy":"soort","embeddable":true,"href":"https:\/\/www.ruschmineralen.nl\/de\/wp-json\/wp\/v2\/soort?post=17652"},{"taxonomy":"product_brand","embeddable":true,"href":"https:\/\/www.ruschmineralen.nl\/de\/wp-json\/wp\/v2\/product_brand?post=17652"},{"taxonomy":"product_cat","embeddable":true,"href":"https:\/\/www.ruschmineralen.nl\/de\/wp-json\/wp\/v2\/product_cat?post=17652"},{"taxonomy":"product_tag","embeddable":true,"href":"https:\/\/www.ruschmineralen.nl\/de\/wp-json\/wp\/v2\/product_tag?post=17652"}],"curies":[{"name":"wp","href":"https:\/\/api.w.org\/{rel}","templated":true}]}}