{"id":17822,"date":"2026-01-27T15:58:18","date_gmt":"2026-01-27T14:58:18","guid":{"rendered":"https:\/\/www.ruschmineralen.nl\/product\/gele-aventurijn-trommelstenen-zuid-afrika\/"},"modified":"2026-04-11T11:59:38","modified_gmt":"2026-04-11T09:59:38","slug":"6080-gelbe-aventurin-trommelsteine","status":"publish","type":"product","link":"https:\/\/www.ruschmineralen.nl\/de\/produkt\/6080-gelbe-aventurin-trommelsteine\/","title":{"rendered":"Gelber Aventurin Tumblestones"},"content":{"rendered":"<h2>Gelbe Aventurin-Trommelsteine aus S\u00fcdafrika<\/h2>\n<h3>Aventurin<\/h3>\n<p><a href=\"https:\/\/www.ruschmineralen.nl\/de\/typ\/aventurin\/\" target=\"_blank\">Aventurin<\/a> ist eine Quarzart, die winzige Einschl\u00fcsse von schimmernden Mineralien wie Glimmer oder H\u00e4matit enth\u00e4lt, die einen funkelnden Effekt erzeugen, der als Aventureszenz bezeichnet wird. Die h\u00e4ufigste Farbe ist gr\u00fcn, aber es gibt auch Exemplare in blau, orange, braun und grau.<\/p>\n<p>Gro\u00dfe Vorkommen gibt es in Indien, Brasilien, Russland und Tansania. Aventurin geh\u00f6rt zur Familie der Quarze und hat die chemische Formel SiO\u2082. Seine H\u00e4rte liegt zwischen 6,5 und 7 auf der Mohs-Skala.<\/p>\n<p>Bekannte Sorten sind gr\u00fcner Aventurin (meist mit Fuchsit), blauer Aventurin (mit Dumortierit) und orangefarbene bis rotbraune Sorten (mit H\u00e4matit oder Goethit).<\/p>\n<p><small><strong>Quellen: <\/strong><br \/><a href=\"https:\/\/www.mindat.org\/min-436.html\" target=\"_blank\" rel=\"noopener\">Mindat.org<\/a>, <a href=\"https:\/\/www.gemdat.org\/gem-436.html\" target=\"_blank\" rel=\"noopener\">Gemdat.org<\/a>, <a href=\"https:\/\/en.wikipedia.org\/wiki\/Aventurine\" target=\"_blank\" rel=\"noopener\">Wikipedia - Aventurin<\/a><\/small><\/p>","protected":false},"excerpt":{"rendered":"<p>Gelbe Aventurin-Trommelsteine aus S\u00fcdafrika.<\/p>","protected":false},"featured_media":62129,"template":"","meta":{"_acf_changed":false,"site-sidebar-layout":"default","site-content-layout":"","ast-site-content-layout":"default","site-content-style":"default","site-sidebar-style":"default","ast-global-header-display":"","ast-banner-title-visibility":"","ast-main-header-display":"","ast-hfb-above-header-display":"","ast-hfb-below-header-display":"","ast-hfb-mobile-header-display":"","site-post-title":"","ast-breadcrumbs-content":"","ast-featured-img":"","footer-sml-layout":"","theme-transparent-header-meta":"default","adv-header-id-meta":"","stick-header-meta":"default","header-above-stick-meta":"","header-main-stick-meta":"","header-below-stick-meta":"","astra-migrate-meta-layouts":"set","ast-page-background-enabled":"default","ast-page-background-meta":{"desktop":{"background-color":"var(--ast-global-color-4)","background-image":"","background-repeat":"repeat","background-position":"center center","background-size":"auto","background-attachment":"scroll","background-type":"","background-media":"","overlay-type":"","overlay-color":"","overlay-opacity":"","overlay-gradient":""},"tablet":{"background-color":"","background-image":"","background-repeat":"repeat","background-position":"center center","background-size":"auto","background-attachment":"scroll","background-type":"","background-media":"","overlay-type":"","overlay-color":"","overlay-opacity":"","overlay-gradient":""},"mobile":{"background-color":"","background-image":"","background-repeat":"repeat","background-position":"center center","background-size":"auto","background-attachment":"scroll","background-type":"","background-media":"","overlay-type":"","overlay-color":"","overlay-opacity":"","overlay-gradient":""}},"ast-content-background-meta":{"desktop":{"background-color":"var(--ast-global-color-5)","background-image":"","background-repeat":"repeat","background-position":"center center","background-size":"auto","background-attachment":"scroll","background-type":"","background-media":"","overlay-type":"","overlay-color":"","overlay-opacity":"","overlay-gradient":""},"tablet":{"background-color":"var(--ast-global-color-5)","background-image":"","background-repeat":"repeat","background-position":"center center","background-size":"auto","background-attachment":"scroll","background-type":"","background-media":"","overlay-type":"","overlay-color":"","overlay-opacity":"","overlay-gradient":""},"mobile":{"background-color":"var(--ast-global-color-5)","background-image":"","background-repeat":"repeat","background-position":"center center","background-size":"auto","background-attachment":"scroll","background-type":"","background-media":"","overlay-type":"","overlay-color":"","overlay-opacity":"","overlay-gradient":""}}},"soort":[],"product_brand":[],"product_cat":[1044],"product_tag":[],"class_list":{"0":"post-17822","1":"product","2":"type-product","3":"status-publish","4":"has-post-thumbnail","6":"product_cat-trommelstenen","7":"pa_herkomst-zuid-afrika","8":"pa_maat-m-l-trommelstenen","9":"pa_soort-aventurijn","10":"pa_soort-gele-aventurijn","11":"pa_verkoopeenheid-per-100-gr","12":"pa_vorm-getrommeld","13":"desktop-align-center","14":"tablet-align-center","15":"mobile-align-center","16":"ast-product-gallery-layout-horizontal-slider","17":"ast-product-tabs-layout-horizontal","19":"first","20":"instock","21":"taxable","22":"shipping-taxable","23":"product-type-simple"},"acf":[],"_links":{"self":[{"href":"https:\/\/www.ruschmineralen.nl\/de\/wp-json\/wp\/v2\/product\/17822","targetHints":{"allow":["GET"]}}],"collection":[{"href":"https:\/\/www.ruschmineralen.nl\/de\/wp-json\/wp\/v2\/product"}],"about":[{"href":"https:\/\/www.ruschmineralen.nl\/de\/wp-json\/wp\/v2\/types\/product"}],"wp:featuredmedia":[{"embeddable":true,"href":"https:\/\/www.ruschmineralen.nl\/de\/wp-json\/wp\/v2\/media\/62129"}],"wp:attachment":[{"href":"https:\/\/www.ruschmineralen.nl\/de\/wp-json\/wp\/v2\/media?parent=17822"}],"wp:term":[{"taxonomy":"soort","embeddable":true,"href":"https:\/\/www.ruschmineralen.nl\/de\/wp-json\/wp\/v2\/soort?post=17822"},{"taxonomy":"product_brand","embeddable":true,"href":"https:\/\/www.ruschmineralen.nl\/de\/wp-json\/wp\/v2\/product_brand?post=17822"},{"taxonomy":"product_cat","embeddable":true,"href":"https:\/\/www.ruschmineralen.nl\/de\/wp-json\/wp\/v2\/product_cat?post=17822"},{"taxonomy":"product_tag","embeddable":true,"href":"https:\/\/www.ruschmineralen.nl\/de\/wp-json\/wp\/v2\/product_tag?post=17822"}],"curies":[{"name":"wp","href":"https:\/\/api.w.org\/{rel}","templated":true}]}}