{"id":17976,"date":"2021-08-19T13:51:57","date_gmt":"2021-08-19T11:51:57","guid":{"rendered":"https:\/\/www.ruschmineralen.nl\/product\/rozenkwarts-zakstenen-madagaskar\/"},"modified":"2026-04-02T22:15:45","modified_gmt":"2026-04-02T20:15:45","slug":"rosenquarz-taschensteine-madagaskar-6272","status":"publish","type":"product","link":"https:\/\/www.ruschmineralen.nl\/de\/produkt\/rosenquarz-taschensteine-madagaskar-6272\/","title":{"rendered":"Rosenquarz Bagstones"},"content":{"rendered":"<h2>Rosenquarz-Taschensteine aus Madagaskar.<\/h2>\n<p> Durch seine geringe Gr\u00f6\u00dfe und seine ovale Form l\u00e4sst er sich sehr leicht mit sich f\u00fchren, zum Beispiel in der Hosen- oder Jackentasche - daher der Name Taschenstein! Taschensteine haben in etwa die gleiche Gr\u00f6\u00dfe und sind im Vergleich zu normalen Trommelsteinen oft sehr viel gleichm\u00e4\u00dfiger. Fast alle unsere Taschensteine kommen aus Madagaskar und wir haben immer mehrere Sorten auf Lager. <i>Es handelt sich um ein Wiegeprodukt mit einer Mindestbestellmenge von 200 Gramm. (2x)<\/i><\/p>","protected":false},"excerpt":{"rendered":"<p>Rosenquarz-Taschensteine aus Madagaskar.<\/p>","protected":false},"featured_media":17974,"template":"","meta":{"_acf_changed":false,"site-sidebar-layout":"default","site-content-layout":"","ast-site-content-layout":"default","site-content-style":"default","site-sidebar-style":"default","ast-global-header-display":"","ast-banner-title-visibility":"","ast-main-header-display":"","ast-hfb-above-header-display":"","ast-hfb-below-header-display":"","ast-hfb-mobile-header-display":"","site-post-title":"","ast-breadcrumbs-content":"","ast-featured-img":"","footer-sml-layout":"","theme-transparent-header-meta":"default","adv-header-id-meta":"","stick-header-meta":"default","header-above-stick-meta":"","header-main-stick-meta":"","header-below-stick-meta":"","astra-migrate-meta-layouts":"set","ast-page-background-enabled":"default","ast-page-background-meta":{"desktop":{"background-color":"var(--ast-global-color-4)","background-image":"","background-repeat":"repeat","background-position":"center center","background-size":"auto","background-attachment":"scroll","background-type":"","background-media":"","overlay-type":"","overlay-color":"","overlay-opacity":"","overlay-gradient":""},"tablet":{"background-color":"","background-image":"","background-repeat":"repeat","background-position":"center center","background-size":"auto","background-attachment":"scroll","background-type":"","background-media":"","overlay-type":"","overlay-color":"","overlay-opacity":"","overlay-gradient":""},"mobile":{"background-color":"","background-image":"","background-repeat":"repeat","background-position":"center center","background-size":"auto","background-attachment":"scroll","background-type":"","background-media":"","overlay-type":"","overlay-color":"","overlay-opacity":"","overlay-gradient":""}},"ast-content-background-meta":{"desktop":{"background-color":"var(--ast-global-color-5)","background-image":"","background-repeat":"repeat","background-position":"center center","background-size":"auto","background-attachment":"scroll","background-type":"","background-media":"","overlay-type":"","overlay-color":"","overlay-opacity":"","overlay-gradient":""},"tablet":{"background-color":"var(--ast-global-color-5)","background-image":"","background-repeat":"repeat","background-position":"center center","background-size":"auto","background-attachment":"scroll","background-type":"","background-media":"","overlay-type":"","overlay-color":"","overlay-opacity":"","overlay-gradient":""},"mobile":{"background-color":"var(--ast-global-color-5)","background-image":"","background-repeat":"repeat","background-position":"center center","background-size":"auto","background-attachment":"scroll","background-type":"","background-media":"","overlay-type":"","overlay-color":"","overlay-opacity":"","overlay-gradient":""}}},"soort":[],"product_brand":[],"product_cat":[1041],"product_tag":[],"class_list":{"0":"post-17976","1":"product","2":"type-product","3":"status-publish","4":"has-post-thumbnail","6":"product_cat-zakstenen","7":"pa_herkomst-madagaskar","8":"pa_soort-rozenkwarts","9":"pa_verkoopeenheid-per-100-gr","10":"pa_vorm-getrommeld","11":"desktop-align-center","12":"tablet-align-center","13":"mobile-align-center","14":"ast-product-gallery-layout-horizontal-slider","15":"ast-product-tabs-layout-horizontal","17":"first","18":"instock","19":"taxable","20":"shipping-taxable","21":"product-type-simple"},"acf":[],"_links":{"self":[{"href":"https:\/\/www.ruschmineralen.nl\/de\/wp-json\/wp\/v2\/product\/17976","targetHints":{"allow":["GET"]}}],"collection":[{"href":"https:\/\/www.ruschmineralen.nl\/de\/wp-json\/wp\/v2\/product"}],"about":[{"href":"https:\/\/www.ruschmineralen.nl\/de\/wp-json\/wp\/v2\/types\/product"}],"wp:featuredmedia":[{"embeddable":true,"href":"https:\/\/www.ruschmineralen.nl\/de\/wp-json\/wp\/v2\/media\/17974"}],"wp:attachment":[{"href":"https:\/\/www.ruschmineralen.nl\/de\/wp-json\/wp\/v2\/media?parent=17976"}],"wp:term":[{"taxonomy":"soort","embeddable":true,"href":"https:\/\/www.ruschmineralen.nl\/de\/wp-json\/wp\/v2\/soort?post=17976"},{"taxonomy":"product_brand","embeddable":true,"href":"https:\/\/www.ruschmineralen.nl\/de\/wp-json\/wp\/v2\/product_brand?post=17976"},{"taxonomy":"product_cat","embeddable":true,"href":"https:\/\/www.ruschmineralen.nl\/de\/wp-json\/wp\/v2\/product_cat?post=17976"},{"taxonomy":"product_tag","embeddable":true,"href":"https:\/\/www.ruschmineralen.nl\/de\/wp-json\/wp\/v2\/product_tag?post=17976"}],"curies":[{"name":"wp","href":"https:\/\/api.w.org\/{rel}","templated":true}]}}