{"id":18560,"date":"2024-05-01T00:00:00","date_gmt":"2024-04-30T22:00:00","guid":{"rendered":"https:\/\/www.ruschmineralen.nl\/product\/lepidoliet-hand-geslepen-stenen-madagaskar\/"},"modified":"2026-04-13T14:55:48","modified_gmt":"2026-04-13T12:55:48","slug":"6535-lepidolith-handsteine","status":"publish","type":"product","link":"https:\/\/www.ruschmineralen.nl\/de\/produkt\/6535-lepidolith-handsteine\/","title":{"rendered":"Lepidolith-Handsteine"},"content":{"rendered":"<h2>Lepidolith-Handsteine aus Madagaskar<\/h2>\n<p><h3>Lepidolith<\/h3>\n<p><a href=\"https:\/\/www.ruschmineralen.nl\/de\/typ\/lepidolith\/\" target=\"_blank\">Lepidolith<\/a> ist ein violett bis rosa schimmernder Glimmer, der reich an Lithium ist. Das Mineral findet sich h\u00e4ufig in Pegmatiten zusammen mit anderen lithiumhaltigen Mineralien wie Turmalin und Spodumen. Lepidolith hat einen charakteristischen Glanz und eine flockige Textur, die typisch f\u00fcr Glimmer sind.<\/p>\n<p>Gr\u00f6\u00dfere Vorkommen gibt es in Brasilien, Simbabwe, den Vereinigten Staaten und der Tschechischen Republik. Seine chemische Formel lautet K(Li,Al)\u2083(Si,Al)\u2084O\u2081\u2080(F,OH)\u2082. Die H\u00e4rte liegt zwischen 2,5 und 4 auf der Mohs-Skala.<\/p>\n<p>Bekannte Variet\u00e4ten sind violetter Lepidolith und rosa Lepidolith, je nach Farbintensit\u00e4t und Einschl\u00fcssen.<\/p>\n<p><small><strong>Quellen: <\/strong><br \/><a href=\"https:\/\/www.mindat.org\/min-2380.html\" target=\"_blank\" rel=\"noopener\">Mindat.org<\/a>, <a href=\"https:\/\/www.gemdat.org\/gem-2380.html\" target=\"_blank\" rel=\"noopener\">Gemdat.org<\/a>, <a href=\"https:\/\/en.wikipedia.org\/wiki\/Lepidolite\" target=\"_blank\" rel=\"noopener\">Wikipedia - Lepidolith<\/a><\/small><\/p>\n<br \/>\n<h3>Steine von Hand<\/h3>\n<p>Handsteine sind unsere gr\u00f6\u00dften, getrommelten und glatt polierten (Edel-)Steine, die oft sehr gut in der Hand liegen, was den Namen sofort erkl\u00e4rt. Getrommelt wird diese Gr\u00f6\u00dfe auch als Handstein oder Jumbo-Stein bezeichnet. Oft werden diese Steine nach dem Trommeln extra poliert oder geschliffen, um ein sch\u00f6nes Endergebnis zu erzielen. Trotz dieser Konsistenz handelt es sich um ein Naturprodukt, so dass es immer zu Abweichungen in Form, Farbe und Muster kommen kann. Dies kann von einer Steinart zur anderen variieren.<\/p>\n<p>In der Regel haben die Handsteine eine Gr\u00f6\u00dfe zwischen 4 \u00d7 3 \u00d7 2 cm und 6 \u00d7 5 \u00d7 3 cm. Fast alle unsere Handsteine stammen aus Madagaskar, wo sie sorgf\u00e4ltig ausgew\u00e4hlt und verarbeitet werden. Die Produktfotos geben einen guten Eindruck von dem, was Sie erwartet. Handsteine werden pro 100 gr (1x) verkauft, bei einer Mindestbestellmenge von 500 gr (5x).<\/p>\n<\/p>","protected":false},"excerpt":{"rendered":"<p>Lepidolith-Handsteine aus Madagaskar<\/p>","protected":false},"featured_media":52316,"template":"","meta":{"_acf_changed":false,"site-sidebar-layout":"default","site-content-layout":"","ast-site-content-layout":"default","site-content-style":"default","site-sidebar-style":"default","ast-global-header-display":"","ast-banner-title-visibility":"","ast-main-header-display":"","ast-hfb-above-header-display":"","ast-hfb-below-header-display":"","ast-hfb-mobile-header-display":"","site-post-title":"","ast-breadcrumbs-content":"","ast-featured-img":"","footer-sml-layout":"","theme-transparent-header-meta":"default","adv-header-id-meta":"","stick-header-meta":"default","header-above-stick-meta":"","header-main-stick-meta":"","header-below-stick-meta":"","astra-migrate-meta-layouts":"set","ast-page-background-enabled":"default","ast-page-background-meta":{"desktop":{"background-color":"var(--ast-global-color-4)","background-image":"","background-repeat":"repeat","background-position":"center center","background-size":"auto","background-attachment":"scroll","background-type":"","background-media":"","overlay-type":"","overlay-color":"","overlay-opacity":"","overlay-gradient":""},"tablet":{"background-color":"","background-image":"","background-repeat":"repeat","background-position":"center center","background-size":"auto","background-attachment":"scroll","background-type":"","background-media":"","overlay-type":"","overlay-color":"","overlay-opacity":"","overlay-gradient":""},"mobile":{"background-color":"","background-image":"","background-repeat":"repeat","background-position":"center center","background-size":"auto","background-attachment":"scroll","background-type":"","background-media":"","overlay-type":"","overlay-color":"","overlay-opacity":"","overlay-gradient":""}},"ast-content-background-meta":{"desktop":{"background-color":"var(--ast-global-color-5)","background-image":"","background-repeat":"repeat","background-position":"center center","background-size":"auto","background-attachment":"scroll","background-type":"","background-media":"","overlay-type":"","overlay-color":"","overlay-opacity":"","overlay-gradient":""},"tablet":{"background-color":"var(--ast-global-color-5)","background-image":"","background-repeat":"repeat","background-position":"center center","background-size":"auto","background-attachment":"scroll","background-type":"","background-media":"","overlay-type":"","overlay-color":"","overlay-opacity":"","overlay-gradient":""},"mobile":{"background-color":"var(--ast-global-color-5)","background-image":"","background-repeat":"repeat","background-position":"center center","background-size":"auto","background-attachment":"scroll","background-type":"","background-media":"","overlay-type":"","overlay-color":"","overlay-opacity":"","overlay-gradient":""}}},"soort":[],"product_brand":[],"product_cat":[1042],"product_tag":[],"class_list":{"0":"post-18560","1":"product","2":"type-product","3":"status-publish","4":"has-post-thumbnail","6":"product_cat-handstenen","7":"pa_herkomst-madagaskar","8":"pa_soort-lepidoliet","9":"pa_verkoopeenheid-per-100-gr","10":"pa_vorm-getrommeld","11":"pa_vorm-handsteen","12":"desktop-align-center","13":"tablet-align-center","14":"mobile-align-center","15":"ast-product-gallery-layout-horizontal-slider","16":"ast-product-tabs-layout-horizontal","18":"first","19":"instock","20":"taxable","21":"shipping-taxable","22":"product-type-simple"},"acf":[],"_links":{"self":[{"href":"https:\/\/www.ruschmineralen.nl\/de\/wp-json\/wp\/v2\/product\/18560","targetHints":{"allow":["GET"]}}],"collection":[{"href":"https:\/\/www.ruschmineralen.nl\/de\/wp-json\/wp\/v2\/product"}],"about":[{"href":"https:\/\/www.ruschmineralen.nl\/de\/wp-json\/wp\/v2\/types\/product"}],"wp:featuredmedia":[{"embeddable":true,"href":"https:\/\/www.ruschmineralen.nl\/de\/wp-json\/wp\/v2\/media\/52316"}],"wp:attachment":[{"href":"https:\/\/www.ruschmineralen.nl\/de\/wp-json\/wp\/v2\/media?parent=18560"}],"wp:term":[{"taxonomy":"soort","embeddable":true,"href":"https:\/\/www.ruschmineralen.nl\/de\/wp-json\/wp\/v2\/soort?post=18560"},{"taxonomy":"product_brand","embeddable":true,"href":"https:\/\/www.ruschmineralen.nl\/de\/wp-json\/wp\/v2\/product_brand?post=18560"},{"taxonomy":"product_cat","embeddable":true,"href":"https:\/\/www.ruschmineralen.nl\/de\/wp-json\/wp\/v2\/product_cat?post=18560"},{"taxonomy":"product_tag","embeddable":true,"href":"https:\/\/www.ruschmineralen.nl\/de\/wp-json\/wp\/v2\/product_tag?post=18560"}],"curies":[{"name":"wp","href":"https:\/\/api.w.org\/{rel}","templated":true}]}}