{"id":18996,"date":"2022-05-31T10:15:19","date_gmt":"2022-05-31T08:15:19","guid":{"rendered":"https:\/\/www.ruschmineralen.nl\/product\/seleniet-schijf-zodiac-wiel-marokko\/"},"modified":"2026-02-19T09:36:19","modified_gmt":"2026-02-19T08:36:19","slug":"selenit-scheibe-zodiac-rad-marokko","status":"publish","type":"product","link":"https:\/\/www.ruschmineralen.nl\/de\/produkt\/selenit-scheibe-zodiac-rad-marokko\/","title":{"rendered":"Selenit-Scheibe - Zodiac-Rad"},"content":{"rendered":"<h2>Selenitscheibe aus Marokko.<\/h2>\n<p>Selenit ist eine nadelf\u00f6rmige\/faserige Variante des Gipses. Selenit ist sehr weich und kann bereits mit dem Nagel gekratzt werden. Aufgrund seiner geringen H\u00e4rte und Beliebtheit wird Selenit daher zu vielen Produkten verarbeitet, darunter auch zu diesem. Der Ursprung des Namens Selenit stammt von der griechischen Mondg\u00f6ttin Selene. In der Tat hat Selenit bei guter Qualit\u00e4t eine sch\u00f6ne mond\u00e4hnliche Reflexion. Dies ist nicht der einzige Name, den Selenit tr\u00e4gt, denn Satinspat ist ein g\u00e4ngiges Synonym f\u00fcr Selenit. Unser Selenit ist von sehr guter Qualit\u00e4t und wir haben immer verschiedene Selenit-Produkte auf Lager!<\/p>","protected":false},"excerpt":{"rendered":"<p>Selenitscheibe aus Marokko<\/p>","protected":false},"featured_media":18992,"template":"","meta":{"_acf_changed":false,"site-sidebar-layout":"default","site-content-layout":"","ast-site-content-layout":"default","site-content-style":"default","site-sidebar-style":"default","ast-global-header-display":"","ast-banner-title-visibility":"","ast-main-header-display":"","ast-hfb-above-header-display":"","ast-hfb-below-header-display":"","ast-hfb-mobile-header-display":"","site-post-title":"","ast-breadcrumbs-content":"","ast-featured-img":"","footer-sml-layout":"","theme-transparent-header-meta":"default","adv-header-id-meta":"","stick-header-meta":"default","header-above-stick-meta":"","header-main-stick-meta":"","header-below-stick-meta":"","astra-migrate-meta-layouts":"set","ast-page-background-enabled":"default","ast-page-background-meta":{"desktop":{"background-color":"var(--ast-global-color-4)","background-image":"","background-repeat":"repeat","background-position":"center center","background-size":"auto","background-attachment":"scroll","background-type":"","background-media":"","overlay-type":"","overlay-color":"","overlay-opacity":"","overlay-gradient":""},"tablet":{"background-color":"","background-image":"","background-repeat":"repeat","background-position":"center center","background-size":"auto","background-attachment":"scroll","background-type":"","background-media":"","overlay-type":"","overlay-color":"","overlay-opacity":"","overlay-gradient":""},"mobile":{"background-color":"","background-image":"","background-repeat":"repeat","background-position":"center center","background-size":"auto","background-attachment":"scroll","background-type":"","background-media":"","overlay-type":"","overlay-color":"","overlay-opacity":"","overlay-gradient":""}},"ast-content-background-meta":{"desktop":{"background-color":"var(--ast-global-color-5)","background-image":"","background-repeat":"repeat","background-position":"center center","background-size":"auto","background-attachment":"scroll","background-type":"","background-media":"","overlay-type":"","overlay-color":"","overlay-opacity":"","overlay-gradient":""},"tablet":{"background-color":"var(--ast-global-color-5)","background-image":"","background-repeat":"repeat","background-position":"center center","background-size":"auto","background-attachment":"scroll","background-type":"","background-media":"","overlay-type":"","overlay-color":"","overlay-opacity":"","overlay-gradient":""},"mobile":{"background-color":"var(--ast-global-color-5)","background-image":"","background-repeat":"repeat","background-position":"center center","background-size":"auto","background-attachment":"scroll","background-type":"","background-media":"","overlay-type":"","overlay-color":"","overlay-opacity":"","overlay-gradient":""}}},"soort":[],"product_brand":[],"product_cat":[3282,1053],"product_tag":[],"class_list":{"0":"post-18996","1":"product","2":"type-product","3":"status-publish","4":"has-post-thumbnail","6":"product_cat-seleniet-schalen-en-schijven","7":"product_cat-figuren-en-vormen","8":"pa_herkomst-marokko","9":"pa_soort-seleniet","10":"pa_verkoopeenheid-per-stuk","11":"pa_vorm-gegraveerd","12":"pa_vorm-schijf","13":"desktop-align-center","14":"tablet-align-center","15":"mobile-align-center","16":"ast-product-gallery-layout-horizontal-slider","17":"ast-product-tabs-layout-horizontal","19":"first","20":"instock","21":"taxable","22":"shipping-taxable","23":"product-type-simple"},"acf":[],"_links":{"self":[{"href":"https:\/\/www.ruschmineralen.nl\/de\/wp-json\/wp\/v2\/product\/18996","targetHints":{"allow":["GET"]}}],"collection":[{"href":"https:\/\/www.ruschmineralen.nl\/de\/wp-json\/wp\/v2\/product"}],"about":[{"href":"https:\/\/www.ruschmineralen.nl\/de\/wp-json\/wp\/v2\/types\/product"}],"wp:featuredmedia":[{"embeddable":true,"href":"https:\/\/www.ruschmineralen.nl\/de\/wp-json\/wp\/v2\/media\/18992"}],"wp:attachment":[{"href":"https:\/\/www.ruschmineralen.nl\/de\/wp-json\/wp\/v2\/media?parent=18996"}],"wp:term":[{"taxonomy":"soort","embeddable":true,"href":"https:\/\/www.ruschmineralen.nl\/de\/wp-json\/wp\/v2\/soort?post=18996"},{"taxonomy":"product_brand","embeddable":true,"href":"https:\/\/www.ruschmineralen.nl\/de\/wp-json\/wp\/v2\/product_brand?post=18996"},{"taxonomy":"product_cat","embeddable":true,"href":"https:\/\/www.ruschmineralen.nl\/de\/wp-json\/wp\/v2\/product_cat?post=18996"},{"taxonomy":"product_tag","embeddable":true,"href":"https:\/\/www.ruschmineralen.nl\/de\/wp-json\/wp\/v2\/product_tag?post=18996"}],"curies":[{"name":"wp","href":"https:\/\/api.w.org\/{rel}","templated":true}]}}