{"id":21171,"date":"2025-12-05T10:37:38","date_gmt":"2025-12-05T09:37:38","guid":{"rendered":"https:\/\/www.ruschmineralen.nl\/product\/blauwe-calciet-punten-madagaskar\/"},"modified":"2026-04-26T20:23:05","modified_gmt":"2026-04-26T18:23:05","slug":"4192-blaue-kalzitpunkte","status":"publish","type":"product","link":"https:\/\/www.ruschmineralen.nl\/de\/produkt\/4192-blaue-kalzitpunkte\/","title":{"rendered":"Blaue Calcit-Punkte Madagaskar"},"content":{"rendered":"<h2>Blaue Calcitspitzen aus Madagaskar<\/h2>\n<p><h3>Calcit<\/h3>\n<p><a href=\"https:\/\/www.ruschmineralen.nl\/de\/typ\/calcit\/\" target=\"_blank\">Calcit<\/a> ist ein h\u00e4ufig vorkommendes Karbonatmineral, das in einer breiten Palette von Farben und Kristallformen vorkommt. Das Mineral ist der Hauptbestandteil von Kalkstein und Marmor und bildet sich in sediment\u00e4ren, metamorphen und magmatischen Umgebungen. Seine Farbe reicht von farblos und wei\u00df bis gelb, gr\u00fcn, rosa, rot und braun, je nach den vorhandenen Verunreinigungen.<\/p>\n<p>Gro\u00dfe Calcitvorkommen gibt es in Mexiko, Island, den Vereinigten Staaten und Rum\u00e4nien. Seine chemische Formel lautet CaCO\u2083. Calcit hat eine H\u00e4rte von 3 auf der Mohs-Skala.<\/p>\n<p><small><strong>Quellen: <\/strong><br \/><a href=\"https:\/\/www.mindat.org\/min-859.html\" target=\"_blank\" rel=\"noopener\">Mindat.org<\/a>, <a href=\"https:\/\/www.gemdat.org\/gem-859.html\" target=\"_blank\" rel=\"noopener\">Gemdat.org<\/a>, <a href=\"https:\/\/en.wikipedia.org\/wiki\/Calcite\" target=\"_blank\" rel=\"noopener\">Wikipedia - Calcit<\/a><\/small><\/p>\n<h3>Punkte<\/h3>\n<p> Unsere Spitzensammlung umfasst sowohl nat\u00fcrliche als auch geschliffene und polierte Exemplare, die aus verschiedenen L\u00e4ndern bezogen werden. Wir liefern unter anderem Spitzen aus Madagaskar, China, Brasilien und Indien. Diese Unterschiede in der Herkunft f\u00fchren zu deutlichen Variationen in Form, Oberfl\u00e4che und Aussehen. <\/p>\n<p> Madagaskar-Spitzen sind im Allgemeinen etwas kr\u00e4ftiger in der Form, haben rundere Facetten und ein robusteres Aussehen. Chinesische Spitzen hingegen sind enger und sch\u00e4rfer geschliffen, oft etwas kleiner und mit einer feineren Oberfl\u00e4che. Beide L\u00e4nder liefern in der Regel sechseckige Formen. Die Spitzen aus Indien sind in der Regel quadratisch geschliffen und etwas weniger spitz als die Varianten aus China, was ihnen einen eigenen Charakter verleiht. <\/p>\n<p> Die meisten Artikel haben eine Mindestbestellmenge von 500 Gramm. Sie erhalten eine Auswahl aus dem zu diesem Zeitpunkt verf\u00fcgbaren Sortiment. Wir w\u00e4hlen immer die sch\u00f6nsten und vielf\u00e4ltigsten Kombinationen nach unserem eigenen Geschmack aus. Bitte beachten Sie, dass die Gr\u00f6\u00dfen je nach Steinsorte, Land und Lieferung variieren k\u00f6nnen, so dass die Gr\u00f6\u00dfenauswahl gr\u00f6\u00dfer sein kann. Wir versuchen, dies so gut wie m\u00f6glich in der Produktinformation anzugeben. <\/p>\n<p> Wir haben die Punkte in die folgenden Kategorien eingeteilt:<br \/> <a href=\"https:\/\/www.ruschmineralen.nl\/de\/kategorie\/poliert-und-geschliffen\/punkte\/punkte-je\/\">Punkte pro St\u00fcck<\/a> &nbsp;|&nbsp; <a href=\"https:\/\/www.ruschmineralen.nl\/de\/kategorie\/poliert-und-geschliffen\/punkte\/punkte-pro-gewicht\/\">Punkte pro Gewicht<\/a> <\/p>\n<\/p>","protected":false},"excerpt":{"rendered":"<p>Blaue Calcitspitzen aus Madagaskar.<\/p>","protected":false},"featured_media":60494,"template":"","meta":{"_acf_changed":false,"site-sidebar-layout":"default","site-content-layout":"","ast-site-content-layout":"default","site-content-style":"default","site-sidebar-style":"default","ast-global-header-display":"","ast-banner-title-visibility":"","ast-main-header-display":"","ast-hfb-above-header-display":"","ast-hfb-below-header-display":"","ast-hfb-mobile-header-display":"","site-post-title":"","ast-breadcrumbs-content":"","ast-featured-img":"","footer-sml-layout":"","theme-transparent-header-meta":"default","adv-header-id-meta":"","stick-header-meta":"default","header-above-stick-meta":"","header-main-stick-meta":"","header-below-stick-meta":"","astra-migrate-meta-layouts":"set","ast-page-background-enabled":"default","ast-page-background-meta":{"desktop":{"background-color":"var(--ast-global-color-4)","background-image":"","background-repeat":"repeat","background-position":"center center","background-size":"auto","background-attachment":"scroll","background-type":"","background-media":"","overlay-type":"","overlay-color":"","overlay-opacity":"","overlay-gradient":""},"tablet":{"background-color":"","background-image":"","background-repeat":"repeat","background-position":"center center","background-size":"auto","background-attachment":"scroll","background-type":"","background-media":"","overlay-type":"","overlay-color":"","overlay-opacity":"","overlay-gradient":""},"mobile":{"background-color":"","background-image":"","background-repeat":"repeat","background-position":"center center","background-size":"auto","background-attachment":"scroll","background-type":"","background-media":"","overlay-type":"","overlay-color":"","overlay-opacity":"","overlay-gradient":""}},"ast-content-background-meta":{"desktop":{"background-color":"var(--ast-global-color-5)","background-image":"","background-repeat":"repeat","background-position":"center center","background-size":"auto","background-attachment":"scroll","background-type":"","background-media":"","overlay-type":"","overlay-color":"","overlay-opacity":"","overlay-gradient":""},"tablet":{"background-color":"var(--ast-global-color-5)","background-image":"","background-repeat":"repeat","background-position":"center center","background-size":"auto","background-attachment":"scroll","background-type":"","background-media":"","overlay-type":"","overlay-color":"","overlay-opacity":"","overlay-gradient":""},"mobile":{"background-color":"var(--ast-global-color-5)","background-image":"","background-repeat":"repeat","background-position":"center center","background-size":"auto","background-attachment":"scroll","background-type":"","background-media":"","overlay-type":"","overlay-color":"","overlay-opacity":"","overlay-gradient":""}}},"soort":[],"product_brand":[],"product_cat":[2992],"product_tag":[],"class_list":{"0":"post-21171","1":"product","2":"type-product","3":"status-publish","4":"has-post-thumbnail","6":"product_cat-punten-per-gewicht","7":"pa_herkomst-madagaskar","8":"pa_soort-blauwe-calciet","9":"pa_soort-calciet","10":"pa_verkoopeenheid-per-100-gr","11":"pa_vorm-punt","12":"desktop-align-center","13":"tablet-align-center","14":"mobile-align-center","15":"ast-product-gallery-layout-horizontal-slider","16":"ast-product-gallery-with-no-image","17":"ast-product-tabs-layout-horizontal","19":"first","20":"instock","21":"taxable","22":"shipping-taxable","23":"product-type-simple"},"acf":[],"_links":{"self":[{"href":"https:\/\/www.ruschmineralen.nl\/de\/wp-json\/wp\/v2\/product\/21171","targetHints":{"allow":["GET"]}}],"collection":[{"href":"https:\/\/www.ruschmineralen.nl\/de\/wp-json\/wp\/v2\/product"}],"about":[{"href":"https:\/\/www.ruschmineralen.nl\/de\/wp-json\/wp\/v2\/types\/product"}],"wp:featuredmedia":[{"embeddable":true,"href":"https:\/\/www.ruschmineralen.nl\/de\/wp-json\/wp\/v2\/media\/60494"}],"wp:attachment":[{"href":"https:\/\/www.ruschmineralen.nl\/de\/wp-json\/wp\/v2\/media?parent=21171"}],"wp:term":[{"taxonomy":"soort","embeddable":true,"href":"https:\/\/www.ruschmineralen.nl\/de\/wp-json\/wp\/v2\/soort?post=21171"},{"taxonomy":"product_brand","embeddable":true,"href":"https:\/\/www.ruschmineralen.nl\/de\/wp-json\/wp\/v2\/product_brand?post=21171"},{"taxonomy":"product_cat","embeddable":true,"href":"https:\/\/www.ruschmineralen.nl\/de\/wp-json\/wp\/v2\/product_cat?post=21171"},{"taxonomy":"product_tag","embeddable":true,"href":"https:\/\/www.ruschmineralen.nl\/de\/wp-json\/wp\/v2\/product_tag?post=21171"}],"curies":[{"name":"wp","href":"https:\/\/api.w.org\/{rel}","templated":true}]}}