{"id":37212,"date":"2024-05-01T00:00:00","date_gmt":"2024-04-30T22:00:00","guid":{"rendered":"https:\/\/www.ruschmineralen.nl\/product\/dendriet-agaat-handstenen\/"},"modified":"2025-05-30T09:51:55","modified_gmt":"2025-05-30T07:51:55","slug":"6533-dendritenachat-handsteine","status":"publish","type":"product","link":"https:\/\/www.ruschmineralen.nl\/de\/produkt\/6533-dendritenachat-handsteine\/","title":{"rendered":"Dendriten-Achat Handsteine"},"content":{"rendered":"<h2>Dendriten-Achat-Handsteine aus Madagaskar<\/h2>\n<p><h3>Achat<\/h3>\n<p><a href=\"https:\/\/www.ruschmineralen.nl\/de\/typ\/achat\/\" target=\"_blank\">Achat<\/a> ist eine mehrfarbige Variet\u00e4t des Chalcedons, die sich durch ihre feinen Bandstrukturen und Schichtmuster auszeichnet. Die Farben entstehen durch die schichtweise Ablagerung verschiedener Mineralien w\u00e4hrend der Entstehung. Achat wird seit Tausenden von Jahren wegen seines attraktiven Aussehens und seiner gro\u00dfen Formenvielfalt f\u00fcr Schmuck und Dekoration verwendet.<\/p>\n<p>Gro\u00dfe Vorkommen gibt es in Brasilien, Uruguay, Indien, den Vereinigten Staaten und Madagaskar. Achat bildet sich in vulkanischem Gestein und ist h\u00e4ufig in Geoden zu finden. Seine chemische Formel lautet SiO\u2082, da er eine Form von Quarz ist. Achat hat eine H\u00e4rte von 6,5 bis 7 auf der Mohs-Skala.<\/p>\n<p><strong>Bekannte Varianten:<\/strong> Botswana-Achat, Crazy Lace Achat, Moosachat und Blumenachat sind einige beliebte und gefragte Arten, jede mit ihrer eigenen unverwechselbaren Zeichnung und F\u00e4rbung.<\/p>\n<p><small><strong>Quellen: <\/strong><br \/><a href=\"https:\/\/www.mindat.org\/min-51.html\" target=\"_blank\" rel=\"noopener\">Mindat.org<\/a>, <a href=\"https:\/\/www.gemdat.org\/gem-51.html\" target=\"_blank\" rel=\"noopener\">Gemdat.org<\/a>, <a href=\"https:\/\/en.wikipedia.org\/wiki\/Agate\" target=\"_blank\" rel=\"noopener\">Wikipedia - Achat<\/a><\/small><\/p>\n<h3>Steine von Hand<\/h3>\n<p>Handsteine sind unsere gr\u00f6\u00dften, getrommelten und glatt polierten (Edel-)Steine, die oft sehr gut in der Hand liegen, was den Namen sofort erkl\u00e4rt. Getrommelt wird diese Gr\u00f6\u00dfe auch als Handstein oder Jumbo-Stein bezeichnet. Oft werden diese Steine nach dem Trommeln extra poliert oder geschliffen, um ein sch\u00f6nes Endergebnis zu erzielen. Trotz dieser Konsistenz handelt es sich um ein Naturprodukt, so dass es immer zu Abweichungen in Form, Farbe und Muster kommen kann. Dies kann von einer Steinart zur anderen variieren.<\/p>\n<p>In der Regel haben die Handsteine eine Gr\u00f6\u00dfe zwischen 4 \u00d7 3 \u00d7 2 cm und 6 \u00d7 5 \u00d7 3 cm. Fast alle unsere Handsteine stammen aus Madagaskar, wo sie sorgf\u00e4ltig ausgew\u00e4hlt und verarbeitet werden. Die Produktfotos geben einen guten Eindruck von dem, was Sie erwartet. Handsteine werden pro 100 gr (1x) verkauft, bei einer Mindestbestellmenge von 500 gr (5x).<\/p>\n<\/p>","protected":false},"excerpt":{"rendered":"<p>Dendriten-Achat-Handsteine aus Madagaskar<\/p>","protected":false},"featured_media":37213,"template":"","meta":{"_acf_changed":false,"site-sidebar-layout":"default","site-content-layout":"","ast-site-content-layout":"default","site-content-style":"default","site-sidebar-style":"default","ast-global-header-display":"","ast-banner-title-visibility":"","ast-main-header-display":"","ast-hfb-above-header-display":"","ast-hfb-below-header-display":"","ast-hfb-mobile-header-display":"","site-post-title":"","ast-breadcrumbs-content":"","ast-featured-img":"","footer-sml-layout":"","theme-transparent-header-meta":"default","adv-header-id-meta":"","stick-header-meta":"default","header-above-stick-meta":"","header-main-stick-meta":"","header-below-stick-meta":"","astra-migrate-meta-layouts":"set","ast-page-background-enabled":"default","ast-page-background-meta":{"desktop":{"background-color":"var(--ast-global-color-4)","background-image":"","background-repeat":"repeat","background-position":"center center","background-size":"auto","background-attachment":"scroll","background-type":"","background-media":"","overlay-type":"","overlay-color":"","overlay-opacity":"","overlay-gradient":""},"tablet":{"background-color":"","background-image":"","background-repeat":"repeat","background-position":"center center","background-size":"auto","background-attachment":"scroll","background-type":"","background-media":"","overlay-type":"","overlay-color":"","overlay-opacity":"","overlay-gradient":""},"mobile":{"background-color":"","background-image":"","background-repeat":"repeat","background-position":"center center","background-size":"auto","background-attachment":"scroll","background-type":"","background-media":"","overlay-type":"","overlay-color":"","overlay-opacity":"","overlay-gradient":""}},"ast-content-background-meta":{"desktop":{"background-color":"var(--ast-global-color-5)","background-image":"","background-repeat":"repeat","background-position":"center center","background-size":"auto","background-attachment":"scroll","background-type":"","background-media":"","overlay-type":"","overlay-color":"","overlay-opacity":"","overlay-gradient":""},"tablet":{"background-color":"var(--ast-global-color-5)","background-image":"","background-repeat":"repeat","background-position":"center center","background-size":"auto","background-attachment":"scroll","background-type":"","background-media":"","overlay-type":"","overlay-color":"","overlay-opacity":"","overlay-gradient":""},"mobile":{"background-color":"var(--ast-global-color-5)","background-image":"","background-repeat":"repeat","background-position":"center center","background-size":"auto","background-attachment":"scroll","background-type":"","background-media":"","overlay-type":"","overlay-color":"","overlay-opacity":"","overlay-gradient":""}}},"soort":[],"product_brand":[],"product_cat":[1042],"product_tag":[],"class_list":{"0":"post-37212","1":"product","2":"type-product","3":"status-publish","4":"has-post-thumbnail","6":"product_cat-handstenen","7":"pa_herkomst-madagaskar","8":"pa_soort-agaat","9":"pa_soort-dendriet-agaat","10":"pa_verkoopeenheid-per-100-gr","11":"pa_vorm-getrommeld","12":"pa_vorm-handsteen","13":"desktop-align-center","14":"tablet-align-center","15":"mobile-align-center","16":"ast-product-gallery-layout-horizontal-slider","17":"ast-product-gallery-with-no-image","18":"ast-product-tabs-layout-horizontal","20":"first","21":"outofstock","22":"taxable","23":"shipping-taxable","24":"product-type-simple"},"acf":[],"_links":{"self":[{"href":"https:\/\/www.ruschmineralen.nl\/de\/wp-json\/wp\/v2\/product\/37212","targetHints":{"allow":["GET"]}}],"collection":[{"href":"https:\/\/www.ruschmineralen.nl\/de\/wp-json\/wp\/v2\/product"}],"about":[{"href":"https:\/\/www.ruschmineralen.nl\/de\/wp-json\/wp\/v2\/types\/product"}],"wp:featuredmedia":[{"embeddable":true,"href":"https:\/\/www.ruschmineralen.nl\/de\/wp-json\/wp\/v2\/media\/37213"}],"wp:attachment":[{"href":"https:\/\/www.ruschmineralen.nl\/de\/wp-json\/wp\/v2\/media?parent=37212"}],"wp:term":[{"taxonomy":"soort","embeddable":true,"href":"https:\/\/www.ruschmineralen.nl\/de\/wp-json\/wp\/v2\/soort?post=37212"},{"taxonomy":"product_brand","embeddable":true,"href":"https:\/\/www.ruschmineralen.nl\/de\/wp-json\/wp\/v2\/product_brand?post=37212"},{"taxonomy":"product_cat","embeddable":true,"href":"https:\/\/www.ruschmineralen.nl\/de\/wp-json\/wp\/v2\/product_cat?post=37212"},{"taxonomy":"product_tag","embeddable":true,"href":"https:\/\/www.ruschmineralen.nl\/de\/wp-json\/wp\/v2\/product_tag?post=37212"}],"curies":[{"name":"wp","href":"https:\/\/api.w.org\/{rel}","templated":true}]}}