{"id":37583,"date":"2024-01-19T15:53:39","date_gmt":"2024-01-19T14:53:39","guid":{"rendered":"https:\/\/www.ruschmineralen.nl\/product\/seleniet-schaal-rond\/"},"modified":"2026-04-02T22:15:45","modified_gmt":"2026-04-02T20:15:45","slug":"selenit-schale-rund","status":"publish","type":"product","link":"https:\/\/www.ruschmineralen.nl\/de\/produkt\/selenit-schale-rund\/","title":{"rendered":"Selenit Schale - Rund | 10 cm"},"content":{"rendered":"<h2>Selenit-Ladeschale, Schale oder Sch\u00e4lchen aus Marokko.<\/h2>\n<h3>Selenit<\/h3>\n<p><a href=\"https:\/\/www.ruschmineralen.nl\/de\/typ\/selenit\/\" target=\"_blank\">Selenit<\/a> ist eine klare bis durchscheinende Variante des Minerals Gips (CaSO\u2084-2H\u2082O). Er ist bekannt f\u00fcr seinen glasigen bis perligen Glanz und seine oft faserige Struktur. Eine h\u00e4ufige Form ist der Selenit, der einen Seidenglanz hat und in langen, faserigen Kristallen vorkommt. Trotz seines Namens hat Selenit nichts mit dem Element Selen zu tun; der Name leitet sich vom griechischen Wort f\u00fcr Mond ab, wegen seines weichen Glanzes.<\/p>\n<p>Selenit bildet sich in sediment\u00e4ren Umgebungen w\u00e4hrend der Verdunstung von Meerwasser und ist in L\u00e4ndern wie Mexiko, Marokko, den USA und Australien zu finden. Es ist ein weiches Mineral mit einer H\u00e4rte von 2 auf der Mohs-Skala, so dass es sich leicht von Hand bearbeiten l\u00e4sst. Fast der gesamte auf dem niederl\u00e4ndischen Markt verkaufte Selenit ist Satinspat; Selenit ist jedoch ein vom Markt akzeptierter Handelsname.<\/p>\n<p><small><strong>Quellen: <\/strong><br \/><a href=\"https:\/\/www.mindat.org\/min-8573.html\" target=\"_blank\" rel=\"noopener\">Mindat.org<\/a>, <a href=\"https:\/\/www.gemdat.org\/gem-8573.html\" target=\"_blank\" rel=\"noopener\">Gemdat.org<\/a>, <a href=\"https:\/\/en.wikipedia.org\/wiki\/Selenite_(mineral)\" target=\"_blank\" rel=\"noopener\">Wikipedia - Selenit<\/a><\/small><\/p>","protected":false},"excerpt":{"rendered":"<p>Selenitschale oder -teller aus Marokko.<\/p>","protected":false},"featured_media":37650,"template":"","meta":{"_acf_changed":false,"site-sidebar-layout":"default","site-content-layout":"","ast-site-content-layout":"default","site-content-style":"default","site-sidebar-style":"default","ast-global-header-display":"","ast-banner-title-visibility":"","ast-main-header-display":"","ast-hfb-above-header-display":"","ast-hfb-below-header-display":"","ast-hfb-mobile-header-display":"","site-post-title":"","ast-breadcrumbs-content":"","ast-featured-img":"","footer-sml-layout":"","theme-transparent-header-meta":"default","adv-header-id-meta":"","stick-header-meta":"default","header-above-stick-meta":"","header-main-stick-meta":"","header-below-stick-meta":"","astra-migrate-meta-layouts":"set","ast-page-background-enabled":"default","ast-page-background-meta":{"desktop":{"background-color":"var(--ast-global-color-4)","background-image":"","background-repeat":"repeat","background-position":"center center","background-size":"auto","background-attachment":"scroll","background-type":"","background-media":"","overlay-type":"","overlay-color":"","overlay-opacity":"","overlay-gradient":""},"tablet":{"background-color":"","background-image":"","background-repeat":"repeat","background-position":"center center","background-size":"auto","background-attachment":"scroll","background-type":"","background-media":"","overlay-type":"","overlay-color":"","overlay-opacity":"","overlay-gradient":""},"mobile":{"background-color":"","background-image":"","background-repeat":"repeat","background-position":"center center","background-size":"auto","background-attachment":"scroll","background-type":"","background-media":"","overlay-type":"","overlay-color":"","overlay-opacity":"","overlay-gradient":""}},"ast-content-background-meta":{"desktop":{"background-color":"var(--ast-global-color-5)","background-image":"","background-repeat":"repeat","background-position":"center center","background-size":"auto","background-attachment":"scroll","background-type":"","background-media":"","overlay-type":"","overlay-color":"","overlay-opacity":"","overlay-gradient":""},"tablet":{"background-color":"var(--ast-global-color-5)","background-image":"","background-repeat":"repeat","background-position":"center center","background-size":"auto","background-attachment":"scroll","background-type":"","background-media":"","overlay-type":"","overlay-color":"","overlay-opacity":"","overlay-gradient":""},"mobile":{"background-color":"var(--ast-global-color-5)","background-image":"","background-repeat":"repeat","background-position":"center center","background-size":"auto","background-attachment":"scroll","background-type":"","background-media":"","overlay-type":"","overlay-color":"","overlay-opacity":"","overlay-gradient":""}}},"soort":[],"product_brand":[],"product_cat":[3282,1062],"product_tag":[],"class_list":{"0":"post-37583","1":"product","2":"type-product","3":"status-publish","4":"has-post-thumbnail","6":"product_cat-seleniet-schalen-en-schijven","7":"product_cat-onderzetters-en-schalen","8":"pa_herkomst-marokko","9":"pa_maat-10-cm","10":"pa_soort-seleniet","11":"pa_verkoopeenheid-per-stuk","12":"pa_vorm-rond","13":"pa_vorm-schaal","14":"desktop-align-center","15":"tablet-align-center","16":"mobile-align-center","17":"ast-product-gallery-layout-horizontal-slider","18":"ast-product-tabs-layout-horizontal","20":"first","21":"instock","22":"taxable","23":"shipping-taxable","24":"product-type-simple"},"acf":[],"_links":{"self":[{"href":"https:\/\/www.ruschmineralen.nl\/de\/wp-json\/wp\/v2\/product\/37583","targetHints":{"allow":["GET"]}}],"collection":[{"href":"https:\/\/www.ruschmineralen.nl\/de\/wp-json\/wp\/v2\/product"}],"about":[{"href":"https:\/\/www.ruschmineralen.nl\/de\/wp-json\/wp\/v2\/types\/product"}],"wp:featuredmedia":[{"embeddable":true,"href":"https:\/\/www.ruschmineralen.nl\/de\/wp-json\/wp\/v2\/media\/37650"}],"wp:attachment":[{"href":"https:\/\/www.ruschmineralen.nl\/de\/wp-json\/wp\/v2\/media?parent=37583"}],"wp:term":[{"taxonomy":"soort","embeddable":true,"href":"https:\/\/www.ruschmineralen.nl\/de\/wp-json\/wp\/v2\/soort?post=37583"},{"taxonomy":"product_brand","embeddable":true,"href":"https:\/\/www.ruschmineralen.nl\/de\/wp-json\/wp\/v2\/product_brand?post=37583"},{"taxonomy":"product_cat","embeddable":true,"href":"https:\/\/www.ruschmineralen.nl\/de\/wp-json\/wp\/v2\/product_cat?post=37583"},{"taxonomy":"product_tag","embeddable":true,"href":"https:\/\/www.ruschmineralen.nl\/de\/wp-json\/wp\/v2\/product_tag?post=37583"}],"curies":[{"name":"wp","href":"https:\/\/api.w.org\/{rel}","templated":true}]}}