{"id":37699,"date":"2024-01-30T15:50:50","date_gmt":"2024-01-30T14:50:50","guid":{"rendered":"https:\/\/www.ruschmineralen.nl\/product\/drakenbloed-jaspis-worry-stone-hart-china\/"},"modified":"2026-01-15T10:09:28","modified_gmt":"2026-01-15T09:09:28","slug":"5596-afrikanischer-heliotrop-sorgenstein","status":"publish","type":"product","link":"https:\/\/www.ruschmineralen.nl\/de\/produkt\/5596-afrikanischer-heliotrop-sorgenstein\/","title":{"rendered":"Afrikanischer Heliotrop Sorgenstein | Herz"},"content":{"rendered":"<h2>Afrikanischer Heliotrop-Sorgenstein in Herzform aus China.<\/h2>\n<p> Andere Namen f\u00fcr diesen Stein mit Herzschliff sind Daumenstein oder Sorgenstein. Der Sorgenstein enth\u00e4lt eine Vertiefung, in die der Daumen gelegt werden kann. Das Bewegen oder Reiben des Daumens in dieser Vertiefung hat m\u00f6glicherweise eine beruhigende Wirkung. Daher auch die oben erw\u00e4hnten Namen!<\/p>","protected":false},"excerpt":{"rendered":"<p>Afrikaanse Heliotroop Worry Stone in hart vorm uit China. Andere namen voor deze in hart geslepen steen zijn ook wel duimsteen of zorgsteen. De Worry Stone bevat een kuiltje waar de duim in geplaats kan worden. Het bewegen of wrijven van de duim hierbij zou een mogelijk kalmerende werking hebben. Vandaar de namen zoals ze [&hellip;]<\/p>","protected":false},"featured_media":37835,"template":"","meta":{"_acf_changed":false,"site-sidebar-layout":"default","site-content-layout":"","ast-site-content-layout":"default","site-content-style":"default","site-sidebar-style":"default","ast-global-header-display":"","ast-banner-title-visibility":"","ast-main-header-display":"","ast-hfb-above-header-display":"","ast-hfb-below-header-display":"","ast-hfb-mobile-header-display":"","site-post-title":"","ast-breadcrumbs-content":"","ast-featured-img":"","footer-sml-layout":"","theme-transparent-header-meta":"default","adv-header-id-meta":"","stick-header-meta":"default","header-above-stick-meta":"","header-main-stick-meta":"","header-below-stick-meta":"","astra-migrate-meta-layouts":"set","ast-page-background-enabled":"default","ast-page-background-meta":{"desktop":{"background-color":"var(--ast-global-color-4)","background-image":"","background-repeat":"repeat","background-position":"center center","background-size":"auto","background-attachment":"scroll","background-type":"","background-media":"","overlay-type":"","overlay-color":"","overlay-opacity":"","overlay-gradient":""},"tablet":{"background-color":"","background-image":"","background-repeat":"repeat","background-position":"center center","background-size":"auto","background-attachment":"scroll","background-type":"","background-media":"","overlay-type":"","overlay-color":"","overlay-opacity":"","overlay-gradient":""},"mobile":{"background-color":"","background-image":"","background-repeat":"repeat","background-position":"center center","background-size":"auto","background-attachment":"scroll","background-type":"","background-media":"","overlay-type":"","overlay-color":"","overlay-opacity":"","overlay-gradient":""}},"ast-content-background-meta":{"desktop":{"background-color":"var(--ast-global-color-5)","background-image":"","background-repeat":"repeat","background-position":"center center","background-size":"auto","background-attachment":"scroll","background-type":"","background-media":"","overlay-type":"","overlay-color":"","overlay-opacity":"","overlay-gradient":""},"tablet":{"background-color":"var(--ast-global-color-5)","background-image":"","background-repeat":"repeat","background-position":"center center","background-size":"auto","background-attachment":"scroll","background-type":"","background-media":"","overlay-type":"","overlay-color":"","overlay-opacity":"","overlay-gradient":""},"mobile":{"background-color":"var(--ast-global-color-5)","background-image":"","background-repeat":"repeat","background-position":"center center","background-size":"auto","background-attachment":"scroll","background-type":"","background-media":"","overlay-type":"","overlay-color":"","overlay-opacity":"","overlay-gradient":""}}},"soort":[],"product_brand":[],"product_cat":[3108],"product_tag":[],"class_list":{"0":"post-37699","1":"product","2":"type-product","3":"status-publish","4":"has-post-thumbnail","6":"product_cat-worry-stones","7":"pa_herkomst-china","8":"pa_soort-afrikaanse-heliotroop","9":"pa_soort-heliotroop","10":"pa_verkoopeenheid-per-stuk","11":"pa_vorm-hart","12":"pa_vorm-worry-stone","13":"desktop-align-center","14":"tablet-align-center","15":"mobile-align-center","16":"ast-product-gallery-layout-horizontal-slider","17":"ast-product-tabs-layout-horizontal","19":"first","20":"outofstock","21":"taxable","22":"shipping-taxable","23":"product-type-simple"},"acf":[],"_links":{"self":[{"href":"https:\/\/www.ruschmineralen.nl\/de\/wp-json\/wp\/v2\/product\/37699","targetHints":{"allow":["GET"]}}],"collection":[{"href":"https:\/\/www.ruschmineralen.nl\/de\/wp-json\/wp\/v2\/product"}],"about":[{"href":"https:\/\/www.ruschmineralen.nl\/de\/wp-json\/wp\/v2\/types\/product"}],"wp:featuredmedia":[{"embeddable":true,"href":"https:\/\/www.ruschmineralen.nl\/de\/wp-json\/wp\/v2\/media\/37835"}],"wp:attachment":[{"href":"https:\/\/www.ruschmineralen.nl\/de\/wp-json\/wp\/v2\/media?parent=37699"}],"wp:term":[{"taxonomy":"soort","embeddable":true,"href":"https:\/\/www.ruschmineralen.nl\/de\/wp-json\/wp\/v2\/soort?post=37699"},{"taxonomy":"product_brand","embeddable":true,"href":"https:\/\/www.ruschmineralen.nl\/de\/wp-json\/wp\/v2\/product_brand?post=37699"},{"taxonomy":"product_cat","embeddable":true,"href":"https:\/\/www.ruschmineralen.nl\/de\/wp-json\/wp\/v2\/product_cat?post=37699"},{"taxonomy":"product_tag","embeddable":true,"href":"https:\/\/www.ruschmineralen.nl\/de\/wp-json\/wp\/v2\/product_tag?post=37699"}],"curies":[{"name":"wp","href":"https:\/\/api.w.org\/{rel}","templated":true}]}}