{"id":39631,"date":"2024-04-09T10:06:57","date_gmt":"2024-04-09T08:06:57","guid":{"rendered":"https:\/\/www.ruschmineralen.nl\/?post_type=product&#038;p=39631"},"modified":"2026-02-12T14:33:58","modified_gmt":"2026-02-12T13:33:58","slug":"calcit-mischung-verkaufskarton-24stk-4","status":"publish","type":"product","link":"https:\/\/www.ruschmineralen.nl\/de\/produkt\/calcit-mischung-verkaufskarton-24stk-4\/","title":{"rendered":"Calcit-Mischung Verkaufsbox | 35st"},"content":{"rendered":"<h2>Calcit-Mix Verkaufsbox mit 35 St\u00fcck aus Mexiko.<\/h2>\n<p>Calcitst\u00fccke von sehr guter Qualit\u00e4t aus Mexiko in den Farben blau, gr\u00fcn und orange. Es gibt 10 St\u00fcck sowohl blauen als auch orangen Calcit, die restlichen 15 St\u00fcck sind gr\u00fcn.<br \/>\nDie wei\u00dfen Faltschachteln haben eine Gr\u00f6\u00dfe von \u00b1 2,5 x 5 x 5,5 cm und sind am Boden mit einem St\u00fcck wei\u00dfem Filz versehen. Diese Verkaufsschachteln werden von uns selbst zusammengesetzt.<\/p>","protected":false},"excerpt":{"rendered":"<p>Calcit-Mix Verkaufsbox mit 35 St\u00fcck aus Mexiko.<\/p>","protected":false},"featured_media":39639,"template":"","meta":{"_acf_changed":false,"site-sidebar-layout":"default","site-content-layout":"","ast-site-content-layout":"default","site-content-style":"default","site-sidebar-style":"default","ast-global-header-display":"","ast-banner-title-visibility":"","ast-main-header-display":"","ast-hfb-above-header-display":"","ast-hfb-below-header-display":"","ast-hfb-mobile-header-display":"","site-post-title":"","ast-breadcrumbs-content":"","ast-featured-img":"","footer-sml-layout":"","theme-transparent-header-meta":"default","adv-header-id-meta":"","stick-header-meta":"default","header-above-stick-meta":"","header-main-stick-meta":"","header-below-stick-meta":"","astra-migrate-meta-layouts":"set","ast-page-background-enabled":"default","ast-page-background-meta":{"desktop":{"background-color":"var(--ast-global-color-4)","background-image":"","background-repeat":"repeat","background-position":"center center","background-size":"auto","background-attachment":"scroll","background-type":"","background-media":"","overlay-type":"","overlay-color":"","overlay-opacity":"","overlay-gradient":""},"tablet":{"background-color":"","background-image":"","background-repeat":"repeat","background-position":"center center","background-size":"auto","background-attachment":"scroll","background-type":"","background-media":"","overlay-type":"","overlay-color":"","overlay-opacity":"","overlay-gradient":""},"mobile":{"background-color":"","background-image":"","background-repeat":"repeat","background-position":"center center","background-size":"auto","background-attachment":"scroll","background-type":"","background-media":"","overlay-type":"","overlay-color":"","overlay-opacity":"","overlay-gradient":""}},"ast-content-background-meta":{"desktop":{"background-color":"var(--ast-global-color-5)","background-image":"","background-repeat":"repeat","background-position":"center center","background-size":"auto","background-attachment":"scroll","background-type":"","background-media":"","overlay-type":"","overlay-color":"","overlay-opacity":"","overlay-gradient":""},"tablet":{"background-color":"var(--ast-global-color-5)","background-image":"","background-repeat":"repeat","background-position":"center center","background-size":"auto","background-attachment":"scroll","background-type":"","background-media":"","overlay-type":"","overlay-color":"","overlay-opacity":"","overlay-gradient":""},"mobile":{"background-color":"var(--ast-global-color-5)","background-image":"","background-repeat":"repeat","background-position":"center center","background-size":"auto","background-attachment":"scroll","background-type":"","background-media":"","overlay-type":"","overlay-color":"","overlay-opacity":"","overlay-gradient":""}}},"soort":[],"product_brand":[],"product_cat":[1072,2814],"product_tag":[],"class_list":{"0":"post-39631","1":"product","2":"type-product","3":"status-publish","4":"has-post-thumbnail","6":"product_cat-ruw","7":"product_cat-verkoopdozen","8":"pa_herkomst-mexico","9":"pa_soort-calciet","10":"pa_verkoopeenheid-per-doos","11":"pa_vorm-ruw","12":"desktop-align-center","13":"tablet-align-center","14":"mobile-align-center","15":"ast-product-gallery-layout-horizontal-slider","16":"ast-product-tabs-layout-horizontal","18":"first","19":"instock","20":"taxable","21":"shipping-taxable","22":"product-type-simple"},"acf":[],"_links":{"self":[{"href":"https:\/\/www.ruschmineralen.nl\/de\/wp-json\/wp\/v2\/product\/39631","targetHints":{"allow":["GET"]}}],"collection":[{"href":"https:\/\/www.ruschmineralen.nl\/de\/wp-json\/wp\/v2\/product"}],"about":[{"href":"https:\/\/www.ruschmineralen.nl\/de\/wp-json\/wp\/v2\/types\/product"}],"wp:featuredmedia":[{"embeddable":true,"href":"https:\/\/www.ruschmineralen.nl\/de\/wp-json\/wp\/v2\/media\/39639"}],"wp:attachment":[{"href":"https:\/\/www.ruschmineralen.nl\/de\/wp-json\/wp\/v2\/media?parent=39631"}],"wp:term":[{"taxonomy":"soort","embeddable":true,"href":"https:\/\/www.ruschmineralen.nl\/de\/wp-json\/wp\/v2\/soort?post=39631"},{"taxonomy":"product_brand","embeddable":true,"href":"https:\/\/www.ruschmineralen.nl\/de\/wp-json\/wp\/v2\/product_brand?post=39631"},{"taxonomy":"product_cat","embeddable":true,"href":"https:\/\/www.ruschmineralen.nl\/de\/wp-json\/wp\/v2\/product_cat?post=39631"},{"taxonomy":"product_tag","embeddable":true,"href":"https:\/\/www.ruschmineralen.nl\/de\/wp-json\/wp\/v2\/product_tag?post=39631"}],"curies":[{"name":"wp","href":"https:\/\/api.w.org\/{rel}","templated":true}]}}