{"id":39808,"date":"2024-05-01T00:00:00","date_gmt":"2024-04-30T22:00:00","guid":{"rendered":"https:\/\/www.ruschmineralen.nl\/?post_type=product&#038;p=39808"},"modified":"2026-03-05T16:57:38","modified_gmt":"2026-03-05T15:57:38","slug":"6528-dunkler-mikroklin-mondstein-handsteine","status":"publish","type":"product","link":"https:\/\/www.ruschmineralen.nl\/de\/produkt\/6528-dunkler-mikroklin-mondstein-handsteine\/","title":{"rendered":"Dunkler Mikroklin - Mondstein Handsteine"},"content":{"rendered":"<h2>Dunkler Mikroklin - Mondstein Handsteine aus Madagaskar<\/h2>\n<p><h3>Mondstein<\/h3>\n<p><a href=\"https:\/\/www.ruschmineralen.nl\/de\/typ\/mondstein\/\" target=\"_blank\">Mondstein<\/a> ist eine schimmernde Feldspatvariet\u00e4t, die f\u00fcr den optischen Effekt der Adulareszenz bekannt ist - ein sanftes, leuchtendes Gl\u00fchen direkt unter der Oberfl\u00e4che des Steins. Die Farbe reicht von farblos bis wei\u00df, pfirsichfarben, grau oder blau, oft mit einem charakteristischen Schimmer.<\/p>\n<p>Zu den wichtigsten Vorkommen geh\u00f6ren Sri Lanka, Indien, Madagaskar und Myanmar. Mondstein geh\u00f6rt zur Orthoklas- und Albitgruppe innerhalb der Feldsp\u00e4te und hat die chemische Formel KAlSi\u2083O\u2088. Er hat eine H\u00e4rte von 6 bis 6,5 auf der Mohs-Skala.<\/p>\n<p>Rosa Mondstein, schwarzer Mondstein und Regenbogenmondstein sind sehr begehrte Sorten, jede mit ihrem eigenen Glanzeffekt und Farbton.<\/p>\n<p><small><strong>Quellen: <\/strong><br \/><a href=\"https:\/\/www.mindat.org\/min-2774.html\" target=\"_blank\" rel=\"noopener\">Mindat.org<\/a>, <a href=\"https:\/\/www.gemdat.org\/gem-2774.html\" target=\"_blank\" rel=\"noopener\">Gemdat.org<\/a>, <a href=\"https:\/\/en.wikipedia.org\/wiki\/Moonstone_(gemstone)\" target=\"_blank\" rel=\"noopener\">Wikipedia - Mondstein<\/a><\/small><\/p>\n<br \/>\n<h3>Steine von Hand<\/h3>\n<p>Handsteine sind unsere gr\u00f6\u00dften, getrommelten und glatt polierten (Edel-)Steine, die oft sehr gut in der Hand liegen, was den Namen sofort erkl\u00e4rt. Getrommelt wird diese Gr\u00f6\u00dfe auch als Handstein oder Jumbo-Stein bezeichnet. Oft werden diese Steine nach dem Trommeln extra poliert oder geschliffen, um ein sch\u00f6nes Endergebnis zu erzielen. Trotz dieser Konsistenz handelt es sich um ein Naturprodukt, so dass es immer zu Abweichungen in Form, Farbe und Muster kommen kann. Dies kann von einer Steinart zur anderen variieren.<\/p>\n<p>In der Regel haben die Handsteine eine Gr\u00f6\u00dfe zwischen 4 \u00d7 3 \u00d7 2 cm und 6 \u00d7 5 \u00d7 3 cm. Fast alle unsere Handsteine stammen aus Madagaskar, wo sie sorgf\u00e4ltig ausgew\u00e4hlt und verarbeitet werden. Die Produktfotos geben einen guten Eindruck von dem, was Sie erwartet. Handsteine werden pro 100 gr (1x) verkauft, bei einer Mindestbestellmenge von 500 gr (5x).<\/p>\n<\/p>","protected":false},"excerpt":{"rendered":"<p>Dunkler Mikroklin - Mondstein Handsteine aus Madagaskar<\/p>","protected":false},"featured_media":52379,"template":"","meta":{"_acf_changed":false,"site-sidebar-layout":"default","site-content-layout":"","ast-site-content-layout":"default","site-content-style":"default","site-sidebar-style":"default","ast-global-header-display":"","ast-banner-title-visibility":"","ast-main-header-display":"","ast-hfb-above-header-display":"","ast-hfb-below-header-display":"","ast-hfb-mobile-header-display":"","site-post-title":"","ast-breadcrumbs-content":"","ast-featured-img":"","footer-sml-layout":"","theme-transparent-header-meta":"default","adv-header-id-meta":"","stick-header-meta":"default","header-above-stick-meta":"","header-main-stick-meta":"","header-below-stick-meta":"","astra-migrate-meta-layouts":"set","ast-page-background-enabled":"default","ast-page-background-meta":{"desktop":{"background-color":"var(--ast-global-color-4)","background-image":"","background-repeat":"repeat","background-position":"center center","background-size":"auto","background-attachment":"scroll","background-type":"","background-media":"","overlay-type":"","overlay-color":"","overlay-opacity":"","overlay-gradient":""},"tablet":{"background-color":"","background-image":"","background-repeat":"repeat","background-position":"center center","background-size":"auto","background-attachment":"scroll","background-type":"","background-media":"","overlay-type":"","overlay-color":"","overlay-opacity":"","overlay-gradient":""},"mobile":{"background-color":"","background-image":"","background-repeat":"repeat","background-position":"center center","background-size":"auto","background-attachment":"scroll","background-type":"","background-media":"","overlay-type":"","overlay-color":"","overlay-opacity":"","overlay-gradient":""}},"ast-content-background-meta":{"desktop":{"background-color":"var(--ast-global-color-5)","background-image":"","background-repeat":"repeat","background-position":"center center","background-size":"auto","background-attachment":"scroll","background-type":"","background-media":"","overlay-type":"","overlay-color":"","overlay-opacity":"","overlay-gradient":""},"tablet":{"background-color":"var(--ast-global-color-5)","background-image":"","background-repeat":"repeat","background-position":"center center","background-size":"auto","background-attachment":"scroll","background-type":"","background-media":"","overlay-type":"","overlay-color":"","overlay-opacity":"","overlay-gradient":""},"mobile":{"background-color":"var(--ast-global-color-5)","background-image":"","background-repeat":"repeat","background-position":"center center","background-size":"auto","background-attachment":"scroll","background-type":"","background-media":"","overlay-type":"","overlay-color":"","overlay-opacity":"","overlay-gradient":""}}},"soort":[],"product_brand":[],"product_cat":[1042],"product_tag":[],"class_list":{"0":"post-39808","1":"product","2":"type-product","3":"status-publish","4":"has-post-thumbnail","6":"product_cat-handstenen","7":"pa_herkomst-madagaskar","8":"pa_soort-donkere-microklien","9":"pa_soort-maansteen","10":"pa_verkoopeenheid-per-100-gr","11":"pa_vorm-getrommeld","12":"pa_vorm-handsteen","13":"desktop-align-center","14":"tablet-align-center","15":"mobile-align-center","16":"ast-product-gallery-layout-horizontal-slider","17":"ast-product-tabs-layout-horizontal","19":"first","20":"instock","21":"taxable","22":"shipping-taxable","23":"product-type-simple"},"acf":[],"_links":{"self":[{"href":"https:\/\/www.ruschmineralen.nl\/de\/wp-json\/wp\/v2\/product\/39808","targetHints":{"allow":["GET"]}}],"collection":[{"href":"https:\/\/www.ruschmineralen.nl\/de\/wp-json\/wp\/v2\/product"}],"about":[{"href":"https:\/\/www.ruschmineralen.nl\/de\/wp-json\/wp\/v2\/types\/product"}],"wp:featuredmedia":[{"embeddable":true,"href":"https:\/\/www.ruschmineralen.nl\/de\/wp-json\/wp\/v2\/media\/52379"}],"wp:attachment":[{"href":"https:\/\/www.ruschmineralen.nl\/de\/wp-json\/wp\/v2\/media?parent=39808"}],"wp:term":[{"taxonomy":"soort","embeddable":true,"href":"https:\/\/www.ruschmineralen.nl\/de\/wp-json\/wp\/v2\/soort?post=39808"},{"taxonomy":"product_brand","embeddable":true,"href":"https:\/\/www.ruschmineralen.nl\/de\/wp-json\/wp\/v2\/product_brand?post=39808"},{"taxonomy":"product_cat","embeddable":true,"href":"https:\/\/www.ruschmineralen.nl\/de\/wp-json\/wp\/v2\/product_cat?post=39808"},{"taxonomy":"product_tag","embeddable":true,"href":"https:\/\/www.ruschmineralen.nl\/de\/wp-json\/wp\/v2\/product_tag?post=39808"}],"curies":[{"name":"wp","href":"https:\/\/api.w.org\/{rel}","templated":true}]}}