{"id":40211,"date":"2025-12-16T17:01:00","date_gmt":"2025-12-16T16:01:00","guid":{"rendered":"https:\/\/www.ruschmineralen.nl\/?post_type=product&#038;p=40211"},"modified":"2026-01-26T15:55:39","modified_gmt":"2026-01-26T14:55:39","slug":"5467-labradorit-doppelader-anhanger","status":"publish","type":"product","link":"https:\/\/www.ruschmineralen.nl\/de\/produkt\/5467-labradorit-doppelader-anhanger\/","title":{"rendered":"Labradorit-Doppelschmetterling-Anh\u00e4nger | Silber - 3,2 cm"},"content":{"rendered":"<h2>Labradorit-Doppelschmetterling-Anh\u00e4nger aus China<\/h2>\n<p><h3>Labradorit<\/h3>\n<p><a href=\"https:\/\/www.ruschmineralen.nl\/de\/typ\/labradorit\/\" target=\"_blank\">Labradorit<\/a> ist ein Feldspatmineral, das f\u00fcr sein auff\u00e4lliges Farbenspiel bekannt ist, das auch als Labradoreszenz bezeichnet wird. Je nach Lichteinfall k\u00f6nnen Farben wie Blau, Gr\u00fcn, Gold und Violett sichtbar werden. Diese optische Eigenschaft macht Labradorit als Schmuckstein besonders beliebt.<\/p>\n<p>Gr\u00f6\u00dfere Vorkommen gibt es in Kanada, Madagaskar, Finnland und Russland. Das Mineral geh\u00f6rt zur Gruppe der Plagioklase und hat die chemische Formel (Ca,Na)(Al,Si)\u2084O\u2088. Seine H\u00e4rte liegt zwischen 6 und 6,5 auf der Mohs-Skala.<\/p>\n<p>Eine bekannte Variante ist der Spektrolith, eine Art Labradorit aus Finnland mit einem besonders intensiven Farbspiel.<\/p>\n<p><small><strong>Quellen: <\/strong><br \/><a href=\"https:\/\/www.mindat.org\/min-2308.html\" target=\"_blank\" rel=\"noopener\">Mindat.org<\/a>, <a href=\"https:\/\/www.gemdat.org\/gem-2308.html\" target=\"_blank\" rel=\"noopener\">Gemdat.org<\/a>, <a href=\"https:\/\/en.wikipedia.org\/wiki\/Labradorite\" target=\"_blank\" rel=\"noopener\">Wikipedia - Labradorit<\/a><\/small><\/p>\n<h3>Double-Binder-Anh\u00e4nger<\/h3>\n<p>Der zum Doppelzylinder geschliffene Stein ist in einer silber- oder goldfarbenen Fassung mit \u00d6se befestigt. Der Doppelzylinder hat eine L\u00e4nge von ca. 3,2 cm, gemessen ohne \u00d6se. Diese Anh\u00e4nger sind in verschiedenen Steinsorten erh\u00e4ltlich und werden einzeln geliefert. Aufgrund der Verwendung von Natursteinen k\u00f6nnen Farbe, Markierungen und Verarbeitung von einem Anh\u00e4nger zum anderen leicht variieren.<\/p>\n<\/p>","protected":false},"excerpt":{"rendered":"<p>Labradorit-Doppelschmetterling-Anh\u00e4nger aus China<\/p>","protected":false},"featured_media":40244,"template":"","meta":{"_acf_changed":false,"site-sidebar-layout":"default","site-content-layout":"","ast-site-content-layout":"default","site-content-style":"default","site-sidebar-style":"default","ast-global-header-display":"","ast-banner-title-visibility":"","ast-main-header-display":"","ast-hfb-above-header-display":"","ast-hfb-below-header-display":"","ast-hfb-mobile-header-display":"","site-post-title":"","ast-breadcrumbs-content":"","ast-featured-img":"","footer-sml-layout":"","theme-transparent-header-meta":"default","adv-header-id-meta":"","stick-header-meta":"default","header-above-stick-meta":"","header-main-stick-meta":"","header-below-stick-meta":"","astra-migrate-meta-layouts":"set","ast-page-background-enabled":"default","ast-page-background-meta":{"desktop":{"background-color":"var(--ast-global-color-4)","background-image":"","background-repeat":"repeat","background-position":"center center","background-size":"auto","background-attachment":"scroll","background-type":"","background-media":"","overlay-type":"","overlay-color":"","overlay-opacity":"","overlay-gradient":""},"tablet":{"background-color":"","background-image":"","background-repeat":"repeat","background-position":"center center","background-size":"auto","background-attachment":"scroll","background-type":"","background-media":"","overlay-type":"","overlay-color":"","overlay-opacity":"","overlay-gradient":""},"mobile":{"background-color":"","background-image":"","background-repeat":"repeat","background-position":"center center","background-size":"auto","background-attachment":"scroll","background-type":"","background-media":"","overlay-type":"","overlay-color":"","overlay-opacity":"","overlay-gradient":""}},"ast-content-background-meta":{"desktop":{"background-color":"var(--ast-global-color-5)","background-image":"","background-repeat":"repeat","background-position":"center center","background-size":"auto","background-attachment":"scroll","background-type":"","background-media":"","overlay-type":"","overlay-color":"","overlay-opacity":"","overlay-gradient":""},"tablet":{"background-color":"var(--ast-global-color-5)","background-image":"","background-repeat":"repeat","background-position":"center center","background-size":"auto","background-attachment":"scroll","background-type":"","background-media":"","overlay-type":"","overlay-color":"","overlay-opacity":"","overlay-gradient":""},"mobile":{"background-color":"var(--ast-global-color-5)","background-image":"","background-repeat":"repeat","background-position":"center center","background-size":"auto","background-attachment":"scroll","background-type":"","background-media":"","overlay-type":"","overlay-color":"","overlay-opacity":"","overlay-gradient":""}}},"soort":[],"product_brand":[],"product_cat":[3388],"product_tag":[],"class_list":{"0":"post-40211","1":"product","2":"type-product","3":"status-publish","4":"has-post-thumbnail","6":"product_cat-dubbeleinder-hangers","7":"pa_herkomst-china","8":"pa_maat-32-cm","9":"pa_soort-labradoriet","10":"pa_verkoopeenheid-per-stuk","11":"pa_vorm-dubbeleinder","12":"pa_vorm-hanger","13":"desktop-align-center","14":"tablet-align-center","15":"mobile-align-center","16":"ast-product-gallery-layout-horizontal-slider","17":"ast-product-tabs-layout-horizontal","19":"first","20":"instock","21":"taxable","22":"shipping-taxable","23":"product-type-simple"},"acf":[],"_links":{"self":[{"href":"https:\/\/www.ruschmineralen.nl\/de\/wp-json\/wp\/v2\/product\/40211","targetHints":{"allow":["GET"]}}],"collection":[{"href":"https:\/\/www.ruschmineralen.nl\/de\/wp-json\/wp\/v2\/product"}],"about":[{"href":"https:\/\/www.ruschmineralen.nl\/de\/wp-json\/wp\/v2\/types\/product"}],"wp:featuredmedia":[{"embeddable":true,"href":"https:\/\/www.ruschmineralen.nl\/de\/wp-json\/wp\/v2\/media\/40244"}],"wp:attachment":[{"href":"https:\/\/www.ruschmineralen.nl\/de\/wp-json\/wp\/v2\/media?parent=40211"}],"wp:term":[{"taxonomy":"soort","embeddable":true,"href":"https:\/\/www.ruschmineralen.nl\/de\/wp-json\/wp\/v2\/soort?post=40211"},{"taxonomy":"product_brand","embeddable":true,"href":"https:\/\/www.ruschmineralen.nl\/de\/wp-json\/wp\/v2\/product_brand?post=40211"},{"taxonomy":"product_cat","embeddable":true,"href":"https:\/\/www.ruschmineralen.nl\/de\/wp-json\/wp\/v2\/product_cat?post=40211"},{"taxonomy":"product_tag","embeddable":true,"href":"https:\/\/www.ruschmineralen.nl\/de\/wp-json\/wp\/v2\/product_tag?post=40211"}],"curies":[{"name":"wp","href":"https:\/\/api.w.org\/{rel}","templated":true}]}}