{"id":43352,"date":"2024-07-16T17:00:00","date_gmt":"2024-07-16T15:00:00","guid":{"rendered":"https:\/\/www.ruschmineralen.nl\/?post_type=product&#038;p=43352"},"modified":"2025-05-30T09:10:34","modified_gmt":"2025-05-30T07:10:34","slug":"18590-chalzedon-mit-stilbit","status":"publish","type":"product","link":"https:\/\/www.ruschmineralen.nl\/de\/produkt\/18590-chalzedon-mit-stilbit\/","title":{"rendered":"Chalcedon mit Stilbit"},"content":{"rendered":"<h2>Chalcedon mit Stilbit aus Indien<\/h2>\n<p>Chalcedon ist eine kristalline Form von Quarz und kommt in einer breiten Palette von Farben und Formen vor. Er ist bekannt f\u00fcr seinen Seidenglanz und seine oft kleinen, funkelnden Kristalle. Chalcedon kann durchscheinend bis halbtransparent sein und ist in verschiedenen Farben wie Wei\u00df, Grau, Blau, Gr\u00fcn und Braun erh\u00e4ltlich. Stilbit ist ein Mineral, das zu den Zeolithen geh\u00f6rt. Es kommt h\u00e4ufig in Hohlr\u00e4umen von Vulkangestein vor und ist f\u00fcr seine wei\u00dfen bis rosafarbenen, schimmernden Kristalle bekannt. Stilbit hat eine charakteristische flache, blattf\u00f6rmige Kristallstruktur. Wenn Chalcedon und Stilbit zusammen vorkommen, ergibt sich ein sch\u00f6ner optischer Kontrast. Die weichen, kr\u00e4ftigen Farben des Chalcedons bilden einen sch\u00f6nen Hintergrund f\u00fcr den oft blattf\u00f6rmigen und gl\u00e4nzenden Stilbit.<\/p>","protected":false},"excerpt":{"rendered":"<p>Chalcedon mit Stilbit aus Indien<\/p>","protected":false},"featured_media":43278,"template":"","meta":{"_acf_changed":false,"site-sidebar-layout":"default","site-content-layout":"","ast-site-content-layout":"default","site-content-style":"default","site-sidebar-style":"default","ast-global-header-display":"","ast-banner-title-visibility":"","ast-main-header-display":"","ast-hfb-above-header-display":"","ast-hfb-below-header-display":"","ast-hfb-mobile-header-display":"","site-post-title":"","ast-breadcrumbs-content":"","ast-featured-img":"","footer-sml-layout":"","theme-transparent-header-meta":"","adv-header-id-meta":"","stick-header-meta":"","header-above-stick-meta":"","header-main-stick-meta":"","header-below-stick-meta":"","astra-migrate-meta-layouts":"default","ast-page-background-enabled":"default","ast-page-background-meta":{"desktop":{"background-color":"var(--ast-global-color-4)","background-image":"","background-repeat":"repeat","background-position":"center center","background-size":"auto","background-attachment":"scroll","background-type":"","background-media":"","overlay-type":"","overlay-color":"","overlay-opacity":"","overlay-gradient":""},"tablet":{"background-color":"","background-image":"","background-repeat":"repeat","background-position":"center center","background-size":"auto","background-attachment":"scroll","background-type":"","background-media":"","overlay-type":"","overlay-color":"","overlay-opacity":"","overlay-gradient":""},"mobile":{"background-color":"","background-image":"","background-repeat":"repeat","background-position":"center center","background-size":"auto","background-attachment":"scroll","background-type":"","background-media":"","overlay-type":"","overlay-color":"","overlay-opacity":"","overlay-gradient":""}},"ast-content-background-meta":{"desktop":{"background-color":"var(--ast-global-color-5)","background-image":"","background-repeat":"repeat","background-position":"center center","background-size":"auto","background-attachment":"scroll","background-type":"","background-media":"","overlay-type":"","overlay-color":"","overlay-opacity":"","overlay-gradient":""},"tablet":{"background-color":"var(--ast-global-color-5)","background-image":"","background-repeat":"repeat","background-position":"center center","background-size":"auto","background-attachment":"scroll","background-type":"","background-media":"","overlay-type":"","overlay-color":"","overlay-opacity":"","overlay-gradient":""},"mobile":{"background-color":"var(--ast-global-color-5)","background-image":"","background-repeat":"repeat","background-position":"center center","background-size":"auto","background-attachment":"scroll","background-type":"","background-media":"","overlay-type":"","overlay-color":"","overlay-opacity":"","overlay-gradient":""}}},"soort":[],"product_brand":[],"product_cat":[1348,1073],"product_tag":[1137],"class_list":{"0":"post-43352","1":"product","2":"type-product","3":"status-publish","4":"has-post-thumbnail","6":"product_cat-unieke-producten","7":"product_cat-gekristalliseerd","8":"product_tag-uniek","9":"pa_herkomst-india","10":"pa_soort-chalcedoon","11":"pa_soort-stilbiet","12":"pa_verkoopeenheid-uniek","13":"pa_vorm-gekristalliseerd","14":"desktop-align-center","15":"tablet-align-center","16":"mobile-align-center","17":"ast-product-gallery-layout-horizontal-slider","18":"ast-product-tabs-layout-horizontal","20":"first","21":"instock","22":"sold-individually","23":"taxable","24":"shipping-taxable","25":"product-type-simple"},"acf":[],"_links":{"self":[{"href":"https:\/\/www.ruschmineralen.nl\/de\/wp-json\/wp\/v2\/product\/43352","targetHints":{"allow":["GET"]}}],"collection":[{"href":"https:\/\/www.ruschmineralen.nl\/de\/wp-json\/wp\/v2\/product"}],"about":[{"href":"https:\/\/www.ruschmineralen.nl\/de\/wp-json\/wp\/v2\/types\/product"}],"wp:featuredmedia":[{"embeddable":true,"href":"https:\/\/www.ruschmineralen.nl\/de\/wp-json\/wp\/v2\/media\/43278"}],"wp:attachment":[{"href":"https:\/\/www.ruschmineralen.nl\/de\/wp-json\/wp\/v2\/media?parent=43352"}],"wp:term":[{"taxonomy":"soort","embeddable":true,"href":"https:\/\/www.ruschmineralen.nl\/de\/wp-json\/wp\/v2\/soort?post=43352"},{"taxonomy":"product_brand","embeddable":true,"href":"https:\/\/www.ruschmineralen.nl\/de\/wp-json\/wp\/v2\/product_brand?post=43352"},{"taxonomy":"product_cat","embeddable":true,"href":"https:\/\/www.ruschmineralen.nl\/de\/wp-json\/wp\/v2\/product_cat?post=43352"},{"taxonomy":"product_tag","embeddable":true,"href":"https:\/\/www.ruschmineralen.nl\/de\/wp-json\/wp\/v2\/product_tag?post=43352"}],"curies":[{"name":"wp","href":"https:\/\/api.w.org\/{rel}","templated":true}]}}