{"id":43793,"date":"2024-07-26T16:36:56","date_gmt":"2024-07-26T14:36:56","guid":{"rendered":"https:\/\/www.ruschmineralen.nl\/?post_type=product&#038;p=43793"},"modified":"2026-04-13T10:05:15","modified_gmt":"2026-04-13T08:05:15","slug":"calcit-mischung-verkaufskarton-24stk-3","status":"publish","type":"product","link":"https:\/\/www.ruschmineralen.nl\/de\/produkt\/calcit-mischung-verkaufskarton-24stk-3\/","title":{"rendered":"Golden Triangle Sales Box | 24 St\u00fcck"},"content":{"rendered":"<h2>Golden Triangle Sales Box mit 24 St\u00fcck<\/h2>\n<p>Das bekannte goldene Dreieck ist in diesen von uns zusammengestellten Verkaufsk\u00e4sten gut vertreten.<br \/>\nMit 8x Bergkristall-Clustern aus dem Himalaya, 8x Amethyst aus Uruguay und 8x Rosenquarz aus Brasilien.<br \/>\nDie wei\u00dfen Faltschachteln sind \u00b1 2,5 x 6 x 6,5 cm gro\u00df und mit einem St\u00fcck wei\u00dfem Filz am Boden versehen.<br \/>\n<p><em><strong>Bitte beachten Sie! Das\/die abgebildete(n) Produkt(e) dient\/en nur zur Illustration<\/strong><\/p>\n<p>Die Bilder auf unserer Website dienen als Beispiele f\u00fcr die von uns angebotenen Produkte. Jeder Stein und jedes Mineral ist einzigartig, daher kann das Produkt, das Sie erhalten, in Farbe, Form und Gr\u00f6\u00dfe von den gezeigten Bildern abweichen. Wir garantieren jedoch, dass das von Ihnen erhaltene Exemplar von der gleichen Art und Qualit\u00e4t ist wie das\/die abgebildete(n) Produkt(e). Dies gilt nat\u00fcrlich nicht f\u00fcr unsere <a href=\"https:\/\/www.ruschmineralen.nl\/de\/kategorie\/einzigartige-produkte\/\">Einzigartige Produkte<\/a>, bei dem Sie immer das Produkt von den Fotos erhalten!<\/em><\/p>\n<\/p>","protected":false},"excerpt":{"rendered":"<p>Golden Triangle Sales Box mit 24 St\u00fcck<\/p>","protected":false},"featured_media":43773,"template":"","meta":{"_acf_changed":false,"site-sidebar-layout":"default","site-content-layout":"","ast-site-content-layout":"default","site-content-style":"default","site-sidebar-style":"default","ast-global-header-display":"","ast-banner-title-visibility":"","ast-main-header-display":"","ast-hfb-above-header-display":"","ast-hfb-below-header-display":"","ast-hfb-mobile-header-display":"","site-post-title":"","ast-breadcrumbs-content":"","ast-featured-img":"","footer-sml-layout":"","theme-transparent-header-meta":"default","adv-header-id-meta":"","stick-header-meta":"default","header-above-stick-meta":"","header-main-stick-meta":"","header-below-stick-meta":"","astra-migrate-meta-layouts":"set","ast-page-background-enabled":"default","ast-page-background-meta":{"desktop":{"background-color":"var(--ast-global-color-4)","background-image":"","background-repeat":"repeat","background-position":"center center","background-size":"auto","background-attachment":"scroll","background-type":"","background-media":"","overlay-type":"","overlay-color":"","overlay-opacity":"","overlay-gradient":""},"tablet":{"background-color":"","background-image":"","background-repeat":"repeat","background-position":"center center","background-size":"auto","background-attachment":"scroll","background-type":"","background-media":"","overlay-type":"","overlay-color":"","overlay-opacity":"","overlay-gradient":""},"mobile":{"background-color":"","background-image":"","background-repeat":"repeat","background-position":"center center","background-size":"auto","background-attachment":"scroll","background-type":"","background-media":"","overlay-type":"","overlay-color":"","overlay-opacity":"","overlay-gradient":""}},"ast-content-background-meta":{"desktop":{"background-color":"var(--ast-global-color-5)","background-image":"","background-repeat":"repeat","background-position":"center center","background-size":"auto","background-attachment":"scroll","background-type":"","background-media":"","overlay-type":"","overlay-color":"","overlay-opacity":"","overlay-gradient":""},"tablet":{"background-color":"var(--ast-global-color-5)","background-image":"","background-repeat":"repeat","background-position":"center center","background-size":"auto","background-attachment":"scroll","background-type":"","background-media":"","overlay-type":"","overlay-color":"","overlay-opacity":"","overlay-gradient":""},"mobile":{"background-color":"var(--ast-global-color-5)","background-image":"","background-repeat":"repeat","background-position":"center center","background-size":"auto","background-attachment":"scroll","background-type":"","background-media":"","overlay-type":"","overlay-color":"","overlay-opacity":"","overlay-gradient":""}}},"soort":[],"product_brand":[],"product_cat":[1073,1072,2814],"product_tag":[],"class_list":{"0":"post-43793","1":"product","2":"type-product","3":"status-publish","4":"has-post-thumbnail","6":"product_cat-gekristalliseerd","7":"product_cat-ruw","8":"product_cat-verkoopdozen","9":"pa_herkomst-brazilie","10":"pa_herkomst-india","11":"pa_herkomst-uruguay","12":"pa_soort-amethist","13":"pa_soort-bergkristal","14":"pa_soort-rozenkwarts","15":"pa_verkoopeenheid-per-doos","16":"pa_vorm-gekristalliseerd","17":"pa_vorm-ruw","18":"pa_vorm-verkoopdoos","19":"desktop-align-center","20":"tablet-align-center","21":"mobile-align-center","22":"ast-product-gallery-layout-horizontal-slider","23":"ast-product-tabs-layout-horizontal","25":"first","26":"instock","27":"taxable","28":"shipping-taxable","29":"product-type-simple"},"acf":[],"_links":{"self":[{"href":"https:\/\/www.ruschmineralen.nl\/de\/wp-json\/wp\/v2\/product\/43793","targetHints":{"allow":["GET"]}}],"collection":[{"href":"https:\/\/www.ruschmineralen.nl\/de\/wp-json\/wp\/v2\/product"}],"about":[{"href":"https:\/\/www.ruschmineralen.nl\/de\/wp-json\/wp\/v2\/types\/product"}],"wp:featuredmedia":[{"embeddable":true,"href":"https:\/\/www.ruschmineralen.nl\/de\/wp-json\/wp\/v2\/media\/43773"}],"wp:attachment":[{"href":"https:\/\/www.ruschmineralen.nl\/de\/wp-json\/wp\/v2\/media?parent=43793"}],"wp:term":[{"taxonomy":"soort","embeddable":true,"href":"https:\/\/www.ruschmineralen.nl\/de\/wp-json\/wp\/v2\/soort?post=43793"},{"taxonomy":"product_brand","embeddable":true,"href":"https:\/\/www.ruschmineralen.nl\/de\/wp-json\/wp\/v2\/product_brand?post=43793"},{"taxonomy":"product_cat","embeddable":true,"href":"https:\/\/www.ruschmineralen.nl\/de\/wp-json\/wp\/v2\/product_cat?post=43793"},{"taxonomy":"product_tag","embeddable":true,"href":"https:\/\/www.ruschmineralen.nl\/de\/wp-json\/wp\/v2\/product_tag?post=43793"}],"curies":[{"name":"wp","href":"https:\/\/api.w.org\/{rel}","templated":true}]}}