{"id":44382,"date":"2024-08-08T14:25:19","date_gmt":"2024-08-08T12:25:19","guid":{"rendered":"https:\/\/www.ruschmineralen.nl\/?post_type=product&#038;p=44382"},"modified":"2025-10-12T14:04:59","modified_gmt":"2025-10-12T12:04:59","slug":"6207-pyrit-verkaufstasche-herz","status":"publish","type":"product","link":"https:\/\/www.ruschmineralen.nl\/de\/produkt\/6207-pyrit-verkaufstasche-herz\/","title":{"rendered":"Pyrit Sale Tasche - Herz"},"content":{"rendered":"<h2>Pyrit Sale Tasche - Herz<\/h2>\n<p>Eine fertige Verkaufstasche mit einem Herz und einem erkl\u00e4renden Text \u00fcber die energetischen Eigenschaften von Pyrit. Das Herz ist etwa 1x3x3 cm gro\u00df. Die Karte ist in Farbe gedruckt, hat das Format A7 und enth\u00e4lt sowohl niederl\u00e4ndischen als auch englischen Text. Das Ganze wird in einer Plastikt\u00fcte mit Klebestreifen von ca. 9\u00d711 cm geliefert.<\/p>\n<p><em>Bitte beachten Sie: Das Produkt, das Sie erhalten, kann leicht von der Abbildung abweichen. Jedes Produkt ist einzigartig, aber von \u00e4hnlicher Qualit\u00e4t.<\/em><\/p>","protected":false},"excerpt":{"rendered":"<p>Pyrit Sale Tasche - Herz<\/p>","protected":false},"featured_media":44424,"template":"","meta":{"_acf_changed":false,"site-sidebar-layout":"default","site-content-layout":"","ast-site-content-layout":"default","site-content-style":"default","site-sidebar-style":"default","ast-global-header-display":"","ast-banner-title-visibility":"","ast-main-header-display":"","ast-hfb-above-header-display":"","ast-hfb-below-header-display":"","ast-hfb-mobile-header-display":"","site-post-title":"","ast-breadcrumbs-content":"","ast-featured-img":"","footer-sml-layout":"","theme-transparent-header-meta":"default","adv-header-id-meta":"","stick-header-meta":"default","header-above-stick-meta":"","header-main-stick-meta":"","header-below-stick-meta":"","astra-migrate-meta-layouts":"set","ast-page-background-enabled":"default","ast-page-background-meta":{"desktop":{"background-color":"var(--ast-global-color-4)","background-image":"","background-repeat":"repeat","background-position":"center center","background-size":"auto","background-attachment":"scroll","background-type":"","background-media":"","overlay-type":"","overlay-color":"","overlay-opacity":"","overlay-gradient":""},"tablet":{"background-color":"","background-image":"","background-repeat":"repeat","background-position":"center center","background-size":"auto","background-attachment":"scroll","background-type":"","background-media":"","overlay-type":"","overlay-color":"","overlay-opacity":"","overlay-gradient":""},"mobile":{"background-color":"","background-image":"","background-repeat":"repeat","background-position":"center center","background-size":"auto","background-attachment":"scroll","background-type":"","background-media":"","overlay-type":"","overlay-color":"","overlay-opacity":"","overlay-gradient":""}},"ast-content-background-meta":{"desktop":{"background-color":"var(--ast-global-color-5)","background-image":"","background-repeat":"repeat","background-position":"center center","background-size":"auto","background-attachment":"scroll","background-type":"","background-media":"","overlay-type":"","overlay-color":"","overlay-opacity":"","overlay-gradient":""},"tablet":{"background-color":"var(--ast-global-color-5)","background-image":"","background-repeat":"repeat","background-position":"center center","background-size":"auto","background-attachment":"scroll","background-type":"","background-media":"","overlay-type":"","overlay-color":"","overlay-opacity":"","overlay-gradient":""},"mobile":{"background-color":"var(--ast-global-color-5)","background-image":"","background-repeat":"repeat","background-position":"center center","background-size":"auto","background-attachment":"scroll","background-type":"","background-media":"","overlay-type":"","overlay-color":"","overlay-opacity":"","overlay-gradient":""}}},"soort":[],"product_brand":[],"product_cat":[2989,2813],"product_tag":[],"class_list":{"0":"post-44382","1":"product","2":"type-product","3":"status-publish","4":"has-post-thumbnail","6":"product_cat-harten-per-stuk","7":"product_cat-verkoopzakjes","8":"pa_herkomst-diverse","9":"pa_soort-pyriet","10":"pa_verkoopeenheid-per-stuk","11":"pa_vorm-hart","12":"pa_vorm-verkoopzakje","13":"desktop-align-center","14":"tablet-align-center","15":"mobile-align-center","16":"ast-product-gallery-layout-horizontal-slider","17":"ast-product-tabs-layout-horizontal","19":"first","20":"instock","21":"taxable","22":"shipping-taxable","23":"product-type-simple"},"acf":[],"_links":{"self":[{"href":"https:\/\/www.ruschmineralen.nl\/de\/wp-json\/wp\/v2\/product\/44382","targetHints":{"allow":["GET"]}}],"collection":[{"href":"https:\/\/www.ruschmineralen.nl\/de\/wp-json\/wp\/v2\/product"}],"about":[{"href":"https:\/\/www.ruschmineralen.nl\/de\/wp-json\/wp\/v2\/types\/product"}],"wp:featuredmedia":[{"embeddable":true,"href":"https:\/\/www.ruschmineralen.nl\/de\/wp-json\/wp\/v2\/media\/44424"}],"wp:attachment":[{"href":"https:\/\/www.ruschmineralen.nl\/de\/wp-json\/wp\/v2\/media?parent=44382"}],"wp:term":[{"taxonomy":"soort","embeddable":true,"href":"https:\/\/www.ruschmineralen.nl\/de\/wp-json\/wp\/v2\/soort?post=44382"},{"taxonomy":"product_brand","embeddable":true,"href":"https:\/\/www.ruschmineralen.nl\/de\/wp-json\/wp\/v2\/product_brand?post=44382"},{"taxonomy":"product_cat","embeddable":true,"href":"https:\/\/www.ruschmineralen.nl\/de\/wp-json\/wp\/v2\/product_cat?post=44382"},{"taxonomy":"product_tag","embeddable":true,"href":"https:\/\/www.ruschmineralen.nl\/de\/wp-json\/wp\/v2\/product_tag?post=44382"}],"curies":[{"name":"wp","href":"https:\/\/api.w.org\/{rel}","templated":true}]}}