{"id":44383,"date":"2024-08-08T14:28:48","date_gmt":"2024-08-08T12:28:48","guid":{"rendered":"https:\/\/www.ruschmineralen.nl\/?post_type=product&#038;p=44383"},"modified":"2025-11-27T16:19:20","modified_gmt":"2025-11-27T15:19:20","slug":"6208-blaue-spitze-achat-verkauf-tasche-armband","status":"publish","type":"product","link":"https:\/\/www.ruschmineralen.nl\/de\/produkt\/6208-blaue-spitze-achat-verkauf-tasche-armband\/","title":{"rendered":"Blauer Spitzenachat Sale Tasche - Armband"},"content":{"rendered":"<h2>Blauer Spitzenachat Sale Tasche - Armband<\/h2>\n<p>Eine fertige Verkaufstasche mit einem <a href=\"https:\/\/www.ruschmineralen.nl\/de\/produkt\/blaue-spitze-achat-armband-porzellan\/\">Armband<\/a> und einem erkl\u00e4renden Text \u00fcber die energetischen Eigenschaften des blauen Spitzenachats. Der Umfang des <a href=\"https:\/\/www.ruschmineralen.nl\/de\/produkt\/blaue-spitze-achat-armband-porzellan\/\">Armband<\/a> ist von etwa 18 bis 22 cm verstellbar. Die Karte ist in Farbe gedruckt, hat das Format A7 und enth\u00e4lt sowohl niederl\u00e4ndischen als auch englischen Text. Das Ganze wird in einer Plastikt\u00fcte mit Klebestreifen geliefert, die etwa 9\u00d711 cm gro\u00df ist.<\/p>\n<p><em>Bitte beachten Sie: Das Produkt, das Sie erhalten, kann leicht von der Abbildung abweichen. Jedes Produkt ist einzigartig, aber von \u00e4hnlicher Qualit\u00e4t.<\/em><\/p>","protected":false},"excerpt":{"rendered":"<p>Blauer Spitzenachat Sale Tasche - Armband<\/p>","protected":false},"featured_media":44423,"template":"","meta":{"_acf_changed":false,"site-sidebar-layout":"default","site-content-layout":"","ast-site-content-layout":"default","site-content-style":"default","site-sidebar-style":"default","ast-global-header-display":"","ast-banner-title-visibility":"","ast-main-header-display":"","ast-hfb-above-header-display":"","ast-hfb-below-header-display":"","ast-hfb-mobile-header-display":"","site-post-title":"","ast-breadcrumbs-content":"","ast-featured-img":"","footer-sml-layout":"","theme-transparent-header-meta":"default","adv-header-id-meta":"","stick-header-meta":"default","header-above-stick-meta":"","header-main-stick-meta":"","header-below-stick-meta":"","astra-migrate-meta-layouts":"set","ast-page-background-enabled":"default","ast-page-background-meta":{"desktop":{"background-color":"var(--ast-global-color-4)","background-image":"","background-repeat":"repeat","background-position":"center center","background-size":"auto","background-attachment":"scroll","background-type":"","background-media":"","overlay-type":"","overlay-color":"","overlay-opacity":"","overlay-gradient":""},"tablet":{"background-color":"","background-image":"","background-repeat":"repeat","background-position":"center center","background-size":"auto","background-attachment":"scroll","background-type":"","background-media":"","overlay-type":"","overlay-color":"","overlay-opacity":"","overlay-gradient":""},"mobile":{"background-color":"","background-image":"","background-repeat":"repeat","background-position":"center center","background-size":"auto","background-attachment":"scroll","background-type":"","background-media":"","overlay-type":"","overlay-color":"","overlay-opacity":"","overlay-gradient":""}},"ast-content-background-meta":{"desktop":{"background-color":"var(--ast-global-color-5)","background-image":"","background-repeat":"repeat","background-position":"center center","background-size":"auto","background-attachment":"scroll","background-type":"","background-media":"","overlay-type":"","overlay-color":"","overlay-opacity":"","overlay-gradient":""},"tablet":{"background-color":"var(--ast-global-color-5)","background-image":"","background-repeat":"repeat","background-position":"center center","background-size":"auto","background-attachment":"scroll","background-type":"","background-media":"","overlay-type":"","overlay-color":"","overlay-opacity":"","overlay-gradient":""},"mobile":{"background-color":"var(--ast-global-color-5)","background-image":"","background-repeat":"repeat","background-position":"center center","background-size":"auto","background-attachment":"scroll","background-type":"","background-media":"","overlay-type":"","overlay-color":"","overlay-opacity":"","overlay-gradient":""}}},"soort":[],"product_brand":[],"product_cat":[1352,2813],"product_tag":[],"class_list":{"0":"post-44383","1":"product","2":"type-product","3":"status-publish","4":"has-post-thumbnail","6":"product_cat-overige-armbanden","7":"product_cat-verkoopzakjes","8":"pa_herkomst-diverse","9":"pa_soort-agaat","10":"pa_soort-blue-lace-agaat","11":"pa_verkoopeenheid-per-stuk","12":"pa_vorm-armband","13":"pa_vorm-verkoopzakje","14":"desktop-align-center","15":"tablet-align-center","16":"mobile-align-center","17":"ast-product-gallery-layout-horizontal-slider","18":"ast-product-tabs-layout-horizontal","20":"first","21":"instock","22":"taxable","23":"shipping-taxable","24":"product-type-simple"},"acf":[],"_links":{"self":[{"href":"https:\/\/www.ruschmineralen.nl\/de\/wp-json\/wp\/v2\/product\/44383","targetHints":{"allow":["GET"]}}],"collection":[{"href":"https:\/\/www.ruschmineralen.nl\/de\/wp-json\/wp\/v2\/product"}],"about":[{"href":"https:\/\/www.ruschmineralen.nl\/de\/wp-json\/wp\/v2\/types\/product"}],"wp:featuredmedia":[{"embeddable":true,"href":"https:\/\/www.ruschmineralen.nl\/de\/wp-json\/wp\/v2\/media\/44423"}],"wp:attachment":[{"href":"https:\/\/www.ruschmineralen.nl\/de\/wp-json\/wp\/v2\/media?parent=44383"}],"wp:term":[{"taxonomy":"soort","embeddable":true,"href":"https:\/\/www.ruschmineralen.nl\/de\/wp-json\/wp\/v2\/soort?post=44383"},{"taxonomy":"product_brand","embeddable":true,"href":"https:\/\/www.ruschmineralen.nl\/de\/wp-json\/wp\/v2\/product_brand?post=44383"},{"taxonomy":"product_cat","embeddable":true,"href":"https:\/\/www.ruschmineralen.nl\/de\/wp-json\/wp\/v2\/product_cat?post=44383"},{"taxonomy":"product_tag","embeddable":true,"href":"https:\/\/www.ruschmineralen.nl\/de\/wp-json\/wp\/v2\/product_tag?post=44383"}],"curies":[{"name":"wp","href":"https:\/\/api.w.org\/{rel}","templated":true}]}}