{"id":46306,"date":"2024-09-13T16:34:14","date_gmt":"2024-09-13T14:34:14","guid":{"rendered":"https:\/\/www.ruschmineralen.nl\/?post_type=product&#038;p=46306"},"modified":"2026-03-05T10:24:25","modified_gmt":"2026-03-05T09:24:25","slug":"6213-goldenes-dreieck-verkaufstasche-geteiltes-armband","status":"publish","type":"product","link":"https:\/\/www.ruschmineralen.nl\/de\/produkt\/6213-goldenes-dreieck-verkaufstasche-geteiltes-armband\/","title":{"rendered":"Golden Triangle Sale Tasche - Geteilter Armreif"},"content":{"rendered":"<h2>Golden Triangle Sale Tasche - Geteilter Armreif<\/h2>\n<p>Eine fertige Verkaufstasche mit einem geteilten Armband und einem erkl\u00e4renden Text \u00fcber die energetischen Eigenschaften des Goldenen Dreiecks. Der Umfang des geteilten Armbands betr\u00e4gt etwa 16 bis 18 cm. Die Karte ist in Farbe gedruckt, hat das Format A7 und enth\u00e4lt sowohl niederl\u00e4ndischen als auch englischen Text. Das Ganze wird in einer Plastikt\u00fcte mit Klebestreifen geliefert, die etwa 9\u00d711 cm gro\u00df ist.<\/p>\n<p><em>Bitte beachten Sie: Das Produkt, das Sie erhalten, kann leicht von der Abbildung abweichen. Jedes Produkt ist einzigartig, aber von \u00e4hnlicher Qualit\u00e4t.<\/em><\/p>","protected":false},"excerpt":{"rendered":"<p>Golden Triangle Sale Tasche - Geteilter Armreif<\/p>","protected":false},"featured_media":46304,"template":"","meta":{"_acf_changed":false,"site-sidebar-layout":"default","site-content-layout":"","ast-site-content-layout":"default","site-content-style":"default","site-sidebar-style":"default","ast-global-header-display":"","ast-banner-title-visibility":"","ast-main-header-display":"","ast-hfb-above-header-display":"","ast-hfb-below-header-display":"","ast-hfb-mobile-header-display":"","site-post-title":"","ast-breadcrumbs-content":"","ast-featured-img":"","footer-sml-layout":"","theme-transparent-header-meta":"default","adv-header-id-meta":"","stick-header-meta":"default","header-above-stick-meta":"","header-main-stick-meta":"","header-below-stick-meta":"","astra-migrate-meta-layouts":"set","ast-page-background-enabled":"default","ast-page-background-meta":{"desktop":{"background-color":"var(--ast-global-color-4)","background-image":"","background-repeat":"repeat","background-position":"center center","background-size":"auto","background-attachment":"scroll","background-type":"","background-media":"","overlay-type":"","overlay-color":"","overlay-opacity":"","overlay-gradient":""},"tablet":{"background-color":"","background-image":"","background-repeat":"repeat","background-position":"center center","background-size":"auto","background-attachment":"scroll","background-type":"","background-media":"","overlay-type":"","overlay-color":"","overlay-opacity":"","overlay-gradient":""},"mobile":{"background-color":"","background-image":"","background-repeat":"repeat","background-position":"center center","background-size":"auto","background-attachment":"scroll","background-type":"","background-media":"","overlay-type":"","overlay-color":"","overlay-opacity":"","overlay-gradient":""}},"ast-content-background-meta":{"desktop":{"background-color":"var(--ast-global-color-5)","background-image":"","background-repeat":"repeat","background-position":"center center","background-size":"auto","background-attachment":"scroll","background-type":"","background-media":"","overlay-type":"","overlay-color":"","overlay-opacity":"","overlay-gradient":""},"tablet":{"background-color":"var(--ast-global-color-5)","background-image":"","background-repeat":"repeat","background-position":"center center","background-size":"auto","background-attachment":"scroll","background-type":"","background-media":"","overlay-type":"","overlay-color":"","overlay-opacity":"","overlay-gradient":""},"mobile":{"background-color":"var(--ast-global-color-5)","background-image":"","background-repeat":"repeat","background-position":"center center","background-size":"auto","background-attachment":"scroll","background-type":"","background-media":"","overlay-type":"","overlay-color":"","overlay-opacity":"","overlay-gradient":""}}},"soort":[],"product_brand":[],"product_cat":[1350,2813],"product_tag":[],"class_list":{"0":"post-46306","1":"product","2":"type-product","3":"status-publish","4":"has-post-thumbnail","6":"product_cat-splitarmbanden","7":"product_cat-verkoopzakjes","8":"pa_herkomst-diverse","9":"pa_soort-amethist","10":"pa_soort-bergkristal","11":"pa_soort-gouden-driehoek","12":"pa_soort-rozenkwarts","13":"pa_verkoopeenheid-per-stuk","14":"pa_vorm-splitarmband","15":"pa_vorm-verkoopzakje","16":"desktop-align-center","17":"tablet-align-center","18":"mobile-align-center","19":"ast-product-gallery-layout-horizontal-slider","20":"ast-product-tabs-layout-horizontal","22":"first","23":"instock","24":"taxable","25":"shipping-taxable","26":"product-type-simple"},"acf":[],"_links":{"self":[{"href":"https:\/\/www.ruschmineralen.nl\/de\/wp-json\/wp\/v2\/product\/46306","targetHints":{"allow":["GET"]}}],"collection":[{"href":"https:\/\/www.ruschmineralen.nl\/de\/wp-json\/wp\/v2\/product"}],"about":[{"href":"https:\/\/www.ruschmineralen.nl\/de\/wp-json\/wp\/v2\/types\/product"}],"wp:featuredmedia":[{"embeddable":true,"href":"https:\/\/www.ruschmineralen.nl\/de\/wp-json\/wp\/v2\/media\/46304"}],"wp:attachment":[{"href":"https:\/\/www.ruschmineralen.nl\/de\/wp-json\/wp\/v2\/media?parent=46306"}],"wp:term":[{"taxonomy":"soort","embeddable":true,"href":"https:\/\/www.ruschmineralen.nl\/de\/wp-json\/wp\/v2\/soort?post=46306"},{"taxonomy":"product_brand","embeddable":true,"href":"https:\/\/www.ruschmineralen.nl\/de\/wp-json\/wp\/v2\/product_brand?post=46306"},{"taxonomy":"product_cat","embeddable":true,"href":"https:\/\/www.ruschmineralen.nl\/de\/wp-json\/wp\/v2\/product_cat?post=46306"},{"taxonomy":"product_tag","embeddable":true,"href":"https:\/\/www.ruschmineralen.nl\/de\/wp-json\/wp\/v2\/product_tag?post=46306"}],"curies":[{"name":"wp","href":"https:\/\/api.w.org\/{rel}","templated":true}]}}