{"id":46537,"date":"2024-10-01T11:31:08","date_gmt":"2024-10-01T09:31:08","guid":{"rendered":"https:\/\/www.ruschmineralen.nl\/?post_type=product&#038;p=46537"},"modified":"2026-02-27T15:29:43","modified_gmt":"2026-02-27T14:29:43","slug":"goldenes-dreieck-verkaufstasche-herzen-3-cm","status":"publish","type":"product","link":"https:\/\/www.ruschmineralen.nl\/de\/produkt\/goldenes-dreieck-verkaufstasche-herzen-3-cm\/","title":{"rendered":"Golden Triangle Sale Tasche - Herzen 3 cm"},"content":{"rendered":"<h2>Goldenes Dreieck - Herzen 3 cm<\/h2>\n<p>Eine fertige Verkaufstasche mit einem erkl\u00e4renden Text \u00fcber das Goldene Dreieck und einem Herz aus Amethyst, Bergkristall und Rosenquarz, nat\u00fcrlich in der von uns gewohnten Qualit\u00e4t. Die Herzen sind ca. 1,5 cm gro\u00df und ein wei\u00dfes Organzas\u00e4ckchen ist im Lieferumfang enthalten. Die Karte ist in Farbe gedruckt, hat das Format A7 und ist sowohl mit niederl\u00e4ndischem als auch mit englischem Text versehen. Das Ganze wird in einer Plastikt\u00fcte mit Klebestreifen geliefert, die etwa 9\u00d711 cm gro\u00df ist.<\/p>\n<p><em>Bitte beachten Sie: Das Produkt, das Sie erhalten, kann leicht von der Abbildung abweichen. Jedes Produkt ist einzigartig, aber von \u00e4hnlicher Qualit\u00e4t.<\/em><\/p>","protected":false},"excerpt":{"rendered":"<p>Golden Triangle Sale Tasche - Herzen 3 cm<\/p>","protected":false},"featured_media":46544,"template":"","meta":{"_acf_changed":false,"site-sidebar-layout":"default","site-content-layout":"","ast-site-content-layout":"default","site-content-style":"default","site-sidebar-style":"default","ast-global-header-display":"","ast-banner-title-visibility":"","ast-main-header-display":"","ast-hfb-above-header-display":"","ast-hfb-below-header-display":"","ast-hfb-mobile-header-display":"","site-post-title":"","ast-breadcrumbs-content":"","ast-featured-img":"","footer-sml-layout":"","theme-transparent-header-meta":"default","adv-header-id-meta":"","stick-header-meta":"default","header-above-stick-meta":"","header-main-stick-meta":"","header-below-stick-meta":"","astra-migrate-meta-layouts":"set","ast-page-background-enabled":"default","ast-page-background-meta":{"desktop":{"background-color":"var(--ast-global-color-4)","background-image":"","background-repeat":"repeat","background-position":"center center","background-size":"auto","background-attachment":"scroll","background-type":"","background-media":"","overlay-type":"","overlay-color":"","overlay-opacity":"","overlay-gradient":""},"tablet":{"background-color":"","background-image":"","background-repeat":"repeat","background-position":"center center","background-size":"auto","background-attachment":"scroll","background-type":"","background-media":"","overlay-type":"","overlay-color":"","overlay-opacity":"","overlay-gradient":""},"mobile":{"background-color":"","background-image":"","background-repeat":"repeat","background-position":"center center","background-size":"auto","background-attachment":"scroll","background-type":"","background-media":"","overlay-type":"","overlay-color":"","overlay-opacity":"","overlay-gradient":""}},"ast-content-background-meta":{"desktop":{"background-color":"var(--ast-global-color-5)","background-image":"","background-repeat":"repeat","background-position":"center center","background-size":"auto","background-attachment":"scroll","background-type":"","background-media":"","overlay-type":"","overlay-color":"","overlay-opacity":"","overlay-gradient":""},"tablet":{"background-color":"var(--ast-global-color-5)","background-image":"","background-repeat":"repeat","background-position":"center center","background-size":"auto","background-attachment":"scroll","background-type":"","background-media":"","overlay-type":"","overlay-color":"","overlay-opacity":"","overlay-gradient":""},"mobile":{"background-color":"var(--ast-global-color-5)","background-image":"","background-repeat":"repeat","background-position":"center center","background-size":"auto","background-attachment":"scroll","background-type":"","background-media":"","overlay-type":"","overlay-color":"","overlay-opacity":"","overlay-gradient":""}}},"soort":[],"product_brand":[],"product_cat":[2989,2813],"product_tag":[],"class_list":{"0":"post-46537","1":"product","2":"type-product","3":"status-publish","4":"has-post-thumbnail","6":"product_cat-harten-per-stuk","7":"product_cat-verkoopzakjes","8":"pa_herkomst-diverse","9":"pa_soort-amethist","10":"pa_soort-bergkristal","11":"pa_soort-gouden-driehoek","12":"pa_soort-rozenkwarts","13":"pa_verkoopeenheid-per-stuk","14":"pa_vorm-hart","15":"pa_vorm-verkoopzakje","16":"desktop-align-center","17":"tablet-align-center","18":"mobile-align-center","19":"ast-product-gallery-layout-horizontal-slider","20":"ast-product-tabs-layout-horizontal","22":"first","23":"instock","24":"taxable","25":"shipping-taxable","26":"product-type-simple"},"acf":[],"_links":{"self":[{"href":"https:\/\/www.ruschmineralen.nl\/de\/wp-json\/wp\/v2\/product\/46537","targetHints":{"allow":["GET"]}}],"collection":[{"href":"https:\/\/www.ruschmineralen.nl\/de\/wp-json\/wp\/v2\/product"}],"about":[{"href":"https:\/\/www.ruschmineralen.nl\/de\/wp-json\/wp\/v2\/types\/product"}],"wp:featuredmedia":[{"embeddable":true,"href":"https:\/\/www.ruschmineralen.nl\/de\/wp-json\/wp\/v2\/media\/46544"}],"wp:attachment":[{"href":"https:\/\/www.ruschmineralen.nl\/de\/wp-json\/wp\/v2\/media?parent=46537"}],"wp:term":[{"taxonomy":"soort","embeddable":true,"href":"https:\/\/www.ruschmineralen.nl\/de\/wp-json\/wp\/v2\/soort?post=46537"},{"taxonomy":"product_brand","embeddable":true,"href":"https:\/\/www.ruschmineralen.nl\/de\/wp-json\/wp\/v2\/product_brand?post=46537"},{"taxonomy":"product_cat","embeddable":true,"href":"https:\/\/www.ruschmineralen.nl\/de\/wp-json\/wp\/v2\/product_cat?post=46537"},{"taxonomy":"product_tag","embeddable":true,"href":"https:\/\/www.ruschmineralen.nl\/de\/wp-json\/wp\/v2\/product_tag?post=46537"}],"curies":[{"name":"wp","href":"https:\/\/api.w.org\/{rel}","templated":true}]}}