{"id":47979,"date":"2024-11-14T10:38:43","date_gmt":"2024-11-14T09:38:43","guid":{"rendered":"https:\/\/www.ruschmineralen.nl\/?post_type=product&#038;p=47979"},"modified":"2026-05-16T21:06:29","modified_gmt":"2026-05-16T19:06:29","slug":"malachit-trommelsteine-kongo-2","status":"publish","type":"product","link":"https:\/\/www.ruschmineralen.nl\/de\/produkt\/malachit-trommelsteine-kongo-2\/","title":{"rendered":"Trommelsteine mischen"},"content":{"rendered":"<h2>Mix Drumstones in Gr\u00f6\u00dfe S\/M<\/h2>\n<p>Diese Trommelsteinmischung enth\u00e4lt Achat, Amethyst, Aventurin, Bergkristall, Jaspis, Obsidian, Rosenquarz und Tigerauge.  Die Mischung enth\u00e4lt haupts\u00e4chlich nat\u00fcrliche Steine, aber auch einige bearbeitete oder gef\u00e4rbte Sorten. Trommelsteine, die auch als Umarmungssteine bezeichnet werden, sind sehr beliebt und werden f\u00fcr verschiedene Zwecke verwendet. Unsere Trommelsteine kommen aus der ganzen Welt und wir haben immer mehr als 100 Sorten auf Lager.<\/p>","protected":false},"excerpt":{"rendered":"<p>Mix Trommelstenen in maat S\/M Deze trommelstenen mix bevat onder andere agaat, amethist, aventurijn, bergkristal, jaspis, obsidiaan, rozenkwarts en tijgeroog. De mix bevat voornamelijk natuurlijke steensoorten, met daarnaast een aantal bewerkte of gekleurde varianten. Trommelstenen, ook wel bekend als knuffelstenen, zijn erg geliefd en populair en worden voor diverse doeleinden gebruikt. Onze getrommelde stenen komen [&hellip;]<\/p>","protected":false},"featured_media":47984,"template":"","meta":{"_acf_changed":false,"site-sidebar-layout":"default","site-content-layout":"","ast-site-content-layout":"default","site-content-style":"default","site-sidebar-style":"default","ast-global-header-display":"","ast-banner-title-visibility":"","ast-main-header-display":"","ast-hfb-above-header-display":"","ast-hfb-below-header-display":"","ast-hfb-mobile-header-display":"","site-post-title":"","ast-breadcrumbs-content":"","ast-featured-img":"","footer-sml-layout":"","theme-transparent-header-meta":"default","adv-header-id-meta":"","stick-header-meta":"default","header-above-stick-meta":"","header-main-stick-meta":"","header-below-stick-meta":"","astra-migrate-meta-layouts":"set","ast-page-background-enabled":"default","ast-page-background-meta":{"desktop":{"background-color":"var(--ast-global-color-4)","background-image":"","background-repeat":"repeat","background-position":"center center","background-size":"auto","background-attachment":"scroll","background-type":"","background-media":"","overlay-type":"","overlay-color":"","overlay-opacity":"","overlay-gradient":""},"tablet":{"background-color":"","background-image":"","background-repeat":"repeat","background-position":"center center","background-size":"auto","background-attachment":"scroll","background-type":"","background-media":"","overlay-type":"","overlay-color":"","overlay-opacity":"","overlay-gradient":""},"mobile":{"background-color":"","background-image":"","background-repeat":"repeat","background-position":"center center","background-size":"auto","background-attachment":"scroll","background-type":"","background-media":"","overlay-type":"","overlay-color":"","overlay-opacity":"","overlay-gradient":""}},"ast-content-background-meta":{"desktop":{"background-color":"var(--ast-global-color-5)","background-image":"","background-repeat":"repeat","background-position":"center center","background-size":"auto","background-attachment":"scroll","background-type":"","background-media":"","overlay-type":"","overlay-color":"","overlay-opacity":"","overlay-gradient":""},"tablet":{"background-color":"var(--ast-global-color-5)","background-image":"","background-repeat":"repeat","background-position":"center center","background-size":"auto","background-attachment":"scroll","background-type":"","background-media":"","overlay-type":"","overlay-color":"","overlay-opacity":"","overlay-gradient":""},"mobile":{"background-color":"var(--ast-global-color-5)","background-image":"","background-repeat":"repeat","background-position":"center center","background-size":"auto","background-attachment":"scroll","background-type":"","background-media":"","overlay-type":"","overlay-color":"","overlay-opacity":"","overlay-gradient":""}}},"soort":[],"product_brand":[],"product_cat":[1044],"product_tag":[],"class_list":{"0":"post-47979","1":"product","2":"type-product","3":"status-publish","4":"has-post-thumbnail","6":"product_cat-trommelstenen","7":"pa_herkomst-diverse","8":"pa_maat-s-m-trommelstenen","9":"pa_soort-agaat","10":"pa_soort-amethist","11":"pa_soort-aventurijn","12":"pa_soort-bergkristal","13":"pa_soort-jaspis","14":"pa_soort-mix","15":"pa_soort-obsidiaan","16":"pa_soort-rozenkwarts","17":"pa_soort-tijgeroog","18":"pa_verkoopeenheid-per-kg","19":"pa_vorm-getrommeld","20":"desktop-align-center","21":"tablet-align-center","22":"mobile-align-center","23":"ast-product-gallery-layout-horizontal-slider","24":"ast-product-tabs-layout-horizontal","26":"first","27":"instock","28":"taxable","29":"shipping-taxable","30":"product-type-simple"},"acf":[],"_links":{"self":[{"href":"https:\/\/www.ruschmineralen.nl\/de\/wp-json\/wp\/v2\/product\/47979","targetHints":{"allow":["GET"]}}],"collection":[{"href":"https:\/\/www.ruschmineralen.nl\/de\/wp-json\/wp\/v2\/product"}],"about":[{"href":"https:\/\/www.ruschmineralen.nl\/de\/wp-json\/wp\/v2\/types\/product"}],"wp:featuredmedia":[{"embeddable":true,"href":"https:\/\/www.ruschmineralen.nl\/de\/wp-json\/wp\/v2\/media\/47984"}],"wp:attachment":[{"href":"https:\/\/www.ruschmineralen.nl\/de\/wp-json\/wp\/v2\/media?parent=47979"}],"wp:term":[{"taxonomy":"soort","embeddable":true,"href":"https:\/\/www.ruschmineralen.nl\/de\/wp-json\/wp\/v2\/soort?post=47979"},{"taxonomy":"product_brand","embeddable":true,"href":"https:\/\/www.ruschmineralen.nl\/de\/wp-json\/wp\/v2\/product_brand?post=47979"},{"taxonomy":"product_cat","embeddable":true,"href":"https:\/\/www.ruschmineralen.nl\/de\/wp-json\/wp\/v2\/product_cat?post=47979"},{"taxonomy":"product_tag","embeddable":true,"href":"https:\/\/www.ruschmineralen.nl\/de\/wp-json\/wp\/v2\/product_tag?post=47979"}],"curies":[{"name":"wp","href":"https:\/\/api.w.org\/{rel}","templated":true}]}}