{"id":47989,"date":"2024-11-14T12:12:44","date_gmt":"2024-11-14T11:12:44","guid":{"rendered":"https:\/\/www.ruschmineralen.nl\/?post_type=product&#038;p=47989"},"modified":"2026-04-09T13:13:12","modified_gmt":"2026-04-09T11:13:12","slug":"malachit-trommelsteine-kongo-3","status":"publish","type":"product","link":"https:\/\/www.ruschmineralen.nl\/de\/produkt\/malachit-trommelsteine-kongo-3\/","title":{"rendered":"Mix Round Drumstones"},"content":{"rendered":"<h2>Mix Round Drumstones in Gr\u00f6\u00dfe M<\/h2>\n<p>Diese Trommelsteinmischung enth\u00e4lt Achat, Aventurin, Jaspis und Rosenquarz. Trommelsteine, auch als Umarmungssteine bekannt, sind sehr beliebt und werden f\u00fcr verschiedene Zwecke verwendet. Unsere Trommelsteine kommen aus der ganzen Welt und wir haben immer mehr als 100 Sorten auf Lager.<\/p>","protected":false},"excerpt":{"rendered":"<p>Mix Round Drumstones in Gr\u00f6\u00dfe M Dieser Trommelstein-Mix enth\u00e4lt Achat, Aventurin, Jaspis und Rosenquarz. Trommelsteine, auch als Umarmungssteine bekannt, sind sehr beliebt und werden f\u00fcr eine Vielzahl von Zwecken verwendet. Unsere Trommelsteine kommen aus der ganzen Welt und wir haben immer mehr als 100 Sorten auf Lager.<\/p>","protected":false},"featured_media":47981,"template":"","meta":{"_acf_changed":false,"site-sidebar-layout":"default","site-content-layout":"","ast-site-content-layout":"default","site-content-style":"default","site-sidebar-style":"default","ast-global-header-display":"","ast-banner-title-visibility":"","ast-main-header-display":"","ast-hfb-above-header-display":"","ast-hfb-below-header-display":"","ast-hfb-mobile-header-display":"","site-post-title":"","ast-breadcrumbs-content":"","ast-featured-img":"","footer-sml-layout":"","theme-transparent-header-meta":"default","adv-header-id-meta":"","stick-header-meta":"default","header-above-stick-meta":"","header-main-stick-meta":"","header-below-stick-meta":"","astra-migrate-meta-layouts":"set","ast-page-background-enabled":"default","ast-page-background-meta":{"desktop":{"background-color":"var(--ast-global-color-4)","background-image":"","background-repeat":"repeat","background-position":"center center","background-size":"auto","background-attachment":"scroll","background-type":"","background-media":"","overlay-type":"","overlay-color":"","overlay-opacity":"","overlay-gradient":""},"tablet":{"background-color":"","background-image":"","background-repeat":"repeat","background-position":"center center","background-size":"auto","background-attachment":"scroll","background-type":"","background-media":"","overlay-type":"","overlay-color":"","overlay-opacity":"","overlay-gradient":""},"mobile":{"background-color":"","background-image":"","background-repeat":"repeat","background-position":"center center","background-size":"auto","background-attachment":"scroll","background-type":"","background-media":"","overlay-type":"","overlay-color":"","overlay-opacity":"","overlay-gradient":""}},"ast-content-background-meta":{"desktop":{"background-color":"var(--ast-global-color-5)","background-image":"","background-repeat":"repeat","background-position":"center center","background-size":"auto","background-attachment":"scroll","background-type":"","background-media":"","overlay-type":"","overlay-color":"","overlay-opacity":"","overlay-gradient":""},"tablet":{"background-color":"var(--ast-global-color-5)","background-image":"","background-repeat":"repeat","background-position":"center center","background-size":"auto","background-attachment":"scroll","background-type":"","background-media":"","overlay-type":"","overlay-color":"","overlay-opacity":"","overlay-gradient":""},"mobile":{"background-color":"var(--ast-global-color-5)","background-image":"","background-repeat":"repeat","background-position":"center center","background-size":"auto","background-attachment":"scroll","background-type":"","background-media":"","overlay-type":"","overlay-color":"","overlay-opacity":"","overlay-gradient":""}}},"soort":[],"product_brand":[],"product_cat":[1044],"product_tag":[],"class_list":{"0":"post-47989","1":"product","2":"type-product","3":"status-publish","4":"has-post-thumbnail","6":"product_cat-trommelstenen","7":"pa_herkomst-diverse","8":"pa_maat-m-trommelstenen","9":"pa_soort-agaat","10":"pa_soort-aventurijn","11":"pa_soort-jaspis","12":"pa_soort-mix","13":"pa_soort-rozenkwarts","14":"pa_verkoopeenheid-per-kg","15":"pa_vorm-getrommeld","16":"desktop-align-center","17":"tablet-align-center","18":"mobile-align-center","19":"ast-product-gallery-layout-horizontal-slider","20":"ast-product-tabs-layout-horizontal","22":"first","23":"instock","24":"taxable","25":"shipping-taxable","26":"product-type-simple"},"acf":[],"_links":{"self":[{"href":"https:\/\/www.ruschmineralen.nl\/de\/wp-json\/wp\/v2\/product\/47989","targetHints":{"allow":["GET"]}}],"collection":[{"href":"https:\/\/www.ruschmineralen.nl\/de\/wp-json\/wp\/v2\/product"}],"about":[{"href":"https:\/\/www.ruschmineralen.nl\/de\/wp-json\/wp\/v2\/types\/product"}],"wp:featuredmedia":[{"embeddable":true,"href":"https:\/\/www.ruschmineralen.nl\/de\/wp-json\/wp\/v2\/media\/47981"}],"wp:attachment":[{"href":"https:\/\/www.ruschmineralen.nl\/de\/wp-json\/wp\/v2\/media?parent=47989"}],"wp:term":[{"taxonomy":"soort","embeddable":true,"href":"https:\/\/www.ruschmineralen.nl\/de\/wp-json\/wp\/v2\/soort?post=47989"},{"taxonomy":"product_brand","embeddable":true,"href":"https:\/\/www.ruschmineralen.nl\/de\/wp-json\/wp\/v2\/product_brand?post=47989"},{"taxonomy":"product_cat","embeddable":true,"href":"https:\/\/www.ruschmineralen.nl\/de\/wp-json\/wp\/v2\/product_cat?post=47989"},{"taxonomy":"product_tag","embeddable":true,"href":"https:\/\/www.ruschmineralen.nl\/de\/wp-json\/wp\/v2\/product_tag?post=47989"}],"curies":[{"name":"wp","href":"https:\/\/api.w.org\/{rel}","templated":true}]}}