{"id":49016,"date":"2024-11-25T17:25:14","date_gmt":"2024-11-25T16:25:14","guid":{"rendered":"https:\/\/www.ruschmineralen.nl\/?post_type=product&#038;p=49016"},"modified":"2025-05-30T09:17:27","modified_gmt":"2025-05-30T07:17:27","slug":"19380-aegirien-malawi-sales-box","status":"publish","type":"product","link":"https:\/\/www.ruschmineralen.nl\/de\/produkt\/19380-aegirien-malawi-sales-box\/","title":{"rendered":"Aegirien Malawi Verkaufskasten"},"content":{"rendered":"<h2>Aegirien Malawi Verkaufskasten<\/h2>\n<p> Verkaufskiste mit 35st Aegirien aus Malawi, Afrika.<br \/>\nDas Nettogewicht betr\u00e4gt etwa 650 Gramm und die Abmessungen reichen von 2 bis 7 cm.<br \/>\nDie wei\u00dfen Faltschachteln messen \u00b1 2,5 x 5 x 5,5 cm. <\/p>","protected":false},"excerpt":{"rendered":"<p>Aegirien Malawi Sale Box Sale Box mit 35 St\u00fcck Aegirien, die aus Malawi, Afrika, stammen. Das Nettogewicht betr\u00e4gt ca. 650 Gramm und die Abmessungen reichen von 2 bis 7 cm. Die wei\u00dfen Faltschachteln messen \u00b1 2,5 x 5 x 5,5 cm.<\/p>","protected":false},"featured_media":49023,"template":"","meta":{"_acf_changed":false,"site-sidebar-layout":"default","site-content-layout":"","ast-site-content-layout":"default","site-content-style":"default","site-sidebar-style":"default","ast-global-header-display":"","ast-banner-title-visibility":"","ast-main-header-display":"","ast-hfb-above-header-display":"","ast-hfb-below-header-display":"","ast-hfb-mobile-header-display":"","site-post-title":"","ast-breadcrumbs-content":"","ast-featured-img":"","footer-sml-layout":"","theme-transparent-header-meta":"default","adv-header-id-meta":"","stick-header-meta":"default","header-above-stick-meta":"","header-main-stick-meta":"","header-below-stick-meta":"","astra-migrate-meta-layouts":"set","ast-page-background-enabled":"default","ast-page-background-meta":{"desktop":{"background-color":"var(--ast-global-color-4)","background-image":"","background-repeat":"repeat","background-position":"center center","background-size":"auto","background-attachment":"scroll","background-type":"","background-media":"","overlay-type":"","overlay-color":"","overlay-opacity":"","overlay-gradient":""},"tablet":{"background-color":"","background-image":"","background-repeat":"repeat","background-position":"center center","background-size":"auto","background-attachment":"scroll","background-type":"","background-media":"","overlay-type":"","overlay-color":"","overlay-opacity":"","overlay-gradient":""},"mobile":{"background-color":"","background-image":"","background-repeat":"repeat","background-position":"center center","background-size":"auto","background-attachment":"scroll","background-type":"","background-media":"","overlay-type":"","overlay-color":"","overlay-opacity":"","overlay-gradient":""}},"ast-content-background-meta":{"desktop":{"background-color":"var(--ast-global-color-5)","background-image":"","background-repeat":"repeat","background-position":"center center","background-size":"auto","background-attachment":"scroll","background-type":"","background-media":"","overlay-type":"","overlay-color":"","overlay-opacity":"","overlay-gradient":""},"tablet":{"background-color":"var(--ast-global-color-5)","background-image":"","background-repeat":"repeat","background-position":"center center","background-size":"auto","background-attachment":"scroll","background-type":"","background-media":"","overlay-type":"","overlay-color":"","overlay-opacity":"","overlay-gradient":""},"mobile":{"background-color":"var(--ast-global-color-5)","background-image":"","background-repeat":"repeat","background-position":"center center","background-size":"auto","background-attachment":"scroll","background-type":"","background-media":"","overlay-type":"","overlay-color":"","overlay-opacity":"","overlay-gradient":""}}},"soort":[],"product_brand":[],"product_cat":[1348,1073,2814],"product_tag":[1137],"class_list":{"0":"post-49016","1":"product","2":"type-product","3":"status-publish","4":"has-post-thumbnail","6":"product_cat-unieke-producten","7":"product_cat-gekristalliseerd","8":"product_cat-verkoopdozen","9":"product_tag-uniek","10":"pa_herkomst-malawi","11":"pa_soort-aegirien","12":"pa_verkoopeenheid-uniek","13":"pa_vorm-gekristalliseerd","14":"pa_vorm-verkoopdoos","15":"desktop-align-center","16":"tablet-align-center","17":"mobile-align-center","18":"ast-product-gallery-layout-horizontal-slider","19":"ast-product-tabs-layout-horizontal","21":"first","22":"instock","23":"sold-individually","24":"taxable","25":"shipping-taxable","26":"product-type-simple"},"acf":[],"_links":{"self":[{"href":"https:\/\/www.ruschmineralen.nl\/de\/wp-json\/wp\/v2\/product\/49016","targetHints":{"allow":["GET"]}}],"collection":[{"href":"https:\/\/www.ruschmineralen.nl\/de\/wp-json\/wp\/v2\/product"}],"about":[{"href":"https:\/\/www.ruschmineralen.nl\/de\/wp-json\/wp\/v2\/types\/product"}],"wp:featuredmedia":[{"embeddable":true,"href":"https:\/\/www.ruschmineralen.nl\/de\/wp-json\/wp\/v2\/media\/49023"}],"wp:attachment":[{"href":"https:\/\/www.ruschmineralen.nl\/de\/wp-json\/wp\/v2\/media?parent=49016"}],"wp:term":[{"taxonomy":"soort","embeddable":true,"href":"https:\/\/www.ruschmineralen.nl\/de\/wp-json\/wp\/v2\/soort?post=49016"},{"taxonomy":"product_brand","embeddable":true,"href":"https:\/\/www.ruschmineralen.nl\/de\/wp-json\/wp\/v2\/product_brand?post=49016"},{"taxonomy":"product_cat","embeddable":true,"href":"https:\/\/www.ruschmineralen.nl\/de\/wp-json\/wp\/v2\/product_cat?post=49016"},{"taxonomy":"product_tag","embeddable":true,"href":"https:\/\/www.ruschmineralen.nl\/de\/wp-json\/wp\/v2\/product_tag?post=49016"}],"curies":[{"name":"wp","href":"https:\/\/api.w.org\/{rel}","templated":true}]}}