{"id":51154,"date":"2025-03-06T09:19:56","date_gmt":"2025-03-06T08:19:56","guid":{"rendered":"https:\/\/www.ruschmineralen.nl\/?post_type=product&#038;p=51154"},"modified":"2026-03-05T16:57:34","modified_gmt":"2026-03-05T15:57:34","slug":"5647-blauer-goldstein-anhanger-durchbohrt","status":"publish","type":"product","link":"https:\/\/www.ruschmineralen.nl\/de\/produkt\/5647-blauer-goldstein-anhanger-durchbohrt\/","title":{"rendered":"Blauer Goldstein durchbohrter Anh\u00e4nger"},"content":{"rendered":"<h2>Durchbohrter Anh\u00e4nger mit blauem Goldstein aus China<\/h2>\n<p><h3>Goldstein<\/h3>\n<p><a href=\"https:\/\/www.ruschmineralen.nl\/de\/typ\/goldstein\/\" target=\"_blank\">Goldstein<\/a> ist kein nat\u00fcrliches Mineral, sondern ein synthetisches, glasartiges Material mit einem charakteristischen Schimmer, der durch eingeschlossene Kupferpartikel verursacht wird. Der Stein hat in der Regel eine warme br\u00e4unlich-rote bis goldbraune Farbe, es gibt aber auch blaue und gr\u00fcne Varianten. Wegen seines funkelnden Aussehens wird Goldstein h\u00e4ufig f\u00fcr Schmuck und Dekorationsgegenst\u00e4nde verwendet.<\/p>\n<p>Goldstein wurde wahrscheinlich erstmals im 17. Jahrhundert in Italien hergestellt, m\u00f6glicherweise von Glasmachern in Venedig. Obwohl es sich um ein k\u00fcnstliches Produkt handelt, wird er im Mineralienhandel wegen seines attraktiven Aussehens h\u00e4ufig neben Natursteinen angeboten. Seine H\u00e4rte betr\u00e4gt etwa 5,5 bis 6 auf der Mohs-Skala, \u00e4hnlich wie bei gew\u00f6hnlichem Glas.<\/p>\n<p><small><strong>Quellen: <\/strong><br \/><a href=\"https:\/\/www.mindat.org\/min-11403.html\" target=\"_blank\" rel=\"noopener\">Mindat.org<\/a>, <a href=\"https:\/\/en.wikipedia.org\/wiki\/Goldstone_(glass)\" target=\"_blank\" rel=\"noopener\">Wikipedia - Goldstone<\/a><\/small><\/p>\n<h3>Durchbohrte Anh\u00e4nger<\/h3>\n<p>Durchbohrte Anh\u00e4nger sind polierte und geschliffene (Edel-)Steine mit einer Bohrung, so dass sie leicht an einer Schnur oder Kette getragen werden k\u00f6nnen. Das macht sie zu einer beliebten Wahl f\u00fcr Schmuck. In den meisten F\u00e4llen werden die Anh\u00e4nger in der Breite durchbohrt, von links nach rechts.<\/p>\n<p>Die gepiercten Anh\u00e4nger sind in verschiedenen Formen und Gr\u00f6\u00dfen erh\u00e4ltlich, darunter Tropfen, Oval, Spitze und Herz. Ein Teil des Sortiments wird in China hergestellt, w\u00e4hrend andere Anh\u00e4nger aus Madagaskar stammen. Der Durchmesser der Anh\u00e4nger variiert je nach Modell und liegt normalerweise zwischen 2 und 4 mm. Wir verkaufen die durchbrochenen Anh\u00e4nger einzeln, wobei bei einigen eine Mindestbestellmenge von 5 St\u00fcck erforderlich ist. Leider haben wir derzeit keine passende Kordel oder Kette im Sortiment!<\/p>\n<\/p>","protected":false},"excerpt":{"rendered":"<p>Durchbohrter Anh\u00e4nger mit blauem Goldstein aus China<\/p>","protected":false},"featured_media":51159,"template":"","meta":{"_acf_changed":false,"site-sidebar-layout":"default","site-content-layout":"","ast-site-content-layout":"default","site-content-style":"default","site-sidebar-style":"default","ast-global-header-display":"","ast-banner-title-visibility":"","ast-main-header-display":"","ast-hfb-above-header-display":"","ast-hfb-below-header-display":"","ast-hfb-mobile-header-display":"","site-post-title":"","ast-breadcrumbs-content":"","ast-featured-img":"","footer-sml-layout":"","theme-transparent-header-meta":"default","adv-header-id-meta":"","stick-header-meta":"default","header-above-stick-meta":"","header-main-stick-meta":"","header-below-stick-meta":"","astra-migrate-meta-layouts":"set","ast-page-background-enabled":"default","ast-page-background-meta":{"desktop":{"background-color":"var(--ast-global-color-4)","background-image":"","background-repeat":"repeat","background-position":"center center","background-size":"auto","background-attachment":"scroll","background-type":"","background-media":"","overlay-type":"","overlay-color":"","overlay-opacity":"","overlay-gradient":""},"tablet":{"background-color":"","background-image":"","background-repeat":"repeat","background-position":"center center","background-size":"auto","background-attachment":"scroll","background-type":"","background-media":"","overlay-type":"","overlay-color":"","overlay-opacity":"","overlay-gradient":""},"mobile":{"background-color":"","background-image":"","background-repeat":"repeat","background-position":"center center","background-size":"auto","background-attachment":"scroll","background-type":"","background-media":"","overlay-type":"","overlay-color":"","overlay-opacity":"","overlay-gradient":""}},"ast-content-background-meta":{"desktop":{"background-color":"var(--ast-global-color-5)","background-image":"","background-repeat":"repeat","background-position":"center center","background-size":"auto","background-attachment":"scroll","background-type":"","background-media":"","overlay-type":"","overlay-color":"","overlay-opacity":"","overlay-gradient":""},"tablet":{"background-color":"var(--ast-global-color-5)","background-image":"","background-repeat":"repeat","background-position":"center center","background-size":"auto","background-attachment":"scroll","background-type":"","background-media":"","overlay-type":"","overlay-color":"","overlay-opacity":"","overlay-gradient":""},"mobile":{"background-color":"var(--ast-global-color-5)","background-image":"","background-repeat":"repeat","background-position":"center center","background-size":"auto","background-attachment":"scroll","background-type":"","background-media":"","overlay-type":"","overlay-color":"","overlay-opacity":"","overlay-gradient":""}}},"soort":[],"product_brand":[],"product_cat":[1040],"product_tag":[],"class_list":{"0":"post-51154","1":"product","2":"type-product","3":"status-publish","4":"has-post-thumbnail","6":"product_cat-doorboorde-hangers","7":"pa_herkomst-china","8":"pa_soort-blauwe-goudsteen","9":"pa_soort-goudsteen","10":"pa_verkoopeenheid-per-stuk","11":"pa_vorm-doorboorde-hanger","12":"desktop-align-center","13":"tablet-align-center","14":"mobile-align-center","15":"ast-product-gallery-layout-horizontal-slider","16":"ast-product-tabs-layout-horizontal","18":"first","19":"instock","20":"taxable","21":"shipping-taxable","22":"product-type-simple"},"acf":[],"_links":{"self":[{"href":"https:\/\/www.ruschmineralen.nl\/de\/wp-json\/wp\/v2\/product\/51154","targetHints":{"allow":["GET"]}}],"collection":[{"href":"https:\/\/www.ruschmineralen.nl\/de\/wp-json\/wp\/v2\/product"}],"about":[{"href":"https:\/\/www.ruschmineralen.nl\/de\/wp-json\/wp\/v2\/types\/product"}],"wp:featuredmedia":[{"embeddable":true,"href":"https:\/\/www.ruschmineralen.nl\/de\/wp-json\/wp\/v2\/media\/51159"}],"wp:attachment":[{"href":"https:\/\/www.ruschmineralen.nl\/de\/wp-json\/wp\/v2\/media?parent=51154"}],"wp:term":[{"taxonomy":"soort","embeddable":true,"href":"https:\/\/www.ruschmineralen.nl\/de\/wp-json\/wp\/v2\/soort?post=51154"},{"taxonomy":"product_brand","embeddable":true,"href":"https:\/\/www.ruschmineralen.nl\/de\/wp-json\/wp\/v2\/product_brand?post=51154"},{"taxonomy":"product_cat","embeddable":true,"href":"https:\/\/www.ruschmineralen.nl\/de\/wp-json\/wp\/v2\/product_cat?post=51154"},{"taxonomy":"product_tag","embeddable":true,"href":"https:\/\/www.ruschmineralen.nl\/de\/wp-json\/wp\/v2\/product_tag?post=51154"}],"curies":[{"name":"wp","href":"https:\/\/api.w.org\/{rel}","templated":true}]}}