{"id":52165,"date":"2025-04-29T14:53:03","date_gmt":"2025-04-29T12:53:03","guid":{"rendered":"https:\/\/www.ruschmineralen.nl\/?post_type=product&#038;p=52165"},"modified":"2026-03-31T09:02:45","modified_gmt":"2026-03-31T07:02:45","slug":"6780-fluorit-overlays","status":"publish","type":"product","link":"https:\/\/www.ruschmineralen.nl\/de\/produkt\/6780-fluorit-overlays\/","title":{"rendered":"Fluorit Erh\u00f6hungssteine"},"content":{"rendered":"<h2>Fluorit Erh\u00f6hungssteine<\/h2>\n<p><h3>Fluorit<\/h3>\n<p><a href=\"https:\/\/www.ruschmineralen.nl\/de\/typ\/fluorit\/\" target=\"_blank\">Fluorit<\/a> ist ein Mineral, das f\u00fcr seine gro\u00dfe Farbvielfalt und seinen Glasglanz bekannt ist. Es kann violett, gr\u00fcn, blau, gelb, farblos oder sogar mehrfarbig sein. Fluorit bildet sich h\u00e4ufig in hydrothermalen G\u00e4ngen, meist zusammen mit anderen Mineralien wie Quarz, Calcit und Baryt.<\/p>\n<p>Gro\u00dfe Vorkommen gibt es in China, Mexiko, S\u00fcdafrika und Spanien. Seine chemische Formel lautet CaF\u2082, und das Mineral geh\u00f6rt zu den Halogeniden. Fluorit hat eine H\u00e4rte von 4 auf der Mohs-Skala.<\/p>\n<p>Bekannte Variet\u00e4ten sind der Regenbogenfluorit (mehrfarbig geschichtet), der blaue Fluorit und der gr\u00fcne Fluorit, die jeweils eine eigene Farbgebung und Helligkeit aufweisen.<\/p>\n<p><small><strong>Quellen: <\/strong><br \/><a href=\"https:\/\/www.mindat.org\/min-1576.html\" target=\"_blank\" rel=\"noopener\">Mindat.org<\/a>, <a href=\"https:\/\/www.gemdat.org\/gem-1576.html\" target=\"_blank\" rel=\"noopener\">Gemdat.org<\/a>, <a href=\"https:\/\/en.wikipedia.org\/wiki\/Fluorite\" target=\"_blank\" rel=\"noopener\">Wikipedia - Fluorit<\/a><\/small><\/p>\n<br \/>\n<h3>Imposante Ziegelsteine<\/h3>\n<p>Auflegesteine sind flache, getrommelte und glatt polierte (Edel-)Steine, die sich aufgrund ihrer ovalen bis runden Form und ihrer flachen Seiten zum Auflegen auf den K\u00f6rper eignen, zum Beispiel in einem Moment der Entspannung. Im Vergleich zu normalen Trommelsteinen und Taschensteinen haben Overlay-Steine eine flachere Form, wodurch sie gut an ihrem Platz bleiben. Trotz dieser Konsistenz handelt es sich um ein Naturprodukt, so dass es immer zu Abweichungen in Form, Farbe und Muster kommen kann. Dies kann von einer Steinart zur anderen variieren.<\/p>\n<p>Im Allgemeinen haben Overlays eine Gr\u00f6\u00dfe zwischen 3 und 4 cm und eine Dicke von etwa 1 cm. Fast alle unsere Overlays werden in China geschnitten, wo sie sorgf\u00e4ltig ausgew\u00e4hlt und verarbeitet werden. Die Produktfotos vermitteln einen guten Eindruck von dem, was Sie erwartet. Auflegesteine werden pro 100 g (1x) verkauft, bei einer Mindestbestellmenge von 200 g (2x).<\/p>\n<\/p>","protected":false},"excerpt":{"rendered":"<p>Fluorit Erh\u00f6hungssteine<\/p>","protected":false},"featured_media":52233,"template":"","meta":{"_acf_changed":false,"site-sidebar-layout":"default","site-content-layout":"","ast-site-content-layout":"default","site-content-style":"default","site-sidebar-style":"default","ast-global-header-display":"","ast-banner-title-visibility":"","ast-main-header-display":"","ast-hfb-above-header-display":"","ast-hfb-below-header-display":"","ast-hfb-mobile-header-display":"","site-post-title":"","ast-breadcrumbs-content":"","ast-featured-img":"","footer-sml-layout":"","theme-transparent-header-meta":"default","adv-header-id-meta":"","stick-header-meta":"default","header-above-stick-meta":"","header-main-stick-meta":"","header-below-stick-meta":"","astra-migrate-meta-layouts":"set","ast-page-background-enabled":"default","ast-page-background-meta":{"desktop":{"background-color":"var(--ast-global-color-4)","background-image":"","background-repeat":"repeat","background-position":"center center","background-size":"auto","background-attachment":"scroll","background-type":"","background-media":"","overlay-type":"","overlay-color":"","overlay-opacity":"","overlay-gradient":""},"tablet":{"background-color":"","background-image":"","background-repeat":"repeat","background-position":"center center","background-size":"auto","background-attachment":"scroll","background-type":"","background-media":"","overlay-type":"","overlay-color":"","overlay-opacity":"","overlay-gradient":""},"mobile":{"background-color":"","background-image":"","background-repeat":"repeat","background-position":"center center","background-size":"auto","background-attachment":"scroll","background-type":"","background-media":"","overlay-type":"","overlay-color":"","overlay-opacity":"","overlay-gradient":""}},"ast-content-background-meta":{"desktop":{"background-color":"var(--ast-global-color-5)","background-image":"","background-repeat":"repeat","background-position":"center center","background-size":"auto","background-attachment":"scroll","background-type":"","background-media":"","overlay-type":"","overlay-color":"","overlay-opacity":"","overlay-gradient":""},"tablet":{"background-color":"var(--ast-global-color-5)","background-image":"","background-repeat":"repeat","background-position":"center center","background-size":"auto","background-attachment":"scroll","background-type":"","background-media":"","overlay-type":"","overlay-color":"","overlay-opacity":"","overlay-gradient":""},"mobile":{"background-color":"var(--ast-global-color-5)","background-image":"","background-repeat":"repeat","background-position":"center center","background-size":"auto","background-attachment":"scroll","background-type":"","background-media":"","overlay-type":"","overlay-color":"","overlay-opacity":"","overlay-gradient":""}}},"soort":[],"product_brand":[],"product_cat":[3125],"product_tag":[],"class_list":{"0":"post-52165","1":"product","2":"type-product","3":"status-publish","4":"has-post-thumbnail","6":"product_cat-oplegstenen","7":"pa_herkomst-china","8":"pa_soort-fluoriet","9":"pa_verkoopeenheid-per-100-gr","10":"desktop-align-center","11":"tablet-align-center","12":"mobile-align-center","13":"ast-product-gallery-layout-horizontal-slider","14":"ast-product-tabs-layout-horizontal","16":"first","17":"instock","18":"taxable","19":"shipping-taxable","20":"product-type-simple"},"acf":[],"_links":{"self":[{"href":"https:\/\/www.ruschmineralen.nl\/de\/wp-json\/wp\/v2\/product\/52165","targetHints":{"allow":["GET"]}}],"collection":[{"href":"https:\/\/www.ruschmineralen.nl\/de\/wp-json\/wp\/v2\/product"}],"about":[{"href":"https:\/\/www.ruschmineralen.nl\/de\/wp-json\/wp\/v2\/types\/product"}],"wp:featuredmedia":[{"embeddable":true,"href":"https:\/\/www.ruschmineralen.nl\/de\/wp-json\/wp\/v2\/media\/52233"}],"wp:attachment":[{"href":"https:\/\/www.ruschmineralen.nl\/de\/wp-json\/wp\/v2\/media?parent=52165"}],"wp:term":[{"taxonomy":"soort","embeddable":true,"href":"https:\/\/www.ruschmineralen.nl\/de\/wp-json\/wp\/v2\/soort?post=52165"},{"taxonomy":"product_brand","embeddable":true,"href":"https:\/\/www.ruschmineralen.nl\/de\/wp-json\/wp\/v2\/product_brand?post=52165"},{"taxonomy":"product_cat","embeddable":true,"href":"https:\/\/www.ruschmineralen.nl\/de\/wp-json\/wp\/v2\/product_cat?post=52165"},{"taxonomy":"product_tag","embeddable":true,"href":"https:\/\/www.ruschmineralen.nl\/de\/wp-json\/wp\/v2\/product_tag?post=52165"}],"curies":[{"name":"wp","href":"https:\/\/api.w.org\/{rel}","templated":true}]}}