{"id":52166,"date":"2025-04-29T14:56:20","date_gmt":"2025-04-29T12:56:20","guid":{"rendered":"https:\/\/www.ruschmineralen.nl\/?post_type=product&#038;p=52166"},"modified":"2025-12-05T09:21:53","modified_gmt":"2025-12-05T08:21:53","slug":"6750-amethyst-overlays","status":"publish","type":"product","link":"https:\/\/www.ruschmineralen.nl\/de\/produkt\/6750-amethyst-overlays\/","title":{"rendered":"Amethyst-Follow-up-Steine"},"content":{"rendered":"<h2>Amethyst-Follow-up-Steine<\/h2>\n<p><h3>Amethyst<\/h3>\n<p><a href=\"https:\/\/www.ruschmineralen.nl\/de\/typ\/amethyst\/\" target=\"_blank\">Amethyst<\/a> ist die violette Variet\u00e4t von Quarz, die durch Spuren von Eisen und nat\u00fcrliche Strahlung gef\u00e4rbt wird. Seine Farbe reicht von blassem Violett bis zu tiefem Purpur, und er kristallisiert oft in sechseckigen Prismen. Amethyst wird wegen seiner attraktiven Farbe und Transparenz h\u00e4ufig als Edelstein und Dekorationsmaterial verwendet.<\/p>\n<p>Gro\u00dfe Vorkommen gibt es in Brasilien, Uruguay, Sambia, Madagaskar und Russland. Das Mineral bildet sich in hydrothermalen Adern und magmatischen Gesteinen wie Basalt, wo es Kristalle in Geoden bildet. Seine chemische Formel lautet SiO\u2082 und seine H\u00e4rte betr\u00e4gt 7 auf der Mohs-Skala. Varianten wie der Chevron-Amethyst und der sibirische Amethyst sind wegen ihrer Muster oder ihrer tiefen Farbe beliebt.<\/p>\n<p><small><strong>Quellen: <\/strong><br \/><a href=\"https:\/\/www.mindat.org\/min-198.html\" target=\"_blank\" rel=\"noopener\">Mindat.org<\/a>, <a href=\"https:\/\/www.gemdat.org\/gem-198.html\" target=\"_blank\" rel=\"noopener\">Gemdat.org<\/a>, <a href=\"https:\/\/en.wikipedia.org\/wiki\/Amethyst\" target=\"_blank\" rel=\"noopener\">Wikipedia - Amethyst<\/a><\/small><\/p>\n<br \/>\n<h3>Imposante Ziegelsteine<\/h3>\n<p>Auflegesteine sind flache, getrommelte und glatt polierte (Edel-)Steine, die sich aufgrund ihrer ovalen bis runden Form und ihrer flachen Seiten zum Auflegen auf den K\u00f6rper eignen, zum Beispiel in einem Moment der Entspannung. Im Vergleich zu normalen Trommelsteinen und Taschensteinen haben Overlay-Steine eine flachere Form, wodurch sie gut an ihrem Platz bleiben. Trotz dieser Konsistenz handelt es sich um ein Naturprodukt, so dass es immer zu Abweichungen in Form, Farbe und Muster kommen kann. Dies kann von einer Steinart zur anderen variieren.<\/p>\n<p>Im Allgemeinen haben Overlays eine Gr\u00f6\u00dfe zwischen 3 und 4 cm und eine Dicke von etwa 1 cm. Fast alle unsere Overlays werden in China geschnitten, wo sie sorgf\u00e4ltig ausgew\u00e4hlt und verarbeitet werden. Die Produktfotos vermitteln einen guten Eindruck von dem, was Sie erwartet. Auflegesteine werden pro 100 g (1x) verkauft, bei einer Mindestbestellmenge von 200 g (2x).<\/p>\n<\/p>","protected":false},"excerpt":{"rendered":"<p>Amethyst-Follow-up-Steine<\/p>","protected":false},"featured_media":52230,"template":"","meta":{"_acf_changed":false,"site-sidebar-layout":"default","site-content-layout":"","ast-site-content-layout":"default","site-content-style":"default","site-sidebar-style":"default","ast-global-header-display":"","ast-banner-title-visibility":"","ast-main-header-display":"","ast-hfb-above-header-display":"","ast-hfb-below-header-display":"","ast-hfb-mobile-header-display":"","site-post-title":"","ast-breadcrumbs-content":"","ast-featured-img":"","footer-sml-layout":"","theme-transparent-header-meta":"default","adv-header-id-meta":"","stick-header-meta":"default","header-above-stick-meta":"","header-main-stick-meta":"","header-below-stick-meta":"","astra-migrate-meta-layouts":"set","ast-page-background-enabled":"default","ast-page-background-meta":{"desktop":{"background-color":"var(--ast-global-color-4)","background-image":"","background-repeat":"repeat","background-position":"center center","background-size":"auto","background-attachment":"scroll","background-type":"","background-media":"","overlay-type":"","overlay-color":"","overlay-opacity":"","overlay-gradient":""},"tablet":{"background-color":"","background-image":"","background-repeat":"repeat","background-position":"center center","background-size":"auto","background-attachment":"scroll","background-type":"","background-media":"","overlay-type":"","overlay-color":"","overlay-opacity":"","overlay-gradient":""},"mobile":{"background-color":"","background-image":"","background-repeat":"repeat","background-position":"center center","background-size":"auto","background-attachment":"scroll","background-type":"","background-media":"","overlay-type":"","overlay-color":"","overlay-opacity":"","overlay-gradient":""}},"ast-content-background-meta":{"desktop":{"background-color":"var(--ast-global-color-5)","background-image":"","background-repeat":"repeat","background-position":"center center","background-size":"auto","background-attachment":"scroll","background-type":"","background-media":"","overlay-type":"","overlay-color":"","overlay-opacity":"","overlay-gradient":""},"tablet":{"background-color":"var(--ast-global-color-5)","background-image":"","background-repeat":"repeat","background-position":"center center","background-size":"auto","background-attachment":"scroll","background-type":"","background-media":"","overlay-type":"","overlay-color":"","overlay-opacity":"","overlay-gradient":""},"mobile":{"background-color":"var(--ast-global-color-5)","background-image":"","background-repeat":"repeat","background-position":"center center","background-size":"auto","background-attachment":"scroll","background-type":"","background-media":"","overlay-type":"","overlay-color":"","overlay-opacity":"","overlay-gradient":""}}},"soort":[],"product_brand":[],"product_cat":[3125],"product_tag":[],"class_list":{"0":"post-52166","1":"product","2":"type-product","3":"status-publish","4":"has-post-thumbnail","6":"product_cat-oplegstenen","7":"pa_herkomst-china","8":"pa_soort-amethist","9":"pa_verkoopeenheid-per-100-gr","10":"desktop-align-center","11":"tablet-align-center","12":"mobile-align-center","13":"ast-product-gallery-layout-horizontal-slider","14":"ast-product-tabs-layout-horizontal","16":"first","17":"outofstock","18":"taxable","19":"shipping-taxable","20":"product-type-simple"},"acf":[],"_links":{"self":[{"href":"https:\/\/www.ruschmineralen.nl\/de\/wp-json\/wp\/v2\/product\/52166","targetHints":{"allow":["GET"]}}],"collection":[{"href":"https:\/\/www.ruschmineralen.nl\/de\/wp-json\/wp\/v2\/product"}],"about":[{"href":"https:\/\/www.ruschmineralen.nl\/de\/wp-json\/wp\/v2\/types\/product"}],"wp:featuredmedia":[{"embeddable":true,"href":"https:\/\/www.ruschmineralen.nl\/de\/wp-json\/wp\/v2\/media\/52230"}],"wp:attachment":[{"href":"https:\/\/www.ruschmineralen.nl\/de\/wp-json\/wp\/v2\/media?parent=52166"}],"wp:term":[{"taxonomy":"soort","embeddable":true,"href":"https:\/\/www.ruschmineralen.nl\/de\/wp-json\/wp\/v2\/soort?post=52166"},{"taxonomy":"product_brand","embeddable":true,"href":"https:\/\/www.ruschmineralen.nl\/de\/wp-json\/wp\/v2\/product_brand?post=52166"},{"taxonomy":"product_cat","embeddable":true,"href":"https:\/\/www.ruschmineralen.nl\/de\/wp-json\/wp\/v2\/product_cat?post=52166"},{"taxonomy":"product_tag","embeddable":true,"href":"https:\/\/www.ruschmineralen.nl\/de\/wp-json\/wp\/v2\/product_tag?post=52166"}],"curies":[{"name":"wp","href":"https:\/\/api.w.org\/{rel}","templated":true}]}}