{"id":52169,"date":"2025-04-29T15:22:52","date_gmt":"2025-04-29T13:22:52","guid":{"rendered":"https:\/\/www.ruschmineralen.nl\/?post_type=product&#038;p=52169"},"modified":"2026-04-12T20:45:52","modified_gmt":"2026-04-12T18:45:52","slug":"6754-rosenquarz-legesteine","status":"publish","type":"product","link":"https:\/\/www.ruschmineralen.nl\/de\/produkt\/6754-rosenquarz-legesteine\/","title":{"rendered":"Rosenquarz-Edelsteine"},"content":{"rendered":"<h2>Rosenquarz-Edelsteine<\/h2>\n<p><h3>Rosenquarz<\/h3>\n<p><a href=\"https:\/\/www.ruschmineralen.nl\/de\/typ\/rosenquarz\/\" target=\"_blank\">Rosenquarz<\/a> ist die rosafarbene Variante des Quarzes, die ihre Farbe Spuren von Titan, Eisen oder Mangan oder mikroskopisch kleinen Fasern eines anderen Minerals verdankt. Die Farbe reicht von zartem Blassrosa bis zu intensivem Rosa und ist in der Regel durchscheinend bis undurchsichtig, mit einem glasartigen Glanz. Rosenquarz wird h\u00e4ufig f\u00fcr Schmuck und als dekorativer Stein verwendet.<\/p>\n<p>Gr\u00f6\u00dfere Vorkommen gibt es in Brasilien, Madagaskar, S\u00fcdafrika und den Vereinigten Staaten. Das Mineral kommt in Pegmatiten und hydrothermalen Adern vor. Seine chemische Formel lautet SiO\u2082 und seine H\u00e4rte betr\u00e4gt 7 auf der Mohs-Skala. Eine seltene Variante ist der Sternrosenquarz, der in geschliffenen Cabochons aufgrund von feinen Rutileinschl\u00fcssen Sternchen aufweisen kann.<\/p>\n<p><small><strong>Quellen: <\/strong><br \/><a href=\"https:\/\/www.mindat.org\/min-3456.html\" target=\"_blank\" rel=\"noopener\">Mindat.org<\/a>, <a href=\"https:\/\/www.gemdat.org\/gem-3456.html\" target=\"_blank\" rel=\"noopener\">Gemdat.org<\/a>, <a href=\"https:\/\/en.wikipedia.org\/wiki\/Quartz#Rose_quartz\" target=\"_blank\" rel=\"noopener\">Wikipedia - Rosenquarz<\/a><\/small><\/p>\n<br \/>\n<h3>Imposante Ziegelsteine<\/h3>\n<p>Auflegesteine sind flache, getrommelte und glatt polierte (Edel-)Steine, die sich aufgrund ihrer ovalen bis runden Form und ihrer flachen Seiten zum Auflegen auf den K\u00f6rper eignen, zum Beispiel in einem Moment der Entspannung. Im Vergleich zu normalen Trommelsteinen und Taschensteinen haben Overlay-Steine eine flachere Form, wodurch sie gut an ihrem Platz bleiben. Trotz dieser Konsistenz handelt es sich um ein Naturprodukt, so dass es immer zu Abweichungen in Form, Farbe und Muster kommen kann. Dies kann von einer Steinart zur anderen variieren.<\/p>\n<p>Im Allgemeinen haben Overlays eine Gr\u00f6\u00dfe zwischen 3 und 4 cm und eine Dicke von etwa 1 cm. Fast alle unsere Overlays werden in China geschnitten, wo sie sorgf\u00e4ltig ausgew\u00e4hlt und verarbeitet werden. Die Produktfotos vermitteln einen guten Eindruck von dem, was Sie erwartet. Auflegesteine werden pro 100 g (1x) verkauft, bei einer Mindestbestellmenge von 200 g (2x).<\/p>\n<\/p>","protected":false},"excerpt":{"rendered":"<p>Rosenquarz-Edelsteine<\/p>","protected":false},"featured_media":52221,"template":"","meta":{"_acf_changed":false,"site-sidebar-layout":"default","site-content-layout":"","ast-site-content-layout":"default","site-content-style":"default","site-sidebar-style":"default","ast-global-header-display":"","ast-banner-title-visibility":"","ast-main-header-display":"","ast-hfb-above-header-display":"","ast-hfb-below-header-display":"","ast-hfb-mobile-header-display":"","site-post-title":"","ast-breadcrumbs-content":"","ast-featured-img":"","footer-sml-layout":"","theme-transparent-header-meta":"default","adv-header-id-meta":"","stick-header-meta":"default","header-above-stick-meta":"","header-main-stick-meta":"","header-below-stick-meta":"","astra-migrate-meta-layouts":"set","ast-page-background-enabled":"default","ast-page-background-meta":{"desktop":{"background-color":"var(--ast-global-color-4)","background-image":"","background-repeat":"repeat","background-position":"center center","background-size":"auto","background-attachment":"scroll","background-type":"","background-media":"","overlay-type":"","overlay-color":"","overlay-opacity":"","overlay-gradient":""},"tablet":{"background-color":"","background-image":"","background-repeat":"repeat","background-position":"center center","background-size":"auto","background-attachment":"scroll","background-type":"","background-media":"","overlay-type":"","overlay-color":"","overlay-opacity":"","overlay-gradient":""},"mobile":{"background-color":"","background-image":"","background-repeat":"repeat","background-position":"center center","background-size":"auto","background-attachment":"scroll","background-type":"","background-media":"","overlay-type":"","overlay-color":"","overlay-opacity":"","overlay-gradient":""}},"ast-content-background-meta":{"desktop":{"background-color":"var(--ast-global-color-5)","background-image":"","background-repeat":"repeat","background-position":"center center","background-size":"auto","background-attachment":"scroll","background-type":"","background-media":"","overlay-type":"","overlay-color":"","overlay-opacity":"","overlay-gradient":""},"tablet":{"background-color":"var(--ast-global-color-5)","background-image":"","background-repeat":"repeat","background-position":"center center","background-size":"auto","background-attachment":"scroll","background-type":"","background-media":"","overlay-type":"","overlay-color":"","overlay-opacity":"","overlay-gradient":""},"mobile":{"background-color":"var(--ast-global-color-5)","background-image":"","background-repeat":"repeat","background-position":"center center","background-size":"auto","background-attachment":"scroll","background-type":"","background-media":"","overlay-type":"","overlay-color":"","overlay-opacity":"","overlay-gradient":""}}},"soort":[],"product_brand":[],"product_cat":[3125],"product_tag":[],"class_list":{"0":"post-52169","1":"product","2":"type-product","3":"status-publish","4":"has-post-thumbnail","6":"product_cat-oplegstenen","7":"pa_herkomst-china","8":"pa_soort-rozenkwarts","9":"pa_verkoopeenheid-per-100-gr","10":"desktop-align-center","11":"tablet-align-center","12":"mobile-align-center","13":"ast-product-gallery-layout-horizontal-slider","14":"ast-product-tabs-layout-horizontal","16":"first","17":"instock","18":"taxable","19":"shipping-taxable","20":"product-type-simple"},"acf":[],"_links":{"self":[{"href":"https:\/\/www.ruschmineralen.nl\/de\/wp-json\/wp\/v2\/product\/52169","targetHints":{"allow":["GET"]}}],"collection":[{"href":"https:\/\/www.ruschmineralen.nl\/de\/wp-json\/wp\/v2\/product"}],"about":[{"href":"https:\/\/www.ruschmineralen.nl\/de\/wp-json\/wp\/v2\/types\/product"}],"wp:featuredmedia":[{"embeddable":true,"href":"https:\/\/www.ruschmineralen.nl\/de\/wp-json\/wp\/v2\/media\/52221"}],"wp:attachment":[{"href":"https:\/\/www.ruschmineralen.nl\/de\/wp-json\/wp\/v2\/media?parent=52169"}],"wp:term":[{"taxonomy":"soort","embeddable":true,"href":"https:\/\/www.ruschmineralen.nl\/de\/wp-json\/wp\/v2\/soort?post=52169"},{"taxonomy":"product_brand","embeddable":true,"href":"https:\/\/www.ruschmineralen.nl\/de\/wp-json\/wp\/v2\/product_brand?post=52169"},{"taxonomy":"product_cat","embeddable":true,"href":"https:\/\/www.ruschmineralen.nl\/de\/wp-json\/wp\/v2\/product_cat?post=52169"},{"taxonomy":"product_tag","embeddable":true,"href":"https:\/\/www.ruschmineralen.nl\/de\/wp-json\/wp\/v2\/product_tag?post=52169"}],"curies":[{"name":"wp","href":"https:\/\/api.w.org\/{rel}","templated":true}]}}