{"id":52170,"date":"2025-04-29T15:39:34","date_gmt":"2025-04-29T13:39:34","guid":{"rendered":"https:\/\/www.ruschmineralen.nl\/?post_type=product&#038;p=52170"},"modified":"2026-03-09T15:34:54","modified_gmt":"2026-03-09T14:34:54","slug":"6281-turmalin-quarz-overlays","status":"publish","type":"product","link":"https:\/\/www.ruschmineralen.nl\/de\/produkt\/6281-turmalin-quarz-overlays\/","title":{"rendered":"Turmalinquarz Edelsteine"},"content":{"rendered":"<h2>Turmalinquarz Edelsteine<\/h2>\n<p><h3>Turmalin<\/h3>\n<p><a href=\"https:\/\/www.ruschmineralen.nl\/de\/typ\/turmalin\/\" target=\"_blank\">Turmalin<\/a> ist eine Gruppe von Borsilikatmineralien mit einer komplexen chemischen Zusammensetzung und einer gro\u00dfen Farbvielfalt. Er kommt in praktisch allen Farben des Regenbogens vor, darunter Rosa, Gr\u00fcn, Blau, Schwarz und mehrfarbige Kombinationen. Diese Vielfalt macht den Turmalin zu einem der beliebtesten Edelsteine in der Schmuckwelt.<\/p>\n<p>Turmalin bildet sich in der Regel in Pegmatiten und metamorphen Gesteinen. Gr\u00f6\u00dfere Vorkommen gibt es in Brasilien, Afghanistan, Mosambik, Nigeria und in den Vereinigten Staaten. Die chemische Formel variiert, aber eine allgemeine Form ist (Ca,K,Na)(Al,Fe,Li,Mg,Mn)\u2083(Al,Cr,Fe,V)\u2086(BO\u2083)\u2083(Si,Al,B)\u2086O\u2081\u2088(OH,F)\u2084. Die H\u00e4rte liegt zwischen 7 und 7,5 auf der Mohs-Skala.<\/p>\n<p>Beliebte Variet\u00e4ten sind der schwarze Turmalin (Sch\u00f6rl), der rosafarbene Turmalin (Rubellit), der gr\u00fcne Turmalin (Verdelit) und der Wassermelonenturmalin (innen rosa, au\u00dfen gr\u00fcn).<\/p>\n<p><small><strong>Quellen: <\/strong><br \/><a href=\"https:\/\/www.mindat.org\/min-4003.html\" target=\"_blank\" rel=\"noopener\">Mindat.org<\/a>, <a href=\"https:\/\/www.gemdat.org\/gem-4003.html\" target=\"_blank\" rel=\"noopener\">Gemdat.org<\/a>, <a href=\"https:\/\/en.wikipedia.org\/wiki\/Tourmaline\" target=\"_blank\" rel=\"noopener\">Wikipedia - Turmalin<\/a><\/small><\/p>\n<br \/>\n<h3>Quarz<\/h3>\n<p><a href=\"https:\/\/www.ruschmineralen.nl\/de\/typ\/quarz\/\" target=\"_blank\">Quarz<\/a> ist eines der h\u00e4ufigsten und vielseitigsten Mineralien der Erde. Er kommt in einer Vielzahl von Formen und Farben vor, von klarem Bergkristall bis hin zu Rosenquarz, Rauchquarz und Amethyst. Quarz besteht aus Siliziumdioxid und kommt sowohl in magmatischem, metamorphem als auch in sediment\u00e4rem Gestein vor.<\/p>\n<p>Gro\u00dfe Vorkommen gibt es in Brasilien, Madagaskar, Indien, der Schweiz und den Vereinigten Staaten. Seine chemische Formel lautet SiO\u2082, und das Mineral hat eine H\u00e4rte von 7 auf der Mohs-Skala.<\/p>\n<p>Bekannte Sorten sind Bergkristall (farblos), Amethyst (violett), Rosenquarz (rosa), Rauchquarz (grau bis braun) und Citrin (gelb bis orange).<\/p>\n<p><small><strong>Quellen: <\/strong><br \/><a href=\"https:\/\/www.mindat.org\/min-3337.html\" target=\"_blank\" rel=\"noopener\">Mindat.org<\/a>, <a href=\"https:\/\/www.gemdat.org\/gem-3337.html\" target=\"_blank\" rel=\"noopener\">Gemdat.org<\/a>, <a href=\"https:\/\/en.wikipedia.org\/wiki\/Quartz\" target=\"_blank\" rel=\"noopener\">Wikipedia - Quarz<\/a><\/small><\/p>\n<br \/>\n<h3>Imposante Ziegelsteine<\/h3>\n<p>Auflegesteine sind flache, getrommelte und glatt polierte (Edel-)Steine, die sich aufgrund ihrer ovalen bis runden Form und ihrer flachen Seiten zum Auflegen auf den K\u00f6rper eignen, zum Beispiel in einem Moment der Entspannung. Im Vergleich zu normalen Trommelsteinen und Taschensteinen haben Overlay-Steine eine flachere Form, wodurch sie gut an ihrem Platz bleiben. Trotz dieser Konsistenz handelt es sich um ein Naturprodukt, so dass es immer zu Abweichungen in Form, Farbe und Muster kommen kann. Dies kann von einer Steinart zur anderen variieren.<\/p>\n<p>Im Allgemeinen haben Overlays eine Gr\u00f6\u00dfe zwischen 3 und 4 cm und eine Dicke von etwa 1 cm. Fast alle unsere Overlays werden in China geschnitten, wo sie sorgf\u00e4ltig ausgew\u00e4hlt und verarbeitet werden. Die Produktfotos vermitteln einen guten Eindruck von dem, was Sie erwartet. Auflegesteine werden pro 100 g (1x) verkauft, bei einer Mindestbestellmenge von 200 g (2x).<\/p>\n<\/p>","protected":false},"excerpt":{"rendered":"<p>Turmalinquarz Edelsteine<\/p>","protected":false},"featured_media":52218,"template":"","meta":{"_acf_changed":false,"site-sidebar-layout":"default","site-content-layout":"","ast-site-content-layout":"default","site-content-style":"default","site-sidebar-style":"default","ast-global-header-display":"","ast-banner-title-visibility":"","ast-main-header-display":"","ast-hfb-above-header-display":"","ast-hfb-below-header-display":"","ast-hfb-mobile-header-display":"","site-post-title":"","ast-breadcrumbs-content":"","ast-featured-img":"","footer-sml-layout":"","theme-transparent-header-meta":"default","adv-header-id-meta":"","stick-header-meta":"default","header-above-stick-meta":"","header-main-stick-meta":"","header-below-stick-meta":"","astra-migrate-meta-layouts":"set","ast-page-background-enabled":"default","ast-page-background-meta":{"desktop":{"background-color":"var(--ast-global-color-4)","background-image":"","background-repeat":"repeat","background-position":"center center","background-size":"auto","background-attachment":"scroll","background-type":"","background-media":"","overlay-type":"","overlay-color":"","overlay-opacity":"","overlay-gradient":""},"tablet":{"background-color":"","background-image":"","background-repeat":"repeat","background-position":"center center","background-size":"auto","background-attachment":"scroll","background-type":"","background-media":"","overlay-type":"","overlay-color":"","overlay-opacity":"","overlay-gradient":""},"mobile":{"background-color":"","background-image":"","background-repeat":"repeat","background-position":"center center","background-size":"auto","background-attachment":"scroll","background-type":"","background-media":"","overlay-type":"","overlay-color":"","overlay-opacity":"","overlay-gradient":""}},"ast-content-background-meta":{"desktop":{"background-color":"var(--ast-global-color-5)","background-image":"","background-repeat":"repeat","background-position":"center center","background-size":"auto","background-attachment":"scroll","background-type":"","background-media":"","overlay-type":"","overlay-color":"","overlay-opacity":"","overlay-gradient":""},"tablet":{"background-color":"var(--ast-global-color-5)","background-image":"","background-repeat":"repeat","background-position":"center center","background-size":"auto","background-attachment":"scroll","background-type":"","background-media":"","overlay-type":"","overlay-color":"","overlay-opacity":"","overlay-gradient":""},"mobile":{"background-color":"var(--ast-global-color-5)","background-image":"","background-repeat":"repeat","background-position":"center center","background-size":"auto","background-attachment":"scroll","background-type":"","background-media":"","overlay-type":"","overlay-color":"","overlay-opacity":"","overlay-gradient":""}}},"soort":[],"product_brand":[],"product_cat":[3125],"product_tag":[],"class_list":{"0":"post-52170","1":"product","2":"type-product","3":"status-publish","4":"has-post-thumbnail","6":"product_cat-oplegstenen","7":"pa_herkomst-china","8":"pa_soort-toermalijnkwarts","9":"pa_verkoopeenheid-per-100-gr","10":"desktop-align-center","11":"tablet-align-center","12":"mobile-align-center","13":"ast-product-gallery-layout-horizontal-slider","14":"ast-product-tabs-layout-horizontal","16":"first","17":"instock","18":"taxable","19":"shipping-taxable","20":"product-type-simple"},"acf":[],"_links":{"self":[{"href":"https:\/\/www.ruschmineralen.nl\/de\/wp-json\/wp\/v2\/product\/52170","targetHints":{"allow":["GET"]}}],"collection":[{"href":"https:\/\/www.ruschmineralen.nl\/de\/wp-json\/wp\/v2\/product"}],"about":[{"href":"https:\/\/www.ruschmineralen.nl\/de\/wp-json\/wp\/v2\/types\/product"}],"wp:featuredmedia":[{"embeddable":true,"href":"https:\/\/www.ruschmineralen.nl\/de\/wp-json\/wp\/v2\/media\/52218"}],"wp:attachment":[{"href":"https:\/\/www.ruschmineralen.nl\/de\/wp-json\/wp\/v2\/media?parent=52170"}],"wp:term":[{"taxonomy":"soort","embeddable":true,"href":"https:\/\/www.ruschmineralen.nl\/de\/wp-json\/wp\/v2\/soort?post=52170"},{"taxonomy":"product_brand","embeddable":true,"href":"https:\/\/www.ruschmineralen.nl\/de\/wp-json\/wp\/v2\/product_brand?post=52170"},{"taxonomy":"product_cat","embeddable":true,"href":"https:\/\/www.ruschmineralen.nl\/de\/wp-json\/wp\/v2\/product_cat?post=52170"},{"taxonomy":"product_tag","embeddable":true,"href":"https:\/\/www.ruschmineralen.nl\/de\/wp-json\/wp\/v2\/product_tag?post=52170"}],"curies":[{"name":"wp","href":"https:\/\/api.w.org\/{rel}","templated":true}]}}