{"id":52172,"date":"2025-04-29T15:44:44","date_gmt":"2025-04-29T13:44:44","guid":{"rendered":"https:\/\/www.ruschmineralen.nl\/?post_type=product&#038;p=52172"},"modified":"2025-08-07T11:58:25","modified_gmt":"2025-08-07T09:58:25","slug":"6513-amazonit-legesteine","status":"publish","type":"product","link":"https:\/\/www.ruschmineralen.nl\/de\/produkt\/6513-amazonit-legesteine\/","title":{"rendered":"Amazonit-Imitat-Steine"},"content":{"rendered":"<h2>Amazonit-Imitat-Steine<\/h2>\n<p><h3>Amazonit<\/h3>\n<p><a href=\"https:\/\/www.ruschmineralen.nl\/de\/typ\/amazonit\/\" target=\"_blank\">Amazonit<\/a> ist eine auff\u00e4llige Feldspatart, die f\u00fcr ihre charakteristische blaugr\u00fcne Farbe bekannt ist. Der Stein ist nach dem Amazonas benannt, obwohl es in diesem Gebiet keine bekannten Vorkommen gibt. Die Farbe reicht von zartem T\u00fcrkis bis zu tiefem Gr\u00fcnblau und wird durch das Vorhandensein von Blei und Wasser in der Kristallstruktur verursacht. H\u00e4ufig weist Amazonit ein leicht gestreiftes oder gesprenkeltes Muster auf, was zu seinem einzigartigen Aussehen beitr\u00e4gt.<\/p>\n<p>Zu den wichtigsten Vorkommen von Amazonit geh\u00f6ren Brasilien, Madagaskar, Russland und die Vereinigten Staaten. Die hellsten und am intensivsten gef\u00e4rbten Exemplare stammen h\u00e4ufig aus Colorado und Madagaskar. Geologisch gesehen bildet sich Amazonit in Pegmatiten, grobk\u00f6rnigen magmatischen Gesteinen, die reich an Mineralien sind. Die chemische Formel von Amazonit lautet K(AlSi\u2083O\u2088), und er geh\u00f6rt zu den Mikroklin-Feldsp\u00e4ten. Mit einer H\u00e4rte von 6 bis 6,5 auf der Mohs-Skala.<\/p>\n<p><small><strong>Quellen: <\/strong><a href=\"https:\/\/www.mindat.org\/min-184.html\" target=\"_blank\" rel=\"noopener\">Mindat.org<\/a>, <a href=\"https:\/\/www.gemdat.org\/gem-184.html\" target=\"_blank\" rel=\"noopener\">Gemdat.org<\/a>, <a href=\"https:\/\/en.wikipedia.org\/wiki\/Amazonite\" target=\"_blank\" rel=\"noopener\">Wikipedia - Amazonit<\/a><\/small><\/p>\n<br \/>\n<h3>Imposante Ziegelsteine<\/h3>\n<p>Auflegesteine sind flache, getrommelte und glatt polierte (Edel-)Steine, die sich aufgrund ihrer ovalen bis runden Form und ihrer flachen Seiten zum Auflegen auf den K\u00f6rper eignen, zum Beispiel in einem Moment der Entspannung. Im Vergleich zu normalen Trommelsteinen und Taschensteinen haben Overlay-Steine eine flachere Form, wodurch sie gut an ihrem Platz bleiben. Trotz dieser Konsistenz handelt es sich um ein Naturprodukt, so dass es immer zu Abweichungen in Form, Farbe und Muster kommen kann. Dies kann von einer Steinart zur anderen variieren.<\/p>\n<p>Im Allgemeinen haben Overlays eine Gr\u00f6\u00dfe zwischen 3 und 4 cm und eine Dicke von etwa 1 cm. Fast alle unsere Overlays werden in China geschnitten, wo sie sorgf\u00e4ltig ausgew\u00e4hlt und verarbeitet werden. Die Produktfotos vermitteln einen guten Eindruck von dem, was Sie erwartet. Auflegesteine werden pro 100 g (1x) verkauft, bei einer Mindestbestellmenge von 200 g (2x).<\/p>\n<\/p>","protected":false},"excerpt":{"rendered":"<p>Amazonit-Imitat-Steine<\/p>","protected":false},"featured_media":52212,"template":"","meta":{"_acf_changed":false,"site-sidebar-layout":"default","site-content-layout":"","ast-site-content-layout":"default","site-content-style":"default","site-sidebar-style":"default","ast-global-header-display":"","ast-banner-title-visibility":"","ast-main-header-display":"","ast-hfb-above-header-display":"","ast-hfb-below-header-display":"","ast-hfb-mobile-header-display":"","site-post-title":"","ast-breadcrumbs-content":"","ast-featured-img":"","footer-sml-layout":"","theme-transparent-header-meta":"default","adv-header-id-meta":"","stick-header-meta":"default","header-above-stick-meta":"","header-main-stick-meta":"","header-below-stick-meta":"","astra-migrate-meta-layouts":"set","ast-page-background-enabled":"default","ast-page-background-meta":{"desktop":{"background-color":"var(--ast-global-color-4)","background-image":"","background-repeat":"repeat","background-position":"center center","background-size":"auto","background-attachment":"scroll","background-type":"","background-media":"","overlay-type":"","overlay-color":"","overlay-opacity":"","overlay-gradient":""},"tablet":{"background-color":"","background-image":"","background-repeat":"repeat","background-position":"center center","background-size":"auto","background-attachment":"scroll","background-type":"","background-media":"","overlay-type":"","overlay-color":"","overlay-opacity":"","overlay-gradient":""},"mobile":{"background-color":"","background-image":"","background-repeat":"repeat","background-position":"center center","background-size":"auto","background-attachment":"scroll","background-type":"","background-media":"","overlay-type":"","overlay-color":"","overlay-opacity":"","overlay-gradient":""}},"ast-content-background-meta":{"desktop":{"background-color":"var(--ast-global-color-5)","background-image":"","background-repeat":"repeat","background-position":"center center","background-size":"auto","background-attachment":"scroll","background-type":"","background-media":"","overlay-type":"","overlay-color":"","overlay-opacity":"","overlay-gradient":""},"tablet":{"background-color":"var(--ast-global-color-5)","background-image":"","background-repeat":"repeat","background-position":"center center","background-size":"auto","background-attachment":"scroll","background-type":"","background-media":"","overlay-type":"","overlay-color":"","overlay-opacity":"","overlay-gradient":""},"mobile":{"background-color":"var(--ast-global-color-5)","background-image":"","background-repeat":"repeat","background-position":"center center","background-size":"auto","background-attachment":"scroll","background-type":"","background-media":"","overlay-type":"","overlay-color":"","overlay-opacity":"","overlay-gradient":""}}},"soort":[],"product_brand":[],"product_cat":[3125],"product_tag":[],"class_list":{"0":"post-52172","1":"product","2":"type-product","3":"status-publish","4":"has-post-thumbnail","6":"product_cat-oplegstenen","7":"pa_herkomst-china","8":"pa_soort-amazoniet","9":"pa_verkoopeenheid-per-100-gr","10":"desktop-align-center","11":"tablet-align-center","12":"mobile-align-center","13":"ast-product-gallery-layout-horizontal-slider","14":"ast-product-tabs-layout-horizontal","16":"first","17":"outofstock","18":"taxable","19":"shipping-taxable","20":"product-type-simple"},"acf":[],"_links":{"self":[{"href":"https:\/\/www.ruschmineralen.nl\/de\/wp-json\/wp\/v2\/product\/52172","targetHints":{"allow":["GET"]}}],"collection":[{"href":"https:\/\/www.ruschmineralen.nl\/de\/wp-json\/wp\/v2\/product"}],"about":[{"href":"https:\/\/www.ruschmineralen.nl\/de\/wp-json\/wp\/v2\/types\/product"}],"wp:featuredmedia":[{"embeddable":true,"href":"https:\/\/www.ruschmineralen.nl\/de\/wp-json\/wp\/v2\/media\/52212"}],"wp:attachment":[{"href":"https:\/\/www.ruschmineralen.nl\/de\/wp-json\/wp\/v2\/media?parent=52172"}],"wp:term":[{"taxonomy":"soort","embeddable":true,"href":"https:\/\/www.ruschmineralen.nl\/de\/wp-json\/wp\/v2\/soort?post=52172"},{"taxonomy":"product_brand","embeddable":true,"href":"https:\/\/www.ruschmineralen.nl\/de\/wp-json\/wp\/v2\/product_brand?post=52172"},{"taxonomy":"product_cat","embeddable":true,"href":"https:\/\/www.ruschmineralen.nl\/de\/wp-json\/wp\/v2\/product_cat?post=52172"},{"taxonomy":"product_tag","embeddable":true,"href":"https:\/\/www.ruschmineralen.nl\/de\/wp-json\/wp\/v2\/product_tag?post=52172"}],"curies":[{"name":"wp","href":"https:\/\/api.w.org\/{rel}","templated":true}]}}