{"id":52438,"date":"2025-05-08T14:15:35","date_gmt":"2025-05-08T12:15:35","guid":{"rendered":"https:\/\/www.ruschmineralen.nl\/?post_type=product&#038;p=52438"},"modified":"2026-01-15T10:21:35","modified_gmt":"2026-01-15T09:21:35","slug":"5928-roter-jaspis-durchbohrter-herz-anhanger-2-cm","status":"publish","type":"product","link":"https:\/\/www.ruschmineralen.nl\/de\/produkt\/5928-roter-jaspis-durchbohrter-herz-anhanger-2-cm\/","title":{"rendered":"Roter Jaspis durchbohrter Herz-Anh\u00e4nger | 2 cm"},"content":{"rendered":"<h2>Roter Jaspis durchbohrter Herz-Anh\u00e4nger 2 cm<\/h2>\n<p><h3>Jaspis<\/h3>\n<p><a href=\"https:\/\/www.ruschmineralen.nl\/de\/typ\/jaspis\/\" target=\"_blank\">Jaspis<\/a> ist eine dichte, feink\u00f6rnige Quarzsorte, die oft undurchsichtig ist und in vielen Farben erh\u00e4ltlich ist. Der Stein zeichnet sich durch seine einzigartigen Muster und Farbt\u00f6ne aus, die durch Einschl\u00fcsse von anderen Mineralien oder Oxiden entstehen. Jaspis bildet sich h\u00e4ufig in sediment\u00e4ren oder vulkanischen Umgebungen.<\/p>\n<p>Gro\u00dfe Vorkommen gibt es in Indien, Brasilien, Madagaskar und Australien. Seine chemische Formel lautet SiO\u2082, und er geh\u00f6rt zur Familie der Quarze. Seine H\u00e4rte betr\u00e4gt etwa 6,5 bis 7 auf der Mohs-Skala.<\/p>\n<p>Beliebte Sorten sind roter Jaspis, dalmatinischer Jaspis, Mookait-Jaspis, polychromer Jaspis, Breccia-Jaspis und Ozean-Jaspis.<\/p>\n<p><small><strong>Quellen: <\/strong><br \/><a href=\"https:\/\/www.mindat.org\/min-2082.html\" target=\"_blank\" rel=\"noopener\">Mindat.org<\/a>, <a href=\"https:\/\/www.gemdat.org\/gem-2082.html\" target=\"_blank\" rel=\"noopener\">Gemdat.org<\/a>, <a href=\"https:\/\/en.wikipedia.org\/wiki\/Jasper\" target=\"_blank\" rel=\"noopener\">Wikipedia - Jaspis<\/a><\/small><\/p>\n<br \/>\n<h3>Durchbohrte Anh\u00e4nger<\/h3>\n<p>Durchbohrte Anh\u00e4nger sind polierte und geschliffene (Edel-)Steine mit einer Bohrung, so dass sie leicht an einer Schnur oder Kette getragen werden k\u00f6nnen. Das macht sie zu einer beliebten Wahl f\u00fcr Schmuck. In den meisten F\u00e4llen werden die Anh\u00e4nger in der Breite durchbohrt, von links nach rechts.<\/p>\n<p>Die gepiercten Anh\u00e4nger sind in verschiedenen Formen und Gr\u00f6\u00dfen erh\u00e4ltlich, darunter Tropfen, Oval, Spitze und Herz. Ein Teil des Sortiments wird in China hergestellt, w\u00e4hrend andere Anh\u00e4nger aus Madagaskar stammen. Der Durchmesser der Anh\u00e4nger variiert je nach Modell und liegt normalerweise zwischen 2 und 4 mm. Wir verkaufen die durchbrochenen Anh\u00e4nger einzeln, wobei bei einigen eine Mindestbestellmenge von 5 St\u00fcck erforderlich ist. Leider haben wir derzeit keine passende Kordel oder Kette im Sortiment!<\/p>\n<\/p>","protected":false},"excerpt":{"rendered":"<p>Roter Jaspis durchbohrter Herz-Anh\u00e4nger 2 cm<\/p>","protected":false},"featured_media":52455,"template":"","meta":{"_acf_changed":false,"site-sidebar-layout":"default","site-content-layout":"","ast-site-content-layout":"default","site-content-style":"default","site-sidebar-style":"default","ast-global-header-display":"","ast-banner-title-visibility":"","ast-main-header-display":"","ast-hfb-above-header-display":"","ast-hfb-below-header-display":"","ast-hfb-mobile-header-display":"","site-post-title":"","ast-breadcrumbs-content":"","ast-featured-img":"","footer-sml-layout":"","theme-transparent-header-meta":"default","adv-header-id-meta":"","stick-header-meta":"default","header-above-stick-meta":"","header-main-stick-meta":"","header-below-stick-meta":"","astra-migrate-meta-layouts":"set","ast-page-background-enabled":"default","ast-page-background-meta":{"desktop":{"background-color":"var(--ast-global-color-4)","background-image":"","background-repeat":"repeat","background-position":"center center","background-size":"auto","background-attachment":"scroll","background-type":"","background-media":"","overlay-type":"","overlay-color":"","overlay-opacity":"","overlay-gradient":""},"tablet":{"background-color":"","background-image":"","background-repeat":"repeat","background-position":"center center","background-size":"auto","background-attachment":"scroll","background-type":"","background-media":"","overlay-type":"","overlay-color":"","overlay-opacity":"","overlay-gradient":""},"mobile":{"background-color":"","background-image":"","background-repeat":"repeat","background-position":"center center","background-size":"auto","background-attachment":"scroll","background-type":"","background-media":"","overlay-type":"","overlay-color":"","overlay-opacity":"","overlay-gradient":""}},"ast-content-background-meta":{"desktop":{"background-color":"var(--ast-global-color-5)","background-image":"","background-repeat":"repeat","background-position":"center center","background-size":"auto","background-attachment":"scroll","background-type":"","background-media":"","overlay-type":"","overlay-color":"","overlay-opacity":"","overlay-gradient":""},"tablet":{"background-color":"var(--ast-global-color-5)","background-image":"","background-repeat":"repeat","background-position":"center center","background-size":"auto","background-attachment":"scroll","background-type":"","background-media":"","overlay-type":"","overlay-color":"","overlay-opacity":"","overlay-gradient":""},"mobile":{"background-color":"var(--ast-global-color-5)","background-image":"","background-repeat":"repeat","background-position":"center center","background-size":"auto","background-attachment":"scroll","background-type":"","background-media":"","overlay-type":"","overlay-color":"","overlay-opacity":"","overlay-gradient":""}}},"soort":[],"product_brand":[],"product_cat":[1040,2989],"product_tag":[],"class_list":{"0":"post-52438","1":"product","2":"type-product","3":"status-publish","4":"has-post-thumbnail","6":"product_cat-doorboorde-hangers","7":"product_cat-harten-per-stuk","8":"pa_herkomst-china","9":"pa_maat-2-cm","10":"pa_soort-jaspis","11":"pa_soort-rode-jaspis","12":"pa_verkoopeenheid-per-stuk","13":"pa_vorm-doorboorde-hanger","14":"pa_vorm-hart","15":"desktop-align-center","16":"tablet-align-center","17":"mobile-align-center","18":"ast-product-gallery-layout-horizontal-slider","19":"ast-product-gallery-with-no-image","20":"ast-product-tabs-layout-horizontal","22":"first","23":"instock","24":"taxable","25":"shipping-taxable","26":"product-type-simple"},"acf":[],"_links":{"self":[{"href":"https:\/\/www.ruschmineralen.nl\/de\/wp-json\/wp\/v2\/product\/52438","targetHints":{"allow":["GET"]}}],"collection":[{"href":"https:\/\/www.ruschmineralen.nl\/de\/wp-json\/wp\/v2\/product"}],"about":[{"href":"https:\/\/www.ruschmineralen.nl\/de\/wp-json\/wp\/v2\/types\/product"}],"wp:featuredmedia":[{"embeddable":true,"href":"https:\/\/www.ruschmineralen.nl\/de\/wp-json\/wp\/v2\/media\/52455"}],"wp:attachment":[{"href":"https:\/\/www.ruschmineralen.nl\/de\/wp-json\/wp\/v2\/media?parent=52438"}],"wp:term":[{"taxonomy":"soort","embeddable":true,"href":"https:\/\/www.ruschmineralen.nl\/de\/wp-json\/wp\/v2\/soort?post=52438"},{"taxonomy":"product_brand","embeddable":true,"href":"https:\/\/www.ruschmineralen.nl\/de\/wp-json\/wp\/v2\/product_brand?post=52438"},{"taxonomy":"product_cat","embeddable":true,"href":"https:\/\/www.ruschmineralen.nl\/de\/wp-json\/wp\/v2\/product_cat?post=52438"},{"taxonomy":"product_tag","embeddable":true,"href":"https:\/\/www.ruschmineralen.nl\/de\/wp-json\/wp\/v2\/product_tag?post=52438"}],"curies":[{"name":"wp","href":"https:\/\/api.w.org\/{rel}","templated":true}]}}