{"id":52443,"date":"2025-05-08T14:19:09","date_gmt":"2025-05-08T12:19:09","guid":{"rendered":"https:\/\/www.ruschmineralen.nl\/?post_type=product&#038;p=52443"},"modified":"2026-04-09T08:56:02","modified_gmt":"2026-04-09T06:56:02","slug":"5934-blauer-apatit-durchbrochener-herz-anhanger-2-cm","status":"publish","type":"product","link":"https:\/\/www.ruschmineralen.nl\/de\/produkt\/5934-blauer-apatit-durchbrochener-herz-anhanger-2-cm\/","title":{"rendered":"Blauer Apatit durchbohrter Herz-Anh\u00e4nger | 2 cm"},"content":{"rendered":"<h2>Blauer Apatit durchbohrter Herz-Anh\u00e4nger 2 cm<\/h2>\n<p><h3>Apatit<\/h3>\n<p><a href=\"https:\/\/www.ruschmineralen.nl\/de\/typ\/apatit\/\" target=\"_blank\">Apatit<\/a> ist eine Gruppe von Phosphatmineralien, die meist in blaugr\u00fcnen bis gr\u00fcnen Farbt\u00f6nen vorkommen, aber auch gelbe, violette und farblose Varianten sind bekannt. Der Name stammt aus dem Griechischen <em>apate<\/em>Es bedeutet \"T\u00e4uschung\", da Apatit oft mit anderen Mineralien verwechselt wird. Es ist ein h\u00e4ufiger Bestandteil von phosphorreichem Gestein und spielt eine wichtige Rolle bei biologischen Prozessen, da es auch in Z\u00e4hnen und Knochen von Menschen und Tieren vorkommt.<\/p>\n<p>Gro\u00dfe Apatitvorkommen gibt es in Brasilien, Mexiko, Myanmar, Russland und Madagaskar. Das Mineral kommt sowohl in magmatischen als auch in metamorphen Gesteinen vor und ist auch in Phosphatlagerst\u00e4tten zu finden. Apatit hat die chemische Formel Ca\u2085(PO\u2084)\u2083(F,Cl,OH). Apatit hat eine H\u00e4rte von 5 auf der Mohs-Skala.<\/p>\n<p><small><strong>Quellen: <\/strong><a href=\"https:\/\/www.mindat.org\/min-29229.html\" target=\"_blank\" rel=\"noopener\">Mindat.org<\/a>, <a href=\"https:\/\/www.gemdat.org\/gem-29229.html\" target=\"_blank\" rel=\"noopener\">Gemdat.org<\/a>, <a href=\"https:\/\/en.wikipedia.org\/wiki\/Apatite\" target=\"_blank\" rel=\"noopener\">Wikipedia - Apatit<\/a><\/small><\/p>\n<br \/>\n<h3>Durchbohrte Anh\u00e4nger<\/h3>\n<p>Durchbohrte Anh\u00e4nger sind polierte und geschliffene (Edel-)Steine mit einer Bohrung, so dass sie leicht an einer Schnur oder Kette getragen werden k\u00f6nnen. Das macht sie zu einer beliebten Wahl f\u00fcr Schmuck. In den meisten F\u00e4llen werden die Anh\u00e4nger in der Breite durchbohrt, von links nach rechts.<\/p>\n<p>Die gepiercten Anh\u00e4nger sind in verschiedenen Formen und Gr\u00f6\u00dfen erh\u00e4ltlich, darunter Tropfen, Oval, Spitze und Herz. Ein Teil des Sortiments wird in China hergestellt, w\u00e4hrend andere Anh\u00e4nger aus Madagaskar stammen. Der Durchmesser der Anh\u00e4nger variiert je nach Modell und liegt normalerweise zwischen 2 und 4 mm. Wir verkaufen die durchbrochenen Anh\u00e4nger einzeln, wobei bei einigen eine Mindestbestellmenge von 5 St\u00fcck erforderlich ist. Leider haben wir derzeit keine passende Kordel oder Kette im Sortiment!<\/p>\n<\/p>","protected":false},"excerpt":{"rendered":"<p>Blauer Apatit durchbohrter Herz-Anh\u00e4nger 2 cm<\/p>","protected":false},"featured_media":52450,"template":"","meta":{"_acf_changed":false,"site-sidebar-layout":"default","site-content-layout":"","ast-site-content-layout":"default","site-content-style":"default","site-sidebar-style":"default","ast-global-header-display":"","ast-banner-title-visibility":"","ast-main-header-display":"","ast-hfb-above-header-display":"","ast-hfb-below-header-display":"","ast-hfb-mobile-header-display":"","site-post-title":"","ast-breadcrumbs-content":"","ast-featured-img":"","footer-sml-layout":"","theme-transparent-header-meta":"default","adv-header-id-meta":"","stick-header-meta":"default","header-above-stick-meta":"","header-main-stick-meta":"","header-below-stick-meta":"","astra-migrate-meta-layouts":"set","ast-page-background-enabled":"default","ast-page-background-meta":{"desktop":{"background-color":"var(--ast-global-color-4)","background-image":"","background-repeat":"repeat","background-position":"center center","background-size":"auto","background-attachment":"scroll","background-type":"","background-media":"","overlay-type":"","overlay-color":"","overlay-opacity":"","overlay-gradient":""},"tablet":{"background-color":"","background-image":"","background-repeat":"repeat","background-position":"center center","background-size":"auto","background-attachment":"scroll","background-type":"","background-media":"","overlay-type":"","overlay-color":"","overlay-opacity":"","overlay-gradient":""},"mobile":{"background-color":"","background-image":"","background-repeat":"repeat","background-position":"center center","background-size":"auto","background-attachment":"scroll","background-type":"","background-media":"","overlay-type":"","overlay-color":"","overlay-opacity":"","overlay-gradient":""}},"ast-content-background-meta":{"desktop":{"background-color":"var(--ast-global-color-5)","background-image":"","background-repeat":"repeat","background-position":"center center","background-size":"auto","background-attachment":"scroll","background-type":"","background-media":"","overlay-type":"","overlay-color":"","overlay-opacity":"","overlay-gradient":""},"tablet":{"background-color":"var(--ast-global-color-5)","background-image":"","background-repeat":"repeat","background-position":"center center","background-size":"auto","background-attachment":"scroll","background-type":"","background-media":"","overlay-type":"","overlay-color":"","overlay-opacity":"","overlay-gradient":""},"mobile":{"background-color":"var(--ast-global-color-5)","background-image":"","background-repeat":"repeat","background-position":"center center","background-size":"auto","background-attachment":"scroll","background-type":"","background-media":"","overlay-type":"","overlay-color":"","overlay-opacity":"","overlay-gradient":""}}},"soort":[],"product_brand":[],"product_cat":[1040,2989],"product_tag":[],"class_list":{"0":"post-52443","1":"product","2":"type-product","3":"status-publish","4":"has-post-thumbnail","6":"product_cat-doorboorde-hangers","7":"product_cat-harten-per-stuk","8":"pa_herkomst-china","9":"pa_maat-2-cm","10":"pa_soort-apatiet","11":"pa_soort-blauwe-apatiet","12":"pa_verkoopeenheid-per-stuk","13":"pa_vorm-doorboorde-hanger","14":"pa_vorm-hart","15":"desktop-align-center","16":"tablet-align-center","17":"mobile-align-center","18":"ast-product-gallery-layout-horizontal-slider","19":"ast-product-gallery-with-no-image","20":"ast-product-tabs-layout-horizontal","22":"first","23":"outofstock","24":"taxable","25":"shipping-taxable","26":"product-type-simple"},"acf":[],"_links":{"self":[{"href":"https:\/\/www.ruschmineralen.nl\/de\/wp-json\/wp\/v2\/product\/52443","targetHints":{"allow":["GET"]}}],"collection":[{"href":"https:\/\/www.ruschmineralen.nl\/de\/wp-json\/wp\/v2\/product"}],"about":[{"href":"https:\/\/www.ruschmineralen.nl\/de\/wp-json\/wp\/v2\/types\/product"}],"wp:featuredmedia":[{"embeddable":true,"href":"https:\/\/www.ruschmineralen.nl\/de\/wp-json\/wp\/v2\/media\/52450"}],"wp:attachment":[{"href":"https:\/\/www.ruschmineralen.nl\/de\/wp-json\/wp\/v2\/media?parent=52443"}],"wp:term":[{"taxonomy":"soort","embeddable":true,"href":"https:\/\/www.ruschmineralen.nl\/de\/wp-json\/wp\/v2\/soort?post=52443"},{"taxonomy":"product_brand","embeddable":true,"href":"https:\/\/www.ruschmineralen.nl\/de\/wp-json\/wp\/v2\/product_brand?post=52443"},{"taxonomy":"product_cat","embeddable":true,"href":"https:\/\/www.ruschmineralen.nl\/de\/wp-json\/wp\/v2\/product_cat?post=52443"},{"taxonomy":"product_tag","embeddable":true,"href":"https:\/\/www.ruschmineralen.nl\/de\/wp-json\/wp\/v2\/product_tag?post=52443"}],"curies":[{"name":"wp","href":"https:\/\/api.w.org\/{rel}","templated":true}]}}