{"id":53680,"date":"2025-05-27T14:00:00","date_gmt":"2025-05-27T12:00:00","guid":{"rendered":"https:\/\/www.ruschmineralen.nl\/product\/9309-mookaiet-jaspis-splitketting\/"},"modified":"2026-01-26T11:24:52","modified_gmt":"2026-01-26T10:24:52","slug":"9309-mookait-jaspis-gespaltene-halskette","status":"publish","type":"product","link":"https:\/\/www.ruschmineralen.nl\/de\/produkt\/9309-mookait-jaspis-gespaltene-halskette\/","title":{"rendered":"Mookaite Jaspis Split Halskette"},"content":{"rendered":"<h2>Mookaite Jaspis Split Halskette aus China<\/h2>\n<p><h3>Jaspis<\/h3>\n<p><a href=\"https:\/\/www.ruschmineralen.nl\/de\/typ\/jaspis\/\" target=\"_blank\">Jaspis<\/a> ist eine dichte, feink\u00f6rnige Quarzsorte, die oft undurchsichtig ist und in vielen Farben erh\u00e4ltlich ist. Der Stein zeichnet sich durch seine einzigartigen Muster und Farbt\u00f6ne aus, die durch Einschl\u00fcsse von anderen Mineralien oder Oxiden entstehen. Jaspis bildet sich h\u00e4ufig in sediment\u00e4ren oder vulkanischen Umgebungen.<\/p>\n<p>Gro\u00dfe Vorkommen gibt es in Indien, Brasilien, Madagaskar und Australien. Seine chemische Formel lautet SiO\u2082, und er geh\u00f6rt zur Familie der Quarze. Seine H\u00e4rte betr\u00e4gt etwa 6,5 bis 7 auf der Mohs-Skala.<\/p>\n<p>Beliebte Sorten sind roter Jaspis, dalmatinischer Jaspis, Mookait-Jaspis, polychromer Jaspis, Breccia-Jaspis und Ozean-Jaspis.<\/p>\n<p><small><strong>Quellen: <\/strong><br \/><a href=\"https:\/\/www.mindat.org\/min-2082.html\" target=\"_blank\" rel=\"noopener\">Mindat.org<\/a>, <a href=\"https:\/\/www.gemdat.org\/gem-2082.html\" target=\"_blank\" rel=\"noopener\">Gemdat.org<\/a>, <a href=\"https:\/\/en.wikipedia.org\/wiki\/Jasper\" target=\"_blank\" rel=\"noopener\">Wikipedia - Jaspis<\/a><\/small><\/p>\n<p> Unsere Halsketten sind in verschiedenen Ausf\u00fchrungen erh\u00e4ltlich, darunter facettierte, kugelf\u00f6rmige, geteilte und geknotete Halsketten. Derzeit sind alle Halsketten in unserem Sortiment 45 cm lang, was einer Standardtragel\u00e4nge f\u00fcr die meisten Halsgr\u00f6\u00dfen entspricht. Die verwendeten Perlen oder Splitter variieren in Form und Ausf\u00fchrung, was jeder Kette einen einzigartigen Charakter verleiht. <\/p>\n<p> Die Gr\u00f6\u00dfe der Perlen variiert je nach Art der Kette, von etwa 4 mm bei den feineren Modellen bis zu etwa 8 mm bei den etwas gr\u00f6beren Ausf\u00fchrungen. Bei gespaltenen Ketten werden ungleiche Steinst\u00fccke verwendet, wobei die Spaltung zwischen 5 und 10 mm variiert, was ein nat\u00fcrliches Aussehen ergibt. Bei geknoteten Halsketten wird ein Knoten zwischen den Perlen angebracht, der nicht nur dekorativ ist, sondern auch zur Festigkeit des Schmucks beitr\u00e4gt. <\/p>\n<p> Beachten Sie, dass nicht jede Sorte in allen Designs oder Perlengr\u00f6\u00dfen erh\u00e4ltlich ist. <\/p>\n<\/p>","protected":false},"excerpt":{"rendered":"<p>Mookaite Jaspis Split Halskette aus China<\/p>","protected":false},"featured_media":53631,"template":"","meta":{"_acf_changed":false,"site-sidebar-layout":"default","site-content-layout":"","ast-site-content-layout":"default","site-content-style":"default","site-sidebar-style":"default","ast-global-header-display":"","ast-banner-title-visibility":"","ast-main-header-display":"","ast-hfb-above-header-display":"","ast-hfb-below-header-display":"","ast-hfb-mobile-header-display":"","site-post-title":"","ast-breadcrumbs-content":"","ast-featured-img":"","footer-sml-layout":"","theme-transparent-header-meta":"","adv-header-id-meta":"","stick-header-meta":"","header-above-stick-meta":"","header-main-stick-meta":"","header-below-stick-meta":"","astra-migrate-meta-layouts":"default","ast-page-background-enabled":"default","ast-page-background-meta":{"desktop":{"background-color":"var(--ast-global-color-4)","background-image":"","background-repeat":"repeat","background-position":"center center","background-size":"auto","background-attachment":"scroll","background-type":"","background-media":"","overlay-type":"","overlay-color":"","overlay-opacity":"","overlay-gradient":""},"tablet":{"background-color":"","background-image":"","background-repeat":"repeat","background-position":"center center","background-size":"auto","background-attachment":"scroll","background-type":"","background-media":"","overlay-type":"","overlay-color":"","overlay-opacity":"","overlay-gradient":""},"mobile":{"background-color":"","background-image":"","background-repeat":"repeat","background-position":"center center","background-size":"auto","background-attachment":"scroll","background-type":"","background-media":"","overlay-type":"","overlay-color":"","overlay-opacity":"","overlay-gradient":""}},"ast-content-background-meta":{"desktop":{"background-color":"var(--ast-global-color-5)","background-image":"","background-repeat":"repeat","background-position":"center center","background-size":"auto","background-attachment":"scroll","background-type":"","background-media":"","overlay-type":"","overlay-color":"","overlay-opacity":"","overlay-gradient":""},"tablet":{"background-color":"var(--ast-global-color-5)","background-image":"","background-repeat":"repeat","background-position":"center center","background-size":"auto","background-attachment":"scroll","background-type":"","background-media":"","overlay-type":"","overlay-color":"","overlay-opacity":"","overlay-gradient":""},"mobile":{"background-color":"var(--ast-global-color-5)","background-image":"","background-repeat":"repeat","background-position":"center center","background-size":"auto","background-attachment":"scroll","background-type":"","background-media":"","overlay-type":"","overlay-color":"","overlay-opacity":"","overlay-gradient":""}}},"soort":[],"product_brand":[],"product_cat":[3025],"product_tag":[],"class_list":{"0":"post-53680","1":"product","2":"type-product","3":"status-publish","4":"has-post-thumbnail","6":"product_cat-splitkettingen","7":"pa_herkomst-china","8":"pa_maat-45-cm","9":"pa_maat-split","10":"pa_soort-jaspis","11":"pa_soort-mookaiet-jaspis","12":"pa_verkoopeenheid-per-stuk","13":"pa_vorm-ketting","14":"pa_vorm-splitketting","15":"desktop-align-center","16":"tablet-align-center","17":"mobile-align-center","18":"ast-product-gallery-layout-horizontal-slider","19":"ast-product-tabs-layout-horizontal","21":"first","22":"instock","23":"taxable","24":"shipping-taxable","25":"product-type-simple"},"acf":[],"_links":{"self":[{"href":"https:\/\/www.ruschmineralen.nl\/de\/wp-json\/wp\/v2\/product\/53680","targetHints":{"allow":["GET"]}}],"collection":[{"href":"https:\/\/www.ruschmineralen.nl\/de\/wp-json\/wp\/v2\/product"}],"about":[{"href":"https:\/\/www.ruschmineralen.nl\/de\/wp-json\/wp\/v2\/types\/product"}],"wp:featuredmedia":[{"embeddable":true,"href":"https:\/\/www.ruschmineralen.nl\/de\/wp-json\/wp\/v2\/media\/53631"}],"wp:attachment":[{"href":"https:\/\/www.ruschmineralen.nl\/de\/wp-json\/wp\/v2\/media?parent=53680"}],"wp:term":[{"taxonomy":"soort","embeddable":true,"href":"https:\/\/www.ruschmineralen.nl\/de\/wp-json\/wp\/v2\/soort?post=53680"},{"taxonomy":"product_brand","embeddable":true,"href":"https:\/\/www.ruschmineralen.nl\/de\/wp-json\/wp\/v2\/product_brand?post=53680"},{"taxonomy":"product_cat","embeddable":true,"href":"https:\/\/www.ruschmineralen.nl\/de\/wp-json\/wp\/v2\/product_cat?post=53680"},{"taxonomy":"product_tag","embeddable":true,"href":"https:\/\/www.ruschmineralen.nl\/de\/wp-json\/wp\/v2\/product_tag?post=53680"}],"curies":[{"name":"wp","href":"https:\/\/api.w.org\/{rel}","templated":true}]}}