{"id":53682,"date":"2025-05-27T14:00:00","date_gmt":"2025-05-27T12:00:00","guid":{"rendered":"https:\/\/www.ruschmineralen.nl\/product\/9311-witte-maansteen-splitketting\/"},"modified":"2025-12-11T15:06:51","modified_gmt":"2025-12-11T14:06:51","slug":"9311-weise-mondsteinspaltkette","status":"publish","type":"product","link":"https:\/\/www.ruschmineralen.nl\/de\/produkt\/9311-weise-mondsteinspaltkette\/","title":{"rendered":"Wei\u00dfe Mondstein Split-Halskette"},"content":{"rendered":"<h2>Wei\u00dfe Mondstein Split Halskette aus China<\/h2>\n<p><h3>Mondstein<\/h3>\n<p><a href=\"https:\/\/www.ruschmineralen.nl\/de\/typ\/mondstein\/\" target=\"_blank\">Mondstein<\/a> ist eine schimmernde Feldspatvariet\u00e4t, die f\u00fcr den optischen Effekt der Adulareszenz bekannt ist - ein sanftes, leuchtendes Gl\u00fchen direkt unter der Oberfl\u00e4che des Steins. Die Farbe reicht von farblos bis wei\u00df, pfirsichfarben, grau oder blau, oft mit einem charakteristischen Schimmer.<\/p>\n<p>Zu den wichtigsten Vorkommen geh\u00f6ren Sri Lanka, Indien, Madagaskar und Myanmar. Mondstein geh\u00f6rt zur Orthoklas- und Albitgruppe innerhalb der Feldsp\u00e4te und hat die chemische Formel KAlSi\u2083O\u2088. Er hat eine H\u00e4rte von 6 bis 6,5 auf der Mohs-Skala.<\/p>\n<p>Rosa Mondstein, schwarzer Mondstein und Regenbogenmondstein sind sehr begehrte Sorten, jede mit ihrem eigenen Glanzeffekt und Farbton.<\/p>\n<p><small><strong>Quellen: <\/strong><br \/><a href=\"https:\/\/www.mindat.org\/min-2774.html\" target=\"_blank\" rel=\"noopener\">Mindat.org<\/a>, <a href=\"https:\/\/www.gemdat.org\/gem-2774.html\" target=\"_blank\" rel=\"noopener\">Gemdat.org<\/a>, <a href=\"https:\/\/en.wikipedia.org\/wiki\/Moonstone_(gemstone)\" target=\"_blank\" rel=\"noopener\">Wikipedia - Mondstein<\/a><\/small><\/p>\n<p> Unsere Halsketten sind in verschiedenen Ausf\u00fchrungen erh\u00e4ltlich, darunter facettierte, kugelf\u00f6rmige, geteilte und geknotete Halsketten. Derzeit sind alle Halsketten in unserem Sortiment 45 cm lang, was einer Standardtragel\u00e4nge f\u00fcr die meisten Halsgr\u00f6\u00dfen entspricht. Die verwendeten Perlen oder Splitter variieren in Form und Ausf\u00fchrung, was jeder Kette einen einzigartigen Charakter verleiht. <\/p>\n<p> Die Gr\u00f6\u00dfe der Perlen variiert je nach Art der Kette, von etwa 4 mm bei den feineren Modellen bis zu etwa 8 mm bei den etwas gr\u00f6beren Ausf\u00fchrungen. Bei gespaltenen Ketten werden ungleiche Steinst\u00fccke verwendet, wobei die Spaltung zwischen 5 und 10 mm variiert, was ein nat\u00fcrliches Aussehen ergibt. Bei geknoteten Halsketten wird ein Knoten zwischen den Perlen angebracht, der nicht nur dekorativ ist, sondern auch zur Festigkeit des Schmucks beitr\u00e4gt. <\/p>\n<p> Beachten Sie, dass nicht jede Sorte in allen Designs oder Perlengr\u00f6\u00dfen erh\u00e4ltlich ist. <\/p>\n<\/p>","protected":false},"excerpt":{"rendered":"<p>Wei\u00dfe Mondstein Split Halskette aus China<\/p>","protected":false},"featured_media":53627,"template":"","meta":{"_acf_changed":false,"site-sidebar-layout":"default","site-content-layout":"","ast-site-content-layout":"default","site-content-style":"default","site-sidebar-style":"default","ast-global-header-display":"","ast-banner-title-visibility":"","ast-main-header-display":"","ast-hfb-above-header-display":"","ast-hfb-below-header-display":"","ast-hfb-mobile-header-display":"","site-post-title":"","ast-breadcrumbs-content":"","ast-featured-img":"","footer-sml-layout":"","theme-transparent-header-meta":"","adv-header-id-meta":"","stick-header-meta":"","header-above-stick-meta":"","header-main-stick-meta":"","header-below-stick-meta":"","astra-migrate-meta-layouts":"default","ast-page-background-enabled":"default","ast-page-background-meta":{"desktop":{"background-color":"var(--ast-global-color-4)","background-image":"","background-repeat":"repeat","background-position":"center center","background-size":"auto","background-attachment":"scroll","background-type":"","background-media":"","overlay-type":"","overlay-color":"","overlay-opacity":"","overlay-gradient":""},"tablet":{"background-color":"","background-image":"","background-repeat":"repeat","background-position":"center center","background-size":"auto","background-attachment":"scroll","background-type":"","background-media":"","overlay-type":"","overlay-color":"","overlay-opacity":"","overlay-gradient":""},"mobile":{"background-color":"","background-image":"","background-repeat":"repeat","background-position":"center center","background-size":"auto","background-attachment":"scroll","background-type":"","background-media":"","overlay-type":"","overlay-color":"","overlay-opacity":"","overlay-gradient":""}},"ast-content-background-meta":{"desktop":{"background-color":"var(--ast-global-color-5)","background-image":"","background-repeat":"repeat","background-position":"center center","background-size":"auto","background-attachment":"scroll","background-type":"","background-media":"","overlay-type":"","overlay-color":"","overlay-opacity":"","overlay-gradient":""},"tablet":{"background-color":"var(--ast-global-color-5)","background-image":"","background-repeat":"repeat","background-position":"center center","background-size":"auto","background-attachment":"scroll","background-type":"","background-media":"","overlay-type":"","overlay-color":"","overlay-opacity":"","overlay-gradient":""},"mobile":{"background-color":"var(--ast-global-color-5)","background-image":"","background-repeat":"repeat","background-position":"center center","background-size":"auto","background-attachment":"scroll","background-type":"","background-media":"","overlay-type":"","overlay-color":"","overlay-opacity":"","overlay-gradient":""}}},"soort":[],"product_brand":[],"product_cat":[3025],"product_tag":[],"class_list":{"0":"post-53682","1":"product","2":"type-product","3":"status-publish","4":"has-post-thumbnail","6":"product_cat-splitkettingen","7":"pa_herkomst-china","8":"pa_maat-45-cm","9":"pa_maat-split","10":"pa_soort-maansteen","11":"pa_soort-witte-maansteen","12":"pa_verkoopeenheid-per-stuk","13":"pa_vorm-ketting","14":"pa_vorm-splitketting","15":"desktop-align-center","16":"tablet-align-center","17":"mobile-align-center","18":"ast-product-gallery-layout-horizontal-slider","19":"ast-product-tabs-layout-horizontal","21":"first","22":"outofstock","23":"taxable","24":"shipping-taxable","25":"product-type-simple"},"acf":[],"_links":{"self":[{"href":"https:\/\/www.ruschmineralen.nl\/de\/wp-json\/wp\/v2\/product\/53682","targetHints":{"allow":["GET"]}}],"collection":[{"href":"https:\/\/www.ruschmineralen.nl\/de\/wp-json\/wp\/v2\/product"}],"about":[{"href":"https:\/\/www.ruschmineralen.nl\/de\/wp-json\/wp\/v2\/types\/product"}],"wp:featuredmedia":[{"embeddable":true,"href":"https:\/\/www.ruschmineralen.nl\/de\/wp-json\/wp\/v2\/media\/53627"}],"wp:attachment":[{"href":"https:\/\/www.ruschmineralen.nl\/de\/wp-json\/wp\/v2\/media?parent=53682"}],"wp:term":[{"taxonomy":"soort","embeddable":true,"href":"https:\/\/www.ruschmineralen.nl\/de\/wp-json\/wp\/v2\/soort?post=53682"},{"taxonomy":"product_brand","embeddable":true,"href":"https:\/\/www.ruschmineralen.nl\/de\/wp-json\/wp\/v2\/product_brand?post=53682"},{"taxonomy":"product_cat","embeddable":true,"href":"https:\/\/www.ruschmineralen.nl\/de\/wp-json\/wp\/v2\/product_cat?post=53682"},{"taxonomy":"product_tag","embeddable":true,"href":"https:\/\/www.ruschmineralen.nl\/de\/wp-json\/wp\/v2\/product_tag?post=53682"}],"curies":[{"name":"wp","href":"https:\/\/api.w.org\/{rel}","templated":true}]}}