{"id":53829,"date":"2025-05-27T16:00:00","date_gmt":"2025-05-27T14:00:00","guid":{"rendered":"https:\/\/www.ruschmineralen.nl\/product\/5977-bronziet-doorboorde-hanger\/"},"modified":"2026-03-09T15:34:58","modified_gmt":"2026-03-09T14:34:58","slug":"5977-bronzit-anhanger-durchbohrt","status":"publish","type":"product","link":"https:\/\/www.ruschmineralen.nl\/de\/produkt\/5977-bronzit-anhanger-durchbohrt\/","title":{"rendered":"Bronzit durchbohrter Anh\u00e4nger"},"content":{"rendered":"<h2>Bronzit-Anh\u00e4nger mit Lochmuster aus China<\/h2>\n<p><h3>Bronzit<\/h3>\n<p><a href=\"https:\/\/www.ruschmineralen.nl\/de\/typ\/bronzit\/\" target=\"_blank\">Bronzit<\/a> ist ein braun-goldenes Mineral aus der Gruppe der Pyroxene. Es zeichnet sich durch seinen Seidenglanz und sein metallisches Aussehen aus, das durch feine Eiseneinschl\u00fcsse verursacht wird. Seine Farbe reicht von Olivbraun bis Dunkelbraun mit goldenen Reflexen, was Bronzit zu einem beliebten Dekorationsmaterial macht.<\/p>\n<p>Das Mineral kommt u. a. in Indien, Brasilien, \u00d6sterreich und den Vereinigten Staaten vor. Bronzit ist eine eisenhaltige Variet\u00e4t von Enstatit mit der Formel (Mg,Fe)\u2082Si\u2082O\u2086. Es bildet sich in metamorphen und magmatischen Gesteinen und hat eine H\u00e4rte von 5,5 bis 6 auf der Mohs-Skala.<\/p>\n<p><small><strong>Quellen: <\/strong><br \/><a href=\"https:\/\/www.mindat.org\/min-5293.html\" target=\"_blank\" rel=\"noopener\">Mindat.org<\/a>, <a href=\"https:\/\/www.gemdat.org\/gem-5293.html\" target=\"_blank\" rel=\"noopener\">Gemdat.org<\/a>, <a href=\"https:\/\/en.wikipedia.org\/wiki\/Bronzite\" target=\"_blank\" rel=\"noopener\">Wikipedia - Bronzit<\/a><\/small><\/p>\n<h3>Durchbohrte Anh\u00e4nger<\/h3>\n<p>Durchbohrte Anh\u00e4nger sind polierte und geschliffene (Edel-)Steine mit einer Bohrung, so dass sie leicht an einer Schnur oder Kette getragen werden k\u00f6nnen. Das macht sie zu einer beliebten Wahl f\u00fcr Schmuck. In den meisten F\u00e4llen werden die Anh\u00e4nger in der Breite durchbohrt, von links nach rechts.<\/p>\n<p>Die gepiercten Anh\u00e4nger sind in verschiedenen Formen und Gr\u00f6\u00dfen erh\u00e4ltlich, darunter Tropfen, Oval, Spitze und Herz. Ein Teil des Sortiments wird in China hergestellt, w\u00e4hrend andere Anh\u00e4nger aus Madagaskar stammen. Der Durchmesser der Anh\u00e4nger variiert je nach Modell und liegt normalerweise zwischen 2 und 4 mm. Wir verkaufen die durchbrochenen Anh\u00e4nger einzeln, wobei bei einigen eine Mindestbestellmenge von 5 St\u00fcck erforderlich ist. Leider haben wir derzeit keine passende Kordel oder Kette im Sortiment!<\/p>\n<\/p>","protected":false},"excerpt":{"rendered":"<p>Bronzit-Anh\u00e4nger mit Lochmuster aus China<\/p>","protected":false},"featured_media":53780,"template":"","meta":{"_acf_changed":false,"site-sidebar-layout":"default","site-content-layout":"","ast-site-content-layout":"default","site-content-style":"default","site-sidebar-style":"default","ast-global-header-display":"","ast-banner-title-visibility":"","ast-main-header-display":"","ast-hfb-above-header-display":"","ast-hfb-below-header-display":"","ast-hfb-mobile-header-display":"","site-post-title":"","ast-breadcrumbs-content":"","ast-featured-img":"","footer-sml-layout":"","theme-transparent-header-meta":"default","adv-header-id-meta":"","stick-header-meta":"default","header-above-stick-meta":"","header-main-stick-meta":"","header-below-stick-meta":"","astra-migrate-meta-layouts":"set","ast-page-background-enabled":"default","ast-page-background-meta":{"desktop":{"background-color":"var(--ast-global-color-4)","background-image":"","background-repeat":"repeat","background-position":"center center","background-size":"auto","background-attachment":"scroll","background-type":"","background-media":"","overlay-type":"","overlay-color":"","overlay-opacity":"","overlay-gradient":""},"tablet":{"background-color":"","background-image":"","background-repeat":"repeat","background-position":"center center","background-size":"auto","background-attachment":"scroll","background-type":"","background-media":"","overlay-type":"","overlay-color":"","overlay-opacity":"","overlay-gradient":""},"mobile":{"background-color":"","background-image":"","background-repeat":"repeat","background-position":"center center","background-size":"auto","background-attachment":"scroll","background-type":"","background-media":"","overlay-type":"","overlay-color":"","overlay-opacity":"","overlay-gradient":""}},"ast-content-background-meta":{"desktop":{"background-color":"var(--ast-global-color-5)","background-image":"","background-repeat":"repeat","background-position":"center center","background-size":"auto","background-attachment":"scroll","background-type":"","background-media":"","overlay-type":"","overlay-color":"","overlay-opacity":"","overlay-gradient":""},"tablet":{"background-color":"var(--ast-global-color-5)","background-image":"","background-repeat":"repeat","background-position":"center center","background-size":"auto","background-attachment":"scroll","background-type":"","background-media":"","overlay-type":"","overlay-color":"","overlay-opacity":"","overlay-gradient":""},"mobile":{"background-color":"var(--ast-global-color-5)","background-image":"","background-repeat":"repeat","background-position":"center center","background-size":"auto","background-attachment":"scroll","background-type":"","background-media":"","overlay-type":"","overlay-color":"","overlay-opacity":"","overlay-gradient":""}}},"soort":[],"product_brand":[],"product_cat":[1040],"product_tag":[],"class_list":{"0":"post-53829","1":"product","2":"type-product","3":"status-publish","4":"has-post-thumbnail","6":"product_cat-doorboorde-hangers","7":"pa_herkomst-china","8":"pa_soort-bronziet","9":"pa_verkoopeenheid-per-stuk","10":"pa_vorm-doorboorde-hanger","11":"pa_vorm-hanger","12":"desktop-align-center","13":"tablet-align-center","14":"mobile-align-center","15":"ast-product-gallery-layout-horizontal-slider","16":"ast-product-tabs-layout-horizontal","18":"first","19":"instock","20":"taxable","21":"shipping-taxable","22":"product-type-simple"},"acf":[],"_links":{"self":[{"href":"https:\/\/www.ruschmineralen.nl\/de\/wp-json\/wp\/v2\/product\/53829","targetHints":{"allow":["GET"]}}],"collection":[{"href":"https:\/\/www.ruschmineralen.nl\/de\/wp-json\/wp\/v2\/product"}],"about":[{"href":"https:\/\/www.ruschmineralen.nl\/de\/wp-json\/wp\/v2\/types\/product"}],"wp:featuredmedia":[{"embeddable":true,"href":"https:\/\/www.ruschmineralen.nl\/de\/wp-json\/wp\/v2\/media\/53780"}],"wp:attachment":[{"href":"https:\/\/www.ruschmineralen.nl\/de\/wp-json\/wp\/v2\/media?parent=53829"}],"wp:term":[{"taxonomy":"soort","embeddable":true,"href":"https:\/\/www.ruschmineralen.nl\/de\/wp-json\/wp\/v2\/soort?post=53829"},{"taxonomy":"product_brand","embeddable":true,"href":"https:\/\/www.ruschmineralen.nl\/de\/wp-json\/wp\/v2\/product_brand?post=53829"},{"taxonomy":"product_cat","embeddable":true,"href":"https:\/\/www.ruschmineralen.nl\/de\/wp-json\/wp\/v2\/product_cat?post=53829"},{"taxonomy":"product_tag","embeddable":true,"href":"https:\/\/www.ruschmineralen.nl\/de\/wp-json\/wp\/v2\/product_tag?post=53829"}],"curies":[{"name":"wp","href":"https:\/\/api.w.org\/{rel}","templated":true}]}}