{"id":54013,"date":"2025-06-03T17:00:00","date_gmt":"2025-06-03T15:00:00","guid":{"rendered":"https:\/\/www.ruschmineralen.nl\/product\/5851-amethist-geluksflesje\/"},"modified":"2026-04-13T14:55:51","modified_gmt":"2026-04-13T12:55:51","slug":"5851-amethyst-glucksflasche","status":"publish","type":"product","link":"https:\/\/www.ruschmineralen.nl\/de\/produkt\/5851-amethyst-glucksflasche\/","title":{"rendered":"Amethyst-Gl\u00fccksflasche"},"content":{"rendered":"<h2>Amethyst-Gl\u00fccksflasche aus China<\/h2>\n<p><h3>Amethyst<\/h3>\n<p><a href=\"https:\/\/www.ruschmineralen.nl\/de\/typ\/amethyst\/\" target=\"_blank\">Amethyst<\/a> ist die violette Variet\u00e4t von Quarz, die durch Spuren von Eisen und nat\u00fcrliche Strahlung gef\u00e4rbt wird. Seine Farbe reicht von blassem Violett bis zu tiefem Purpur, und er kristallisiert oft in sechseckigen Prismen. Amethyst wird wegen seiner attraktiven Farbe und Transparenz h\u00e4ufig als Edelstein und Dekorationsmaterial verwendet.<\/p>\n<p>Gro\u00dfe Vorkommen gibt es in Brasilien, Uruguay, Sambia, Madagaskar und Russland. Das Mineral bildet sich in hydrothermalen Adern und magmatischen Gesteinen wie Basalt, wo es Kristalle in Geoden bildet. Seine chemische Formel lautet SiO\u2082 und seine H\u00e4rte betr\u00e4gt 7 auf der Mohs-Skala. Varianten wie der Chevron-Amethyst und der sibirische Amethyst sind wegen ihrer Muster oder ihrer tiefen Farbe beliebt.<\/p>\n<p><small><strong>Quellen: <\/strong><br \/><a href=\"https:\/\/www.mindat.org\/min-198.html\" target=\"_blank\" rel=\"noopener\">Mindat.org<\/a>, <a href=\"https:\/\/www.gemdat.org\/gem-198.html\" target=\"_blank\" rel=\"noopener\">Gemdat.org<\/a>, <a href=\"https:\/\/en.wikipedia.org\/wiki\/Amethyst\" target=\"_blank\" rel=\"noopener\">Wikipedia - Amethyst<\/a><\/small><\/p>\n<h3>Selenit<\/h3>\n<p><a href=\"https:\/\/www.ruschmineralen.nl\/de\/typ\/selenit\/\" target=\"_blank\">Selenit<\/a> ist eine klare bis durchscheinende Variante des Minerals Gips (CaSO\u2084-2H\u2082O). Er ist bekannt f\u00fcr seinen glasigen bis perligen Glanz und seine oft faserige Struktur. Eine h\u00e4ufige Form ist der Selenit, der einen Seidenglanz hat und in langen, faserigen Kristallen vorkommt. Trotz seines Namens hat Selenit nichts mit dem Element Selen zu tun; der Name leitet sich vom griechischen Wort f\u00fcr Mond ab, wegen seines weichen Glanzes.<\/p>\n<p>Selenit bildet sich in sediment\u00e4ren Umgebungen w\u00e4hrend der Verdunstung von Meerwasser und ist in L\u00e4ndern wie Mexiko, Marokko, den USA und Australien zu finden. Es ist ein weiches Mineral mit einer H\u00e4rte von 2 auf der Mohs-Skala, so dass es sich leicht von Hand bearbeiten l\u00e4sst. Fast der gesamte auf dem niederl\u00e4ndischen Markt verkaufte Selenit ist Satinspat; Selenit ist jedoch ein vom Markt akzeptierter Handelsname.<\/p>\n<p><small><strong>Quellen: <\/strong><br \/><a href=\"https:\/\/www.mindat.org\/min-8573.html\" target=\"_blank\" rel=\"noopener\">Mindat.org<\/a>, <a href=\"https:\/\/www.gemdat.org\/gem-8573.html\" target=\"_blank\" rel=\"noopener\">Gemdat.org<\/a>, <a href=\"https:\/\/en.wikipedia.org\/wiki\/Selenite_(mineral)\" target=\"_blank\" rel=\"noopener\">Wikipedia - Selenit<\/a><\/small><\/p>\n<\/p>","protected":false},"excerpt":{"rendered":"<p>Amethyst-Gl\u00fccksflasche aus China<\/p>","protected":false},"featured_media":53891,"template":"","meta":{"_acf_changed":false,"site-sidebar-layout":"default","site-content-layout":"","ast-site-content-layout":"default","site-content-style":"default","site-sidebar-style":"default","ast-global-header-display":"","ast-banner-title-visibility":"","ast-main-header-display":"","ast-hfb-above-header-display":"","ast-hfb-below-header-display":"","ast-hfb-mobile-header-display":"","site-post-title":"","ast-breadcrumbs-content":"","ast-featured-img":"","footer-sml-layout":"","theme-transparent-header-meta":"","adv-header-id-meta":"","stick-header-meta":"","header-above-stick-meta":"","header-main-stick-meta":"","header-below-stick-meta":"","astra-migrate-meta-layouts":"default","ast-page-background-enabled":"default","ast-page-background-meta":{"desktop":{"background-color":"var(--ast-global-color-4)","background-image":"","background-repeat":"repeat","background-position":"center center","background-size":"auto","background-attachment":"scroll","background-type":"","background-media":"","overlay-type":"","overlay-color":"","overlay-opacity":"","overlay-gradient":""},"tablet":{"background-color":"","background-image":"","background-repeat":"repeat","background-position":"center center","background-size":"auto","background-attachment":"scroll","background-type":"","background-media":"","overlay-type":"","overlay-color":"","overlay-opacity":"","overlay-gradient":""},"mobile":{"background-color":"","background-image":"","background-repeat":"repeat","background-position":"center center","background-size":"auto","background-attachment":"scroll","background-type":"","background-media":"","overlay-type":"","overlay-color":"","overlay-opacity":"","overlay-gradient":""}},"ast-content-background-meta":{"desktop":{"background-color":"var(--ast-global-color-5)","background-image":"","background-repeat":"repeat","background-position":"center center","background-size":"auto","background-attachment":"scroll","background-type":"","background-media":"","overlay-type":"","overlay-color":"","overlay-opacity":"","overlay-gradient":""},"tablet":{"background-color":"var(--ast-global-color-5)","background-image":"","background-repeat":"repeat","background-position":"center center","background-size":"auto","background-attachment":"scroll","background-type":"","background-media":"","overlay-type":"","overlay-color":"","overlay-opacity":"","overlay-gradient":""},"mobile":{"background-color":"var(--ast-global-color-5)","background-image":"","background-repeat":"repeat","background-position":"center center","background-size":"auto","background-attachment":"scroll","background-type":"","background-media":"","overlay-type":"","overlay-color":"","overlay-opacity":"","overlay-gradient":""}}},"soort":[],"product_brand":[],"product_cat":[3250],"product_tag":[],"class_list":{"0":"post-54013","1":"product","2":"type-product","3":"status-publish","4":"has-post-thumbnail","6":"product_cat-geluksflesjes","7":"pa_herkomst-china","8":"pa_soort-amethist","9":"pa_verkoopeenheid-per-10-stuks","10":"pa_vorm-geluksflesje","11":"pa_vorm-split","12":"desktop-align-center","13":"tablet-align-center","14":"mobile-align-center","15":"ast-product-gallery-layout-horizontal-slider","16":"ast-product-gallery-with-no-image","17":"ast-product-tabs-layout-horizontal","19":"first","20":"instock","21":"taxable","22":"shipping-taxable","23":"product-type-simple"},"acf":[],"_links":{"self":[{"href":"https:\/\/www.ruschmineralen.nl\/de\/wp-json\/wp\/v2\/product\/54013","targetHints":{"allow":["GET"]}}],"collection":[{"href":"https:\/\/www.ruschmineralen.nl\/de\/wp-json\/wp\/v2\/product"}],"about":[{"href":"https:\/\/www.ruschmineralen.nl\/de\/wp-json\/wp\/v2\/types\/product"}],"wp:featuredmedia":[{"embeddable":true,"href":"https:\/\/www.ruschmineralen.nl\/de\/wp-json\/wp\/v2\/media\/53891"}],"wp:attachment":[{"href":"https:\/\/www.ruschmineralen.nl\/de\/wp-json\/wp\/v2\/media?parent=54013"}],"wp:term":[{"taxonomy":"soort","embeddable":true,"href":"https:\/\/www.ruschmineralen.nl\/de\/wp-json\/wp\/v2\/soort?post=54013"},{"taxonomy":"product_brand","embeddable":true,"href":"https:\/\/www.ruschmineralen.nl\/de\/wp-json\/wp\/v2\/product_brand?post=54013"},{"taxonomy":"product_cat","embeddable":true,"href":"https:\/\/www.ruschmineralen.nl\/de\/wp-json\/wp\/v2\/product_cat?post=54013"},{"taxonomy":"product_tag","embeddable":true,"href":"https:\/\/www.ruschmineralen.nl\/de\/wp-json\/wp\/v2\/product_tag?post=54013"}],"curies":[{"name":"wp","href":"https:\/\/api.w.org\/{rel}","templated":true}]}}