{"id":54043,"date":"2025-06-03T17:00:00","date_gmt":"2025-06-03T15:00:00","guid":{"rendered":"https:\/\/www.ruschmineralen.nl\/product\/4976-gouden-rutielkwarts-geluksflesje\/"},"modified":"2026-04-13T15:36:21","modified_gmt":"2026-04-13T13:36:21","slug":"4976-goldrutil-quarz-glucksflasche","status":"publish","type":"product","link":"https:\/\/www.ruschmineralen.nl\/de\/produkt\/4976-goldrutil-quarz-glucksflasche\/","title":{"rendered":"Goldener Rutilquarz Gl\u00fccksflasche"},"content":{"rendered":"<h2>Goldener Rutilquarz Gl\u00fccksflasche aus China<\/h2>\n<p><h3>Rutil-Quarz<\/h3>\n<p><a href=\"https:\/\/www.ruschmineralen.nl\/de\/typ\/rutilquarz\/\" target=\"_blank\">Rutil-Quarz<\/a> ist eine besondere Quarzsorte, in der nadelf\u00f6rmige Einschl\u00fcsse von Rutil (Titandioxid) sichtbar sind. Diese Einschl\u00fcsse k\u00f6nnen golden, r\u00f6tlich-braun oder schwarz sein und bilden oft ein auff\u00e4lliges Muster innerhalb des transparenten oder leicht tr\u00fcben Kristalls. Rutilquarz wird wegen dieses einzigartigen optischen Effekts gesch\u00e4tzt, der jedem Exemplar seinen eigenen Charakter verleiht.<\/p>\n<p>Das Mineral kommt in der ganzen Welt vor, unter anderem in Brasilien, Madagaskar, Indien und den Vereinigten Staaten. Es bildet sich in hydrothermalen Adern, in denen Rutil und Quarz gleichzeitig kristallisieren. Die chemische Formel von Quarz lautet SiO\u2082, w\u00e4hrend Rutil die Formel TiO\u2082 hat. Rutilquarz hat eine H\u00e4rte von 7 auf der Mohs-Skala.<\/p>\n<p><small><strong>Quellen: <\/strong><br \/><a href=\"https:\/\/www.mindat.org\/min-3485.html\" target=\"_blank\" rel=\"noopener\">Mindat.org<\/a>, <a href=\"https:\/\/www.gemdat.org\/gem-3485.html\" target=\"_blank\" rel=\"noopener\">Gemdat.org<\/a>, <a href=\"https:\/\/en.wikipedia.org\/wiki\/Rutilated_quartz\" target=\"_blank\" rel=\"noopener\">Wikipedia - Rutilquarz<\/a><\/small><\/p>\n<h3>Selenit<\/h3>\n<p><a href=\"https:\/\/www.ruschmineralen.nl\/de\/typ\/selenit\/\" target=\"_blank\">Selenit<\/a> ist eine klare bis durchscheinende Variante des Minerals Gips (CaSO\u2084-2H\u2082O). Er ist bekannt f\u00fcr seinen glasigen bis perligen Glanz und seine oft faserige Struktur. Eine h\u00e4ufige Form ist der Selenit, der einen Seidenglanz hat und in langen, faserigen Kristallen vorkommt. Trotz seines Namens hat Selenit nichts mit dem Element Selen zu tun; der Name leitet sich vom griechischen Wort f\u00fcr Mond ab, wegen seines weichen Glanzes.<\/p>\n<p>Selenit bildet sich in sediment\u00e4ren Umgebungen w\u00e4hrend der Verdunstung von Meerwasser und ist in L\u00e4ndern wie Mexiko, Marokko, den USA und Australien zu finden. Es ist ein weiches Mineral mit einer H\u00e4rte von 2 auf der Mohs-Skala, so dass es sich leicht von Hand bearbeiten l\u00e4sst. Fast der gesamte auf dem niederl\u00e4ndischen Markt verkaufte Selenit ist Satinspat; Selenit ist jedoch ein vom Markt akzeptierter Handelsname.<\/p>\n<p><small><strong>Quellen: <\/strong><br \/><a href=\"https:\/\/www.mindat.org\/min-8573.html\" target=\"_blank\" rel=\"noopener\">Mindat.org<\/a>, <a href=\"https:\/\/www.gemdat.org\/gem-8573.html\" target=\"_blank\" rel=\"noopener\">Gemdat.org<\/a>, <a href=\"https:\/\/en.wikipedia.org\/wiki\/Selenite_(mineral)\" target=\"_blank\" rel=\"noopener\">Wikipedia - Selenit<\/a><\/small><\/p>\n<\/p>","protected":false},"excerpt":{"rendered":"<p>Goldener Rutilquarz Gl\u00fccksflasche aus China<\/p>","protected":false},"featured_media":53922,"template":"","meta":{"_acf_changed":false,"site-sidebar-layout":"default","site-content-layout":"","ast-site-content-layout":"default","site-content-style":"default","site-sidebar-style":"default","ast-global-header-display":"","ast-banner-title-visibility":"","ast-main-header-display":"","ast-hfb-above-header-display":"","ast-hfb-below-header-display":"","ast-hfb-mobile-header-display":"","site-post-title":"","ast-breadcrumbs-content":"","ast-featured-img":"","footer-sml-layout":"","theme-transparent-header-meta":"","adv-header-id-meta":"","stick-header-meta":"","header-above-stick-meta":"","header-main-stick-meta":"","header-below-stick-meta":"","astra-migrate-meta-layouts":"default","ast-page-background-enabled":"default","ast-page-background-meta":{"desktop":{"background-color":"var(--ast-global-color-4)","background-image":"","background-repeat":"repeat","background-position":"center center","background-size":"auto","background-attachment":"scroll","background-type":"","background-media":"","overlay-type":"","overlay-color":"","overlay-opacity":"","overlay-gradient":""},"tablet":{"background-color":"","background-image":"","background-repeat":"repeat","background-position":"center center","background-size":"auto","background-attachment":"scroll","background-type":"","background-media":"","overlay-type":"","overlay-color":"","overlay-opacity":"","overlay-gradient":""},"mobile":{"background-color":"","background-image":"","background-repeat":"repeat","background-position":"center center","background-size":"auto","background-attachment":"scroll","background-type":"","background-media":"","overlay-type":"","overlay-color":"","overlay-opacity":"","overlay-gradient":""}},"ast-content-background-meta":{"desktop":{"background-color":"var(--ast-global-color-5)","background-image":"","background-repeat":"repeat","background-position":"center center","background-size":"auto","background-attachment":"scroll","background-type":"","background-media":"","overlay-type":"","overlay-color":"","overlay-opacity":"","overlay-gradient":""},"tablet":{"background-color":"var(--ast-global-color-5)","background-image":"","background-repeat":"repeat","background-position":"center center","background-size":"auto","background-attachment":"scroll","background-type":"","background-media":"","overlay-type":"","overlay-color":"","overlay-opacity":"","overlay-gradient":""},"mobile":{"background-color":"var(--ast-global-color-5)","background-image":"","background-repeat":"repeat","background-position":"center center","background-size":"auto","background-attachment":"scroll","background-type":"","background-media":"","overlay-type":"","overlay-color":"","overlay-opacity":"","overlay-gradient":""}}},"soort":[],"product_brand":[],"product_cat":[3250],"product_tag":[],"class_list":{"0":"post-54043","1":"product","2":"type-product","3":"status-publish","4":"has-post-thumbnail","6":"product_cat-geluksflesjes","7":"pa_herkomst-china","8":"pa_soort-gouden-rutielkwarts","9":"pa_soort-rutielkwarts","10":"pa_verkoopeenheid-per-10-stuks","11":"pa_vorm-geluksflesje","12":"pa_vorm-split","13":"desktop-align-center","14":"tablet-align-center","15":"mobile-align-center","16":"ast-product-gallery-layout-horizontal-slider","17":"ast-product-gallery-with-no-image","18":"ast-product-tabs-layout-horizontal","20":"first","21":"instock","22":"taxable","23":"shipping-taxable","24":"product-type-simple"},"acf":[],"_links":{"self":[{"href":"https:\/\/www.ruschmineralen.nl\/de\/wp-json\/wp\/v2\/product\/54043","targetHints":{"allow":["GET"]}}],"collection":[{"href":"https:\/\/www.ruschmineralen.nl\/de\/wp-json\/wp\/v2\/product"}],"about":[{"href":"https:\/\/www.ruschmineralen.nl\/de\/wp-json\/wp\/v2\/types\/product"}],"wp:featuredmedia":[{"embeddable":true,"href":"https:\/\/www.ruschmineralen.nl\/de\/wp-json\/wp\/v2\/media\/53922"}],"wp:attachment":[{"href":"https:\/\/www.ruschmineralen.nl\/de\/wp-json\/wp\/v2\/media?parent=54043"}],"wp:term":[{"taxonomy":"soort","embeddable":true,"href":"https:\/\/www.ruschmineralen.nl\/de\/wp-json\/wp\/v2\/soort?post=54043"},{"taxonomy":"product_brand","embeddable":true,"href":"https:\/\/www.ruschmineralen.nl\/de\/wp-json\/wp\/v2\/product_brand?post=54043"},{"taxonomy":"product_cat","embeddable":true,"href":"https:\/\/www.ruschmineralen.nl\/de\/wp-json\/wp\/v2\/product_cat?post=54043"},{"taxonomy":"product_tag","embeddable":true,"href":"https:\/\/www.ruschmineralen.nl\/de\/wp-json\/wp\/v2\/product_tag?post=54043"}],"curies":[{"name":"wp","href":"https:\/\/api.w.org\/{rel}","templated":true}]}}