{"id":54053,"date":"2025-03-20T15:12:04","date_gmt":"2025-03-20T14:12:04","guid":{"rendered":"https:\/\/www.ruschmineralen.nl\/?post_type=product&#038;p=54053"},"modified":"2025-12-12T16:41:52","modified_gmt":"2025-12-12T15:41:52","slug":"8519-blauer-apatit-extra-geteiltes-armband","status":"publish","type":"product","link":"https:\/\/www.ruschmineralen.nl\/de\/produkt\/8519-blauer-apatit-extra-geteiltes-armband\/","title":{"rendered":"Blauer Apatit Clear Split Armband"},"content":{"rendered":"<h2>Blauer Apatit Bright Split Armband aus China<\/h2>\n<p><h3>Apatit<\/h3>\n<p><a href=\"https:\/\/www.ruschmineralen.nl\/de\/typ\/apatit\/\" target=\"_blank\">Apatit<\/a> ist eine Gruppe von Phosphatmineralien, die meist in blaugr\u00fcnen bis gr\u00fcnen Farbt\u00f6nen vorkommen, aber auch gelbe, violette und farblose Varianten sind bekannt. Der Name stammt aus dem Griechischen <em>apate<\/em>Es bedeutet \"T\u00e4uschung\", da Apatit oft mit anderen Mineralien verwechselt wird. Es ist ein h\u00e4ufiger Bestandteil von phosphorreichem Gestein und spielt eine wichtige Rolle bei biologischen Prozessen, da es auch in Z\u00e4hnen und Knochen von Menschen und Tieren vorkommt.<\/p>\n<p>Gro\u00dfe Apatitvorkommen gibt es in Brasilien, Mexiko, Myanmar, Russland und Madagaskar. Das Mineral kommt sowohl in magmatischen als auch in metamorphen Gesteinen vor und ist auch in Phosphatlagerst\u00e4tten zu finden. Apatit hat die chemische Formel Ca\u2085(PO\u2084)\u2083(F,Cl,OH). Apatit hat eine H\u00e4rte von 5 auf der Mohs-Skala.<\/p>\n<p><small><strong>Quellen: <\/strong><a href=\"https:\/\/www.mindat.org\/min-29229.html\" target=\"_blank\" rel=\"noopener\">Mindat.org<\/a>, <a href=\"https:\/\/www.gemdat.org\/gem-29229.html\" target=\"_blank\" rel=\"noopener\">Gemdat.org<\/a>, <a href=\"https:\/\/en.wikipedia.org\/wiki\/Apatite\" target=\"_blank\" rel=\"noopener\">Wikipedia - Apatit<\/a><\/small><\/p>\n<p>\n    Diese facettierten Kugel- oder Perlenarmb\u00e4nder sind auf einem stabilen, doppelten Gummiband aufgef\u00e4delt, so dass sie f\u00fcr verschiedene Handgelenksgr\u00f6\u00dfen geeignet sind. Unsere Armb\u00e4nder haben einen Perlendurchmesser von 4 mm bis 10 mm, wobei der Umfang des Handgelenks je nach Gr\u00f6\u00dfe leicht variiert. Die kleineren Gr\u00f6\u00dfen haben einen Handgelenksumfang von etwa \u00b1 160 mm, der bei den gr\u00f6\u00dferen auf \u00b1 180 mm ansteigt. Bei den Kinderarmb\u00e4ndern ist der Umfang des Handgelenks mit \u00b1 12 bis 13 cm der kleinste in unserem Sortiment.\n<\/p>\n<p>\n    Wir bieten auch geteilte Armb\u00e4nder an, bei denen die Teilung zwischen 5 und 10 mm betr\u00e4gt. Diese Armb\u00e4nder sind ebenfalls auf ein robustes, doppeltes Gummiband mit einem Umfang von ca. 16 cm bis maximal 18 cm aufgezogen. Bitte beachten Sie, dass die verwendeten Spaltst\u00fccke manchmal einen unterschiedlichen Typ haben k\u00f6nnen. Unsere Spaltarmb\u00e4nder werden in den meisten F\u00e4llen pro 10 St\u00fcck verkauft, aber es gibt auch Ausnahmen.\n<\/p>\n<p>\n    Bitte beachten Sie, dass wir nicht immer jede Gr\u00f6\u00dfe von jeder Sorte in unserem Sortiment haben.<\/p>\n<\/p>","protected":false},"excerpt":{"rendered":"<p>Blauer Apatit Bright Split Armband aus China<\/p>","protected":false},"featured_media":54054,"template":"","meta":{"_acf_changed":false,"site-sidebar-layout":"default","site-content-layout":"","ast-site-content-layout":"default","site-content-style":"default","site-sidebar-style":"default","ast-global-header-display":"","ast-banner-title-visibility":"","ast-main-header-display":"","ast-hfb-above-header-display":"","ast-hfb-below-header-display":"","ast-hfb-mobile-header-display":"","site-post-title":"","ast-breadcrumbs-content":"","ast-featured-img":"","footer-sml-layout":"","theme-transparent-header-meta":"default","adv-header-id-meta":"","stick-header-meta":"default","header-above-stick-meta":"","header-main-stick-meta":"","header-below-stick-meta":"","astra-migrate-meta-layouts":"set","ast-page-background-enabled":"default","ast-page-background-meta":{"desktop":{"background-color":"var(--ast-global-color-4)","background-image":"","background-repeat":"repeat","background-position":"center center","background-size":"auto","background-attachment":"scroll","background-type":"","background-media":"","overlay-type":"","overlay-color":"","overlay-opacity":"","overlay-gradient":""},"tablet":{"background-color":"","background-image":"","background-repeat":"repeat","background-position":"center center","background-size":"auto","background-attachment":"scroll","background-type":"","background-media":"","overlay-type":"","overlay-color":"","overlay-opacity":"","overlay-gradient":""},"mobile":{"background-color":"","background-image":"","background-repeat":"repeat","background-position":"center center","background-size":"auto","background-attachment":"scroll","background-type":"","background-media":"","overlay-type":"","overlay-color":"","overlay-opacity":"","overlay-gradient":""}},"ast-content-background-meta":{"desktop":{"background-color":"var(--ast-global-color-5)","background-image":"","background-repeat":"repeat","background-position":"center center","background-size":"auto","background-attachment":"scroll","background-type":"","background-media":"","overlay-type":"","overlay-color":"","overlay-opacity":"","overlay-gradient":""},"tablet":{"background-color":"var(--ast-global-color-5)","background-image":"","background-repeat":"repeat","background-position":"center center","background-size":"auto","background-attachment":"scroll","background-type":"","background-media":"","overlay-type":"","overlay-color":"","overlay-opacity":"","overlay-gradient":""},"mobile":{"background-color":"var(--ast-global-color-5)","background-image":"","background-repeat":"repeat","background-position":"center center","background-size":"auto","background-attachment":"scroll","background-type":"","background-media":"","overlay-type":"","overlay-color":"","overlay-opacity":"","overlay-gradient":""}}},"soort":[],"product_brand":[],"product_cat":[1350],"product_tag":[],"class_list":{"0":"post-54053","1":"product","2":"type-product","3":"status-publish","4":"has-post-thumbnail","6":"product_cat-splitarmbanden","7":"pa_herkomst-china","8":"pa_maat-split","9":"pa_soort-apatiet","10":"pa_soort-blauwe-apatiet","11":"pa_verkoopeenheid-per-10-stuks","12":"pa_vorm-armband","13":"pa_vorm-splitarmband","14":"desktop-align-center","15":"tablet-align-center","16":"mobile-align-center","17":"ast-product-gallery-layout-horizontal-slider","18":"ast-product-gallery-with-no-image","19":"ast-product-tabs-layout-horizontal","21":"first","22":"instock","23":"taxable","24":"shipping-taxable","25":"product-type-simple"},"acf":[],"_links":{"self":[{"href":"https:\/\/www.ruschmineralen.nl\/de\/wp-json\/wp\/v2\/product\/54053","targetHints":{"allow":["GET"]}}],"collection":[{"href":"https:\/\/www.ruschmineralen.nl\/de\/wp-json\/wp\/v2\/product"}],"about":[{"href":"https:\/\/www.ruschmineralen.nl\/de\/wp-json\/wp\/v2\/types\/product"}],"wp:featuredmedia":[{"embeddable":true,"href":"https:\/\/www.ruschmineralen.nl\/de\/wp-json\/wp\/v2\/media\/54054"}],"wp:attachment":[{"href":"https:\/\/www.ruschmineralen.nl\/de\/wp-json\/wp\/v2\/media?parent=54053"}],"wp:term":[{"taxonomy":"soort","embeddable":true,"href":"https:\/\/www.ruschmineralen.nl\/de\/wp-json\/wp\/v2\/soort?post=54053"},{"taxonomy":"product_brand","embeddable":true,"href":"https:\/\/www.ruschmineralen.nl\/de\/wp-json\/wp\/v2\/product_brand?post=54053"},{"taxonomy":"product_cat","embeddable":true,"href":"https:\/\/www.ruschmineralen.nl\/de\/wp-json\/wp\/v2\/product_cat?post=54053"},{"taxonomy":"product_tag","embeddable":true,"href":"https:\/\/www.ruschmineralen.nl\/de\/wp-json\/wp\/v2\/product_tag?post=54053"}],"curies":[{"name":"wp","href":"https:\/\/api.w.org\/{rel}","templated":true}]}}