{"id":54184,"date":"2025-07-07T17:00:00","date_gmt":"2025-07-07T15:00:00","guid":{"rendered":"https:\/\/www.ruschmineralen.nl\/?post_type=product&#038;p=54184"},"modified":"2026-02-08T17:12:38","modified_gmt":"2026-02-08T16:12:38","slug":"8531-geteiltes-sonnenstein-armband","status":"publish","type":"product","link":"https:\/\/www.ruschmineralen.nl\/de\/produkt\/8531-geteiltes-sonnenstein-armband\/","title":{"rendered":"Sonnenstein-Split-Armband | AAA"},"content":{"rendered":"<h2>Gespaltenes Sonnensteinarmband aus China<\/h2>\n<p><h3>Sonnenstein<\/h3>\n<p><a href=\"https:\/\/www.ruschmineralen.nl\/de\/typ\/sonnenstein\/\" target=\"_blank\">Sonnenstein<\/a> ist ein auff\u00e4lliges Mineral aus der Gruppe der Feldsp\u00e4te, das f\u00fcr seinen warmen Glanz und seine Brillanz bekannt ist und oft eine orangefarbene bis r\u00f6tliche Farbe aufweist. Der charakteristische schimmernde Effekt, auch Aventureszenz genannt, wird durch Einschl\u00fcsse von H\u00e4matit oder Goethit verursacht. Diese optische Eigenschaft verleiht dem Sonnenstein ein funkelndes Aussehen, das an das Sonnenlicht erinnert, daher der Name des Minerals.<\/p>\n<p>Der Sonnenstein wird unter anderem in Indien, Norwegen, den Vereinigten Staaten und Kanada gefunden. Er geh\u00f6rt normalerweise zu den Plagioklas- oder Orthoklas-Feldsp\u00e4ten mit der chemischen Zusammensetzung (Na,Ca)(Si,Al)\u2084O\u2088. Sonnenstein kommt in magmatischen Gesteinen wie Pegmatiten oder vulkanischem Gestein vor. Seine H\u00e4rte liegt zwischen 6 und 6,5 auf der Mohs-Skala.<\/p>\n<p><small><strong>Quellen: <\/strong><br \/><a href=\"https:\/\/www.mindat.org\/min-10984.html\" target=\"_blank\" rel=\"noopener\">Mindat.org<\/a>, <a href=\"https:\/\/www.gemdat.org\/gem-10984.html\" target=\"_blank\" rel=\"noopener\">Gemdat.org<\/a>, <a href=\"https:\/\/en.wikipedia.org\/wiki\/Sunstone\" target=\"_blank\" rel=\"noopener\">Wikipedia - Sonnenstein<\/a><\/small><\/p>\n<p>\n    Diese facettierten Kugel- oder Perlenarmb\u00e4nder sind auf einem stabilen, doppelten Gummiband aufgef\u00e4delt, so dass sie f\u00fcr verschiedene Handgelenksgr\u00f6\u00dfen geeignet sind. Unsere Armb\u00e4nder haben einen Perlendurchmesser von 4 mm bis 10 mm, wobei der Umfang des Handgelenks je nach Gr\u00f6\u00dfe leicht variiert. Die kleineren Gr\u00f6\u00dfen haben einen Handgelenksumfang von etwa \u00b1 160 mm, der bei den gr\u00f6\u00dferen auf \u00b1 180 mm ansteigt. Bei den Kinderarmb\u00e4ndern ist der Umfang des Handgelenks mit \u00b1 12 bis 13 cm der kleinste in unserem Sortiment.\n<\/p>\n<p>\n    Wir bieten auch geteilte Armb\u00e4nder an, bei denen die Teilung zwischen 5 und 10 mm betr\u00e4gt. Diese Armb\u00e4nder sind ebenfalls auf ein robustes, doppeltes Gummiband mit einem Umfang von ca. 16 cm bis maximal 18 cm aufgezogen. Bitte beachten Sie, dass die verwendeten Spaltst\u00fccke manchmal einen unterschiedlichen Typ haben k\u00f6nnen. Unsere Spaltarmb\u00e4nder werden in den meisten F\u00e4llen pro 10 St\u00fcck verkauft, aber es gibt auch Ausnahmen.\n<\/p>\n<p>\n    Bitte beachten Sie, dass wir nicht immer jede Gr\u00f6\u00dfe von jeder Sorte in unserem Sortiment haben.<\/p>\n<\/p>","protected":false},"excerpt":{"rendered":"<p>Gespaltenes Sonnensteinarmband aus China<\/p>","protected":false},"featured_media":54150,"template":"","meta":{"_acf_changed":false,"site-sidebar-layout":"default","site-content-layout":"","ast-site-content-layout":"default","site-content-style":"default","site-sidebar-style":"default","ast-global-header-display":"","ast-banner-title-visibility":"","ast-main-header-display":"","ast-hfb-above-header-display":"","ast-hfb-below-header-display":"","ast-hfb-mobile-header-display":"","site-post-title":"","ast-breadcrumbs-content":"","ast-featured-img":"","footer-sml-layout":"","theme-transparent-header-meta":"","adv-header-id-meta":"","stick-header-meta":"","header-above-stick-meta":"","header-main-stick-meta":"","header-below-stick-meta":"","astra-migrate-meta-layouts":"default","ast-page-background-enabled":"default","ast-page-background-meta":{"desktop":{"background-color":"var(--ast-global-color-4)","background-image":"","background-repeat":"repeat","background-position":"center center","background-size":"auto","background-attachment":"scroll","background-type":"","background-media":"","overlay-type":"","overlay-color":"","overlay-opacity":"","overlay-gradient":""},"tablet":{"background-color":"","background-image":"","background-repeat":"repeat","background-position":"center center","background-size":"auto","background-attachment":"scroll","background-type":"","background-media":"","overlay-type":"","overlay-color":"","overlay-opacity":"","overlay-gradient":""},"mobile":{"background-color":"","background-image":"","background-repeat":"repeat","background-position":"center center","background-size":"auto","background-attachment":"scroll","background-type":"","background-media":"","overlay-type":"","overlay-color":"","overlay-opacity":"","overlay-gradient":""}},"ast-content-background-meta":{"desktop":{"background-color":"var(--ast-global-color-5)","background-image":"","background-repeat":"repeat","background-position":"center center","background-size":"auto","background-attachment":"scroll","background-type":"","background-media":"","overlay-type":"","overlay-color":"","overlay-opacity":"","overlay-gradient":""},"tablet":{"background-color":"var(--ast-global-color-5)","background-image":"","background-repeat":"repeat","background-position":"center center","background-size":"auto","background-attachment":"scroll","background-type":"","background-media":"","overlay-type":"","overlay-color":"","overlay-opacity":"","overlay-gradient":""},"mobile":{"background-color":"var(--ast-global-color-5)","background-image":"","background-repeat":"repeat","background-position":"center center","background-size":"auto","background-attachment":"scroll","background-type":"","background-media":"","overlay-type":"","overlay-color":"","overlay-opacity":"","overlay-gradient":""}}},"soort":[],"product_brand":[],"product_cat":[1350],"product_tag":[],"class_list":{"0":"post-54184","1":"product","2":"type-product","3":"status-publish","4":"has-post-thumbnail","6":"product_cat-splitarmbanden","7":"pa_herkomst-china","8":"pa_maat-split","9":"pa_soort-zonnesteen","10":"pa_verkoopeenheid-per-10-stuks","11":"pa_vorm-armband","12":"pa_vorm-splitarmband","13":"desktop-align-center","14":"tablet-align-center","15":"mobile-align-center","16":"ast-product-gallery-layout-horizontal-slider","17":"ast-product-gallery-with-no-image","18":"ast-product-tabs-layout-horizontal","20":"first","21":"instock","22":"taxable","23":"shipping-taxable","24":"product-type-simple"},"acf":[],"_links":{"self":[{"href":"https:\/\/www.ruschmineralen.nl\/de\/wp-json\/wp\/v2\/product\/54184","targetHints":{"allow":["GET"]}}],"collection":[{"href":"https:\/\/www.ruschmineralen.nl\/de\/wp-json\/wp\/v2\/product"}],"about":[{"href":"https:\/\/www.ruschmineralen.nl\/de\/wp-json\/wp\/v2\/types\/product"}],"wp:featuredmedia":[{"embeddable":true,"href":"https:\/\/www.ruschmineralen.nl\/de\/wp-json\/wp\/v2\/media\/54150"}],"wp:attachment":[{"href":"https:\/\/www.ruschmineralen.nl\/de\/wp-json\/wp\/v2\/media?parent=54184"}],"wp:term":[{"taxonomy":"soort","embeddable":true,"href":"https:\/\/www.ruschmineralen.nl\/de\/wp-json\/wp\/v2\/soort?post=54184"},{"taxonomy":"product_brand","embeddable":true,"href":"https:\/\/www.ruschmineralen.nl\/de\/wp-json\/wp\/v2\/product_brand?post=54184"},{"taxonomy":"product_cat","embeddable":true,"href":"https:\/\/www.ruschmineralen.nl\/de\/wp-json\/wp\/v2\/product_cat?post=54184"},{"taxonomy":"product_tag","embeddable":true,"href":"https:\/\/www.ruschmineralen.nl\/de\/wp-json\/wp\/v2\/product_tag?post=54184"}],"curies":[{"name":"wp","href":"https:\/\/api.w.org\/{rel}","templated":true}]}}