{"id":55053,"date":"2025-07-24T14:17:37","date_gmt":"2025-07-24T12:17:37","guid":{"rendered":"https:\/\/www.ruschmineralen.nl\/?post_type=product&#038;p=55053"},"modified":"2026-04-13T14:55:51","modified_gmt":"2026-04-13T12:55:51","slug":"4255-labradorit-stucke-einseitig","status":"publish","type":"product","link":"https:\/\/www.ruschmineralen.nl\/de\/produkt\/4255-labradorit-stucke-einseitig\/","title":{"rendered":"Labradorit-St\u00fccke Einseitig"},"content":{"rendered":"<h2>Labradorit-St\u00fccke Einseitig aus Madagaskar<\/h2>\n<p> Diese St\u00fccke oder Scheiben aus Labradorit sind rundum rau, auf der Vorder- und R\u00fcckseite abgeflacht und auf der Vorderseite poliert.<br \/>\n<h3>Labradorit<\/h3>\n<p><a href=\"https:\/\/www.ruschmineralen.nl\/de\/typ\/labradorit\/\" target=\"_blank\">Labradorit<\/a> ist ein Feldspatmineral, das f\u00fcr sein auff\u00e4lliges Farbenspiel bekannt ist, das auch als Labradoreszenz bezeichnet wird. Je nach Lichteinfall k\u00f6nnen Farben wie Blau, Gr\u00fcn, Gold und Violett sichtbar werden. Diese optische Eigenschaft macht Labradorit als Schmuckstein besonders beliebt.<\/p>\n<p>Gr\u00f6\u00dfere Vorkommen gibt es in Kanada, Madagaskar, Finnland und Russland. Das Mineral geh\u00f6rt zur Gruppe der Plagioklase und hat die chemische Formel (Ca,Na)(Al,Si)\u2084O\u2088. Seine H\u00e4rte liegt zwischen 6 und 6,5 auf der Mohs-Skala.<\/p>\n<p>Eine bekannte Variante ist der Spektrolith, eine Art Labradorit aus Finnland mit einem besonders intensiven Farbspiel.<\/p>\n<p><small><strong>Quellen: <\/strong><br \/><a href=\"https:\/\/www.mindat.org\/min-2308.html\" target=\"_blank\" rel=\"noopener\">Mindat.org<\/a>, <a href=\"https:\/\/www.gemdat.org\/gem-2308.html\" target=\"_blank\" rel=\"noopener\">Gemdat.org<\/a>, <a href=\"https:\/\/en.wikipedia.org\/wiki\/Labradorite\" target=\"_blank\" rel=\"noopener\">Wikipedia - Labradorit<\/a><\/small><\/p>\n  <\/p>","protected":false},"excerpt":{"rendered":"<p>Labradorit-St\u00fccke Einseitig aus Madagaskar Diese St\u00fccke oder Scheiben aus Labradorit sind rundum rau, auf der Vorder- und R\u00fcckseite abgeflacht und auf der Vorderseite poliert.<\/p>","protected":false},"featured_media":55054,"template":"","meta":{"_acf_changed":false,"site-sidebar-layout":"default","site-content-layout":"","ast-site-content-layout":"default","site-content-style":"default","site-sidebar-style":"default","ast-global-header-display":"","ast-banner-title-visibility":"","ast-main-header-display":"","ast-hfb-above-header-display":"","ast-hfb-below-header-display":"","ast-hfb-mobile-header-display":"","site-post-title":"","ast-breadcrumbs-content":"","ast-featured-img":"","footer-sml-layout":"","theme-transparent-header-meta":"default","adv-header-id-meta":"","stick-header-meta":"default","header-above-stick-meta":"","header-main-stick-meta":"","header-below-stick-meta":"","astra-migrate-meta-layouts":"set","ast-page-background-enabled":"default","ast-page-background-meta":{"desktop":{"background-color":"var(--ast-global-color-4)","background-image":"","background-repeat":"repeat","background-position":"center center","background-size":"auto","background-attachment":"scroll","background-type":"","background-media":"","overlay-type":"","overlay-color":"","overlay-opacity":"","overlay-gradient":""},"tablet":{"background-color":"","background-image":"","background-repeat":"repeat","background-position":"center center","background-size":"auto","background-attachment":"scroll","background-type":"","background-media":"","overlay-type":"","overlay-color":"","overlay-opacity":"","overlay-gradient":""},"mobile":{"background-color":"","background-image":"","background-repeat":"repeat","background-position":"center center","background-size":"auto","background-attachment":"scroll","background-type":"","background-media":"","overlay-type":"","overlay-color":"","overlay-opacity":"","overlay-gradient":""}},"ast-content-background-meta":{"desktop":{"background-color":"var(--ast-global-color-5)","background-image":"","background-repeat":"repeat","background-position":"center center","background-size":"auto","background-attachment":"scroll","background-type":"","background-media":"","overlay-type":"","overlay-color":"","overlay-opacity":"","overlay-gradient":""},"tablet":{"background-color":"var(--ast-global-color-5)","background-image":"","background-repeat":"repeat","background-position":"center center","background-size":"auto","background-attachment":"scroll","background-type":"","background-media":"","overlay-type":"","overlay-color":"","overlay-opacity":"","overlay-gradient":""},"mobile":{"background-color":"var(--ast-global-color-5)","background-image":"","background-repeat":"repeat","background-position":"center center","background-size":"auto","background-attachment":"scroll","background-type":"","background-media":"","overlay-type":"","overlay-color":"","overlay-opacity":"","overlay-gradient":""}}},"soort":[],"product_brand":[],"product_cat":[1072],"product_tag":[],"class_list":{"0":"post-55053","1":"product","2":"type-product","3":"status-publish","4":"has-post-thumbnail","6":"product_cat-ruw","7":"pa_herkomst-madagaskar","8":"pa_soort-labradoriet","9":"pa_verkoopeenheid-per-kg","10":"pa_vorm-eenzijdig","11":"pa_vorm-ruw","12":"desktop-align-center","13":"tablet-align-center","14":"mobile-align-center","15":"ast-product-gallery-layout-horizontal-slider","16":"ast-product-tabs-layout-horizontal","18":"first","19":"instock","20":"taxable","21":"shipping-taxable","22":"product-type-simple"},"acf":[],"_links":{"self":[{"href":"https:\/\/www.ruschmineralen.nl\/de\/wp-json\/wp\/v2\/product\/55053","targetHints":{"allow":["GET"]}}],"collection":[{"href":"https:\/\/www.ruschmineralen.nl\/de\/wp-json\/wp\/v2\/product"}],"about":[{"href":"https:\/\/www.ruschmineralen.nl\/de\/wp-json\/wp\/v2\/types\/product"}],"wp:featuredmedia":[{"embeddable":true,"href":"https:\/\/www.ruschmineralen.nl\/de\/wp-json\/wp\/v2\/media\/55054"}],"wp:attachment":[{"href":"https:\/\/www.ruschmineralen.nl\/de\/wp-json\/wp\/v2\/media?parent=55053"}],"wp:term":[{"taxonomy":"soort","embeddable":true,"href":"https:\/\/www.ruschmineralen.nl\/de\/wp-json\/wp\/v2\/soort?post=55053"},{"taxonomy":"product_brand","embeddable":true,"href":"https:\/\/www.ruschmineralen.nl\/de\/wp-json\/wp\/v2\/product_brand?post=55053"},{"taxonomy":"product_cat","embeddable":true,"href":"https:\/\/www.ruschmineralen.nl\/de\/wp-json\/wp\/v2\/product_cat?post=55053"},{"taxonomy":"product_tag","embeddable":true,"href":"https:\/\/www.ruschmineralen.nl\/de\/wp-json\/wp\/v2\/product_tag?post=55053"}],"curies":[{"name":"wp","href":"https:\/\/api.w.org\/{rel}","templated":true}]}}