{"id":55069,"date":"2025-07-24T16:30:00","date_gmt":"2025-07-24T14:30:00","guid":{"rendered":"https:\/\/www.ruschmineralen.nl\/product\/4333-aquamarijn-hart-hanger\/"},"modified":"2026-03-12T09:10:44","modified_gmt":"2026-03-12T08:10:44","slug":"4333-aquamarin-herz-anhanger","status":"publish","type":"product","link":"https:\/\/www.ruschmineralen.nl\/de\/produkt\/4333-aquamarin-herz-anhanger\/","title":{"rendered":"Aquamarin Herz-Anh\u00e4nger | 2 cm"},"content":{"rendered":"<h2>Aquamarin-Herz-Anh\u00e4nger aus China<\/h2>\n<p>Der Anh\u00e4nger ist mit einer \u00d6se und einem Clip ausgestattet. Beide sind silberfarbig.<h3>Aquamarin<\/h3>\n<p><a href=\"https:\/\/www.ruschmineralen.nl\/de\/typ\/aquamarin\/\" target=\"_blank\">Aquamarin<\/a> ist die blaugr\u00fcne Variante des Minerals Beril und bekannt f\u00fcr seine helle, w\u00e4ssrige Farbe, die an das Meer erinnert. Der Name leitet sich vom lateinischen \"aqua marina\" ab, was Meerwasser bedeutet. Die Farbe entsteht durch Spuren von Eisen in der Kristallstruktur und reicht von hellblau bis hellgr\u00fcn.<\/p>\n<p>Aquamarin kommt weltweit vor, mit wichtigen Vorkommen in Brasilien, Pakistan, Madagaskar, Russland und Nigeria. Wie andere Berile hat er die chemische Formel Be\u2083Al\u2082Si\u2086O\u2081\u2088 und kristallisiert im hexagonalen System. Seine H\u00e4rte liegt zwischen 7,5 und 8 auf der Mohs-Skala, wodurch es sich gut f\u00fcr die Verwendung in Schmuck eignet.<\/p>\n<p><small><strong>Quellen: <\/strong><br \/><a href=\"https:\/\/www.mindat.org\/min-289.html\" target=\"_blank\" rel=\"noopener\">Mindat.org<\/a>, <a href=\"https:\/\/www.gemdat.org\/gem-289.html\" target=\"_blank\" rel=\"noopener\">Gemdat.org<\/a>, <a href=\"https:\/\/en.wikipedia.org\/wiki\/Aquamarine_(gem)\" target=\"_blank\" rel=\"noopener\">Wikipedia - Aquamarin<\/a><\/small><\/p>\n<\/p>","protected":false},"excerpt":{"rendered":"<p>Aquamarijn Hart Hanger uit China De hanger is uitgerust met een oog en klem. Beide zijn zilverkleurig.<\/p>","protected":false},"featured_media":55061,"template":"","meta":{"_acf_changed":false,"site-sidebar-layout":"default","site-content-layout":"","ast-site-content-layout":"default","site-content-style":"default","site-sidebar-style":"default","ast-global-header-display":"","ast-banner-title-visibility":"","ast-main-header-display":"","ast-hfb-above-header-display":"","ast-hfb-below-header-display":"","ast-hfb-mobile-header-display":"","site-post-title":"","ast-breadcrumbs-content":"","ast-featured-img":"","footer-sml-layout":"","theme-transparent-header-meta":"default","adv-header-id-meta":"","stick-header-meta":"default","header-above-stick-meta":"","header-main-stick-meta":"","header-below-stick-meta":"","astra-migrate-meta-layouts":"set","ast-page-background-enabled":"default","ast-page-background-meta":{"desktop":{"background-color":"var(--ast-global-color-4)","background-image":"","background-repeat":"repeat","background-position":"center center","background-size":"auto","background-attachment":"scroll","background-type":"","background-media":"","overlay-type":"","overlay-color":"","overlay-opacity":"","overlay-gradient":""},"tablet":{"background-color":"","background-image":"","background-repeat":"repeat","background-position":"center center","background-size":"auto","background-attachment":"scroll","background-type":"","background-media":"","overlay-type":"","overlay-color":"","overlay-opacity":"","overlay-gradient":""},"mobile":{"background-color":"","background-image":"","background-repeat":"repeat","background-position":"center center","background-size":"auto","background-attachment":"scroll","background-type":"","background-media":"","overlay-type":"","overlay-color":"","overlay-opacity":"","overlay-gradient":""}},"ast-content-background-meta":{"desktop":{"background-color":"var(--ast-global-color-5)","background-image":"","background-repeat":"repeat","background-position":"center center","background-size":"auto","background-attachment":"scroll","background-type":"","background-media":"","overlay-type":"","overlay-color":"","overlay-opacity":"","overlay-gradient":""},"tablet":{"background-color":"var(--ast-global-color-5)","background-image":"","background-repeat":"repeat","background-position":"center center","background-size":"auto","background-attachment":"scroll","background-type":"","background-media":"","overlay-type":"","overlay-color":"","overlay-opacity":"","overlay-gradient":""},"mobile":{"background-color":"var(--ast-global-color-5)","background-image":"","background-repeat":"repeat","background-position":"center center","background-size":"auto","background-attachment":"scroll","background-type":"","background-media":"","overlay-type":"","overlay-color":"","overlay-opacity":"","overlay-gradient":""}}},"soort":[],"product_brand":[],"product_cat":[3109],"product_tag":[],"class_list":{"0":"post-55069","1":"product","2":"type-product","3":"status-publish","4":"has-post-thumbnail","6":"product_cat-overige-hangers","7":"pa_herkomst-china","8":"pa_maat-2-cm","9":"pa_soort-aquamarijn","10":"pa_verkoopeenheid-per-stuk","11":"pa_vorm-hanger","12":"pa_vorm-hart","13":"desktop-align-center","14":"tablet-align-center","15":"mobile-align-center","16":"ast-product-gallery-layout-horizontal-slider","17":"ast-product-gallery-with-no-image","18":"ast-product-tabs-layout-horizontal","20":"first","21":"outofstock","22":"taxable","23":"shipping-taxable","24":"product-type-simple"},"acf":[],"_links":{"self":[{"href":"https:\/\/www.ruschmineralen.nl\/de\/wp-json\/wp\/v2\/product\/55069","targetHints":{"allow":["GET"]}}],"collection":[{"href":"https:\/\/www.ruschmineralen.nl\/de\/wp-json\/wp\/v2\/product"}],"about":[{"href":"https:\/\/www.ruschmineralen.nl\/de\/wp-json\/wp\/v2\/types\/product"}],"wp:featuredmedia":[{"embeddable":true,"href":"https:\/\/www.ruschmineralen.nl\/de\/wp-json\/wp\/v2\/media\/55061"}],"wp:attachment":[{"href":"https:\/\/www.ruschmineralen.nl\/de\/wp-json\/wp\/v2\/media?parent=55069"}],"wp:term":[{"taxonomy":"soort","embeddable":true,"href":"https:\/\/www.ruschmineralen.nl\/de\/wp-json\/wp\/v2\/soort?post=55069"},{"taxonomy":"product_brand","embeddable":true,"href":"https:\/\/www.ruschmineralen.nl\/de\/wp-json\/wp\/v2\/product_brand?post=55069"},{"taxonomy":"product_cat","embeddable":true,"href":"https:\/\/www.ruschmineralen.nl\/de\/wp-json\/wp\/v2\/product_cat?post=55069"},{"taxonomy":"product_tag","embeddable":true,"href":"https:\/\/www.ruschmineralen.nl\/de\/wp-json\/wp\/v2\/product_tag?post=55069"}],"curies":[{"name":"wp","href":"https:\/\/api.w.org\/{rel}","templated":true}]}}