{"id":55070,"date":"2025-07-24T16:30:00","date_gmt":"2025-07-24T14:30:00","guid":{"rendered":"https:\/\/www.ruschmineralen.nl\/product\/4334-azuriet-malachiet-hart-hanger\/"},"modified":"2026-04-03T19:14:33","modified_gmt":"2026-04-03T17:14:33","slug":"4334-azurit-malachit-herz-anhanger","status":"publish","type":"product","link":"https:\/\/www.ruschmineralen.nl\/de\/produkt\/4334-azurit-malachit-herz-anhanger\/","title":{"rendered":"Azurit - Malachit Herz-Anh\u00e4nger | 2 cm"},"content":{"rendered":"<h2>Azurit - Malachit Herz-Anh\u00e4nger aus China<\/h2>\n<p>Der Anh\u00e4nger ist mit einer \u00d6se und einem Clip ausgestattet. Beide sind silberfarbig.<h3>Azurit<\/h3>\n<p><a href=\"https:\/\/www.ruschmineralen.nl\/de\/typ\/azurit\/\" target=\"_blank\">Azurit<\/a> ist ein intensiv blaues, kupferhaltiges Mineral, das h\u00e4ufig in Kombination mit Malachit vorkommt. Seine auff\u00e4llige Farbe reicht von tiefem K\u00f6nigsblau bis fast Schwarzblau und ist auf seinen hohen Kupfergehalt zur\u00fcckzuf\u00fchren. Azurit bildet in der Regel Kristalle, k\u00f6rnige Massen oder knotige Strukturen und wurde bereits in der Antike als Pigment verwendet.<\/p>\n<p>Gro\u00dfe Azuritvorkommen gibt es in Namibia, Marokko, Australien, Mexiko und den Vereinigten Staaten. Das Mineral entsteht durch die Oxidation von Kupfererzen in den oberen Schichten der Lagerst\u00e4tten, oft zusammen mit Malachit. Seine chemische Formel lautet Cu\u2083(CO\u2083)\u2082(OH)\u2082 und seine H\u00e4rte liegt zwischen 3,5 und 4 auf der Mohs-Skala.<\/p>\n<p><small><strong>Quellen: <\/strong><br \/><a href=\"https:\/\/www.mindat.org\/min-447.html\" target=\"_blank\" rel=\"noopener\">Mindat.org<\/a>, <a href=\"https:\/\/www.gemdat.org\/gem-447.html\" target=\"_blank\" rel=\"noopener\">Gemdat.org<\/a>, <a href=\"https:\/\/en.wikipedia.org\/wiki\/Azurite\" target=\"_blank\" rel=\"noopener\">Wikipedia - Azurit<\/a><\/small><\/p>\n<h3>Malachit<\/h3>\n<p><a href=\"https:\/\/www.ruschmineralen.nl\/de\/typ\/malachit\/\" target=\"_blank\">Malachit<\/a> ist ein intensiv gr\u00fcnes kupferhaltiges Mineral, das sich durch seine charakteristischen Bandmuster und seinen Glas- bis Seidenglanz auszeichnet. Die Farbe reicht von hellgr\u00fcn bis dunkelgr\u00fcn, oft mit konzentrischen oder geschichteten Zeichnungen. Das Mineral bildet sich gew\u00f6hnlich in den Oxidationszonen von Kupferlagerst\u00e4tten.<\/p>\n<p>Gr\u00f6\u00dfere Vorkommen gibt es in der Demokratischen Republik Kongo, Namibia, Russland, Australien und den Vereinigten Staaten. Malachit hat die chemische Formel Cu\u2082CO\u2083(OH)\u2082 und eine H\u00e4rte von 3,5 bis 4 auf der Mohs-Skala.<\/p>\n<p>Es gibt keine offiziellen Unterarten, aber bemerkenswerte Formen sind der traubenf\u00f6rmige Malachit, der nadelf\u00f6rmige Malachit (Seidenmalachit) und der Malachit mit Azurit, wobei das Mineral zusammen mit der blauen Kupfererzform Azurit vorkommt.<\/p>\n<p><small><strong>Quellen: <\/strong><br \/><a href=\"https:\/\/www.mindat.org\/min-2550.html\" target=\"_blank\" rel=\"noopener\">Mindat.org<\/a>, <a href=\"https:\/\/www.gemdat.org\/gem-2550.html\" target=\"_blank\" rel=\"noopener\">Gemdat.org<\/a>, <a href=\"https:\/\/en.wikipedia.org\/wiki\/Malachite\" target=\"_blank\" rel=\"noopener\">Wikipedia - Malachit<\/a><\/small><\/p>\n<\/p>","protected":false},"excerpt":{"rendered":"<p>Azuriet &#8211; Malachiet Hart Hanger uit China De hanger is uitgerust met een oog en klem. Beide zijn zilverkleurig.<\/p>","protected":false},"featured_media":55060,"template":"","meta":{"_acf_changed":false,"site-sidebar-layout":"default","site-content-layout":"","ast-site-content-layout":"default","site-content-style":"default","site-sidebar-style":"default","ast-global-header-display":"","ast-banner-title-visibility":"","ast-main-header-display":"","ast-hfb-above-header-display":"","ast-hfb-below-header-display":"","ast-hfb-mobile-header-display":"","site-post-title":"","ast-breadcrumbs-content":"","ast-featured-img":"","footer-sml-layout":"","theme-transparent-header-meta":"default","adv-header-id-meta":"","stick-header-meta":"default","header-above-stick-meta":"","header-main-stick-meta":"","header-below-stick-meta":"","astra-migrate-meta-layouts":"set","ast-page-background-enabled":"default","ast-page-background-meta":{"desktop":{"background-color":"var(--ast-global-color-4)","background-image":"","background-repeat":"repeat","background-position":"center center","background-size":"auto","background-attachment":"scroll","background-type":"","background-media":"","overlay-type":"","overlay-color":"","overlay-opacity":"","overlay-gradient":""},"tablet":{"background-color":"","background-image":"","background-repeat":"repeat","background-position":"center center","background-size":"auto","background-attachment":"scroll","background-type":"","background-media":"","overlay-type":"","overlay-color":"","overlay-opacity":"","overlay-gradient":""},"mobile":{"background-color":"","background-image":"","background-repeat":"repeat","background-position":"center center","background-size":"auto","background-attachment":"scroll","background-type":"","background-media":"","overlay-type":"","overlay-color":"","overlay-opacity":"","overlay-gradient":""}},"ast-content-background-meta":{"desktop":{"background-color":"var(--ast-global-color-5)","background-image":"","background-repeat":"repeat","background-position":"center center","background-size":"auto","background-attachment":"scroll","background-type":"","background-media":"","overlay-type":"","overlay-color":"","overlay-opacity":"","overlay-gradient":""},"tablet":{"background-color":"var(--ast-global-color-5)","background-image":"","background-repeat":"repeat","background-position":"center center","background-size":"auto","background-attachment":"scroll","background-type":"","background-media":"","overlay-type":"","overlay-color":"","overlay-opacity":"","overlay-gradient":""},"mobile":{"background-color":"var(--ast-global-color-5)","background-image":"","background-repeat":"repeat","background-position":"center center","background-size":"auto","background-attachment":"scroll","background-type":"","background-media":"","overlay-type":"","overlay-color":"","overlay-opacity":"","overlay-gradient":""}}},"soort":[],"product_brand":[],"product_cat":[3109],"product_tag":[],"class_list":{"0":"post-55070","1":"product","2":"type-product","3":"status-publish","4":"has-post-thumbnail","6":"product_cat-overige-hangers","7":"pa_herkomst-china","8":"pa_maat-2-cm","9":"pa_soort-azuriet","10":"pa_soort-malachiet","11":"pa_verkoopeenheid-per-stuk","12":"pa_vorm-hanger","13":"pa_vorm-hart","14":"desktop-align-center","15":"tablet-align-center","16":"mobile-align-center","17":"ast-product-gallery-layout-horizontal-slider","18":"ast-product-gallery-with-no-image","19":"ast-product-tabs-layout-horizontal","21":"first","22":"instock","23":"taxable","24":"shipping-taxable","25":"product-type-simple"},"acf":[],"_links":{"self":[{"href":"https:\/\/www.ruschmineralen.nl\/de\/wp-json\/wp\/v2\/product\/55070","targetHints":{"allow":["GET"]}}],"collection":[{"href":"https:\/\/www.ruschmineralen.nl\/de\/wp-json\/wp\/v2\/product"}],"about":[{"href":"https:\/\/www.ruschmineralen.nl\/de\/wp-json\/wp\/v2\/types\/product"}],"wp:featuredmedia":[{"embeddable":true,"href":"https:\/\/www.ruschmineralen.nl\/de\/wp-json\/wp\/v2\/media\/55060"}],"wp:attachment":[{"href":"https:\/\/www.ruschmineralen.nl\/de\/wp-json\/wp\/v2\/media?parent=55070"}],"wp:term":[{"taxonomy":"soort","embeddable":true,"href":"https:\/\/www.ruschmineralen.nl\/de\/wp-json\/wp\/v2\/soort?post=55070"},{"taxonomy":"product_brand","embeddable":true,"href":"https:\/\/www.ruschmineralen.nl\/de\/wp-json\/wp\/v2\/product_brand?post=55070"},{"taxonomy":"product_cat","embeddable":true,"href":"https:\/\/www.ruschmineralen.nl\/de\/wp-json\/wp\/v2\/product_cat?post=55070"},{"taxonomy":"product_tag","embeddable":true,"href":"https:\/\/www.ruschmineralen.nl\/de\/wp-json\/wp\/v2\/product_tag?post=55070"}],"curies":[{"name":"wp","href":"https:\/\/api.w.org\/{rel}","templated":true}]}}