{"id":55071,"date":"2025-07-24T16:30:00","date_gmt":"2025-07-24T14:30:00","guid":{"rendered":"https:\/\/www.ruschmineralen.nl\/product\/4335-pietersiet-hart-hanger\/"},"modified":"2026-03-10T11:07:45","modified_gmt":"2026-03-10T10:07:45","slug":"4335-pietersit-herz-anhanger","status":"publish","type":"product","link":"https:\/\/www.ruschmineralen.nl\/de\/produkt\/4335-pietersit-herz-anhanger\/","title":{"rendered":"Pietersit Herz-Anh\u00e4nger | 2 cm"},"content":{"rendered":"<h2>Pietersit-Herz-Anh\u00e4nger aus China<\/h2>\n<p>Der Anh\u00e4nger ist mit einer \u00d6se und einem Clip ausgestattet. Beide sind silberfarbig.<h3>Pietersit<\/h3>\n<p><a href=\"https:\/\/www.ruschmineralen.nl\/de\/typ\/pietersite\/\" target=\"_blank\">Pietersit<\/a> ist eine faserige, brekzienartige Variet\u00e4t von Quarz mit Einschl\u00fcssen von Amphibolen, wie Krokydolith. Er ist bekannt f\u00fcr seine lebhafte Chatoyanz und seine dynamischen Farbmuster in Blau-, Gold-, Rotbraun- und manchmal Grau- oder Schwarzt\u00f6nen. Aufgrund seines zerkl\u00fcfteten und wieder zementierten Aussehens wird Pietersit auch als \"Sturmstein\" bezeichnet.<\/p>\n<p>Pietersit wurde erstmals 1962 in Namibia und sp\u00e4ter in China entdeckt. Der Stein entsteht, wenn faserige Mineralien wie das Tigerauge durch geologische Prozesse im Quarz gebrochen, bewegt und wieder geh\u00e4rtet werden. Seine chemische Basis ist SiO\u2082, und seine H\u00e4rte liegt zwischen 6,5 und 7 auf der Mohs-Skala.<\/p>\n<p><small><strong>Quellen: <\/strong><br \/><a href=\"https:\/\/www.mindat.org\/min-27262.html\" target=\"_blank\" rel=\"noopener\">Mindat.org<\/a>, <a href=\"https:\/\/www.gemdat.org\/gem-27262.html\" target=\"_blank\" rel=\"noopener\">Gemdat.org<\/a>, <a href=\"https:\/\/en.wikipedia.org\/wiki\/Pietersite\" target=\"_blank\" rel=\"noopener\">Wikipedia - Pietersit<\/a><\/small><\/p>\n<\/p>","protected":false},"excerpt":{"rendered":"<p>Pietersiet Hart Hanger uit China De hanger is uitgerust met een oog en klem. Beide zijn zilverkleurig.<\/p>","protected":false},"featured_media":55059,"template":"","meta":{"_acf_changed":false,"site-sidebar-layout":"default","site-content-layout":"","ast-site-content-layout":"default","site-content-style":"default","site-sidebar-style":"default","ast-global-header-display":"","ast-banner-title-visibility":"","ast-main-header-display":"","ast-hfb-above-header-display":"","ast-hfb-below-header-display":"","ast-hfb-mobile-header-display":"","site-post-title":"","ast-breadcrumbs-content":"","ast-featured-img":"","footer-sml-layout":"","theme-transparent-header-meta":"default","adv-header-id-meta":"","stick-header-meta":"default","header-above-stick-meta":"","header-main-stick-meta":"","header-below-stick-meta":"","astra-migrate-meta-layouts":"set","ast-page-background-enabled":"default","ast-page-background-meta":{"desktop":{"background-color":"var(--ast-global-color-4)","background-image":"","background-repeat":"repeat","background-position":"center center","background-size":"auto","background-attachment":"scroll","background-type":"","background-media":"","overlay-type":"","overlay-color":"","overlay-opacity":"","overlay-gradient":""},"tablet":{"background-color":"","background-image":"","background-repeat":"repeat","background-position":"center center","background-size":"auto","background-attachment":"scroll","background-type":"","background-media":"","overlay-type":"","overlay-color":"","overlay-opacity":"","overlay-gradient":""},"mobile":{"background-color":"","background-image":"","background-repeat":"repeat","background-position":"center center","background-size":"auto","background-attachment":"scroll","background-type":"","background-media":"","overlay-type":"","overlay-color":"","overlay-opacity":"","overlay-gradient":""}},"ast-content-background-meta":{"desktop":{"background-color":"var(--ast-global-color-5)","background-image":"","background-repeat":"repeat","background-position":"center center","background-size":"auto","background-attachment":"scroll","background-type":"","background-media":"","overlay-type":"","overlay-color":"","overlay-opacity":"","overlay-gradient":""},"tablet":{"background-color":"var(--ast-global-color-5)","background-image":"","background-repeat":"repeat","background-position":"center center","background-size":"auto","background-attachment":"scroll","background-type":"","background-media":"","overlay-type":"","overlay-color":"","overlay-opacity":"","overlay-gradient":""},"mobile":{"background-color":"var(--ast-global-color-5)","background-image":"","background-repeat":"repeat","background-position":"center center","background-size":"auto","background-attachment":"scroll","background-type":"","background-media":"","overlay-type":"","overlay-color":"","overlay-opacity":"","overlay-gradient":""}}},"soort":[],"product_brand":[],"product_cat":[3109],"product_tag":[],"class_list":{"0":"post-55071","1":"product","2":"type-product","3":"status-publish","4":"has-post-thumbnail","6":"product_cat-overige-hangers","7":"pa_herkomst-china","8":"pa_maat-2-cm","9":"pa_soort-pietersiet","10":"pa_verkoopeenheid-per-stuk","11":"pa_vorm-hanger","12":"pa_vorm-hart","13":"desktop-align-center","14":"tablet-align-center","15":"mobile-align-center","16":"ast-product-gallery-layout-horizontal-slider","17":"ast-product-gallery-with-no-image","18":"ast-product-tabs-layout-horizontal","20":"first","21":"instock","22":"taxable","23":"shipping-taxable","24":"product-type-simple"},"acf":[],"_links":{"self":[{"href":"https:\/\/www.ruschmineralen.nl\/de\/wp-json\/wp\/v2\/product\/55071","targetHints":{"allow":["GET"]}}],"collection":[{"href":"https:\/\/www.ruschmineralen.nl\/de\/wp-json\/wp\/v2\/product"}],"about":[{"href":"https:\/\/www.ruschmineralen.nl\/de\/wp-json\/wp\/v2\/types\/product"}],"wp:featuredmedia":[{"embeddable":true,"href":"https:\/\/www.ruschmineralen.nl\/de\/wp-json\/wp\/v2\/media\/55059"}],"wp:attachment":[{"href":"https:\/\/www.ruschmineralen.nl\/de\/wp-json\/wp\/v2\/media?parent=55071"}],"wp:term":[{"taxonomy":"soort","embeddable":true,"href":"https:\/\/www.ruschmineralen.nl\/de\/wp-json\/wp\/v2\/soort?post=55071"},{"taxonomy":"product_brand","embeddable":true,"href":"https:\/\/www.ruschmineralen.nl\/de\/wp-json\/wp\/v2\/product_brand?post=55071"},{"taxonomy":"product_cat","embeddable":true,"href":"https:\/\/www.ruschmineralen.nl\/de\/wp-json\/wp\/v2\/product_cat?post=55071"},{"taxonomy":"product_tag","embeddable":true,"href":"https:\/\/www.ruschmineralen.nl\/de\/wp-json\/wp\/v2\/product_tag?post=55071"}],"curies":[{"name":"wp","href":"https:\/\/api.w.org\/{rel}","templated":true}]}}