{"id":55073,"date":"2025-07-24T16:30:00","date_gmt":"2025-07-24T14:30:00","guid":{"rendered":"https:\/\/www.ruschmineralen.nl\/product\/4337-rhodochrosiet-hart-hanger\/"},"modified":"2026-01-15T09:12:26","modified_gmt":"2026-01-15T08:12:26","slug":"4337-rhodochrosit-herz-anhanger","status":"publish","type":"product","link":"https:\/\/www.ruschmineralen.nl\/de\/produkt\/4337-rhodochrosit-herz-anhanger\/","title":{"rendered":"Rhodochrosit Herz-Anh\u00e4nger | 2 cm"},"content":{"rendered":"<h2>Rhodochrosit-Herz-Anh\u00e4nger aus China<\/h2>\n<p>Der Anh\u00e4nger ist mit einer \u00d6se und einem Clip ausgestattet. Beide sind silberfarbig.<h3>Rhodochrosit<\/h3>\n<p><a href=\"https:\/\/www.ruschmineralen.nl\/de\/typ\/rhodochrosit\/\" target=\"_blank\">Rhodochrosit<\/a> ist ein Manganmineral, das f\u00fcr seine rosa bis tiefrote Farbe und seine oft ausgepr\u00e4gte Bandstruktur bekannt ist. Das Mineral hat einen glasartigen Glanz und kommt sowohl in durchscheinenden Kristallen als auch in festen, gestreiften Formationen vor. Rhodochrosit wird wegen seiner leuchtenden Farbe und seiner einzigartigen Muster als Schmuckstein und Sammlerst\u00fcck gesch\u00e4tzt.<\/p>\n<p>Zu den wichtigsten Vorkommen von Rhodochrosit geh\u00f6ren Argentinien, S\u00fcdafrika, Peru, Rum\u00e4nien und die Vereinigten Staaten (insbesondere Colorado). Das Mineral bildet sich in hydrothermalen Adern, oft zusammen mit anderen manganhaltigen Mineralien. Seine chemische Formel lautet MnCO\u2083 und seine H\u00e4rte betr\u00e4gt 3,5 bis 4,5 auf der Mohs-Skala.<\/p>\n<p><small><strong>Quellen: <\/strong><br \/><a href=\"https:\/\/www.mindat.org\/min-3406.html\" target=\"_blank\" rel=\"noopener\">Mindat.org<\/a>, <a href=\"https:\/\/www.gemdat.org\/gem-3406.html\" target=\"_blank\" rel=\"noopener\">Gemdat.org<\/a>, <a href=\"https:\/\/en.wikipedia.org\/wiki\/Rhodochrosite\" target=\"_blank\" rel=\"noopener\">Wikipedia - Rhodochrosit<\/a><\/small><\/p>\n<\/p>","protected":false},"excerpt":{"rendered":"<p>Rhodochrosiet Hart Hanger uit China De hanger is uitgerust met een oog en klem. Beide zijn zilverkleurig.<\/p>","protected":false},"featured_media":55066,"template":"","meta":{"_acf_changed":false,"site-sidebar-layout":"default","site-content-layout":"","ast-site-content-layout":"default","site-content-style":"default","site-sidebar-style":"default","ast-global-header-display":"","ast-banner-title-visibility":"","ast-main-header-display":"","ast-hfb-above-header-display":"","ast-hfb-below-header-display":"","ast-hfb-mobile-header-display":"","site-post-title":"","ast-breadcrumbs-content":"","ast-featured-img":"","footer-sml-layout":"","theme-transparent-header-meta":"default","adv-header-id-meta":"","stick-header-meta":"default","header-above-stick-meta":"","header-main-stick-meta":"","header-below-stick-meta":"","astra-migrate-meta-layouts":"set","ast-page-background-enabled":"default","ast-page-background-meta":{"desktop":{"background-color":"var(--ast-global-color-4)","background-image":"","background-repeat":"repeat","background-position":"center center","background-size":"auto","background-attachment":"scroll","background-type":"","background-media":"","overlay-type":"","overlay-color":"","overlay-opacity":"","overlay-gradient":""},"tablet":{"background-color":"","background-image":"","background-repeat":"repeat","background-position":"center center","background-size":"auto","background-attachment":"scroll","background-type":"","background-media":"","overlay-type":"","overlay-color":"","overlay-opacity":"","overlay-gradient":""},"mobile":{"background-color":"","background-image":"","background-repeat":"repeat","background-position":"center center","background-size":"auto","background-attachment":"scroll","background-type":"","background-media":"","overlay-type":"","overlay-color":"","overlay-opacity":"","overlay-gradient":""}},"ast-content-background-meta":{"desktop":{"background-color":"var(--ast-global-color-5)","background-image":"","background-repeat":"repeat","background-position":"center center","background-size":"auto","background-attachment":"scroll","background-type":"","background-media":"","overlay-type":"","overlay-color":"","overlay-opacity":"","overlay-gradient":""},"tablet":{"background-color":"var(--ast-global-color-5)","background-image":"","background-repeat":"repeat","background-position":"center center","background-size":"auto","background-attachment":"scroll","background-type":"","background-media":"","overlay-type":"","overlay-color":"","overlay-opacity":"","overlay-gradient":""},"mobile":{"background-color":"var(--ast-global-color-5)","background-image":"","background-repeat":"repeat","background-position":"center center","background-size":"auto","background-attachment":"scroll","background-type":"","background-media":"","overlay-type":"","overlay-color":"","overlay-opacity":"","overlay-gradient":""}}},"soort":[],"product_brand":[],"product_cat":[3109],"product_tag":[],"class_list":{"0":"post-55073","1":"product","2":"type-product","3":"status-publish","4":"has-post-thumbnail","6":"product_cat-overige-hangers","7":"pa_herkomst-china","8":"pa_maat-2-cm","9":"pa_soort-rhodochrosiet","10":"pa_verkoopeenheid-per-stuk","11":"pa_vorm-hanger","12":"pa_vorm-hart","13":"desktop-align-center","14":"tablet-align-center","15":"mobile-align-center","16":"ast-product-gallery-layout-horizontal-slider","17":"ast-product-gallery-with-no-image","18":"ast-product-tabs-layout-horizontal","20":"first","21":"instock","22":"taxable","23":"shipping-taxable","24":"product-type-simple"},"acf":[],"_links":{"self":[{"href":"https:\/\/www.ruschmineralen.nl\/de\/wp-json\/wp\/v2\/product\/55073","targetHints":{"allow":["GET"]}}],"collection":[{"href":"https:\/\/www.ruschmineralen.nl\/de\/wp-json\/wp\/v2\/product"}],"about":[{"href":"https:\/\/www.ruschmineralen.nl\/de\/wp-json\/wp\/v2\/types\/product"}],"wp:featuredmedia":[{"embeddable":true,"href":"https:\/\/www.ruschmineralen.nl\/de\/wp-json\/wp\/v2\/media\/55066"}],"wp:attachment":[{"href":"https:\/\/www.ruschmineralen.nl\/de\/wp-json\/wp\/v2\/media?parent=55073"}],"wp:term":[{"taxonomy":"soort","embeddable":true,"href":"https:\/\/www.ruschmineralen.nl\/de\/wp-json\/wp\/v2\/soort?post=55073"},{"taxonomy":"product_brand","embeddable":true,"href":"https:\/\/www.ruschmineralen.nl\/de\/wp-json\/wp\/v2\/product_brand?post=55073"},{"taxonomy":"product_cat","embeddable":true,"href":"https:\/\/www.ruschmineralen.nl\/de\/wp-json\/wp\/v2\/product_cat?post=55073"},{"taxonomy":"product_tag","embeddable":true,"href":"https:\/\/www.ruschmineralen.nl\/de\/wp-json\/wp\/v2\/product_tag?post=55073"}],"curies":[{"name":"wp","href":"https:\/\/api.w.org\/{rel}","templated":true}]}}