{"id":55869,"date":"2025-08-28T15:56:32","date_gmt":"2025-08-28T13:56:32","guid":{"rendered":"https:\/\/www.ruschmineralen.nl\/?post_type=product&#038;p=55869"},"modified":"2026-03-27T17:59:50","modified_gmt":"2026-03-27T16:59:50","slug":"5861-larvikite-donut-anhanger","status":"publish","type":"product","link":"https:\/\/www.ruschmineralen.nl\/de\/produkt\/5861-larvikite-donut-anhanger\/","title":{"rendered":"Larvikit-Donut-Anh\u00e4nger | 3 cm"},"content":{"rendered":"<h2>Larvikit-Donut-Anh\u00e4nger mit 3 cm Durchmesser<\/h2>\n<p><h3>Larvikit<\/h3>\n<p><a href=\"https:\/\/www.ruschmineralen.nl\/de\/typ\/larvikite\/\" target=\"_blank\">Larvikit<\/a> ist ein grobk\u00f6rniges Eruptivgestein aus der Familie der Feldsp\u00e4te, das f\u00fcr seinen unverwechselbaren bl\u00e4ulichen oder silbrigen Glanz bekannt ist, der durch Lichtreflexionen in den Feldspatkristallen (Labradoreszenz) verursacht wird. Das Gestein hat in der Regel eine dunkelgraue bis schw\u00e4rzliche Basis, die den Glanz noch verst\u00e4rkt. Wegen dieses besonderen Aussehens wird Larvikit h\u00e4ufig als Zier- und Baustein verwendet.<\/p>\n<p>Larvikit ist nach der Stadt Larvik in Norwegen benannt, wo es auch kommerziell abgebaut wird. Neben Norwegen kommt das Gestein auch in einigen anderen Regionen vor, aber die norwegischen Variet\u00e4ten sind die bekanntesten. Es besteht haupts\u00e4chlich aus Feldspat, Augit und Nephelin. Seine H\u00e4rte liegt zwischen 6 und 6,5 auf der Mohs-Skala.<\/p>\n<p><small><strong>Quellen: <\/strong><br \/><a href=\"https:\/\/www.mindat.org\/min-39944.html\" target=\"_blank\" rel=\"noopener\">Mindat.org<\/a>, <a href=\"https:\/\/www.gemdat.org\/gem-39944.html\" target=\"_blank\" rel=\"noopener\">Gemdat.org<\/a>, <a href=\"https:\/\/en.wikipedia.org\/wiki\/Larvikite\" target=\"_blank\" rel=\"noopener\">Wikipedia - Larvikit<\/a><\/small><\/p>\n<h3>Donuts<\/h3>\n<p>Donut-Edelstein-Anh\u00e4nger sind flache, runde Anh\u00e4nger mit einer zentralen Bohrung von etwa 5-6 mm. Es gibt sie in verschiedenen Edelsteinsorten und Gr\u00f6\u00dfen von etwa 2,5 bis 5 cm, wobei 3 cm bei uns am h\u00e4ufigsten vorkommen. Dank ihrer Form lassen sie sich gut an einer Kordel oder Kette tragen.<\/p>\n<\/p>","protected":false},"excerpt":{"rendered":"<p>Larvikit-Donut-Anh\u00e4nger mit 3 cm Durchmesser<\/p>","protected":false},"featured_media":55883,"template":"","meta":{"_acf_changed":false,"site-sidebar-layout":"default","site-content-layout":"","ast-site-content-layout":"default","site-content-style":"default","site-sidebar-style":"default","ast-global-header-display":"","ast-banner-title-visibility":"","ast-main-header-display":"","ast-hfb-above-header-display":"","ast-hfb-below-header-display":"","ast-hfb-mobile-header-display":"","site-post-title":"","ast-breadcrumbs-content":"","ast-featured-img":"","footer-sml-layout":"","theme-transparent-header-meta":"default","adv-header-id-meta":"","stick-header-meta":"default","header-above-stick-meta":"","header-main-stick-meta":"","header-below-stick-meta":"","astra-migrate-meta-layouts":"set","ast-page-background-enabled":"default","ast-page-background-meta":{"desktop":{"background-color":"var(--ast-global-color-4)","background-image":"","background-repeat":"repeat","background-position":"center center","background-size":"auto","background-attachment":"scroll","background-type":"","background-media":"","overlay-type":"","overlay-color":"","overlay-opacity":"","overlay-gradient":""},"tablet":{"background-color":"","background-image":"","background-repeat":"repeat","background-position":"center center","background-size":"auto","background-attachment":"scroll","background-type":"","background-media":"","overlay-type":"","overlay-color":"","overlay-opacity":"","overlay-gradient":""},"mobile":{"background-color":"","background-image":"","background-repeat":"repeat","background-position":"center center","background-size":"auto","background-attachment":"scroll","background-type":"","background-media":"","overlay-type":"","overlay-color":"","overlay-opacity":"","overlay-gradient":""}},"ast-content-background-meta":{"desktop":{"background-color":"var(--ast-global-color-5)","background-image":"","background-repeat":"repeat","background-position":"center center","background-size":"auto","background-attachment":"scroll","background-type":"","background-media":"","overlay-type":"","overlay-color":"","overlay-opacity":"","overlay-gradient":""},"tablet":{"background-color":"var(--ast-global-color-5)","background-image":"","background-repeat":"repeat","background-position":"center center","background-size":"auto","background-attachment":"scroll","background-type":"","background-media":"","overlay-type":"","overlay-color":"","overlay-opacity":"","overlay-gradient":""},"mobile":{"background-color":"var(--ast-global-color-5)","background-image":"","background-repeat":"repeat","background-position":"center center","background-size":"auto","background-attachment":"scroll","background-type":"","background-media":"","overlay-type":"","overlay-color":"","overlay-opacity":"","overlay-gradient":""}}},"soort":[],"product_brand":[],"product_cat":[1050],"product_tag":[],"class_list":{"0":"post-55869","1":"product","2":"type-product","3":"status-publish","4":"has-post-thumbnail","6":"product_cat-donut-hangers","7":"pa_herkomst-china","8":"pa_maat-3-cm","9":"pa_soort-larvikiet","10":"pa_verkoopeenheid-per-stuk","11":"pa_vorm-donut","12":"pa_vorm-hanger","13":"desktop-align-center","14":"tablet-align-center","15":"mobile-align-center","16":"ast-product-gallery-layout-horizontal-slider","17":"ast-product-gallery-with-no-image","18":"ast-product-tabs-layout-horizontal","20":"first","21":"instock","22":"taxable","23":"shipping-taxable","24":"product-type-simple"},"acf":[],"_links":{"self":[{"href":"https:\/\/www.ruschmineralen.nl\/de\/wp-json\/wp\/v2\/product\/55869","targetHints":{"allow":["GET"]}}],"collection":[{"href":"https:\/\/www.ruschmineralen.nl\/de\/wp-json\/wp\/v2\/product"}],"about":[{"href":"https:\/\/www.ruschmineralen.nl\/de\/wp-json\/wp\/v2\/types\/product"}],"wp:featuredmedia":[{"embeddable":true,"href":"https:\/\/www.ruschmineralen.nl\/de\/wp-json\/wp\/v2\/media\/55883"}],"wp:attachment":[{"href":"https:\/\/www.ruschmineralen.nl\/de\/wp-json\/wp\/v2\/media?parent=55869"}],"wp:term":[{"taxonomy":"soort","embeddable":true,"href":"https:\/\/www.ruschmineralen.nl\/de\/wp-json\/wp\/v2\/soort?post=55869"},{"taxonomy":"product_brand","embeddable":true,"href":"https:\/\/www.ruschmineralen.nl\/de\/wp-json\/wp\/v2\/product_brand?post=55869"},{"taxonomy":"product_cat","embeddable":true,"href":"https:\/\/www.ruschmineralen.nl\/de\/wp-json\/wp\/v2\/product_cat?post=55869"},{"taxonomy":"product_tag","embeddable":true,"href":"https:\/\/www.ruschmineralen.nl\/de\/wp-json\/wp\/v2\/product_tag?post=55869"}],"curies":[{"name":"wp","href":"https:\/\/api.w.org\/{rel}","templated":true}]}}